{"id":8822,"date":"2023-09-03T23:09:15","date_gmt":"2023-09-03T23:09:15","guid":{"rendered":"https:\/\/digistar.ma\/?post_type=product&#038;p=8822"},"modified":"2026-04-06T14:12:34","modified_gmt":"2026-04-06T14:12:34","slug":"montre-connectee-samsung-galaxy-watch6-classic-bluetooth-47mm","status":"publish","type":"product","link":"https:\/\/digistar.ma\/?product=montre-connectee-samsung-galaxy-watch6-classic-bluetooth-47mm","title":{"rendered":"Montre connect\u00e9e Samsung Galaxy Watch6 Classic Bluetooth (47mm)"},"content":{"rendered":"<h4>Montre connect\u00e9e Samsung Galaxy Watch6 Classic Bluetooth (47mm)<\/h4>\n<p>Le Samsung Galaxy Watch6 Classic en noir et argent est une montre intelligente de 47 mm avec un \u00e9cran de 1,47 pouce. Dot\u00e9e d&#8217;un processeur rapide de 1,4 GHz et d&#8217;une m\u00e9moire g\u00e9n\u00e9reuse de 2,0 Go + 16 Go, elle offre\u00a0des performances exceptionnelles. Sa batterie de 425 mAh assure une longue autonomie.<\/p>\n<p>Profitez de fonctions avanc\u00e9es de suivi de la sant\u00e9, de notifications intelligentes et d&#8217;un design \u00e9l\u00e9gant. Avec cette montre, restez connect\u00e9 et surveillez votre bien-\u00eatre en toute simplicit\u00e9. La combinaison parfaite de style et de technologie pour votre quotidien actif.<\/p>\n<ul class=\"dot-list\" role=\"list\">\n<li class=\"dot-list__item\" role=\"listitem\"><span class=\"usp-text\">D\u00e9filement fluide et intuitif en toutes circonstances<\/span><\/li>\n<li class=\"dot-list__item\" role=\"listitem\"><span class=\"usp-text\">Suivez vos entra\u00eenements pour en maximiser les r\u00e9sultats<\/span><\/li>\n<li class=\"dot-list__item\" role=\"listitem\"><span class=\"usp-text\">Cernez vos habitudes pour am\u00e9liorer votre sommeil<\/span><\/li>\n<\/ul>\n<p>&nbsp;<\/p>\n<h3 class=\"pd-select-option__headline\">Contenu du coffret Montre connect\u00e9e Samsung Galaxy Watch6 Classic Bluetooth (47mm)<\/h3>\n<div class=\"whats-box\">\n<ol class=\"whats-box__thumbnail\">\n<li class=\"whats-box__image\">\n<div class=\"image image--main-loaded\"><img decoding=\"async\" class=\"image__main responsive-img image--loaded\" role=\"img\" src=\"https:\/\/images.samsung.com\/is\/image\/samsung\/p6pim\/n_africa\/2307\/sm-r960nzkamea\/wib\/n-africa-wib-SM-R960NZKAMEA-537546989?$286_380_PNG$\" alt=\"Face avant de la\u00a0Watch6 Classic 47mm\u00a0Noir avec cadran d\u2019horloge\" data-desktop-src=\"\/\/images.samsung.com\/is\/image\/samsung\/p6pim\/n_africa\/2307\/sm-r960nzkamea\/wib\/n-africa-wib-SM-R960NZKAMEA-537546989?$286_380_PNG$\" data-mobile-src=\"\/\/images.samsung.com\/is\/image\/samsung\/p6pim\/n_africa\/2307\/sm-r960nzkamea\/wib\/n-africa-wib-SM-R960NZKAMEA-537546989?$296_392_PNG$\" data-comp-name=\"image\" \/><\/div>\n<\/li>\n<li class=\"whats-box__image\">\n<div class=\"image image--main-loaded\"><img decoding=\"async\" class=\"image__main responsive-img image--loaded\" role=\"img\" src=\"https:\/\/images.samsung.com\/is\/image\/samsung\/p6pim\/n_africa\/2307\/sm-r960nzkamea\/wib\/n-africa-wib-SM-R960NZKAMEA-537547003?$286_380_PNG$\" alt=\"Les c\u00f4t\u00e9s sup\u00e9rieur et inf\u00e9rieur du bracelet en \u00e9co-cuir hybride Noir sont pr\u00e9sent\u00e9s\" data-desktop-src=\"\/\/images.samsung.com\/is\/image\/samsung\/p6pim\/n_africa\/2307\/sm-r960nzkamea\/wib\/n-africa-wib-SM-R960NZKAMEA-537547003?$286_380_PNG$\" data-mobile-src=\"\/\/images.samsung.com\/is\/image\/samsung\/p6pim\/n_africa\/2307\/sm-r960nzkamea\/wib\/n-africa-wib-SM-R960NZKAMEA-537547003?$296_392_PNG$\" data-comp-name=\"image\" \/><\/div>\n<\/li>\n<li class=\"whats-box__image\">\n<div class=\"image image--main-loaded\"><img decoding=\"async\" class=\"image__main responsive-img image--loaded\" role=\"img\" src=\"https:\/\/images.samsung.com\/is\/image\/samsung\/p6pim\/n_africa\/2307\/sm-r960nzkamea\/wib\/n-africa-wib-SM-R960NZKAMEA-537547017?$286_380_PNG$\" alt=\"Le c\u00e2ble du Fast Wireless Charger est enroul\u00e9 au milieu avec ses deux extr\u00e9mit\u00e9s visibles\" data-desktop-src=\"\/\/images.samsung.com\/is\/image\/samsung\/p6pim\/n_africa\/2307\/sm-r960nzkamea\/wib\/n-africa-wib-SM-R960NZKAMEA-537547017?$286_380_PNG$\" data-mobile-src=\"\/\/images.samsung.com\/is\/image\/samsung\/p6pim\/n_africa\/2307\/sm-r960nzkamea\/wib\/n-africa-wib-SM-R960NZKAMEA-537547017?$296_392_PNG$\" data-comp-name=\"image\" \/><\/div>\n<\/li>\n<\/ol>\n<ol class=\"whats-box__content-name\">\n<li>Galaxy Watch6 Classic (Bluetooth, 47mm)<\/li>\n<li>Bracelet en \u00e9co-cuir hybride\u00a0pour\u00a0Galaxy Watch6<\/li>\n<li>Fast Wireless Charger<\/li>\n<\/ol>\n<p class=\"whats-box__disclaimer\">Un bracelet inclus. La disponibilit\u00e9 des mod\u00e8les et des couleurs peut varier selon le pays ou l\u2019op\u00e9rateur. Image simul\u00e9e. Le produit r\u00e9el peut diff\u00e9rer de l\u2019image. La Galaxy Watch6 ne comprend pas de chargeur mural. Samsung essaie d\u2019\u00e9liminer les d\u00e9chets inutiles en accordant la priorit\u00e9 \u00e0 la compatibilit\u00e9 entre les composants du produit.<\/p>\n<\/div>\n","protected":false},"excerpt":{"rendered":"<ul class=\"dot-list\" role=\"list\">\n<li class=\"dot-list__item\" role=\"listitem\"><span class=\"usp-text\">D\u00e9filement fluide et intuitif en toutes circonstances<\/span><\/li>\n<li class=\"dot-list__item\" role=\"listitem\"><span class=\"usp-text\">Suivez vos entra\u00eenements pour en maximiser les r\u00e9sultats<\/span><\/li>\n<li class=\"dot-list__item\" role=\"listitem\"><span class=\"usp-text\">Cernez vos habitudes pour am\u00e9liorer votre sommeil<\/span><\/li>\n<\/ul>\n","protected":false},"featured_media":8824,"comment_status":"open","ping_status":"closed","template":"","meta":{"_acf_changed":false,"_monsterinsights_skip_tracking":false,"_monsterinsights_sitenote_active":false,"_monsterinsights_sitenote_note":"","_monsterinsights_sitenote_category":0,"_uf_show_specific_survey":0,"_uf_disable_surveys":false,"_joinchat":[]},"product_brand":[],"product_cat":[242,363],"product_tag":[],"class_list":{"0":"post-8822","1":"product","2":"type-product","3":"status-publish","4":"has-post-thumbnail","6":"product_cat-telephonie","7":"product_cat-montre-et-bracelet-connectes","9":"first","10":"instock","11":"sale","12":"shipping-taxable","13":"purchasable","14":"product-type-simple"},"acf":[],"jetpack_sharing_enabled":true,"_links":{"self":[{"href":"https:\/\/digistar.ma\/index.php?rest_route=\/wp\/v2\/product\/8822","targetHints":{"allow":["GET"]}}],"collection":[{"href":"https:\/\/digistar.ma\/index.php?rest_route=\/wp\/v2\/product"}],"about":[{"href":"https:\/\/digistar.ma\/index.php?rest_route=\/wp\/v2\/types\/product"}],"replies":[{"embeddable":true,"href":"https:\/\/digistar.ma\/index.php?rest_route=%2Fwp%2Fv2%2Fcomments&post=8822"}],"version-history":[{"count":1,"href":"https:\/\/digistar.ma\/index.php?rest_route=\/wp\/v2\/product\/8822\/revisions"}],"predecessor-version":[{"id":8829,"href":"https:\/\/digistar.ma\/index.php?rest_route=\/wp\/v2\/product\/8822\/revisions\/8829"}],"wp:featuredmedia":[{"embeddable":true,"href":"https:\/\/digistar.ma\/index.php?rest_route=\/wp\/v2\/media\/8824"}],"wp:attachment":[{"href":"https:\/\/digistar.ma\/index.php?rest_route=%2Fwp%2Fv2%2Fmedia&parent=8822"}],"wp:term":[{"taxonomy":"product_brand","embeddable":true,"href":"https:\/\/digistar.ma\/index.php?rest_route=%2Fwp%2Fv2%2Fproduct_brand&post=8822"},{"taxonomy":"product_cat","embeddable":true,"href":"https:\/\/digistar.ma\/index.php?rest_route=%2Fwp%2Fv2%2Fproduct_cat&post=8822"},{"taxonomy":"product_tag","embeddable":true,"href":"https:\/\/digistar.ma\/index.php?rest_route=%2Fwp%2Fv2%2Fproduct_tag&post=8822"}],"curies":[{"name":"wp","href":"https:\/\/api.w.org\/{rel}","templated":true}]}}