{"id":8830,"date":"2023-09-04T14:34:54","date_gmt":"2023-09-04T14:34:54","guid":{"rendered":"https:\/\/digistar.ma\/?post_type=product&#038;p=8830"},"modified":"2023-09-04T14:36:41","modified_gmt":"2023-09-04T14:36:41","slug":"bitdefender-total-security-3-postes-1-an","status":"publish","type":"product","link":"https:\/\/digistar.ma\/?product=bitdefender-total-security-3-postes-1-an","title":{"rendered":"Bitdefender Total Security &#8211; 3 Postes \/ 1 an"},"content":{"rendered":"<h4><strong>Bitdefender Total Security &#8211; 3 Postes \/ 1 an<\/strong><\/h4>\n<p>Bitdefender Total Security prot\u00e8ge vos appareils, vos fichiers et votre vie priv\u00e9e. Les technologies prim\u00e9es de Bitdefender vous offrent le meilleur niveau de protection contre\u00a0tous les types de menaces en ligne, y compris les\u00a0ransomwares, sans\u00a0ralentir votre ordinateur.<\/p>\n<h4 class=\"h2-master\">La meilleure protection pour tous vos supports<\/h4>\n<section><strong>Bitdefender Total\u00a0Security\u00a0<\/strong>prot\u00e8ge vos appareils, vos fichiers et votre vie priv\u00e9e. Les technologies prim\u00e9es de Bitdefender vous offrent le meilleur niveau de protection contre\u00a0<strong>tous les types de menaces en ligne<\/strong>, y compris les\u00a0<strong>ransomwares<\/strong>, sans\u00a0ralentir votre ordinateur. Avec Bitdefender Total Security, vous n\u2019avez plus \u00e0 vous\u00a0soucier de votre s\u00e9curit\u00e9 ! Vous b\u00e9n\u00e9ficiez d\u2019une solution de s\u00e9curit\u00e9 avanc\u00e9e\u00a0simple \u00e0 installer et qui vous prot\u00e8ge automatiquement.\u00a0Cette version offre une\u00a0<strong>protection compl\u00e8te<\/strong>\u00a0pour Windows mais aussi macOS, vos smartphones et tablettes Android et Apple.<\/section>\n<section>\n<div class=\"desc-image\"><img decoding=\"async\" src=\"https:\/\/media.ldlc.com\/bo\/images\/fiches\/logiciels\/bitdefender\/2020\/bitbloc.jpg\" alt=\"\" \/><\/div>\n<div class=\"desc-text\">\n<h2>TOUJOURS PLUS PERFORMANT<\/h2>\n<p>Bitdefender Total Security assure<strong>\u00a0plusieurs couches de s\u00e9curit\u00e9 contre les ransomwares<\/strong>. Il utilise la d\u00e9tection comportementale des menaces pour \u00e9viter les infections, et prot\u00e8ge vos documents les plus importants contre le chiffrement des ransomwares.<\/p>\n<p>Vous pouvez surfer\u00a0en toute tranquillit\u00e9 sur tous vos supports gr\u00e2ce \u00e0 la<strong>\u00a0protection de la navigation Web<\/strong>. Le logiciel bloque toutes les pages web infect\u00e9es et v\u00e9rifie si les r\u00e9sultats des moteurs de recherche sont s\u00e9curis\u00e9s avant que vous ne cliquiez. Il bloquera \u00e9galement les\u00a0<strong>faux sites\u00a0<\/strong>qui veulent voler vos mots de passe ou coordonn\u00e9es bancaires.<\/p>\n<p>Avec le\u00a0<strong>contr\u00f4le parental<\/strong>, vous pouvez d\u00e9cider\u00a0du temps d&#8217;\u00e9cran adapt\u00e9 \u00e0 chaque enfant, surveiller\u00a0leurs activit\u00e9s sur l&#8217;ordinateur ou encore conna\u00eetre leur position lorsque la localisation GPS est activ\u00e9e sur leur appareil mobile.<\/p>\n<\/div>\n<\/section>\n<section>\n<h4><a href=\"https:\/\/digistar.ma\/?product=bitdefender-total-security-3-postes-1-an\">CARACT\u00c9RISTIQUES PRINCIPALES DE Bitdefender Total Security &#8211; 3 Postes \/ 1 an<\/a><\/h4>\n<ul>\n<li><strong>Suite de s\u00e9curit\u00e9 internet<\/strong><\/li>\n<li>Prot\u00e8ge vos documents et vos fichiers des ransomwares<\/li>\n<li>Pr\u00e9vention contre les menaces pour une navigation Web s\u00e9curis\u00e9e<\/li>\n<li>VPN s\u00e9curis\u00e9 pour une navigation rapide, anonyme et s\u00fbre<\/li>\n<li>Assistant de s\u00e9curit\u00e9 Wi-Fi<\/li>\n<li>Contr\u00f4le parental inclus<\/li>\n<li>Emp\u00eache la diffusion de vid\u00e9os issues de votre webcam<\/li>\n<li>Acc\u00e8s \u00e0 vos appareils \u00e0 distance en cas de vol ou de perte<\/li>\n<li>Coffre-fort num\u00e9rique pour stocker vos fichiers importants<\/li>\n<li>Incidence minimale sur les performances de l&#8217;ordinateur<\/li>\n<li>Protection de l&#8217;acc\u00e8s au microphone du PC<\/li>\n<li>Anti-tracker : l&#8217;extension Anti-Tracker bloque les trackers qui collectent vos donn\u00e9es<\/li>\n<li>Compatible :\u00a0<strong>Windows, macOS, iOS et Android<\/strong><\/li>\n<\/ul>\n<\/section>\n<p>&nbsp;<\/p>\n","protected":false},"excerpt":{"rendered":"<p>Prot\u00e9gez tous vos appareils avec Bitdefender Total Security &#8211; 3 Postes \/ 1 an. Une solution tout-en-un qui assure une protection de qualit\u00e9 sans ralentir vos appareils.<\/p>\n<p>D\u00e9tectez et stoppez les malwares sophistiqu\u00e9s gr\u00e2ce \u00e0 une d\u00e9tection imbattable des menaces et des technologies novatrices contre les attaques zero-day.<\/p>\n<p>Vos fichiers et documents seront \u00e9galement s\u00e9curis\u00e9s contre les ransomwares. Profitez d&#8217;un VPN s\u00e9curis\u00e9 inclus pour une confidentialit\u00e9 totale, ainsi que du \u00a0contr\u00f4le parental pour prot\u00e9ger vos enfants en ligne. Sans aucun impact sur les performances et l&#8217;autonomie de vos appareils.<\/p>\n","protected":false},"featured_media":8831,"comment_status":"open","ping_status":"closed","template":"","meta":{"_acf_changed":false,"_monsterinsights_skip_tracking":false,"_monsterinsights_sitenote_active":false,"_monsterinsights_sitenote_note":"","_monsterinsights_sitenote_category":0,"_uf_show_specific_survey":0,"_uf_disable_surveys":false,"_joinchat":[]},"product_brand":[],"product_cat":[237,302,256],"product_tag":[],"class_list":{"0":"post-8830","1":"product","2":"type-product","3":"status-publish","4":"has-post-thumbnail","6":"product_cat-ordinateur","7":"product_cat-antivirus-et-securite","8":"product_cat-logiciels","10":"first","11":"instock","12":"sale","13":"shipping-taxable","14":"purchasable","15":"product-type-simple"},"acf":[],"jetpack_sharing_enabled":true,"_links":{"self":[{"href":"https:\/\/digistar.ma\/index.php?rest_route=\/wp\/v2\/product\/8830","targetHints":{"allow":["GET"]}}],"collection":[{"href":"https:\/\/digistar.ma\/index.php?rest_route=\/wp\/v2\/product"}],"about":[{"href":"https:\/\/digistar.ma\/index.php?rest_route=\/wp\/v2\/types\/product"}],"replies":[{"embeddable":true,"href":"https:\/\/digistar.ma\/index.php?rest_route=%2Fwp%2Fv2%2Fcomments&post=8830"}],"version-history":[{"count":3,"href":"https:\/\/digistar.ma\/index.php?rest_route=\/wp\/v2\/product\/8830\/revisions"}],"predecessor-version":[{"id":8835,"href":"https:\/\/digistar.ma\/index.php?rest_route=\/wp\/v2\/product\/8830\/revisions\/8835"}],"wp:featuredmedia":[{"embeddable":true,"href":"https:\/\/digistar.ma\/index.php?rest_route=\/wp\/v2\/media\/8831"}],"wp:attachment":[{"href":"https:\/\/digistar.ma\/index.php?rest_route=%2Fwp%2Fv2%2Fmedia&parent=8830"}],"wp:term":[{"taxonomy":"product_brand","embeddable":true,"href":"https:\/\/digistar.ma\/index.php?rest_route=%2Fwp%2Fv2%2Fproduct_brand&post=8830"},{"taxonomy":"product_cat","embeddable":true,"href":"https:\/\/digistar.ma\/index.php?rest_route=%2Fwp%2Fv2%2Fproduct_cat&post=8830"},{"taxonomy":"product_tag","embeddable":true,"href":"https:\/\/digistar.ma\/index.php?rest_route=%2Fwp%2Fv2%2Fproduct_tag&post=8830"}],"curies":[{"name":"wp","href":"https:\/\/api.w.org\/{rel}","templated":true}]}}