{"id":8845,"date":"2023-09-04T15:04:07","date_gmt":"2023-09-04T15:04:07","guid":{"rendered":"https:\/\/digistar.ma\/?post_type=product&#038;p=8845"},"modified":"2023-09-04T15:10:00","modified_gmt":"2023-09-04T15:10:00","slug":"kaspersky-plus-1-poste-1-an-kl10428bafs-ffpmag","status":"publish","type":"product","link":"https:\/\/digistar.ma\/?product=kaspersky-plus-1-poste-1-an-kl10428bafs-ffpmag","title":{"rendered":"Kaspersky Plus &#8211; 1 Poste \/ 1 an (KL10428BAFS-FFPMAG)"},"content":{"rendered":"<h4 class=\"h1 productpage_title\">Kaspersky Plus &#8211; 1 Poste \/ 1 an (KL10428BAFS-FFPMAG)<\/h4>\n<div class=\"product-information\">\n<div id=\"product-description-short-15260\">\n<h2 class=\"h2-master\">Live your best digital life &#8220;More&#8221;.<\/h2>\n<section>Whether you want to protect the essentials or need top-level protection for the whole family,\u00a0<strong>Kaspersky<\/strong>\u00a0has a solution for you. Security, performance, privacy, all in one application,\u00a0<strong>Kaspersky Plus<\/strong>\u00a0optimises your online life with next-generation security tools. It provides you with a high level of security, including anti-phishing and a firewall. It gives you access to a variety of performance tools and hard drive monitoring: to keep your devices running smoothly. And it provides you with an unlimited VPN and a password manager: security and privacy for your online life.<\/section>\n<section>\n<div class=\"desc-image\"><img decoding=\"async\" src=\"https:\/\/media.ldlc.com\/bo\/images\/fiches\/logiciels\/Kaspersky\/2023\/KasperskyPlus2023_800_1.jpg\" alt=\"\" \/><\/div>\n<div class=\"desc-text\">\n<h2>DEFENSIVE SOLUTION AGAINST ALL CYBER THREATS<\/h2>\n<ul>\n<li>Kaspersky Plus ensures\u00a0<strong>uninterrupted private browsing<\/strong>\u00a0with tools that prevent unauthorised online surveillance, adware and device use.<\/li>\n<li>With\u00a0<strong>personal and payment data protection\u00a0<\/strong>you can protect your applications and banking transactions, and keep your login credentials safely at hand.<\/li>\n<li>With the\u00a0<strong>fast and unlimited VPN<\/strong>, you can surf the Internet in complete privacy and freedom, without having to sacrifice speed.<\/li>\n<li>Kaspersky Plus\u00a0<strong>cleans your hard drive and monitors its integrity.<\/strong>\u00a0Kaspersky Plus offers solutions for managing storage space on your device, performing hard drive health checks and preventing data loss.<\/li>\n<li>Kaspersky Plus\u00a0<strong>optimises performance<\/strong>. Kaspersky Plus provides you with quick measures to boost the speed of your devices and keep them running as fast as they did on day one.<\/li>\n<li>Want to enjoy your entertainment without interruption? Kaspersky Plus lets you watch movies, play games or use full-screen applications without interruption at maximum speed.<\/li>\n<li><strong>Kaspersky Anti-Virus<\/strong>\u00a0is a benchmark. It provides you with\u00a0<strong>multi-level protection<\/strong>\u00a0designed to prevent and neutralize viruses and malware.<\/li>\n<li>The<strong>\u00a0tools to protect against unauthorized access and hacking of your computer,<\/strong>\u00a0including anti-phishing protection and a firewall. Kaspersky Plus eliminates existing threats. Its technologies are able to detect vulnerabilities, eliminate viruses and repair your PC in case of infection.<\/li>\n<\/ul>\n<\/div>\n<\/section>\n<section>\n<h2>KEY FEATURES:<\/h2>\n<ul>\n<li><strong>Real-time antivirus<\/strong><\/li>\n<li>Safe Internet browsing<\/li>\n<li>Existing Virus Removal<\/li>\n<li>Anti-phishing<\/li>\n<li>Malware detection<\/li>\n<li>Performance Optimisation<\/li>\n<li>Two-way firewall<\/li>\n<li>Payment protection<\/li>\n<li>Anti-banner and adware removal<\/li>\n<li>Application management<\/li>\n<li>Device space cleaning<\/li>\n<li><strong>Unlimited high-speed VPN<\/strong><\/li>\n<li><strong>Compatible with : Windows \/ macOS \/ Android \/ iOS<\/strong><\/li>\n<\/ul>\n<\/section>\n<\/div>\n<\/div>\n","protected":false},"excerpt":{"rendered":"<p>Prot\u00e9gez-vous en ligne avec Kaspersky Plus &#8211; 1 Poste \/ 1 an. B\u00e9n\u00e9ficiez d&#8217;une s\u00e9curit\u00e9 avanc\u00e9e avec des fonctionnalit\u00e9s anti-phishing et un pare-feu int\u00e9gr\u00e9 pour une protection optimale.<\/p>\n<p>Am\u00e9liorez les performances de vos appareils gr\u00e2ce aux outils de performance et de surveillance du disque dur. Profitez \u00e9galement d&#8217;un VPN illimit\u00e9 et d&#8217;un gestionnaire de mots de passe pour garantir la confidentialit\u00e9 de votre vie en ligne.<\/p>\n<p>Compatible avec Windows\u00ae, macOS\u00ae, Android\u2122 et iOS\u00ae, cet abonnement d&#8217;un an pour un poste offre une tranquillit\u00e9 d&#8217;esprit totale.<\/p>\n","protected":false},"featured_media":8847,"comment_status":"open","ping_status":"closed","template":"","meta":{"_acf_changed":false,"_monsterinsights_skip_tracking":false,"_monsterinsights_sitenote_active":false,"_monsterinsights_sitenote_note":"","_monsterinsights_sitenote_category":0,"_uf_show_specific_survey":0,"_uf_disable_surveys":false,"_joinchat":[]},"product_brand":[],"product_cat":[237,302,256],"product_tag":[],"class_list":{"0":"post-8845","1":"product","2":"type-product","3":"status-publish","4":"has-post-thumbnail","6":"product_cat-ordinateur","7":"product_cat-antivirus-et-securite","8":"product_cat-logiciels","10":"first","11":"instock","12":"sale","13":"shipping-taxable","14":"purchasable","15":"product-type-simple"},"acf":[],"jetpack_sharing_enabled":true,"_links":{"self":[{"href":"https:\/\/digistar.ma\/index.php?rest_route=\/wp\/v2\/product\/8845","targetHints":{"allow":["GET"]}}],"collection":[{"href":"https:\/\/digistar.ma\/index.php?rest_route=\/wp\/v2\/product"}],"about":[{"href":"https:\/\/digistar.ma\/index.php?rest_route=\/wp\/v2\/types\/product"}],"replies":[{"embeddable":true,"href":"https:\/\/digistar.ma\/index.php?rest_route=%2Fwp%2Fv2%2Fcomments&post=8845"}],"version-history":[{"count":3,"href":"https:\/\/digistar.ma\/index.php?rest_route=\/wp\/v2\/product\/8845\/revisions"}],"predecessor-version":[{"id":8852,"href":"https:\/\/digistar.ma\/index.php?rest_route=\/wp\/v2\/product\/8845\/revisions\/8852"}],"wp:featuredmedia":[{"embeddable":true,"href":"https:\/\/digistar.ma\/index.php?rest_route=\/wp\/v2\/media\/8847"}],"wp:attachment":[{"href":"https:\/\/digistar.ma\/index.php?rest_route=%2Fwp%2Fv2%2Fmedia&parent=8845"}],"wp:term":[{"taxonomy":"product_brand","embeddable":true,"href":"https:\/\/digistar.ma\/index.php?rest_route=%2Fwp%2Fv2%2Fproduct_brand&post=8845"},{"taxonomy":"product_cat","embeddable":true,"href":"https:\/\/digistar.ma\/index.php?rest_route=%2Fwp%2Fv2%2Fproduct_cat&post=8845"},{"taxonomy":"product_tag","embeddable":true,"href":"https:\/\/digistar.ma\/index.php?rest_route=%2Fwp%2Fv2%2Fproduct_tag&post=8845"}],"curies":[{"name":"wp","href":"https:\/\/api.w.org\/{rel}","templated":true}]}}