{"id":8853,"date":"2023-09-04T15:18:34","date_gmt":"2023-09-04T15:18:34","guid":{"rendered":"https:\/\/digistar.ma\/?post_type=product&#038;p=8853"},"modified":"2023-09-04T16:55:13","modified_gmt":"2023-09-04T16:55:13","slug":"kaspersky-premium-5-postes-1-an-kl10478befs-slimmag","status":"publish","type":"product","link":"https:\/\/digistar.ma\/?product=kaspersky-premium-5-postes-1-an-kl10478befs-slimmag","title":{"rendered":"Kaspersky Premium &#8211; 5 Postes \/ 1 an (KL10478BEFS-SLIMMAG)"},"content":{"rendered":"<h5>Kaspersky Premium &#8211; 5 Postes \/ 1 an (KL10478BEFS-SLIMMAG)<\/h5>\n<h2 class=\"h2-master\">Vivez, de mani\u00e8re Premium,\u00a0votre meilleure vie num\u00e9rique<\/h2>\n<section>Que vous vouliez\u00a0prot\u00e9ger l&#8217;essentiel\u00a0ou que vous ayez besoin d&#8217;une\u00a0protection de haut niveau\u00a0pour toute la famille,\u00a0<strong>Kaspersky<\/strong>\u00a0a une solution adapt\u00e9e.\u00a0<strong>Protection premium, tranquillit\u00e9 d&#8217;esprit totale, Kaspersky Premium<\/strong>\u00a0couvre tous vos besoins de s\u00e9curit\u00e9 et ceux de votre famille. Complet,\u00a0<strong>Kaspersky Premium<\/strong>\u00a0offre une\u00a0<strong>protection avanc\u00e9e contre les virus et une surveillance totale des fuites de donn\u00e9es<\/strong>. Il vous garantit une\u00a0<strong>confidentialit\u00e9 ultime gr\u00e2ce au VPN illimit\u00e9, au gestionnaire de mots de passe et au coffre-fort de documents<\/strong>. Enfin si besoin Kaspersky Premium vous propose une\u00a0<strong>assistance premium<\/strong>, par des experts qui mettront tout en oeuvre pour r\u00e9soudre pour vous tout probl\u00e8me nouveau ou existant.\u00a0De plus,\u00a0<strong>Kaspersky Safe Kids<\/strong>\u00a0est GRATUIT pour 1 an afin d&#8217;assurer la s\u00e9curit\u00e9 de vos enfants o\u00f9 qu\u2019ils soient.\u00a0<strong>Safe Kids<\/strong>\u00a0comprend un s<strong>uivi GPS et alertes<\/strong>, la\u00a0<strong>recherche s\u00e9curis\u00e9e sur YouTube<\/strong>, des\u00a0<strong>filtres de sites web<\/strong>\u00a0et une\u00a0<strong>gestion des applications et du temps d&#8217;\u00e9cran<\/strong>.<\/section>\n<section>\n<div class=\"desc-image\"><img decoding=\"async\" src=\"https:\/\/media.ldlc.com\/bo\/images\/fiches\/logiciels\/Kaspersky\/2023\/kasperskyPrem_800_2.jpg\" alt=\"\" \/><\/div>\n<div class=\"desc-text\">\n<h2>SOLUTION DE D\u00c9FENSE CONTRE TOUTES LES CYBERMENACES<\/h2>\n<ul>\n<li>Kaspersky Premium vous assure une\u00a0<strong>navigation priv\u00e9e sans interruption<\/strong>\u00a0avec des outils emp\u00eachant la surveillance en ligne non autoris\u00e9e, l\u2019apparition de publicit\u00e9s et l\u2019utilisation de vos p\u00e9riph\u00e9riques.<\/li>\n<li>Gr\u00e2ce \u00e0 la\u00a0<strong>protection des donn\u00e9es personnelles et de paiement\u00a0<\/strong>vous prot\u00e9gez vos applications et op\u00e9rations bancaires, et conservez vos identifiants de connexion \u00e0 port\u00e9e de main en toute s\u00e9curit\u00e9.<\/li>\n<li>Gr\u00e2ce au\u00a0<strong>VPN rapide et illimit\u00e9<\/strong>\u00a0vous naviguez en toute confidentialit\u00e9 et en toute libert\u00e9 sur Internet, sans renoncer \u00e0 la vitesse.<\/li>\n<li>Kaspersky Premium proc\u00e8de au\u00a0<strong>nettoyage du disque dur et \u00e0 la surveillance de son int\u00e9grit\u00e9<\/strong>. Les solutions qu&#8217;il vous propose vous permettent de g\u00e9rer l&#8217;espace de stockage de votre appareil, de proc\u00e9der \u00e0 un bilan de sant\u00e9 de votre disque dur et d&#8217;\u00e9viter la perte de vos donn\u00e9es.<\/li>\n<li>Kaspersky Premium\u00a0<strong>optimise les performances<\/strong>. Il met \u00e0 votre disposition des mesures rapides pour booster la vitesse de vos appareils et leur permettre de fonctionner aussi vite qu&#8217;au premier jour.<\/li>\n<li>Vous souhaitez profiter de vos divertissements sans interruption ? Kaspersky Premium vous permet de regarder des films, de jouer \u00e0 des jeux ou d&#8217;utiliser des applications en plein \u00e9cran sans interruption \u00e0 vitesse maximale.<\/li>\n<li>L&#8217;<strong>Anti-Virus Kaspersky<\/strong>\u00a0est une r\u00e9f\u00e9rence. Il vous assure une\u00a0<strong>protection multi-niveaux<\/strong>\u00a0con\u00e7ue pour pr\u00e9venir et neutraliser les virus et les programmes malveillants.<\/li>\n<li>L<strong>&#8216;outils de protection contre l&#8217;acc\u00e8s non autoris\u00e9 et le piratage de votre ordinateur,<\/strong>\u00a0inclus notamment une protection anti-phishing et un pare-feu. Kaspersky Premium \u00e9limine les menaces existantes. Ses technologies sont capables de d\u00e9tecter les vuln\u00e9rabilit\u00e9s, d&#8217;\u00e9liminer les virus et de r\u00e9parer votre PC en cas d&#8217;infection.<\/li>\n<\/ul>\n<\/div>\n<\/section>\n<section>\n<h2>CARACT\u00c9RISTIQUES PRINCIPALES :<\/h2>\n<ul>\n<li><strong>Antivirus en temps r\u00e9el<\/strong><\/li>\n<li><strong>Avec KasperskySafe Kids 1 an Gratuit<\/strong><\/li>\n<li>Navigation s\u00e9curis\u00e9e sur Internet<\/li>\n<li>Virus Removal existant<\/li>\n<li>Anti-phishing<\/li>\n<li>D\u00e9tection de logiciels malveillants<\/li>\n<li>Optimisation des performances<\/li>\n<li>Pare-feu bidirectionnel<\/li>\n<li>Protection des paiements<\/li>\n<li>Anti-banni\u00e8res et suppression des logiciels publicitaires<\/li>\n<li>Gestion des applications<\/li>\n<li>Nettoyage de l&#8217;espace de l&#8217;appareil<\/li>\n<li><strong>VPN illimit\u00e9 ultra-rapide<\/strong><\/li>\n<li role=\"region\"><strong>Protection de l&#8217;identit\u00e9<\/strong><\/li>\n<li role=\"region\"><strong>Assistance informatique \u00e0 distance<\/strong><\/li>\n<li><strong>Compatible avec : Windows \/ macOS \/ Android \/ iOS<\/strong><\/li>\n<\/ul>\n<\/section>\n","protected":false},"excerpt":{"rendered":"<p>Profitez d&#8217;une protection avanc\u00e9e contre les virus et d&#8217;une surveillance des fuites de donn\u00e9es, pour une tranquillit\u00e9 d&#8217;esprit absolue. Garantissez votre confidentialit\u00e9 gr\u00e2ce \u00e0 un VPN illimit\u00e9, un gestionnaire de mots de passe s\u00e9curis\u00e9 et un coffre-fort de documents. En cas de probl\u00e8me, notre assistance premium est l\u00e0 pour vous aider avec l&#8217;expertise de nos sp\u00e9cialistes. Abonnement pratique pour\u00a0 5 postes pendant 1 an. S\u00e9curit\u00e9, confidentialit\u00e9 et tranquillit\u00e9 d&#8217;esprit en un seul produit.<\/p>\n","protected":false},"featured_media":8854,"comment_status":"open","ping_status":"closed","template":"","meta":{"_acf_changed":false,"_monsterinsights_skip_tracking":false,"_monsterinsights_sitenote_active":false,"_monsterinsights_sitenote_note":"","_monsterinsights_sitenote_category":0,"_uf_show_specific_survey":0,"_uf_disable_surveys":false,"_joinchat":[]},"product_brand":[],"product_cat":[237,302,256],"product_tag":[],"class_list":{"0":"post-8853","1":"product","2":"type-product","3":"status-publish","4":"has-post-thumbnail","6":"product_cat-ordinateur","7":"product_cat-antivirus-et-securite","8":"product_cat-logiciels","10":"first","11":"instock","12":"sale","13":"shipping-taxable","14":"purchasable","15":"product-type-simple"},"acf":[],"jetpack_sharing_enabled":true,"_links":{"self":[{"href":"https:\/\/digistar.ma\/index.php?rest_route=\/wp\/v2\/product\/8853","targetHints":{"allow":["GET"]}}],"collection":[{"href":"https:\/\/digistar.ma\/index.php?rest_route=\/wp\/v2\/product"}],"about":[{"href":"https:\/\/digistar.ma\/index.php?rest_route=\/wp\/v2\/types\/product"}],"replies":[{"embeddable":true,"href":"https:\/\/digistar.ma\/index.php?rest_route=%2Fwp%2Fv2%2Fcomments&post=8853"}],"version-history":[{"count":2,"href":"https:\/\/digistar.ma\/index.php?rest_route=\/wp\/v2\/product\/8853\/revisions"}],"predecessor-version":[{"id":8874,"href":"https:\/\/digistar.ma\/index.php?rest_route=\/wp\/v2\/product\/8853\/revisions\/8874"}],"wp:featuredmedia":[{"embeddable":true,"href":"https:\/\/digistar.ma\/index.php?rest_route=\/wp\/v2\/media\/8854"}],"wp:attachment":[{"href":"https:\/\/digistar.ma\/index.php?rest_route=%2Fwp%2Fv2%2Fmedia&parent=8853"}],"wp:term":[{"taxonomy":"product_brand","embeddable":true,"href":"https:\/\/digistar.ma\/index.php?rest_route=%2Fwp%2Fv2%2Fproduct_brand&post=8853"},{"taxonomy":"product_cat","embeddable":true,"href":"https:\/\/digistar.ma\/index.php?rest_route=%2Fwp%2Fv2%2Fproduct_cat&post=8853"},{"taxonomy":"product_tag","embeddable":true,"href":"https:\/\/digistar.ma\/index.php?rest_route=%2Fwp%2Fv2%2Fproduct_tag&post=8853"}],"curies":[{"name":"wp","href":"https:\/\/api.w.org\/{rel}","templated":true}]}}