{"id":8862,"date":"2023-09-04T15:37:48","date_gmt":"2023-09-04T15:37:48","guid":{"rendered":"https:\/\/digistar.ma\/?post_type=product&#038;p=8862"},"modified":"2023-09-05T17:17:32","modified_gmt":"2023-09-05T17:17:32","slug":"kaspersky-premium-3-postes-1-an-kl10478bcfs-slimmag","status":"publish","type":"product","link":"https:\/\/digistar.ma\/?product=kaspersky-premium-3-postes-1-an-kl10478bcfs-slimmag","title":{"rendered":"Kaspersky Premium &#8211; 3 Postes \/ 1 an (KL10478BCFS-SLIMMAG)"},"content":{"rendered":"<h4 class=\"h1 productpage_title\">Kaspersky Premium &#8211; 3 Postes \/ 1 an (KL10478BCFS-SLIMMAG)<\/h4>\n<div class=\"electro-description clearfix\">\n<p id=\"titleKL10478BCFS-SLIMMAG\">Protection avanc\u00e9e contre les virus et surveillance des fuites de donn\u00e9es. Confidentialit\u00e9 ultime gr\u00e2ce au VPN illimit\u00e9, au gestionnaire de mots de passe et au coffre-fort de documents. Assistance premium, des experts r\u00e9solvent pour vous tout probl\u00e8me 1 nouveau ou existant. Abonnement pour 3 postes \/ 1 an.<\/p>\n<p>Notre solution offre une d\u00e9fense avanc\u00e9e contre les virus et surveille les fuites de donn\u00e9es pour pr\u00e9server votre tranquillit\u00e9 d&#8217;esprit.<\/p>\n<p>Profitez d&#8217;une confidentialit\u00e9 ultime gr\u00e2ce au VPN illimit\u00e9, au gestionnaire de mots de passe et au coffre-fort de documents.<\/p>\n<p>De plus, notre assistance premium vous assure une r\u00e9solution rapide de tout probl\u00e8me, gr\u00e2ce \u00e0 nos experts disponibles en tout temps. Optez pour la tranquillit\u00e9 d&#8217;esprit avec cet abonnement pour 3 postes \/ 1 an.<\/p>\n<ul class=\"a-unordered-list a-vertical a-spacing-mini\">\n<li class=\"a-spacing-mini\"><span class=\"a-list-item\"><span>S\u00c9CURIT\u00c9\u00a0: protection multicouche con\u00e7ue pour pr\u00e9venir et neutraliser les virus et les logiciels malveillants.<\/span><\/span><\/li>\n<li class=\"a-spacing-mini\"><span class=\"a-list-item\"><span>S\u00c9CURIT\u00c9\u00a0: des outils tels que l&#8217;anti-phishing et le pare-feu emp\u00eachent tout acc\u00e8s non autoris\u00e9 et tout d\u00e9tournement de votre ordinateur.<\/span><\/span><\/li>\n<li class=\"a-spacing-mini\"><span class=\"a-list-item\"><span>CONFIDENTIALIT\u00c9\u00a0: outils permettant d&#8217;emp\u00eacher le suivi en ligne non autoris\u00e9, l&#8217;apparition de publicit\u00e9s non autoris\u00e9es et l&#8217;utilisation de p\u00e9riph\u00e9riques.<\/span><\/span><\/li>\n<li class=\"a-spacing-mini\"><span class=\"a-list-item\"><span>CONFIDENTIALIT\u00c9\u00a0: prot\u00e9gez vos applications et vos services bancaires et conservez vos informations de connexion en s\u00e9curit\u00e9 et \u00e0 port\u00e9e de main.<\/span><\/span><\/li>\n<li class=\"a-spacing-mini\"><span class=\"a-list-item\"><span>CONFIDENTIALIT\u00c9\u00a0: gestionnaire de mots de passe pour stocker et synchroniser en toute s\u00e9curit\u00e9 vos mots de passe sur vos appareils.\u00a0VPN rapide et illimit\u00e9.<\/span><\/span><\/li>\n<li class=\"a-spacing-mini\"><span class=\"a-list-item\"><span>CONFIDENTIALIT\u00c9\u00a0: Kaspersky Safe Kids gratuit pour prot\u00e9ger vos enfants o\u00f9 qu&#8217;ils soient gr\u00e2ce au suivi GPS, \u00e0 la recherche s\u00e9curis\u00e9e, aux filtres de sites Web et au contr\u00f4le parental.<\/span><\/span><\/li>\n<li class=\"a-spacing-mini\"><span class=\"a-list-item\"><span>PERFORMANCES\u00a0: des outils qui vous aident \u00e0 g\u00e9rer l&#8217;espace de stockage de votre appareil, \u00e0 effectuer une v\u00e9rification de l&#8217;\u00e9tat du disque dur, \u00e0 acc\u00e9l\u00e9rer les appareils et \u00e0 \u00e9viter la perte de donn\u00e9es.<\/span><\/span><\/li>\n<\/ul>\n<\/div>\n","protected":false},"excerpt":{"rendered":"<p>Notre solution offre une d\u00e9fense avanc\u00e9e contre les virus et surveille les fuites de donn\u00e9es pour pr\u00e9server votre tranquillit\u00e9 d&#8217;esprit.<\/p>\n<p>Profitez d&#8217;une confidentialit\u00e9 ultime gr\u00e2ce au VPN illimit\u00e9, au gestionnaire de mots de passe et au coffre-fort de documents.<\/p>\n<p>De plus, notre assistance premium vous assure une r\u00e9solution rapide de tout probl\u00e8me, gr\u00e2ce \u00e0 nos experts disponibles en tout temps. Optez pour la tranquillit\u00e9 d&#8217;esprit avec cet abonnement pour 3 postes \/ 1 an.<\/p>\n","protected":false},"featured_media":8863,"comment_status":"open","ping_status":"closed","template":"","meta":{"_acf_changed":false,"_monsterinsights_skip_tracking":false,"_monsterinsights_sitenote_active":false,"_monsterinsights_sitenote_note":"","_monsterinsights_sitenote_category":0,"_uf_show_specific_survey":0,"_uf_disable_surveys":false,"_joinchat":[]},"product_brand":[],"product_cat":[237,302,256],"product_tag":[],"class_list":{"0":"post-8862","1":"product","2":"type-product","3":"status-publish","4":"has-post-thumbnail","6":"product_cat-ordinateur","7":"product_cat-antivirus-et-securite","8":"product_cat-logiciels","10":"first","11":"instock","12":"sale","13":"shipping-taxable","14":"purchasable","15":"product-type-simple"},"acf":[],"jetpack_sharing_enabled":true,"_links":{"self":[{"href":"https:\/\/digistar.ma\/index.php?rest_route=\/wp\/v2\/product\/8862","targetHints":{"allow":["GET"]}}],"collection":[{"href":"https:\/\/digistar.ma\/index.php?rest_route=\/wp\/v2\/product"}],"about":[{"href":"https:\/\/digistar.ma\/index.php?rest_route=\/wp\/v2\/types\/product"}],"replies":[{"embeddable":true,"href":"https:\/\/digistar.ma\/index.php?rest_route=%2Fwp%2Fv2%2Fcomments&post=8862"}],"version-history":[{"count":4,"href":"https:\/\/digistar.ma\/index.php?rest_route=\/wp\/v2\/product\/8862\/revisions"}],"predecessor-version":[{"id":8946,"href":"https:\/\/digistar.ma\/index.php?rest_route=\/wp\/v2\/product\/8862\/revisions\/8946"}],"wp:featuredmedia":[{"embeddable":true,"href":"https:\/\/digistar.ma\/index.php?rest_route=\/wp\/v2\/media\/8863"}],"wp:attachment":[{"href":"https:\/\/digistar.ma\/index.php?rest_route=%2Fwp%2Fv2%2Fmedia&parent=8862"}],"wp:term":[{"taxonomy":"product_brand","embeddable":true,"href":"https:\/\/digistar.ma\/index.php?rest_route=%2Fwp%2Fv2%2Fproduct_brand&post=8862"},{"taxonomy":"product_cat","embeddable":true,"href":"https:\/\/digistar.ma\/index.php?rest_route=%2Fwp%2Fv2%2Fproduct_cat&post=8862"},{"taxonomy":"product_tag","embeddable":true,"href":"https:\/\/digistar.ma\/index.php?rest_route=%2Fwp%2Fv2%2Fproduct_tag&post=8862"}],"curies":[{"name":"wp","href":"https:\/\/api.w.org\/{rel}","templated":true}]}}