{"id":8869,"date":"2023-09-04T16:47:01","date_gmt":"2023-09-04T16:47:01","guid":{"rendered":"https:\/\/digistar.ma\/?post_type=product&#038;p=8869"},"modified":"2023-09-04T16:47:01","modified_gmt":"2023-09-04T16:47:01","slug":"kaspersky-standard-3-postes-1-an-kl10418bcfs-ffpmag","status":"publish","type":"product","link":"https:\/\/digistar.ma\/?product=kaspersky-standard-3-postes-1-an-kl10418bcfs-ffpmag","title":{"rendered":"Kaspersky Standard &#8211; 3 Postes \/ 1 an (KL10418BCFS-FFPMAG)"},"content":{"rendered":"<p><strong>Kaspersky Standard &#8211; 3 Postes \/ 1 an (KL10418BCFS-FFPMAG)<\/strong><\/p>\n<h2 class=\"h2-master\">Vivez votre meilleure vie num\u00e9rique<\/h2>\n<section>Que vous vouliez\u00a0prot\u00e9ger l&#8217;essentiel\u00a0ou que vous ayez besoin d&#8217;une\u00a0protection de haut niveau\u00a0pour toute la famille,\u00a0<strong>Kaspersky<\/strong>\u00a0a une solution adapt\u00e9e.\u00a0<strong>Kaspersky Standard<\/strong>\u00a0combine\u00a0les derni\u00e8res technologies de cybers\u00e9curit\u00e9 pour offrir une protection plus compl\u00e8te et une exp\u00e9rience utilisateur toujours am\u00e9lior\u00e9es.\u00a0Solution essentielle,\u00a0<strong>Kaspersky Standard<\/strong>\u00a0a \u00e9t\u00e9 mise \u00e0 jour et fonctionne d\u00e9sormais sur n&#8217;importe quel type d&#8217;appareils et comprend un pare-feu et un module anti-banni\u00e8re.<\/p>\n<\/section>\n<section>\n<div class=\"desc-image\"><img decoding=\"async\" src=\"https:\/\/media.ldlc.com\/bo\/images\/fiches\/logiciels\/Kaspersky\/2023\/KasperskyStd_800_1.jpg\" alt=\"\" \/><\/div>\n<div class=\"desc-text\">\n<h2>SOLUTION DE D\u00c9FENSE CONTRE TOUTES LES CYBERMENACES<\/h2>\n<p>Le\u00a0<strong>syst\u00e8me de protection \u00e0 trois niveaux Kaspersky<\/strong>\u00a0fonctionne 24 h\/24 et 7 j\/7 pour assurer la s\u00e9curit\u00e9 de vos appareils et donn\u00e9es. Il bloque les menaces courantes et complexes telles que les virus, les logiciels malveillants, les ransomwares, les spywares et toutes les derni\u00e8res techniques de piratage.<\/p>\n<p>L&#8217;<strong>antivirus en temps r\u00e9el\u00a0<\/strong>vous prot\u00e8ge contre les menaces courantes comme les vers et les chevaux de Troie. Il vous prot\u00e8ge \u00e9galement contre les menaces sophistiqu\u00e9es comme les botnets et les serveurs non autoris\u00e9s.<\/p>\n<p>Une<strong>\u00a0protection avanc\u00e9e contre les programmes malveillants\u00a0<\/strong>bloque les dangers tels que les enregistreurs de frappe, les adwares, le phishing cibl\u00e9, les rootkits et les attaques dites de l&#8217;homme du milieu.<\/p>\n<p>Les\u00a0<strong>commandes de protection contre les ransomwares et de s\u00e9curit\u00e9 des r\u00e9seaux<\/strong>\u00a0emp\u00eachent les pirates d&#8217;infiltrer votre r\u00e9seau domestique et de voler vos donn\u00e9es.<\/p>\n<\/div>\n<\/section>\n<section>\n<h2>CARACT\u00c9RISTIQUES PRINCIPALES :<\/h2>\n<ul>\n<li><strong>Antivirus en temps r\u00e9el<\/strong><\/li>\n<li>Navigation s\u00e9curis\u00e9e sur Internet<\/li>\n<li>Virus Removal existant<\/li>\n<li>Anti-phishing<\/li>\n<li>D\u00e9tection de logiciels malveillants<\/li>\n<li>Optimisation des performances<\/li>\n<li>Pare-feu bidirectionnel<\/li>\n<li>Protection des paiements<\/li>\n<li>Anti-banni\u00e8res et suppression des logiciels publicitaires<\/li>\n<li>Gestion des applications<\/li>\n<li>Nettoyage de l&#8217;espace de l&#8217;appareil<\/li>\n<li><strong>Compatible avec : Windows \/ macOS \/ Android \/ iOS<\/strong><\/li>\n<\/ul>\n<\/section>\n","protected":false},"excerpt":{"rendered":"<p>Prot\u00e9gez-vous en ligne avec Kaspersky \u00a0Standard &#8211; 3 Postes \/ 1 an. B\u00e9n\u00e9ficiez d&#8217;une s\u00e9curit\u00e9 avanc\u00e9e gr\u00e2ce \u00e0 des fonctionnalit\u00e9s anti-phishing et un pare-feu int\u00e9gr\u00e9s, assurant la protection de vos informations personnelles. Profitez d&#8217;un fonctionnement rapide gr\u00e2ce au nettoyage et \u00e0 la gestion simplifi\u00e9e des applications. Effectuez des paiements en ligne en toute confiance, gr\u00e2ce \u00e0 une protection totale lors de vos achats. Compatible avec Windows\u00ae, macOS\u00ae, Android\u2122 et iOS\u00ae, cet abonnement pour 3 postes vous offre une tranquillit\u00e9 d&#8217;esprit durable.<\/p>\n","protected":false},"featured_media":8870,"comment_status":"open","ping_status":"closed","template":"","meta":{"_acf_changed":false,"_monsterinsights_skip_tracking":false,"_monsterinsights_sitenote_active":false,"_monsterinsights_sitenote_note":"","_monsterinsights_sitenote_category":0,"_uf_show_specific_survey":0,"_uf_disable_surveys":false,"_joinchat":[]},"product_brand":[],"product_cat":[237,302,256],"product_tag":[],"class_list":{"0":"post-8869","1":"product","2":"type-product","3":"status-publish","4":"has-post-thumbnail","6":"product_cat-ordinateur","7":"product_cat-antivirus-et-securite","8":"product_cat-logiciels","10":"first","11":"instock","12":"sale","13":"shipping-taxable","14":"purchasable","15":"product-type-simple"},"acf":[],"jetpack_sharing_enabled":true,"_links":{"self":[{"href":"https:\/\/digistar.ma\/index.php?rest_route=\/wp\/v2\/product\/8869","targetHints":{"allow":["GET"]}}],"collection":[{"href":"https:\/\/digistar.ma\/index.php?rest_route=\/wp\/v2\/product"}],"about":[{"href":"https:\/\/digistar.ma\/index.php?rest_route=\/wp\/v2\/types\/product"}],"replies":[{"embeddable":true,"href":"https:\/\/digistar.ma\/index.php?rest_route=%2Fwp%2Fv2%2Fcomments&post=8869"}],"version-history":[{"count":1,"href":"https:\/\/digistar.ma\/index.php?rest_route=\/wp\/v2\/product\/8869\/revisions"}],"predecessor-version":[{"id":8872,"href":"https:\/\/digistar.ma\/index.php?rest_route=\/wp\/v2\/product\/8869\/revisions\/8872"}],"wp:featuredmedia":[{"embeddable":true,"href":"https:\/\/digistar.ma\/index.php?rest_route=\/wp\/v2\/media\/8870"}],"wp:attachment":[{"href":"https:\/\/digistar.ma\/index.php?rest_route=%2Fwp%2Fv2%2Fmedia&parent=8869"}],"wp:term":[{"taxonomy":"product_brand","embeddable":true,"href":"https:\/\/digistar.ma\/index.php?rest_route=%2Fwp%2Fv2%2Fproduct_brand&post=8869"},{"taxonomy":"product_cat","embeddable":true,"href":"https:\/\/digistar.ma\/index.php?rest_route=%2Fwp%2Fv2%2Fproduct_cat&post=8869"},{"taxonomy":"product_tag","embeddable":true,"href":"https:\/\/digistar.ma\/index.php?rest_route=%2Fwp%2Fv2%2Fproduct_tag&post=8869"}],"curies":[{"name":"wp","href":"https:\/\/api.w.org\/{rel}","templated":true}]}}