{"id":8950,"date":"2023-09-05T17:41:25","date_gmt":"2023-09-05T17:41:25","guid":{"rendered":"https:\/\/digistar.ma\/?post_type=product&#038;p=8950"},"modified":"2024-09-03T15:24:08","modified_gmt":"2024-09-03T15:24:08","slug":"cartes-pvc-imprimable-a-jet-dencre-pour-epson","status":"publish","type":"product","link":"https:\/\/digistar.ma\/?product=cartes-pvc-imprimable-a-jet-dencre-pour-epson","title":{"rendered":"Cartes PVC imprimable \u00e0 jet d&#8217;encre pour Epson"},"content":{"rendered":"<h4><strong>Cartes PVC imprimable \u00e0 jet d&#8217;encre pour Epson<\/strong><\/h4>\n<h1 class=\"seo-sellpoints--title--a2KXz0Q\" data-spm-anchor-id=\"a2g0o.detail.0.i3.7256PFYlPFYlYG\">point de vente<\/h1>\n<ul class=\"seo-sellpoints--sellerPoint--bfm7Az1\">\n<li>\n<pre>s\u00e9chage rapide: La technologie micro-perforation permet un s\u00e9chage rapide, l'impression claire et stable sur tous les tissus.<\/pre>\n<\/li>\n<li>\n<pre>personnalis\u00e9: Personnalis\u00e9 dans une large gamme de couleurs, vous pouvez l'utiliser pour imprimer n'importe quelle image, texte, image, logo, graphiques et autres programmes d'impression.<\/pre>\n<\/li>\n<li>\n<pre>fini lustr\u00e9: L'impression est cousue par un film thermique, le papier d'impression a une bonne transmission de la lumi\u00e8re et des couleurs vives. L'encre de haute qualit\u00e9 a un aspect lisse et d\u00e9licat, avec une impression claire sur la face avant.<\/pre>\n<\/li>\n<li>\n<pre>application: Les applications de transfert en ligne, y compris le stockage des donn\u00e9es d'\u00e9chelle, l'analyse de texte, les param\u00e8tres de bureau et la fonction de date, ainsi que la fonction d'alarme.<\/pre>\n<\/li>\n<li>\n<pre>\u00e9paisseur: La taille et l'\u00e9paisseur sont indiqu\u00e9es sur les cartes.<\/pre>\n<\/li>\n<li>\n<pre>imprimer: Vous pouvez imprimer tout ce dont vous avez besoin pour obtenir des photos de haute qualit\u00e9. En attendant, vous pouvez imprimer les images que vous voulez \u00e0 l'aide de votre imprimante.<\/pre>\n<\/li>\n<li>\n<pre>d\u00e9cor: D\u00e9corez vos cartes d'invitation avec un look parfait en toute occasion, excellent d\u00e9cor pour la maison. La carte est un nouveau type de produit pour le d\u00e9coupage et le d\u00e9coupage, qui a l'air exquis.<\/pre>\n<\/li>\n<li>\n<pre data-spm-anchor-id=\"a2g0o.detail.0.i2.7256PFYlPFYlYG\">s\u00fbr: Cet appareil est un fabricant de films \u00e0 imprimer complet pour les d\u00e9butants, et il n'est pas s\u00fbr d'installer des \u00e9tiquettes. Ce disque est un mat\u00e9riau respectueux de l'environnement qui est s\u00fbr \u00e0 utiliser pour les utilisateurs.<\/pre>\n<\/li>\n<\/ul>\n","protected":false},"excerpt":{"rendered":"<p>230 Unit\u00e9s Cartes PVC imprimable \u00e0 jet d&#8217;encre pour Epson L805 L8050 L800 &#8230;.<\/p>\n","protected":false},"featured_media":8952,"comment_status":"open","ping_status":"closed","template":"","meta":{"_acf_changed":false,"_monsterinsights_skip_tracking":false,"_monsterinsights_sitenote_active":false,"_monsterinsights_sitenote_note":"","_monsterinsights_sitenote_category":0,"_uf_show_specific_survey":0,"_uf_disable_surveys":false,"_joinchat":[]},"product_brand":[],"product_cat":[238],"product_tag":[],"class_list":{"0":"post-8950","1":"product","2":"type-product","3":"status-publish","4":"has-post-thumbnail","6":"product_cat-consommables","8":"first","9":"instock","10":"sale","11":"shipping-taxable","12":"purchasable","13":"product-type-simple"},"acf":[],"jetpack_sharing_enabled":true,"_links":{"self":[{"href":"https:\/\/digistar.ma\/index.php?rest_route=\/wp\/v2\/product\/8950","targetHints":{"allow":["GET"]}}],"collection":[{"href":"https:\/\/digistar.ma\/index.php?rest_route=\/wp\/v2\/product"}],"about":[{"href":"https:\/\/digistar.ma\/index.php?rest_route=\/wp\/v2\/types\/product"}],"replies":[{"embeddable":true,"href":"https:\/\/digistar.ma\/index.php?rest_route=%2Fwp%2Fv2%2Fcomments&post=8950"}],"version-history":[{"count":1,"href":"https:\/\/digistar.ma\/index.php?rest_route=\/wp\/v2\/product\/8950\/revisions"}],"predecessor-version":[{"id":8954,"href":"https:\/\/digistar.ma\/index.php?rest_route=\/wp\/v2\/product\/8950\/revisions\/8954"}],"wp:featuredmedia":[{"embeddable":true,"href":"https:\/\/digistar.ma\/index.php?rest_route=\/wp\/v2\/media\/8952"}],"wp:attachment":[{"href":"https:\/\/digistar.ma\/index.php?rest_route=%2Fwp%2Fv2%2Fmedia&parent=8950"}],"wp:term":[{"taxonomy":"product_brand","embeddable":true,"href":"https:\/\/digistar.ma\/index.php?rest_route=%2Fwp%2Fv2%2Fproduct_brand&post=8950"},{"taxonomy":"product_cat","embeddable":true,"href":"https:\/\/digistar.ma\/index.php?rest_route=%2Fwp%2Fv2%2Fproduct_cat&post=8950"},{"taxonomy":"product_tag","embeddable":true,"href":"https:\/\/digistar.ma\/index.php?rest_route=%2Fwp%2Fv2%2Fproduct_tag&post=8950"}],"curies":[{"name":"wp","href":"https:\/\/api.w.org\/{rel}","templated":true}]}}