{"id":8955,"date":"2023-09-06T20:59:14","date_gmt":"2023-09-06T20:59:14","guid":{"rendered":"https:\/\/digistar.ma\/?post_type=product&#038;p=8955"},"modified":"2023-09-06T20:59:14","modified_gmt":"2023-09-06T20:59:14","slug":"scanner-canon-imageformula-dr-s150-4044c003","status":"publish","type":"product","link":"https:\/\/digistar.ma\/?product=scanner-canon-imageformula-dr-s150-4044c003","title":{"rendered":"Scanner Canon imageFORMULA DR-S150 (4044C003)"},"content":{"rendered":"<h4><strong>Scanner Canon imageFORMULA DR-S150 (4044C003)<\/strong><\/h4>\n<div class=\"description\">\n<p class=\"desc\">Gagnez en confort, en simplicit\u00e9 et en performance gr\u00e2ce au syst\u00e8me Canon imageFORMULA DR-S150 ! Ce scanner \u00e0 d\u00e9filement se pr\u00e9sente avec un profil compact et une conception inspir\u00e9e pour se faire discret m\u00eame au sein des petits espaces de travail.<\/p>\n<h2 class=\"h2-master\">Pour une num\u00e9risation productive, polyvalente, rapide et intuitive<\/h2>\n<section>Gagnez en confort, en simplicit\u00e9 et en performance gr\u00e2ce au syst\u00e8me\u00a0<strong>Canon imageFORMULA DR-S150<\/strong>\u00a0! Ce scanner \u00e0 d\u00e9filement se pr\u00e9sente avec un profil compact et une conception inspir\u00e9e pour se faire discret m\u00eame au sein des petits espaces de travail. Toujours pr\u00eat \u00e0 vous assister dans vos travaux quotidiens, il propose une num\u00e9risation rapide avec une cadence pouvant atteindre\u00a0<strong>45 ppm et 90 ipm<\/strong>, assurant une productivit\u00e9 optimale. Ce mod\u00e8le int\u00e8gre \u00e9galement diverses fonctions de traitement d&#8217;image pour un r\u00e9sultat toujours impeccable \u00e0 chaque utilisation. La simplicit\u00e9 est de rigueur car ce scanner est fourni avec le logiciel CaptureOnTouch Pro et ses outils de capture et de traitement de flux de travail. Ce logiciel favorise\u00a0l&#8217;exp\u00e9rience utilisateur.<\/p>\n<\/section>\n<section>\n<div class=\"desc-image\"><img decoding=\"async\" src=\"https:\/\/media.ldlc.com\/bo\/images\/fiches\/scanner\/canon\/dr-s150\/rd-s150_800_1.jpg\" alt=\"\" \/><\/div>\n<div class=\"desc-text\">\n<h2>PRODUCTIVIT\u00c9 OPTIMIS\u00c9E POUR SIMPLIFIER\u00a0VOTRE QUOTIDIEN<\/h2>\n<p>Ce mod\u00e8le de bureau pratique permet aux utilisateurs d&#8217;effectuer des num\u00e9risations d&#8217;une simple pression sur un bouton. Il est dot\u00e9 d&#8217;un grand \u00e9cran tactile couleur avec fonction de num\u00e9risation PUSH directe par le r\u00e9seau.\u00a0Il dispose de fonctionnalit\u00e9s utiles comme la d\u00e9tection automatique du format de page et de l&#8217;orientation du texte mais aussi la reconnaissance des codes-barres et codes 2D.<\/p>\n<p>Le\u00a0<strong>scanner DR-S150<\/strong>\u00a0a \u00e9t\u00e9 con\u00e7u pour assurer un maximum de fiabilit\u00e9. Le chargeur automatique de documents 60 feuilles alimente le scanner avec des supports de diff\u00e9rents formats, pour pouvoir effectuer jusqu&#8217;\u00e0 4000 num\u00e9risations par jour.<\/p>\n<\/div>\n<\/section>\n<section>\n<div class=\"desc-text\">\n<h4>PERFORMANCES PROFESSIONNELLES <strong>Scanner Canon imageFORMULA DR-S150 (4044C003)<\/strong><\/h4>\n<p>Avec des vitesses de num\u00e9risation pouvant atteindre 45\u00a0ppm et 90 ipm, le\u00a0<strong>scanner imageFORMULA DR-S150<\/strong>\u00a0assure une productivit\u00e9 exceptionnelle tout en restant \u00e0 un prix abordable.<\/p>\n<p>Avec sa vaste gamme d&#8217;applications, il dispose forc\u00e9ment de l&#8217;outil n\u00e9cessaire pour chaque t\u00e2che, avec notamment CaptureOnTouch Pro et ses outils de capture et de traitement de flux de travail. Avec une consommation de seulement 22.5W en fonctionnement et 3,4W en veille, le\u00a0<strong>scanner DR-S150<\/strong>\u00a0reste un mod\u00e8le \u00e9conomique, sans pour autant compromettre les performances.<\/p>\n<\/div>\n<div class=\"desc-image\"><img decoding=\"async\" src=\"https:\/\/media.ldlc.com\/bo\/images\/fiches\/scanner\/canon\/dr-s150\/rd-s150_800_2.jpg\" alt=\"\" \/><\/div>\n<\/section>\n<section class=\"list\">\n<ul>\n<li><\/li>\n<\/ul>\n<\/section>\n<\/div>\n","protected":false},"excerpt":{"rendered":"<ul>\n<li>Scanner de bureau compact et puissant avec chargeur<\/li>\n<li>Id\u00e9al pour les groupes de travail les plus exigeants<\/li>\n<li>Capteur de num\u00e9risation : Capteur 1 ligne CMOS CIS<\/li>\n<li><strong>Cycle de travail quotidien : 4000 num\u00e9risations\/jour\u00a0<\/strong><\/li>\n<li>Face de num\u00e9risation : recto verso<\/li>\n<li>Num\u00e9risation noir et blanc \/ couleur : 45 ppm \/ 90 ipm<\/li>\n<li>Chargeur automatique de documents 60 feuilles (80 g\/m\u00b2)<\/li>\n<li>Num\u00e9risez divers types de documents en toute simplicit\u00e9, y compris des passeports<\/li>\n<li>Manipulation extr\u00eamement fiable du papier et fabrication robuste<\/li>\n<li>Panneau de contr\u00f4le convivial : num\u00e9risation d&#8217;une simple pression sur un bouton<\/li>\n<li>Logiciel CaptureOnTouch Pro : num\u00e9risation intuitive<\/li>\n<li>Fonctionnement silencieux<\/li>\n<li>Interface : USB 3.0, USB 2.0, IEEE802.11b\/g\/n, 10Base-T\/100Base-TX\/1000Base-T<\/li>\n<li>Design compact et \u00e9l\u00e9gant : int\u00e9gration facilit\u00e9e<\/li>\n<li>Bacs ferm\u00e9s : 291 x 163 x 378 mm \/ Bacs ouverts : 291 x 600 x 378 mm<\/li>\n<li>Poids : 3.3 kg<\/li>\n<\/ul>\n","protected":false},"featured_media":8956,"comment_status":"open","ping_status":"closed","template":"","meta":{"_acf_changed":false,"_monsterinsights_skip_tracking":false,"_monsterinsights_sitenote_active":false,"_monsterinsights_sitenote_note":"","_monsterinsights_sitenote_category":0,"_uf_show_specific_survey":0,"_uf_disable_surveys":false,"_joinchat":[]},"product_brand":[],"product_cat":[15,254,295],"product_tag":[],"class_list":{"0":"post-8955","1":"product","2":"type-product","3":"status-publish","4":"has-post-thumbnail","6":"product_cat-imprimante-scanner","7":"product_cat-scanner","8":"product_cat-scanner-a-defilement","10":"first","11":"instock","12":"sale","13":"shipping-taxable","14":"purchasable","15":"product-type-simple"},"acf":[],"jetpack_sharing_enabled":true,"_links":{"self":[{"href":"https:\/\/digistar.ma\/index.php?rest_route=\/wp\/v2\/product\/8955","targetHints":{"allow":["GET"]}}],"collection":[{"href":"https:\/\/digistar.ma\/index.php?rest_route=\/wp\/v2\/product"}],"about":[{"href":"https:\/\/digistar.ma\/index.php?rest_route=\/wp\/v2\/types\/product"}],"replies":[{"embeddable":true,"href":"https:\/\/digistar.ma\/index.php?rest_route=%2Fwp%2Fv2%2Fcomments&post=8955"}],"version-history":[{"count":1,"href":"https:\/\/digistar.ma\/index.php?rest_route=\/wp\/v2\/product\/8955\/revisions"}],"predecessor-version":[{"id":8960,"href":"https:\/\/digistar.ma\/index.php?rest_route=\/wp\/v2\/product\/8955\/revisions\/8960"}],"wp:featuredmedia":[{"embeddable":true,"href":"https:\/\/digistar.ma\/index.php?rest_route=\/wp\/v2\/media\/8956"}],"wp:attachment":[{"href":"https:\/\/digistar.ma\/index.php?rest_route=%2Fwp%2Fv2%2Fmedia&parent=8955"}],"wp:term":[{"taxonomy":"product_brand","embeddable":true,"href":"https:\/\/digistar.ma\/index.php?rest_route=%2Fwp%2Fv2%2Fproduct_brand&post=8955"},{"taxonomy":"product_cat","embeddable":true,"href":"https:\/\/digistar.ma\/index.php?rest_route=%2Fwp%2Fv2%2Fproduct_cat&post=8955"},{"taxonomy":"product_tag","embeddable":true,"href":"https:\/\/digistar.ma\/index.php?rest_route=%2Fwp%2Fv2%2Fproduct_tag&post=8955"}],"curies":[{"name":"wp","href":"https:\/\/api.w.org\/{rel}","templated":true}]}}