{"id":8961,"date":"2023-09-06T21:42:15","date_gmt":"2023-09-06T21:42:15","guid":{"rendered":"https:\/\/digistar.ma\/?post_type=product&#038;p=8961"},"modified":"2023-09-06T21:42:56","modified_gmt":"2023-09-06T21:42:56","slug":"canon-imagerunner-advance-dx-c357i","status":"publish","type":"product","link":"https:\/\/digistar.ma\/?product=canon-imagerunner-advance-dx-c357i","title":{"rendered":"Canon imageRUNNER ADVANCE DX C357i"},"content":{"rendered":"<p><strong>Canon imageRUNNER ADVANCE DX C357i<\/strong><\/p>\n<p>Photocopieur imprimante<strong>\u00a0multifonctions A4 couleur<\/strong>\u00a0de\u00a0<strong>haute<\/strong>\u00a0<strong>qualit\u00e9<\/strong>,\u00a0<strong>compact<\/strong>,\u00a0<strong>rapide<\/strong>\u00a0et offrant des performances \u00e0\u00a0<strong>long terme<\/strong>\u00a0pour les bureaux de toutes tailles.<\/p>\n<p><strong>Dopez votre productivit\u00e9<\/strong><\/p>\n<p>Les flux de travail automatis\u00e9s accroissent l&#8217;efficacit\u00e9 gr\u00e2ce \u00e0 la num\u00e9risation, au stockage et \u00e0 la recherche intuitifs pour num\u00e9riser des documents.<\/p>\n<p>&nbsp;<\/p>\n<p><strong>Num\u00e9risation innovante<\/strong><\/p>\n<p>Le verre trait\u00e9 anti-salissures unique et le nouveau m\u00e9canisme d&#8217;alimentation papier garantissent une num\u00e9risation rapide, pr\u00e9cise et sans traces.<\/p>\n<p>&nbsp;<\/p>\n<p><strong>S\u00e9curit\u00e9 \u00e0 360\u00b0<\/strong><\/p>\n<p>Protection multicouche de vos documents, appareils et r\u00e9seaux gr\u00e2ce au cryptage des donn\u00e9es et \u00e0 l&#8217;authentification des utilisateurs.<\/p>\n<p>&nbsp;<\/p>\n<p><strong>uniFLOW Online Express<\/strong><\/p>\n<p>Les logiciels bas\u00e9s sur le cloud g\u00e8rent les p\u00e9riph\u00e9riques de mani\u00e8re centralis\u00e9e, am\u00e9liorent la qualit\u00e9 de sortie et accroissent la s\u00e9curit\u00e9 int\u00e9gr\u00e9e.<\/p>\n<p>&nbsp;<\/p>\n<p><strong>Conception peu encombrante<\/strong><\/p>\n<p>Le format A4 compact est id\u00e9al pour les bureaux et s&#8217;int\u00e8gre parfaitement aux environnements de bureau.<\/p>\n<p>&nbsp;<\/p>\n<p><strong>Fonctionnement silencieux<\/strong><\/p>\n<p>L&#8217;accroissement de la facilit\u00e9 d&#8217;utilisation de l&#8217;appareil et la r\u00e9duction du bruit garantissent un minimum de perturbations pour favoriser la durabilit\u00e9 des bureaux.<\/p>\n<p>&nbsp;<\/p>\n<h2>Caract\u00e9ristiques de Canon imageRUNNER ADVANCE DX C357i<\/h2>\n<ul>\n<li>Fonctions d\u2019impression, de copie, de num\u00e9risation, de stockage, d\u2019envoi et de t\u00e9l\u00e9copie en option<\/li>\n<li>Capacit\u00e9 maximale des supports 2300 feuilles<\/li>\n<li>S\u00e9curit\u00e9 de vos documents<\/li>\n<li>Prise en charge de l\u2019utilisation des appareils mobiles<\/li>\n<li>Gestion pratique de la MFP et du parc<\/li>\n<li>Finition des agrafes<\/li>\n<\/ul>\n<h3><a href=\"https:\/\/fr.canon-cna.com\/support\/products\/imagerunner\/imagerunner_advance_dx_c357i.html?type=drivers&amp;language=&amp;os=windows%2010%20(64-bit)\" target=\"_blank\" rel=\"noopener\">GUIDE D&#8217;INSTALLATION<\/a><\/h3>\n","protected":false},"excerpt":{"rendered":"<p>Impression, copie, num\u00e9risation, envoi et t\u00e9l\u00e9copie<br \/>\nVitesse d&#8217;impression noir: 35 ppm (A4), 26 ppm (A5R), 61 ppm (A5), 23 ppm (A6)<br \/>\nVitesse d&#8217;impression couleur: 35 ppm (A4), 26 ppm (A5R), 61 ppm (A5), 23 ppm\u00a0\u00a0(A6)<br \/>\nImpression recto\/verso: Automatique<br \/>\nFonctionne avec: 4 toners C-EXV ( Noir, Cyan, Magenta, Jaune)<br \/>\nConnectivit\u00e9: 1 port USB 2.0 (h\u00f4te), 1 port USB 3.0 (h\u00f4te), 1 port USB 2.0 (p\u00e9riph\u00e9rique) ; Optionnel : interface s\u00e9rie, interface de contr\u00f4le de copie<\/p>\n","protected":false},"featured_media":8962,"comment_status":"open","ping_status":"closed","template":"","meta":{"_acf_changed":false,"_monsterinsights_skip_tracking":false,"_monsterinsights_sitenote_active":false,"_monsterinsights_sitenote_note":"","_monsterinsights_sitenote_category":0,"_uf_show_specific_survey":0,"_uf_disable_surveys":false,"_joinchat":[]},"product_brand":[],"product_cat":[15,268],"product_tag":[],"class_list":{"0":"post-8961","1":"product","2":"type-product","3":"status-publish","4":"has-post-thumbnail","6":"product_cat-imprimante-scanner","7":"product_cat-multifonction-laser-couleur","9":"first","10":"instock","11":"sale","12":"shipping-taxable","13":"purchasable","14":"product-type-simple"},"acf":[],"jetpack_sharing_enabled":true,"_links":{"self":[{"href":"https:\/\/digistar.ma\/index.php?rest_route=\/wp\/v2\/product\/8961","targetHints":{"allow":["GET"]}}],"collection":[{"href":"https:\/\/digistar.ma\/index.php?rest_route=\/wp\/v2\/product"}],"about":[{"href":"https:\/\/digistar.ma\/index.php?rest_route=\/wp\/v2\/types\/product"}],"replies":[{"embeddable":true,"href":"https:\/\/digistar.ma\/index.php?rest_route=%2Fwp%2Fv2%2Fcomments&post=8961"}],"version-history":[{"count":1,"href":"https:\/\/digistar.ma\/index.php?rest_route=\/wp\/v2\/product\/8961\/revisions"}],"predecessor-version":[{"id":8966,"href":"https:\/\/digistar.ma\/index.php?rest_route=\/wp\/v2\/product\/8961\/revisions\/8966"}],"wp:featuredmedia":[{"embeddable":true,"href":"https:\/\/digistar.ma\/index.php?rest_route=\/wp\/v2\/media\/8962"}],"wp:attachment":[{"href":"https:\/\/digistar.ma\/index.php?rest_route=%2Fwp%2Fv2%2Fmedia&parent=8961"}],"wp:term":[{"taxonomy":"product_brand","embeddable":true,"href":"https:\/\/digistar.ma\/index.php?rest_route=%2Fwp%2Fv2%2Fproduct_brand&post=8961"},{"taxonomy":"product_cat","embeddable":true,"href":"https:\/\/digistar.ma\/index.php?rest_route=%2Fwp%2Fv2%2Fproduct_cat&post=8961"},{"taxonomy":"product_tag","embeddable":true,"href":"https:\/\/digistar.ma\/index.php?rest_route=%2Fwp%2Fv2%2Fproduct_tag&post=8961"}],"curies":[{"name":"wp","href":"https:\/\/api.w.org\/{rel}","templated":true}]}}