{"id":8967,"date":"2023-09-06T22:05:03","date_gmt":"2023-09-06T22:05:03","guid":{"rendered":"https:\/\/digistar.ma\/?post_type=product&#038;p=8967"},"modified":"2025-04-14T00:02:53","modified_gmt":"2025-04-14T00:02:53","slug":"epson-ecotank-m2170-imprimante-a-reservoirs-rechargeables-c11ch43403","status":"publish","type":"product","link":"https:\/\/digistar.ma\/?product=epson-ecotank-m2170-imprimante-a-reservoirs-rechargeables-c11ch43403","title":{"rendered":"Epson EcoTank M2170 Imprimante \u00e0 r\u00e9servoirs rechargeables (C11CH43403)"},"content":{"rendered":"<h4><strong>Epson EcoTank M2170 Imprimante \u00e0 r\u00e9servoirs rechargeables (C11CH43403)<\/strong><\/h4>\n<h4>Imprimante monochrome 3 en 1 EcoTank<\/h4>\n<div class=\"briefdescription\">En plus de l\u2019impression mobile, ce mod\u00e8le <a href=\"https:\/\/www.epson.fr\/fr_FR\/for-home\/ecotank\" target=\"_blank\" rel=\"noopener\">EcoTank<\/a>\u00a03 en 1 est \u00e9quip\u00e9 de fonctionnalit\u00e9s Wi-Fi, d\u2019un \u00e9cran LCD, d\u2019un bac de 250\u00a0feuilles et propose l\u2019impression Recto Verso.<\/div>\n<div class=\"highlights\">\n<ul>\n<li>3 en 1 avec impression mobile<\/li>\n<li>Imprimez jusqu\u2019\u00e0 11\u00a0000\u00a0pages<\/li>\n<li>Impression Wi-Fi<\/li>\n<\/ul>\n<\/div>\n<div class=\"introtext\">Ce mod\u00e8le EcoTank durable, rapide et \u00e9conome en \u00e9nergie facilite l\u2019impression mobile. Avec ses fonctions d\u2019impression, de num\u00e9risation et de copie, il fournit une solution d\u2019impression \u00e9conomique, qui peut vous aider \u00e0 r\u00e9duire vos co\u00fbts d\u2019impression. Solution \u00e9conomique\u00a0: imprimez jusqu\u2019\u00e0 11\u00a0000\u00a0pages avec l\u2019encre noire incluse<sup>1<\/sup>. S\u00e9lectionnez directement et rapidement les fonctions \u00e0 l\u2019aide de l\u2019\u00e9cran couleur LCD de 3,7\u00a0cm.<\/div>\n<div>\n<p><strong>R\u00e9duisez vos co\u00fbts d\u2019impression<\/strong><br \/>\n\u00c9conomisez jusqu\u2019\u00e0 1\u00a0000\u00a0AED avec l\u2019encre incluse par rapport \u00e0 l\u2019imprimante laser<sup>2<\/sup>. Il est dot\u00e9 d\u2019un r\u00e9servoir d\u2019encre rechargeable que vous remplissez avec les bouteilles d\u2019encre incluses au lieu du toner. D\u00e8s le d\u00e9part, l\u2019utilisateur a suffisamment d\u2019encre pour imprimer des milliers de pages, ce qui se traduit par des co\u00fbts r\u00e9duits et un gain de temps.<\/p>\n<p><strong>Faible co\u00fbt du remplacement des encres<\/strong><br \/>\n\u00c9conomisez jusqu\u2019\u00e0 90\u00a0% sur les co\u00fbts d\u2019impression<sup>3<\/sup>\u00a0avec le grand r\u00e9servoir d\u2019encre EcoTank et les bouteilles d\u2019encre de rechange. Une bouteille d\u2019encre EcoTank \u00e9quivaut \u00e0 cinq\u00a0cartouches d\u2019encre<sup>1<\/sup>, vous devrez donc moins recharger, et donc moins d\u00e9penser.<\/p>\n<p><strong>Facilit\u00e9 d\u2019utilisation<\/strong><br \/>\nAvec un r\u00e9servoir frontal et un affichage du niveau d\u2019encre, l\u2019imprimante M2170 est con\u00e7u pour \u00eatre facile d\u2019utilisation. Les bouteilles d\u2019encre EcoTank sont \u00e9quip\u00e9es d\u2019un syst\u00e8me de pressurisation de l\u2019air, permettant \u00e0 l\u2019encre de circuler dans le grand r\u00e9servoir rechargeable sans avoir besoin de presser le flacon.<\/p>\n<p><strong>Imprimez o\u00f9 que vous soyez<\/strong><br \/>\nImprimez en d\u00e9placement, avec Wi-Fi Direct et l\u2019application Epson iPrint<sup>4<\/sup>. Avec votre mobile, votre ordinateur portable ou votre tablette, vous pourrez envoyer des documents \u00e0 imprimer depuis presque n\u2019importe o\u00f9.<\/p>\n<p><strong>Rejoignez 50\u00a0millions de clients dans le monde entier<\/strong><br \/>\nDepuis qu\u2019Epson a commenc\u00e9 \u00e0 fabriquer des imprimantes EcoTank en 2010, plus de 50\u00a0millions d\u2019imprimantes EcoTank ont \u00e9t\u00e9 vendues dans le monde<sup>5<\/sup>\u00a0et font d\u2019Epson l\u2019imprimante \u00e0 r\u00e9servoir d\u2019encre n\u00b0\u00a01 dans le monde\u202d<sup>6<\/sup>. 7\u00a0imprimantes \u00e0 r\u00e9servoir d\u2019encre sur 10 vendues au Moyen-Orient et en Afrique sont des imprimantes Epson<sup>6<\/sup>.<\/p>\n<h4>Caract\u00e9ristiques principales de <strong>Epson EcoTank M2170 Imprimante \u00e0 r\u00e9servoirs rechargeables (C11CH43403)<\/strong><\/h4>\n<div class=\"bullets\">\n<ul>\n<li><strong>R\u00e9duisez vos co\u00fbts d\u2019impression<\/strong><br \/>\nImprimante avec r\u00e9servoir d\u2019encre \u00e9conomique livr\u00e9 avec une grande quantit\u00e9 d\u2019encre<\/li>\n<li><strong>Gain de temps<\/strong><br \/>\nWi-Fi, impression Recto Verso, bac de 250\u00a0feuilles, impression mobile<\/li>\n<li><strong>Impression de qualit\u00e9 professionnelle rapide<\/strong><br \/>\nVitesses d\u2019impression de 20\u00a0ppm<sup>7<\/sup>, aucun temps de pr\u00e9chauffage, t\u00eate d\u2019impression PrecisionCore<\/li>\n<\/ul>\n<h4><a href=\"https:\/\/digistar.ma\/wp-content\/uploads\/2023\/09\/ecotank-m2170-datasheet-1.pdf\">FICHE TECHNIQUE DE EPSON ECOTANK M2170<\/a><\/h4>\n<\/div>\n<\/div>\n","protected":false},"excerpt":{"rendered":"<p>Impression, Num\u00e9risation, Copie<br \/>\nLivr\u00e9e avec encre noire jusqu&#8217;\u00e0 11000 pages<br \/>\nVitesse\u00a0\u00a0d&#8217;impression noir: 39 pages\/min (20 pages\/min en norme ISO)<br \/>\nQualit\u00e9 d&#8217;impression noire: 1.200 x 2.400 DPI (ppp)<br \/>\nImpression recto\/verso: automatique (A4, papier ordinaire), Chargement des supports sp\u00e9ciaux par l&#8217;arri\u00e8re<br \/>\nFonctionne avec: 1 r\u00e9servoir d&#8217;encre noire<br \/>\nConnectivit\u00e9: USB, Ethernet, Wi-Fi, Wi-Fi Direct<\/p>\n","protected":false},"featured_media":8968,"comment_status":"open","ping_status":"closed","template":"","meta":{"_acf_changed":false,"_monsterinsights_skip_tracking":false,"_monsterinsights_sitenote_active":false,"_monsterinsights_sitenote_note":"","_monsterinsights_sitenote_category":0,"_uf_show_specific_survey":0,"_uf_disable_surveys":false,"_joinchat":[]},"product_brand":[],"product_cat":[15,380,265,266],"product_tag":[],"class_list":{"0":"post-8967","1":"product","2":"type-product","3":"status-publish","4":"has-post-thumbnail","6":"product_cat-imprimante-scanner","7":"product_cat-epson","8":"product_cat-imprimante-a-reservoirs-rechargeables","9":"product_cat-multifonction-jet-dencre","11":"first","12":"instock","13":"shipping-taxable","14":"purchasable","15":"product-type-simple"},"acf":[],"jetpack_sharing_enabled":true,"_links":{"self":[{"href":"https:\/\/digistar.ma\/index.php?rest_route=\/wp\/v2\/product\/8967","targetHints":{"allow":["GET"]}}],"collection":[{"href":"https:\/\/digistar.ma\/index.php?rest_route=\/wp\/v2\/product"}],"about":[{"href":"https:\/\/digistar.ma\/index.php?rest_route=\/wp\/v2\/types\/product"}],"replies":[{"embeddable":true,"href":"https:\/\/digistar.ma\/index.php?rest_route=%2Fwp%2Fv2%2Fcomments&post=8967"}],"version-history":[{"count":1,"href":"https:\/\/digistar.ma\/index.php?rest_route=\/wp\/v2\/product\/8967\/revisions"}],"predecessor-version":[{"id":8978,"href":"https:\/\/digistar.ma\/index.php?rest_route=\/wp\/v2\/product\/8967\/revisions\/8978"}],"wp:featuredmedia":[{"embeddable":true,"href":"https:\/\/digistar.ma\/index.php?rest_route=\/wp\/v2\/media\/8968"}],"wp:attachment":[{"href":"https:\/\/digistar.ma\/index.php?rest_route=%2Fwp%2Fv2%2Fmedia&parent=8967"}],"wp:term":[{"taxonomy":"product_brand","embeddable":true,"href":"https:\/\/digistar.ma\/index.php?rest_route=%2Fwp%2Fv2%2Fproduct_brand&post=8967"},{"taxonomy":"product_cat","embeddable":true,"href":"https:\/\/digistar.ma\/index.php?rest_route=%2Fwp%2Fv2%2Fproduct_cat&post=8967"},{"taxonomy":"product_tag","embeddable":true,"href":"https:\/\/digistar.ma\/index.php?rest_route=%2Fwp%2Fv2%2Fproduct_tag&post=8967"}],"curies":[{"name":"wp","href":"https:\/\/api.w.org\/{rel}","templated":true}]}}