{"id":8980,"date":"2023-09-07T16:50:35","date_gmt":"2023-09-07T16:50:35","guid":{"rendered":"https:\/\/digistar.ma\/?post_type=product&#038;p=8980"},"modified":"2023-09-07T16:50:35","modified_gmt":"2023-09-07T16:50:35","slug":"adaptateur-ugreen-usb-3-0-vers-usb-c-female-50533","status":"publish","type":"product","link":"https:\/\/digistar.ma\/?product=adaptateur-ugreen-usb-3-0-vers-usb-c-female-50533","title":{"rendered":"Adaptateur Ugreen USB 3.0 vers USB-C female (50533)"},"content":{"rendered":"<p><strong>Adaptateur Ugreen USB 3.0 vers USB-C female (50533)<\/strong><\/p>\n<h4 class=\"sc-oTLFK lcHmGL pf-6c70ef07\" data-pf-type=\"Heading\"><em><span class=\"sc-ptSuy fnmilh pf-a86c70ef\" data-pf-type=\"Text\"><span>Compagnon id\u00e9al avec votre ancien ordinateur portable avec port USB A<\/span><br \/>\n<\/span><\/em><\/h4>\n<p id=\"test\" class=\"sc-pkvvt cbrLgP pf-ef07a43e test\" data-pf-type=\"Paragraph2\"><em><span class=\"sc-ptSuy fnmilh pf-70ef07a4\" data-pf-type=\"Text\"><span>L&#8217;adaptateur USB type C femelle permet plus de connexions pour votre ancien ordinateur portable et PC sans interface USB C.\u00a0Avec l&#8217;adaptateur, vous pouvez facilement transformer le port USB A de votre ordinateur en port femelle USB Type C, ce qui vous permet de vous connecter \u00e0 des appareils compatibles USB-C.<\/span><br \/>\n<\/span><\/em><\/p>\n<h4 class=\"sc-oTLFK lcHmGL pf-3e856273\" data-pf-type=\"Heading\"><em><span class=\"sc-ptSuy fnmilh pf-a43e8562\" data-pf-type=\"Text\"><span>Transfert de donn\u00e9es ultra-rapide \u00e0 MAX 5 Gbps<\/span><br \/>\n<\/span><\/em><\/h4>\n<p class=\"sc-pkvvt cbrLgP pf-73bf21b7\" data-pf-type=\"Paragraph2\"><em><span class=\"sc-ptSuy fnmilh pf-6273bf21\" data-pf-type=\"Text\"><span>Prenant en charge un taux de synchronisation jusqu&#8217;\u00e0 5 Gbit\/s, cet adaptateur USB 3.0 vers Type C garantit un transfert de donn\u00e9es plus rapide entre le PC et les smartphones ou tablettes.<\/span><br \/>\n<span>Cet adaptateur USB C femelle vers USB prend en charge une vitesse maximale de 5 Gbit\/s pour la synchronisation des donn\u00e9es lors de la connexion \u00e0 un port USB 3.0, r\u00e9trocompatible avec USB 2.0 et USB 1.1.<\/span><br \/>\n<\/span><\/em><\/p>\n<h3 class=\"sc-oTLFK lcHmGL pf-b0f99255\" data-pf-type=\"Heading\"><em><span class=\"sc-ptSuy fnmilh pf-d5b0f992\" data-pf-type=\"Text\"><span>Note : Adaptateur Ugreen USB 3.0 vers USB-C female (50533)<\/span><br \/>\n<\/span><\/em><\/h3>\n<p class=\"sc-pkvvt cbrLgP pf-55743b9d\" data-pf-type=\"Paragraph2\"><em><span class=\"sc-ptSuy fnmilh pf-9255743b\" data-pf-type=\"Text\"><span>Le taux de synchronisation de 5 Gbit\/s est disponible uniquement lors de la connexion au port USB 3.0 d&#8217;un ordinateur portable ou d&#8217;un PC.<\/span><br \/>\n<span>Lors de la connexion de ce produit \u00e0 des appareils USB Type C, un c\u00e2ble USB C m\u00e2le \u00e0 m\u00e2le est n\u00e9cessaire (vendu s\u00e9par\u00e9ment).<\/span><\/span><\/em><\/p>\n<h3 class=\"sc-oTLFK lcHmGL pf-9d6ed2e5\" data-pf-type=\"Heading\"><em><span class=\"sc-ptSuy fnmilh pf-3b9d6ed2\" data-pf-type=\"Text\"><span>Contenu du colis :<\/span><br \/>\n<\/span><\/em><\/h3>\n<p class=\"sc-pkvvt cbrLgP pf-e5221f97\" data-pf-type=\"Paragraph2\"><em><span class=\"sc-ptSuy fnmilh pf-d2e5221f\" data-pf-type=\"Text\"><span>1 convertisseur USB C vers USB 3.0.<\/span><\/span><\/em><\/p>\n","protected":false},"excerpt":{"rendered":"<p>Transformez vos appareils avec l&#8217;Adaptateur Ugreen USB 3.0 vers USB-C.<\/p>\n<p>Profitez de la charge rapide et de la synchronisation ultra-rapide \u00e0 5 Gbit\/s.<\/p>\n<p>Compatible avec iPhone 14 13 Pro Max, Galaxy S23 S22 S8 Plus A70 A50, iPad Air 4 5 Mini 6, cet adaptateur vous offre une polyvalence in\u00e9gal\u00e9e pour connecter tous vos gadgets. Simplifiez votre vie technologique d\u00e8s\u00a0\u00a0maintenant.<\/p>\n","protected":false},"featured_media":8981,"comment_status":"open","ping_status":"closed","template":"","meta":{"_acf_changed":false,"_monsterinsights_skip_tracking":false,"_monsterinsights_sitenote_active":false,"_monsterinsights_sitenote_note":"","_monsterinsights_sitenote_category":0,"_uf_show_specific_survey":0,"_uf_disable_surveys":false,"_joinchat":[]},"product_brand":[],"product_cat":[237,260,316],"product_tag":[],"class_list":{"0":"post-8980","1":"product","2":"type-product","3":"status-publish","4":"has-post-thumbnail","6":"product_cat-ordinateur","7":"product_cat-accessoires-composants","8":"product_cat-cable","10":"first","11":"instock","12":"sale","13":"shipping-taxable","14":"purchasable","15":"product-type-simple"},"acf":[],"jetpack_sharing_enabled":true,"_links":{"self":[{"href":"https:\/\/digistar.ma\/index.php?rest_route=\/wp\/v2\/product\/8980","targetHints":{"allow":["GET"]}}],"collection":[{"href":"https:\/\/digistar.ma\/index.php?rest_route=\/wp\/v2\/product"}],"about":[{"href":"https:\/\/digistar.ma\/index.php?rest_route=\/wp\/v2\/types\/product"}],"replies":[{"embeddable":true,"href":"https:\/\/digistar.ma\/index.php?rest_route=%2Fwp%2Fv2%2Fcomments&post=8980"}],"version-history":[{"count":1,"href":"https:\/\/digistar.ma\/index.php?rest_route=\/wp\/v2\/product\/8980\/revisions"}],"predecessor-version":[{"id":8985,"href":"https:\/\/digistar.ma\/index.php?rest_route=\/wp\/v2\/product\/8980\/revisions\/8985"}],"wp:featuredmedia":[{"embeddable":true,"href":"https:\/\/digistar.ma\/index.php?rest_route=\/wp\/v2\/media\/8981"}],"wp:attachment":[{"href":"https:\/\/digistar.ma\/index.php?rest_route=%2Fwp%2Fv2%2Fmedia&parent=8980"}],"wp:term":[{"taxonomy":"product_brand","embeddable":true,"href":"https:\/\/digistar.ma\/index.php?rest_route=%2Fwp%2Fv2%2Fproduct_brand&post=8980"},{"taxonomy":"product_cat","embeddable":true,"href":"https:\/\/digistar.ma\/index.php?rest_route=%2Fwp%2Fv2%2Fproduct_cat&post=8980"},{"taxonomy":"product_tag","embeddable":true,"href":"https:\/\/digistar.ma\/index.php?rest_route=%2Fwp%2Fv2%2Fproduct_tag&post=8980"}],"curies":[{"name":"wp","href":"https:\/\/api.w.org\/{rel}","templated":true}]}}