{"id":8994,"date":"2023-09-11T18:23:31","date_gmt":"2023-09-11T18:23:31","guid":{"rendered":"https:\/\/digistar.ma\/?post_type=product&#038;p=8994"},"modified":"2025-03-29T13:11:01","modified_gmt":"2025-03-29T13:11:01","slug":"adaptateur-ugreen-hdmi-vers-vga-avec-audio-40248","status":"publish","type":"product","link":"https:\/\/digistar.ma\/?product=adaptateur-ugreen-hdmi-vers-vga-avec-audio-40248","title":{"rendered":"Adaptateur Ugreen HDMI vers VGA avec audio (40248)"},"content":{"rendered":"<p><strong>Adaptateur Ugreen HDMI vers VGA avec audio (40248)<\/strong><\/p>\n<p><b>Audio et vid\u00e9o synchronis\u00e9s :<\/b><br \/>\nle convertisseur HDMI vers VGA prend en charge une r\u00e9solution jusqu&#8217;\u00e0 1920 \u00d7 1080 \u00e0 60 Hz et dispose d&#8217;une prise de sortie audio de 3,5 mm, qui vous permet de profiter simultan\u00e9ment de l&#8217;audio et de la vid\u00e9o.<\/p>\n<p><b>Alimentation\u00a0:<\/b><br \/>\nlorsque les appareils sources ne peuvent pas offrir suffisamment de puissance, vous pouvez connecter un c\u00e2ble micro USB pour une alimentation suppl\u00e9mentaire, comme le Mac Mini en 2014, le bo\u00eetier Android Smart TV, etc.<\/p>\n<p>Les c\u00e2bles micro USB inclus sont requis pour le MacBook Pro avec \u00e9cran Retina. , Smart TV Box, Raspberry Pi, appareils avec port HDMI de sortie faible consommation.\u00a0Vous pouvez connecter ce c\u00e2ble micro USB \u00e0 l&#8217;adaptateur secteur ou au port USB de votre PC pour une alimentation suppl\u00e9mentaire.<\/p>\n<p><b>Remarque :<\/b><br \/>\ncet adaptateur 1080 HDMI vers VGA n&#8217;est PAS bidirectionnel et ne peut prendre en charge que le signal des appareils sources HDMI vers les \u00e9crans VGA.<\/p>\n<p>Pour les convertisseurs de p\u00e9riph\u00e9rique source VGA vers HDMI, veuillez v\u00e9rifier l&#8217;article Convertisseur VGA vers HDMI.<br \/>\nPour Raspberry Pi, vous devrez peut-\u00eatre r\u00e9viser le fichier config.txt et red\u00e9marrer.<br \/>\nCet adaptateur est conforme \u00e0 la norme HDCP, ne prend pas en charge la protection HDCP du contenu des appareils tels que le lecteur Blu-Ray, la PS3, la PS4, etc.<\/p>\n<p><b>Contenu de l&#8217;emballage Adaptateur Ugreen HDMI vers VGA avec audio (40248) :<\/b><br \/>\n1x HDMI vers VGA avec convertisseur audio<br \/>\n1 x c\u00e2ble micro USB<\/p>\n<p><b>Caract\u00e9ristiques:<\/b><\/p>\n<p><strong>UGS :<\/strong>\u00a0\u00a040248<\/p>\n<p><strong>Entr\u00e9e :<\/strong>\u00a0\u00a0HDMI m\u00e2le\/micro USB.<\/p>\n<p><strong>Sortie\u00a0:<\/strong>\u00a0\u00a0VGA femelle\/audio 3,5\u00a0mm<\/p>\n<p><strong>R\u00e9solution\u00a0:<\/strong>\u00a0\u00a01920*1080 \u00e0 60\u00a0Hz (Max.)<\/p>\n","protected":false},"excerpt":{"rendered":"<p>Connectez en toute simplicit\u00e9 votre ordinateur portable, Macbook, Playstation, Rasberry Pi, Xbox 360 ou Apple TV \u00e0 un moniteur ou projecteur VGA avec l&#8217;adaptateur\u00a0Ugreen HDMI vers VGA avec audio.<\/p>\n<p>Gr\u00e2ce \u00e0 sa puce IC, il prend en charge une sortie VGA jusqu&#8217;\u00e0 1920 x 1080 \u00e0 60 Hz, garantissant une qualit\u00e9 d&#8217;image exceptionnelle.<\/p>\n<p>De plus, la synchronisation audio et vid\u00e9o offre une exp\u00e9rience immersive. Pour une utilisation optimale, alimentez-le via le c\u00e2ble Micro USB inclus.<\/p>\n<p>Compatible avec de nombreux appareils, mais n&#8217;accepte pas les contenus HDCP prot\u00e9g\u00e9s. Profitez de cette solution pratique pour \u00e9tendre vos options d&#8217;affichage.<\/p>\n","protected":false},"featured_media":8996,"comment_status":"open","ping_status":"closed","template":"","meta":{"_acf_changed":false,"_monsterinsights_skip_tracking":false,"_monsterinsights_sitenote_active":false,"_monsterinsights_sitenote_note":"","_monsterinsights_sitenote_category":0,"_uf_show_specific_survey":0,"_uf_disable_surveys":false,"_joinchat":[]},"product_brand":[],"product_cat":[237,260,316],"product_tag":[],"class_list":{"0":"post-8994","1":"product","2":"type-product","3":"status-publish","4":"has-post-thumbnail","6":"product_cat-ordinateur","7":"product_cat-accessoires-composants","8":"product_cat-cable","10":"first","11":"instock","12":"sale","13":"shipping-taxable","14":"purchasable","15":"product-type-simple"},"acf":[],"jetpack_sharing_enabled":true,"_links":{"self":[{"href":"https:\/\/digistar.ma\/index.php?rest_route=\/wp\/v2\/product\/8994","targetHints":{"allow":["GET"]}}],"collection":[{"href":"https:\/\/digistar.ma\/index.php?rest_route=\/wp\/v2\/product"}],"about":[{"href":"https:\/\/digistar.ma\/index.php?rest_route=\/wp\/v2\/types\/product"}],"replies":[{"embeddable":true,"href":"https:\/\/digistar.ma\/index.php?rest_route=%2Fwp%2Fv2%2Fcomments&post=8994"}],"version-history":[{"count":8,"href":"https:\/\/digistar.ma\/index.php?rest_route=\/wp\/v2\/product\/8994\/revisions"}],"predecessor-version":[{"id":9009,"href":"https:\/\/digistar.ma\/index.php?rest_route=\/wp\/v2\/product\/8994\/revisions\/9009"}],"wp:featuredmedia":[{"embeddable":true,"href":"https:\/\/digistar.ma\/index.php?rest_route=\/wp\/v2\/media\/8996"}],"wp:attachment":[{"href":"https:\/\/digistar.ma\/index.php?rest_route=%2Fwp%2Fv2%2Fmedia&parent=8994"}],"wp:term":[{"taxonomy":"product_brand","embeddable":true,"href":"https:\/\/digistar.ma\/index.php?rest_route=%2Fwp%2Fv2%2Fproduct_brand&post=8994"},{"taxonomy":"product_cat","embeddable":true,"href":"https:\/\/digistar.ma\/index.php?rest_route=%2Fwp%2Fv2%2Fproduct_cat&post=8994"},{"taxonomy":"product_tag","embeddable":true,"href":"https:\/\/digistar.ma\/index.php?rest_route=%2Fwp%2Fv2%2Fproduct_tag&post=8994"}],"curies":[{"name":"wp","href":"https:\/\/api.w.org\/{rel}","templated":true}]}}