{"id":9010,"date":"2023-09-12T12:17:43","date_gmt":"2023-09-12T12:17:43","guid":{"rendered":"https:\/\/digistar.ma\/?post_type=product&#038;p=9010"},"modified":"2023-09-12T12:18:22","modified_gmt":"2023-09-12T12:18:22","slug":"adaptateur-ugreen-usb-a-vers-port-jack-audio-3-5-mm-80864","status":"publish","type":"product","link":"https:\/\/digistar.ma\/?product=adaptateur-ugreen-usb-a-vers-port-jack-audio-3-5-mm-80864","title":{"rendered":"Adaptateur Ugreen USB-A vers port Jack audio 3.5 mm (80864)"},"content":{"rendered":"<h4><strong>Adaptateur Ugreen USB-A vers port Jack audio 3.5 mm (80864)<\/strong><\/h4>\n<ul class=\"a-unordered-list a-vertical a-spacing-mini\">\n<li class=\"a-spacing-mini\"><span class=\"a-list-item\">[ Carte Son Externe USB ] Il ajoute une carte son ou remplace un port audio 3,5 mm endommag\u00e9, vous pouvez brancher un micro et un casque en m\u00eame temps, parfait pour parler avec les amis en jouant aux jeux, faire des vid\u00e9os sur YouTube. L&#8217;entr\u00e9e micro est en MONO. Note : La prise micro supporte seulement le jack TRS (3 p\u00f4les), ne supporte pas TS (2 p\u00f4les) et TRRS (4 p\u00f4les).<\/span><\/li>\n<li class=\"a-spacing-mini\"><span class=\"a-list-item\">[ Compatibilit\u00e9 Universelle ] Cette carte son USB est compatible avec PS5, PS4, PS4 Pro, Raspberry Pi, Mac Mini, Mac, PC fixe, PC portable, Microsoft Surface, casque gamer, enceinte, microphone etc. Note : cet adaptateur jack USB ne supporte pas PS3, Wii, Wii U, Xbox, tv, voiture.<\/span><\/li>\n<li class=\"a-spacing-mini\"><span class=\"a-list-item\">[ Facile \u00e0 Utiliser ] Aucun driver n&#8217;est n\u00e9cessaire pour les syst\u00e8mes Windows 11\/ 10\/ 8.1\/ 8\/ 7\/ Vista\/ XP, Mac OS, Chrome OS. Plug &amp; Play, il suffit de brancher cette carte son externe dans le port USB, reconnu imm\u00e9diatement et automatiquement par PC. Il faut installer le driver pour les syst\u00e8mes Linux.<\/span><\/li>\n<li class=\"a-spacing-mini\"><span class=\"a-list-item\">[ Bonne Qualit\u00e9 Sonore ] La puce intelligente int\u00e9gr\u00e9e de Adaptateur Ugreen USB-A vers port Jack audio 3.5 mm (80864) de son st\u00e9r\u00e9o externe prot\u00e8ge contre les interf\u00e9rences \u00e9lectromagn\u00e9tiques et r\u00e9duit les bruits de fond. C\u00e2ble en cuivre sans oxyg\u00e8ne assure une qualit\u00e9 sonore optimale et obtient l&#8217;effet st\u00e9r\u00e9o, le son est plus clair et pr\u00e9cis que l&#8217;autre cl\u00e9 USB carte son.<\/span><\/li>\n<li class=\"a-spacing-mini\"><span class=\"a-list-item\">[ Pratique et Compact ] Cet adaptateur USB audio vers jack est \u00e9quip\u00e9 d&#8217;un court c\u00e2ble (15 CM), il ne bloque pas les autres prises USB \u00e0 c\u00f4t\u00e9, c&#8217;est plus pratique que l&#8217;autre cl\u00e9 USB carte son. Il est petit et design et ne prend pas de place pour le transporter, pratique \u00e0 emporter.<\/span><\/li>\n<\/ul>\n","protected":false},"excerpt":{"rendered":"<p>Transformez votre exp\u00e9rience audio avec l&#8217;adaptateur Ugreen USB-A vers port Jack audio 3,5 mm.<\/p>\n<p>Cette carte son externe USB est une solution polyvalente pour les gamers et les cr\u00e9ateurs de contenu.<\/p>\n<p>Elle vous permet de brancher simultan\u00e9ment un micro et un casque, id\u00e9al pour des conversations en ligne tout en jouant ou pour cr\u00e9er des vid\u00e9os YouTube.<\/p>\n<p>Compatibilit\u00e9 universelle avec PS5, PS4, Mac, \u00a0PC, et plus encore. Installation sans tracas, qualit\u00e9 sonore sup\u00e9rieure gr\u00e2ce \u00e0 une puce intelligente, et un design compact qui ne bloque pas les autres ports USB. Upgradez votre exp\u00e9rience audio d\u00e8s maintenant.<\/p>\n","protected":false},"featured_media":9011,"comment_status":"open","ping_status":"closed","template":"","meta":{"_acf_changed":false,"_monsterinsights_skip_tracking":false,"_monsterinsights_sitenote_active":false,"_monsterinsights_sitenote_note":"","_monsterinsights_sitenote_category":0,"_uf_show_specific_survey":0,"_uf_disable_surveys":false,"_joinchat":[]},"product_brand":[],"product_cat":[237,260,316],"product_tag":[],"class_list":{"0":"post-9010","1":"product","2":"type-product","3":"status-publish","4":"has-post-thumbnail","6":"product_cat-ordinateur","7":"product_cat-accessoires-composants","8":"product_cat-cable","10":"first","11":"instock","12":"sale","13":"shipping-taxable","14":"purchasable","15":"product-type-simple"},"acf":[],"jetpack_sharing_enabled":true,"_links":{"self":[{"href":"https:\/\/digistar.ma\/index.php?rest_route=\/wp\/v2\/product\/9010","targetHints":{"allow":["GET"]}}],"collection":[{"href":"https:\/\/digistar.ma\/index.php?rest_route=\/wp\/v2\/product"}],"about":[{"href":"https:\/\/digistar.ma\/index.php?rest_route=\/wp\/v2\/types\/product"}],"replies":[{"embeddable":true,"href":"https:\/\/digistar.ma\/index.php?rest_route=%2Fwp%2Fv2%2Fcomments&post=9010"}],"version-history":[{"count":1,"href":"https:\/\/digistar.ma\/index.php?rest_route=\/wp\/v2\/product\/9010\/revisions"}],"predecessor-version":[{"id":9016,"href":"https:\/\/digistar.ma\/index.php?rest_route=\/wp\/v2\/product\/9010\/revisions\/9016"}],"wp:featuredmedia":[{"embeddable":true,"href":"https:\/\/digistar.ma\/index.php?rest_route=\/wp\/v2\/media\/9011"}],"wp:attachment":[{"href":"https:\/\/digistar.ma\/index.php?rest_route=%2Fwp%2Fv2%2Fmedia&parent=9010"}],"wp:term":[{"taxonomy":"product_brand","embeddable":true,"href":"https:\/\/digistar.ma\/index.php?rest_route=%2Fwp%2Fv2%2Fproduct_brand&post=9010"},{"taxonomy":"product_cat","embeddable":true,"href":"https:\/\/digistar.ma\/index.php?rest_route=%2Fwp%2Fv2%2Fproduct_cat&post=9010"},{"taxonomy":"product_tag","embeddable":true,"href":"https:\/\/digistar.ma\/index.php?rest_route=%2Fwp%2Fv2%2Fproduct_tag&post=9010"}],"curies":[{"name":"wp","href":"https:\/\/api.w.org\/{rel}","templated":true}]}}