{"id":9067,"date":"2023-09-22T16:04:35","date_gmt":"2023-09-22T16:04:35","guid":{"rendered":"https:\/\/digistar.ma\/?post_type=product&#038;p=9067"},"modified":"2025-11-28T10:42:40","modified_gmt":"2025-11-28T10:42:40","slug":"epson-ecotank-l18050-imprimante-photo-a3-a-reservoirs-rechargeables","status":"publish","type":"product","link":"https:\/\/digistar.ma\/?product=epson-ecotank-l18050-imprimante-photo-a3-a-reservoirs-rechargeables","title":{"rendered":"Epson EcoTank L18050 Imprimante Photo A3 \u00e0 r\u00e9servoirs rechargeables"},"content":{"rendered":"<h3>Epson EcoTank L18050 Imprimante Photo A3 \u00e0 r\u00e9servoirs rechargeables<\/h3>\n<h4>Impression photo A3+ \u00e0 petit prix<\/h4>\n<div class=\"briefdescription\">Rapide et riche en fonctionnalit\u00e9s, ce jet d&#8217;encre photo A3 6 couleurs offre une impression de haute qualit\u00e9, de gros volumes et sans tracas \u00e0 un faible co\u00fbt par impression.<\/div>\n<div class=\"highlights\">\n<ul>\n<li>Faible co\u00fbt par impression<\/li>\n<li>Impression A3+ de haute qualit\u00e9<\/li>\n<li>Ensemble d&#8217;encres \u00e0 colorant six couleurs<\/li>\n<\/ul>\n<\/div>\n<div class=\"introtext\">Avec un faible co\u00fbt par photo et une impression mobile\u00a0\u00a0, ce jet d&#8217;encre rapide et sans cartouche est parfait pour l&#8217;impression, la copie et la num\u00e9risation de photos A3+ de grande qualit\u00e9 et de haute qualit\u00e9.\u00a0Avec un design compact, des flacons verrouillables et des r\u00e9servoirs d&#8217;encre frontaux pour un remplissage plus facile, le L18050 offre aux photographes une solution peu encombrante et facile \u00e0 utiliser.\u00a0Offrant une large compatibilit\u00e9 avec les supports, <strong>imprimez sur des cartes PVC\/ID, des CD et des DVD<\/strong>.<\/div>\n<div><\/div>\n<div><strong>Dites adieu aux cartouches co\u00fbteuses<\/strong><\/div>\n<div>Avec un r\u00e9servoir d&#8217;encre 6 couleurs haute capacit\u00e9 utilisant des bouteilles d&#8217;encre de 70 ml, la L18050 offre un faible co\u00fbt par impression, avec jusqu&#8217;\u00e0 1 500 photos couleur 10 x 15 cm \/ 2 600 pages bk, 5 400 cl avec les encres incluses .<\/div>\n<div><\/div>\n<div><strong>Continuez \u00e0 \u00e9conomiser<\/strong><br \/>\n\u00c9conomisez \u00e0 chaque fois que vous imprimez avec cet EcoTank, gr\u00e2ce \u00e0 la technologie Heat-Free <a href=\"https:\/\/www.epson.fr\/fr_FR\/verticals\/precisioncore\" target=\"_blank\" rel=\"noopener\">PrecisionCore<\/a>, le L18050 a une faible consommation d&#8217;\u00e9nergie, ce qui permet d&#8217;\u00e9conomiser sur les factures d&#8217;\u00e9nergie.\u00a0Il dispose \u00e9galement de grands r\u00e9servoirs d\u2019encre \u00e0 remplir avec des bouteilles d\u2019encre \u00e0 faible co\u00fbt.<strong>Impression photo A3+ de haute qualit\u00e9<\/strong><br \/>\nCette imprimante A3+ 6 couleurs \u00e0 base de colorants produit des photos brillantes d&#8217;aspect professionnel avec des d\u00e9grad\u00e9s de tons fluides, des noirs plus profonds et plus naturels, des images d\u00e9taill\u00e9es \u00e0 contraste \u00e9lev\u00e9 et des tons chair naturels.<\/div>\n<div><\/div>\n<div><strong><a href=\"https:\/\/digistar.ma\/?product=epson-ecotank-l18050-imprimante-photo-a3-a-reservoirs-rechargeables\">Epson EcoTank L18050 Imprimante Photo A3 \u00e0 r\u00e9servoirs rechargeables<\/a> Facile \u00e0 utiliser et fiable<\/strong><\/div>\n<div>Un syst\u00e8me de r\u00e9servoir d&#8217;encre frontal int\u00e9gr\u00e9 avec des bouteilles \u00e0 verrouillage rapide et des buses anti-gouttes permet un remplissage rapide et facile \u00e0 l&#8217;aide de bouteilles d&#8217;encre individuelles.\u00a0\u00c9vitez les temps d&#8217;arr\u00eat gr\u00e2ce au bo\u00eetier de maintenance rempla\u00e7able et au rouleau d&#8217;entra\u00eenement faciles d&#8217;acc\u00e8s.\u00a0Avec une dur\u00e9e de vie de 50 000 photos et une garantie de 3 ans \u00a0, le L18050 vous offre une tranquillit\u00e9 d&#8217;esprit, vous permettant ainsi de vous concentrer sur la capture de superbes photos.<strong>Imprimez depuis presque n&#8217;importe o\u00f9<\/strong><br \/>\nLe L18050 offre une impression photo sans fil fiable, ce qui facilite l&#8217;impression \u00e0 partir de mobiles, de tablettes et d&#8217;ordinateurs portables.\u00a0Avec Wi-Fi et Wi-Fi Direct, vous pouvez envoyer des documents \u00e0 imprimer \u00e0 partir d&#8217;appareils intelligents \u00e0 l&#8217;aide de l&#8217;application Epson Smart Panel \u00a0.<\/div>\n<div><\/div>\n<h4><a href=\"https:\/\/digistar.ma\/wp-content\/uploads\/2023\/09\/Epson-EcoTank-L18050-Imprimante-Photo-A3-a-reservoirs-rechargeables.pdf\">FICHE TECHNIQUE ICI<\/a><\/h4>\n","protected":false},"excerpt":{"rendered":"<ul>\n<li><strong>Photos A3+ \u00e0 grand volume et \u00e0 faible co\u00fbt<\/strong><br \/>\nLes encres incluses peuvent imprimer jusqu&#8217;\u00e0 1 500 photos 10 x 15 cm de haute qualit\u00e9\u00b9<\/li>\n<li><strong>Vitesses d&#8217;impression rapides<\/strong><br \/>\nImprimez jusqu&#8217;\u00e0 12 photos par minute<\/li>\n<li><strong>R\u00e9servoir d&#8217;encre frontal facile \u00e0 utiliser<\/strong><br \/>\nProfitez de recharges faciles et sans d\u00e9g\u00e2ts gr\u00e2ce aux bouteilles d&#8217;encre am\u00e9lior\u00e9es<\/li>\n<li><strong>Impression mobile et connectivit\u00e9<\/strong><br \/>\nWi-Fi, Wi-Fi Direct et application Epson Smart Panel<\/li>\n<\/ul>\n","protected":false},"featured_media":14764,"comment_status":"open","ping_status":"closed","template":"","meta":{"_acf_changed":false,"_monsterinsights_skip_tracking":false,"_monsterinsights_sitenote_active":false,"_monsterinsights_sitenote_note":"","_monsterinsights_sitenote_category":0,"_uf_show_specific_survey":0,"_uf_disable_surveys":false,"_joinchat":[]},"product_brand":[],"product_cat":[15,380,253,265,269],"product_tag":[],"class_list":{"0":"post-9067","1":"product","2":"type-product","3":"status-publish","4":"has-post-thumbnail","6":"product_cat-imprimante-scanner","7":"product_cat-epson","8":"product_cat-imprimante","9":"product_cat-imprimante-a-reservoirs-rechargeables","10":"product_cat-imprimante-jet-dencre","12":"first","13":"instock","14":"sale","15":"shipping-taxable","16":"purchasable","17":"product-type-simple"},"acf":[],"jetpack_sharing_enabled":true,"_links":{"self":[{"href":"https:\/\/digistar.ma\/index.php?rest_route=\/wp\/v2\/product\/9067","targetHints":{"allow":["GET"]}}],"collection":[{"href":"https:\/\/digistar.ma\/index.php?rest_route=\/wp\/v2\/product"}],"about":[{"href":"https:\/\/digistar.ma\/index.php?rest_route=\/wp\/v2\/types\/product"}],"replies":[{"embeddable":true,"href":"https:\/\/digistar.ma\/index.php?rest_route=%2Fwp%2Fv2%2Fcomments&post=9067"}],"version-history":[{"count":8,"href":"https:\/\/digistar.ma\/index.php?rest_route=\/wp\/v2\/product\/9067\/revisions"}],"predecessor-version":[{"id":9785,"href":"https:\/\/digistar.ma\/index.php?rest_route=\/wp\/v2\/product\/9067\/revisions\/9785"}],"wp:featuredmedia":[{"embeddable":true,"href":"https:\/\/digistar.ma\/index.php?rest_route=\/wp\/v2\/media\/14764"}],"wp:attachment":[{"href":"https:\/\/digistar.ma\/index.php?rest_route=%2Fwp%2Fv2%2Fmedia&parent=9067"}],"wp:term":[{"taxonomy":"product_brand","embeddable":true,"href":"https:\/\/digistar.ma\/index.php?rest_route=%2Fwp%2Fv2%2Fproduct_brand&post=9067"},{"taxonomy":"product_cat","embeddable":true,"href":"https:\/\/digistar.ma\/index.php?rest_route=%2Fwp%2Fv2%2Fproduct_cat&post=9067"},{"taxonomy":"product_tag","embeddable":true,"href":"https:\/\/digistar.ma\/index.php?rest_route=%2Fwp%2Fv2%2Fproduct_tag&post=9067"}],"curies":[{"name":"wp","href":"https:\/\/api.w.org\/{rel}","templated":true}]}}