{"id":9076,"date":"2023-09-22T16:56:00","date_gmt":"2023-09-22T16:56:00","guid":{"rendered":"https:\/\/digistar.ma\/?post_type=product&#038;p=9076"},"modified":"2023-09-22T16:56:00","modified_gmt":"2023-09-22T16:56:00","slug":"adaptateur-ugreen-aliminium-usb-3-0-vers-rj45-a-100mbps-50922","status":"publish","type":"product","link":"https:\/\/digistar.ma\/?product=adaptateur-ugreen-aliminium-usb-3-0-vers-rj45-a-100mbps-50922","title":{"rendered":"Adaptateur Ugreen Aliminium USB 3.0 vers RJ45 \u00e0 100Mbps (50922)"},"content":{"rendered":"<p>Adaptateur Ugreen Aliminium USB 3.0 vers RJ45 \u00e0 100Mbps (50922)<\/p>\n<p><img decoding=\"async\" src=\"https:\/\/m.media-amazon.com\/images\/S\/aplus-media-library-service-media\/952590a6-906e-4f9c-a04c-b4a4bb38a1a3.__CR0,0,1464,600_PT0_SX1464_V1___.jpg\" alt=\"adaptateur ethernet usb\" \/><img decoding=\"async\" src=\"https:\/\/m.media-amazon.com\/images\/S\/aplus-media-library-service-media\/db092333-91b5-47c1-af34-74c4164a09b8.__CR0,0,1464,600_PT0_SX1464_V1___.jpg\" alt=\"adaptateur ethernet usb\" \/><img decoding=\"async\" src=\"https:\/\/m.media-amazon.com\/images\/S\/aplus-media-library-service-media\/ff0877a7-6c51-478b-aada-b6eabfc1fa4b.__CR0,0,1464,600_PT0_SX1464_V1___.jpg\" alt=\"adaptateur ethernet usb\" \/><\/p>\n<ul>\n<li><strong>Adaptateur Ugreen Aliminium USB 3.0 vers RJ45 \u00e0 100Mbps (50922)<\/strong><\/li>\n<li>[ Extension du Port Ethernet ] Cet adaptateur USB 3.0 vers Ethernet Gigabit est compatible avec PC, ordinateur portable, Switch de jeux ou TV Box Android (Mi Box S, Mi TV BOX 3\/ 4). Id\u00e9al pour combler le manque d&#8217;une prise RJ45 ou pour am\u00e9liorer la qualit\u00e9 du r\u00e9seau.<\/li>\n<li>[ Large Compatibilit\u00e9 ] Cet adaptateur Ethernet USB a une compatibilit\u00e9 tr\u00e8s large. Plug et play pour Windows 11\/ 10\/ 8,1\/ 8, Mac OS 10,9 et sup\u00e9rieur, Linux. Veuillez installer le driver pour Windows 7\/ XP. Petit conseil : il ne supporte pas Wii\/ Wii U\/ Windows RT.<\/li>\n<li>[ Haut D\u00e9bit 1000Mbps ] Cet adaptateur USB RJ45 prend en charge un excellent d\u00e9bit jusqu\u2019\u00e0 1000 Mbps (r\u00e9trocompatible avec des vitesses inf\u00e9rieures). Vous pourriez surfer et t\u00e9l\u00e9charger de contenu confortablement en toute situation et sans interf\u00e9rence du r\u00e9seau.<\/li>\n<li>[ Plus Stable que Wifi ] Permet de profiter d&#8217;une connexion plus stable et rapide qu&#8217;une connexion sans fil. Id\u00e9al pour regarder des films HD, pour jouer les jeux en ligne plus fluide et pour t\u00e9l\u00e9charger et envoyer des fichiers volumineux sans perte de signal ni interruption.<\/li>\n<li>[ Solide et Compact ] Bo\u00eetier en aluminium assure une solidit\u00e9 et une longue dur\u00e9e. L&#8217;adaptateur RJ45 USB est \u00e9galement tr\u00e8s compact et facile \u00e0 transporter, ce qui peut \u00eatre facilement plac\u00e9 dans un sac et le rend parfait pour les d\u00e9placements professionnels ou les voyages.<\/li>\n<\/ul>\n","protected":false},"excerpt":{"rendered":"<p>Transformez votre connexion Internet avec l&#8217;Adaptateur Ugreen Aluminium USB 3.0 vers RJ45 R\u00e9seau \u00e0 100Mbps.<\/p>\n<p>B\u00e9n\u00e9ficiez d&#8217;une connexion filaire plus rapide et stable par rapport au Wi-Fi, avec une vitesse Internet pouvant atteindre 1000Mbps.<\/p>\n<p>Compatible avec la plupart des appareils USB A, il est \u00e9galement r\u00e9trocompatible avec USB 2.0. Son bo\u00eetier en aluminium \u00e9l\u00e9gant et son c\u00e2ble tress\u00e9 garantissent une durabilit\u00e9 exceptionnelle, et sa taille compacte en fait un accessoire portable id\u00e9al.<\/p>\n<p>\u00c9quip\u00e9 du puissant chipset AX88179A, il offre une stabilit\u00e9 et des performances optimales. De plus, il est compatible avec Nintendo Switch, sans besoin de pilotes sur Windows 11\/10\/8.1\/8, Mac OS et Chrome OS (pilotes disponibles pour Windows 7\/XP\/Vista et Linux).<\/p>\n<p>Profitez d&#8217;une connexion Internet hyper-rapide gr\u00e2ce \u00e0 cet adaptateur USB 3.0.<\/p>\n","protected":false},"featured_media":9077,"comment_status":"open","ping_status":"closed","template":"","meta":{"_acf_changed":false,"_monsterinsights_skip_tracking":false,"_monsterinsights_sitenote_active":false,"_monsterinsights_sitenote_note":"","_monsterinsights_sitenote_category":0,"_uf_show_specific_survey":0,"_uf_disable_surveys":false,"_joinchat":[]},"product_brand":[],"product_cat":[260,316],"product_tag":[],"class_list":{"0":"post-9076","1":"product","2":"type-product","3":"status-publish","4":"has-post-thumbnail","6":"product_cat-accessoires-composants","7":"product_cat-cable","9":"first","10":"instock","11":"sale","12":"shipping-taxable","13":"purchasable","14":"product-type-simple"},"acf":[],"jetpack_sharing_enabled":true,"_links":{"self":[{"href":"https:\/\/digistar.ma\/index.php?rest_route=\/wp\/v2\/product\/9076","targetHints":{"allow":["GET"]}}],"collection":[{"href":"https:\/\/digistar.ma\/index.php?rest_route=\/wp\/v2\/product"}],"about":[{"href":"https:\/\/digistar.ma\/index.php?rest_route=\/wp\/v2\/types\/product"}],"replies":[{"embeddable":true,"href":"https:\/\/digistar.ma\/index.php?rest_route=%2Fwp%2Fv2%2Fcomments&post=9076"}],"version-history":[{"count":1,"href":"https:\/\/digistar.ma\/index.php?rest_route=\/wp\/v2\/product\/9076\/revisions"}],"predecessor-version":[{"id":9082,"href":"https:\/\/digistar.ma\/index.php?rest_route=\/wp\/v2\/product\/9076\/revisions\/9082"}],"wp:featuredmedia":[{"embeddable":true,"href":"https:\/\/digistar.ma\/index.php?rest_route=\/wp\/v2\/media\/9077"}],"wp:attachment":[{"href":"https:\/\/digistar.ma\/index.php?rest_route=%2Fwp%2Fv2%2Fmedia&parent=9076"}],"wp:term":[{"taxonomy":"product_brand","embeddable":true,"href":"https:\/\/digistar.ma\/index.php?rest_route=%2Fwp%2Fv2%2Fproduct_brand&post=9076"},{"taxonomy":"product_cat","embeddable":true,"href":"https:\/\/digistar.ma\/index.php?rest_route=%2Fwp%2Fv2%2Fproduct_cat&post=9076"},{"taxonomy":"product_tag","embeddable":true,"href":"https:\/\/digistar.ma\/index.php?rest_route=%2Fwp%2Fv2%2Fproduct_tag&post=9076"}],"curies":[{"name":"wp","href":"https:\/\/api.w.org\/{rel}","templated":true}]}}