{"id":9083,"date":"2023-09-22T17:07:04","date_gmt":"2023-09-22T17:07:04","guid":{"rendered":"https:\/\/digistar.ma\/?post_type=product&#038;p=9083"},"modified":"2023-09-22T17:11:48","modified_gmt":"2023-09-22T17:11:48","slug":"adaptateur-ugreen-usb-3-0-vers-ethernet-rj45-a-100mbps-20256","status":"publish","type":"product","link":"https:\/\/digistar.ma\/?product=adaptateur-ugreen-usb-3-0-vers-ethernet-rj45-a-100mbps-20256","title":{"rendered":"Adaptateur Ugreen USB 3.0 vers Ethernet RJ45 \u00e0 100Mbps (20256)"},"content":{"rendered":"<p><strong>Adaptateur Ugreen USB 3.0 vers Ethernet RJ45 \u00e0 100Mbps (20256)<\/strong><\/p>\n<p><img decoding=\"async\" src=\"https:\/\/m.media-amazon.com\/images\/S\/aplus-media-library-service-media\/ed494140-b1b4-49bc-9db1-3dce52978ac4.__CR0,0,1464,600_PT0_SX1464_V1___.jpg\" alt=\"adaptateur usb ethernet\" \/><\/p>\n<div class=\"celwidget aplus-module premium-module-2-fullbackground-image aplus-premium\">\n<div class=\"a-section a-spacing-none premium-aplus premium-aplus-module-2\">\n<div class=\"a-section a-text-center\">\n<p class=\"aplus-description aplus-container-3 aplus-p1\">Cet adaptateur USB 3.0 vers Ethernet est une bonne solution pour ajouter une prise rj45 ou remplacer un mauvais port Ethernet de l&#8217;ordinateur par un port USB 3.0.<\/p>\n<\/div>\n<\/div>\n<\/div>\n<div class=\"celwidget aplus-module premium-module-2-fullbackground-image aplus-premium\">\n<div class=\"a-section a-spacing-none premium-aplus premium-aplus-module-2\">\n<div class=\"a-section a-spacing-none premium-background-wrapper\">\n<div class=\"a-section a-spacing-none background-image\"><img decoding=\"async\" class=\"\" src=\"https:\/\/m.media-amazon.com\/images\/S\/aplus-media-library-service-media\/a69c0942-715a-4d79-a2e8-060e2dd49108.__CR0,0,1464,600_PT0_SX1464_V1___.jpg\" alt=\"usb ethernet\" data-src=\"https:\/\/m.media-amazon.com\/images\/S\/aplus-media-library-service-media\/a69c0942-715a-4d79-a2e8-060e2dd49108.__CR0,0,1464,600_PT0_SX1464_V1___.jpg\" \/><\/div>\n<\/div>\n<div class=\"a-section a-text-center\">\n<p class=\"aplus-description aplus-container-3 aplus-p1\">Parfait pour les jeux\/cours\/visioconf\u00e9rence en ligne, transfert de grands fichiers, ou t\u00e9l\u00e9chargement d&#8217;un film \u00e0 une grande vitesse.<\/p>\n<\/div>\n<\/div>\n<\/div>\n<div class=\"celwidget aplus-module premium-module-2-fullbackground-text aplus-premium\">\n<div class=\"a-section a-spacing-none premium-aplus premium-aplus-module-2\">\n<div class=\"a-section a-spacing-none premium-background-wrapper\">\n<div class=\"a-section a-spacing-none background-image\"><img decoding=\"async\" class=\"\" src=\"https:\/\/m.media-amazon.com\/images\/S\/aplus-media-library-service-media\/70b45412-6dd3-46db-a01e-f96bd1a66215.__CR0,0,1464,600_PT0_SX1464_V1___.jpg\" alt=\"usb rj45\" data-src=\"https:\/\/m.media-amazon.com\/images\/S\/aplus-media-library-service-media\/70b45412-6dd3-46db-a01e-f96bd1a66215.__CR0,0,1464,600_PT0_SX1464_V1___.jpg\" \/><\/div>\n<div class=\"a-section a-spacing-none premium-intro-wrapper left secondary-color\">\n<div class=\"a-section a-spacing-none premium-intro-content-container\">\n<div class=\"a-section a-spacing-none premium-intro-content-column\">\n<div class=\"a-section a-spacing-none premium-intro-background black-background\">\n<h1 class=\"aplus-h1 aplus-module-2-heading a-text-bold\">Compatible avec Ordinateur, Switch, Xiaomi Mibox S\/ Mibox 3<\/h1>\n<div class=\"a-section a-spacing-none premium-intro-paragraph\"><\/div>\n<\/div>\n<\/div>\n<\/div>\n<\/div>\n<\/div>\n<div class=\"a-section a-text-center\"><\/div>\n<\/div>\n<\/div>\n<div class=\"celwidget aplus-module premium-module-2-fullbackground-text aplus-premium\">\n<div class=\"a-section a-spacing-none premium-aplus premium-aplus-module-2\">\n<div class=\"a-section a-spacing-none premium-background-wrapper\">\n<div class=\"a-section a-spacing-none background-image\"><img decoding=\"async\" class=\"\" src=\"https:\/\/m.media-amazon.com\/images\/S\/aplus-media-library-service-media\/b27ab5b1-a589-4611-9f83-656e496369c4.__CR0,0,1464,600_PT0_SX1464_V1___.jpg\" alt=\"adaptateur usb rj45\" data-src=\"https:\/\/m.media-amazon.com\/images\/S\/aplus-media-library-service-media\/b27ab5b1-a589-4611-9f83-656e496369c4.__CR0,0,1464,600_PT0_SX1464_V1___.jpg\" \/><\/div>\n<div class=\"a-section a-spacing-none premium-intro-wrapper left secondary-color\">\n<div class=\"a-section a-spacing-none premium-intro-content-container\">\n<div class=\"a-section a-spacing-none premium-intro-content-column\">\n<div class=\"a-section a-spacing-none premium-intro-background black-background\">\n<h1 class=\"aplus-h1 aplus-module-2-heading a-text-bold\">Profitez d&#8217;une exp\u00e9rience de jeu plus stable et plus fluide<\/h1>\n<div class=\"a-section a-spacing-none premium-intro-paragraph\"><\/div>\n<\/div>\n<\/div>\n<\/div>\n<\/div>\n<\/div>\n<div class=\"a-section a-text-center\"><\/div>\n<\/div>\n<\/div>\n<div class=\"celwidget aplus-module premium-module-14-video-image-carousel aplus-premium\">\n<div class=\"a-section a-spacing-none premium-aplus premium-aplus-module-14\">\n<div class=\"a-section a-spacing-none aplus-carousel-container\">\n<div id=\"premium-aplus-14-carousel-4-id\" class=\"a-begin a-carousel-container a-carousel-static a-carousel-display-single a-carousel-transition-slideCircular\" data-a-carousel-options=\"{&quot;peek_percentage&quot;:0,&quot;minimum_gutter_width&quot;:0,&quot;show_partial_next&quot;:false,&quot;name&quot;:&quot;premium-aplus-14-carousel-4&quot;}\" data-a-display-strategy=\"single\" data-a-transition-strategy=\"slideCircular\">\n<div class=\"a-row a-carousel-controls a-carousel-row\">\n<div class=\"a-carousel-row-inner\">\n<div class=\"a-carousel-col a-carousel-center\">\n<div class=\"a-carousel-viewport swiper swiper-initialized swiper-horizontal swiper-pointer-events\">\n<ol id=\"swiper-wrapper-48891066fa9f105373\" class=\"a-carousel swiper-wrapper\" role=\"list\" aria-live=\"polite\">\n<li class=\"a-carousel-card aplus-carousel-element swiper-slide swiper-slide-duplicate swiper-slide-prev\" role=\"group\" aria-setsize=\"3\" data-swiper-slide-index=\"2\" aria-label=\"3 \/ 3\">\n<div class=\"a-section a-spacing-none aplus-display-table aplus-display-table-width\">\n<div class=\"a-section a-spacing-none media-placeholder\"><\/div>\n<div class=\"a-section a-spacing-none media-container\"><img decoding=\"async\" src=\"https:\/\/m.media-amazon.com\/images\/S\/aplus-media-library-service-media\/ddd0ad5e-5d20-4228-9bdb-94a0992203a7.__CR0,0,800,600_PT0_SX800_V1___.jpg\" alt=\"adaptateur usb rj45\" \/><\/div>\n<div class=\"a-section a-spacing-none text-panel-container aplus-container-1 aplus-display-table-cell\">\n<h1 class=\"aplus-h1 a-text-bold\">Compact et Portable<\/h1>\n<ul class=\"a-unordered-list a-vertical\">\n<li class=\"swiper-slide\"><span class=\"a-list-item\"><strong>Adaptateur Ugreen USB 3.0 vers Ethernet RJ45 \u00e0 100Mbps (20256) <\/strong>Design pratique \u00e0 ranger dans votre sac et le garder pr\u00eat de vous pour toute \u00e9ventualit\u00e9.<\/span><\/li>\n<\/ul>\n<p>&nbsp;<\/p>\n<\/div>\n<\/div>\n<\/li>\n<li class=\"a-carousel-card aplus-carousel-element swiper-slide swiper-slide-active\" role=\"group\" aria-setsize=\"3\" data-swiper-slide-index=\"0\" aria-label=\"1 \/ 3\">\n<div class=\"a-section a-spacing-none aplus-display-table aplus-display-table-width\">\n<div class=\"a-section a-spacing-none media-placeholder\"><\/div>\n<div class=\"a-section a-spacing-none media-container\"><img decoding=\"async\" src=\"https:\/\/m.media-amazon.com\/images\/S\/aplus-media-library-service-media\/169f3fdc-6c19-4246-86c5-d1a0f6ead9c2.__CR0,0,800,600_PT0_SX800_V1___.jpg\" alt=\"usb r\u00e9seau\" \/><\/div>\n<div><\/div>\n<div class=\"a-section a-spacing-none text-panel-container aplus-container-1 aplus-display-table-cell\">\n<ul>\n<li>[ Connexion Facile au R\u00e9seau ] Cet adaptateur USB rj45 est une bonne solution pour ajouter une prise rj45 ou remplacer un mauvais port Ethernet de l&#8217;ordinateur par un port USB 3.0. Pour les passionn\u00e9s de jeu ou de TV, c&#8217;est un choix impeccable. Vous pourriez connecter cet adaptateur USB Ethernet \u00e0 TV Box pour regarder les films ou vid\u00e9o avec vos familles, ou le connecter \u00e0 Switch pour profiter d&#8217;une exp\u00e9rience de jeu stable et fluide.<\/li>\n<li><\/li>\n<li>[ Forte Compatibilit\u00e9 ] Cet adaptateur USB vers Ethernet est compatible avec Switch, Mi Box S\/ Mi Box 3, Ordinateur, etc. Prend en charge Windows 11\/ 10\/ 8,1\/ 8\/ 7\/ Vista\/ XP, Mac OS, Chrome OS, Linux. Petit Conseil: NE supporte PAS Wii\/ Wii U\/ Windows RT. Il est simple \u00e0 mettre en \u0153uvre, branchement facile sans soucis.<\/li>\n<li><\/li>\n<li>[ Haut D\u00e9bit ] Supporte la performance Ethernet de 1000\/ 100\/ 10 Mbps via le bus d\u2019USB 3.0, plus vite et plus fiable que la plupart des connexions sans fils. Vous n&#8217;avez plus \u00e0 vous soucier de la d\u00e9connexion du r\u00e9seau lorsque vous vous amusez. Id\u00e9al pour jouir des jeux pr\u00e9f\u00e9r\u00e9s, transf\u00e9rer de grands fichiers, ou t\u00e9l\u00e9charger un film \u00e0 une vitesse plus rapide qu&#8217;avec un Wifi capricieux.<\/li>\n<li><\/li>\n<li>[ Performance Excellente ] Cet adaptateur USB r\u00e9seau supporte les fonctions Wake-on-LAN (WOL), Full-Duplex et semi-duplex Ethernet, d\u00e9tection crois\u00e9e, routage contre-pression, correction automatique (Auto MDIX). Prend en charge les protocoles IPv4\/ IPv6 et 10BASE-T et 100BASE-TX r\u00e9seau.<\/li>\n<li><\/li>\n<li>[ Design Id\u00e9al ] LED vous montre clairement l&#8217;\u00e9tat du fonctionnement ( Bleu allume quand vous le branchez sur ordinateur, et LED jaune scintille quand il marche bien). La taille compacte et l\u00e9g\u00e8re est id\u00e9ale pour ranger cet adaptateur r\u00e9seau Ethernet dans votre sac et l&#8217;emporter partout pour de nombreuses occasions.<\/li>\n<\/ul>\n<\/div>\n<\/div>\n<\/li>\n<\/ol>\n<\/div>\n<\/div>\n<\/div>\n<\/div>\n<\/div>\n<\/div>\n<\/div>\n<\/div>\n","protected":false},"excerpt":{"rendered":"<p>Acc\u00e9dez rapidement \u00e0 des connexions r\u00e9seau fiables avec l&#8217;Adaptateur Ugreen USB 3.0 vers Ethernet RJ45.<\/p>\n<p>Transformez votre appareil en \u00a0un puissant outil de r\u00e9seau gr\u00e2ce \u00e0 ce petit adaptateur.<\/p>\n<p>Prot\u00e9gez votre port Ethernet co\u00fbteux ou remplacez-en un d\u00e9fectueux. Profitez d&#8217;une vitesse allant jusqu&#8217;\u00e0 5 Gbps, bien plus rapide et fiable que le sans fil.<\/p>\n<p>Compact et portable, il est id\u00e9al pour vos d\u00e9placements. Compatible avec divers syst\u00e8mes d&#8217;exploitation, cet adaptateur garantit des performances Ethernet Gigabit compl\u00e8tes.<\/p>\n<p>Une solution simple pour vos besoins de r\u00e9seau.<\/p>\n","protected":false},"featured_media":9084,"comment_status":"open","ping_status":"closed","template":"","meta":{"_acf_changed":false,"_monsterinsights_skip_tracking":false,"_monsterinsights_sitenote_active":false,"_monsterinsights_sitenote_note":"","_monsterinsights_sitenote_category":0,"_uf_show_specific_survey":0,"_uf_disable_surveys":false,"_joinchat":[]},"product_brand":[],"product_cat":[260,316],"product_tag":[],"class_list":{"0":"post-9083","1":"product","2":"type-product","3":"status-publish","4":"has-post-thumbnail","6":"product_cat-accessoires-composants","7":"product_cat-cable","9":"first","10":"instock","11":"sale","12":"shipping-taxable","13":"purchasable","14":"product-type-simple"},"acf":[],"jetpack_sharing_enabled":true,"_links":{"self":[{"href":"https:\/\/digistar.ma\/index.php?rest_route=\/wp\/v2\/product\/9083","targetHints":{"allow":["GET"]}}],"collection":[{"href":"https:\/\/digistar.ma\/index.php?rest_route=\/wp\/v2\/product"}],"about":[{"href":"https:\/\/digistar.ma\/index.php?rest_route=\/wp\/v2\/types\/product"}],"replies":[{"embeddable":true,"href":"https:\/\/digistar.ma\/index.php?rest_route=%2Fwp%2Fv2%2Fcomments&post=9083"}],"version-history":[{"count":2,"href":"https:\/\/digistar.ma\/index.php?rest_route=\/wp\/v2\/product\/9083\/revisions"}],"predecessor-version":[{"id":9090,"href":"https:\/\/digistar.ma\/index.php?rest_route=\/wp\/v2\/product\/9083\/revisions\/9090"}],"wp:featuredmedia":[{"embeddable":true,"href":"https:\/\/digistar.ma\/index.php?rest_route=\/wp\/v2\/media\/9084"}],"wp:attachment":[{"href":"https:\/\/digistar.ma\/index.php?rest_route=%2Fwp%2Fv2%2Fmedia&parent=9083"}],"wp:term":[{"taxonomy":"product_brand","embeddable":true,"href":"https:\/\/digistar.ma\/index.php?rest_route=%2Fwp%2Fv2%2Fproduct_brand&post=9083"},{"taxonomy":"product_cat","embeddable":true,"href":"https:\/\/digistar.ma\/index.php?rest_route=%2Fwp%2Fv2%2Fproduct_cat&post=9083"},{"taxonomy":"product_tag","embeddable":true,"href":"https:\/\/digistar.ma\/index.php?rest_route=%2Fwp%2Fv2%2Fproduct_tag&post=9083"}],"curies":[{"name":"wp","href":"https:\/\/api.w.org\/{rel}","templated":true}]}}