{"id":9106,"date":"2023-09-22T18:15:45","date_gmt":"2023-09-22T18:15:45","guid":{"rendered":"https:\/\/digistar.ma\/?post_type=product&#038;p=9106"},"modified":"2023-09-22T18:15:46","modified_gmt":"2023-09-22T18:15:46","slug":"switch-commutateur-usb-2-0-ugreen-4-ports-pour-2-pc-2-entrees-4-sorties-usb-30767","status":"publish","type":"product","link":"https:\/\/digistar.ma\/?product=switch-commutateur-usb-2-0-ugreen-4-ports-pour-2-pc-2-entrees-4-sorties-usb-30767","title":{"rendered":"Switch Commutateur USB 2.0 Ugreen 4 Ports pour 2 PC 2 Entr\u00e9es 4 Sorties USB (30767)"},"content":{"rendered":"<p><strong>Switch Commutateur USB 2.0 Ugreen 4 Ports pour 2 PC 2 Entr\u00e9es 4 Sorties USB (30767)<\/strong><\/p>\n<div class=\"celwidget aplus-module premium-module-2-fullbackground-image aplus-premium\">\n<div class=\"a-section a-spacing-none premium-aplus premium-aplus-module-2\">\n<h4 class=\"a-text-center aplus-container-3 aplus-h1 a-text-bold\">Switch USB &#8211; Partager 4 Appareils USB entre 2 Ordinateurs<\/h4>\n<div class=\"a-section a-spacing-none premium-background-wrapper\">\n<div class=\"a-section a-spacing-none background-image\"><img decoding=\"async\" class=\"\" src=\"https:\/\/m.media-amazon.com\/images\/S\/aplus-media-library-service-media\/54dc288d-49ae-4de4-b3e3-5a94e0113b24.__CR0,0,1464,600_PT0_SX1464_V1___.jpg\" alt=\"switch usb 2.0\" data-src=\"https:\/\/m.media-amazon.com\/images\/S\/aplus-media-library-service-media\/54dc288d-49ae-4de4-b3e3-5a94e0113b24.__CR0,0,1464,600_PT0_SX1464_V1___.jpg\" \/><\/div>\n<\/div>\n<div class=\"a-section a-text-center\"><\/div>\n<\/div>\n<\/div>\n<div class=\"celwidget aplus-module premium-module-2-fullbackground-image aplus-premium\">\n<div class=\"a-section a-spacing-none premium-aplus premium-aplus-module-2\">\n<div class=\"a-section a-spacing-none premium-background-wrapper\">\n<div class=\"a-section a-spacing-none background-image\"><img decoding=\"async\" class=\"\" src=\"https:\/\/m.media-amazon.com\/images\/S\/aplus-media-library-service-media\/b2d800dd-f6c4-40df-af31-b6b89c545d62.__CR0,0,1464,600_PT0_SX1464_V1___.jpg\" alt=\"switch usb 2.0\" data-src=\"https:\/\/m.media-amazon.com\/images\/S\/aplus-media-library-service-media\/b2d800dd-f6c4-40df-af31-b6b89c545d62.__CR0,0,1464,600_PT0_SX1464_V1___.jpg\" \/><\/div>\n<\/div>\n<div class=\"a-section a-text-center\"><\/div>\n<\/div>\n<\/div>\n<div class=\"celwidget aplus-module premium-module-2-fullbackground-image aplus-premium\">\n<div class=\"a-section a-spacing-none premium-aplus premium-aplus-module-2\">\n<div class=\"a-section a-spacing-none premium-background-wrapper\">\n<div class=\"a-section a-spacing-none background-image\"><img decoding=\"async\" class=\"\" src=\"https:\/\/m.media-amazon.com\/images\/S\/aplus-media-library-service-media\/a46383c5-7038-4859-9000-933e5fe6bb79.__CR0,0,1464,600_PT0_SX1464_V1___.jpg\" alt=\"switch usb 2.0\" data-src=\"https:\/\/m.media-amazon.com\/images\/S\/aplus-media-library-service-media\/a46383c5-7038-4859-9000-933e5fe6bb79.__CR0,0,1464,600_PT0_SX1464_V1___.jpg\" \/><\/div>\n<\/div>\n<div class=\"a-section a-text-center\"><\/div>\n<\/div>\n<\/div>\n<div class=\"celwidget aplus-module premium-module-14-video-image-carousel aplus-premium\">\n<div class=\"a-section a-spacing-none premium-aplus premium-aplus-module-14\">\n<div class=\"a-section a-spacing-none aplus-carousel-container\">\n<div id=\"premium-aplus-14-carousel-3-id\" class=\"a-begin a-carousel-container a-carousel-static a-carousel-display-single a-carousel-transition-slideCircular\" data-a-carousel-options=\"{&quot;peek_percentage&quot;:0,&quot;minimum_gutter_width&quot;:0,&quot;show_partial_next&quot;:false,&quot;name&quot;:&quot;premium-aplus-14-carousel-3&quot;}\" data-a-display-strategy=\"single\" data-a-transition-strategy=\"slideCircular\">\n<div class=\"a-row a-carousel-controls a-carousel-row\">\n<div class=\"a-carousel-row-inner\">\n<div class=\"a-carousel-col a-carousel-center\">\n<div class=\"a-carousel-viewport swiper swiper-initialized swiper-horizontal swiper-pointer-events\">\n<ol id=\"swiper-wrapper-b6c1e442de025c11\" class=\"a-carousel swiper-wrapper\" role=\"list\" aria-live=\"polite\">\n<li class=\"a-carousel-card aplus-carousel-element swiper-slide swiper-slide-duplicate swiper-slide-prev\" role=\"group\" aria-setsize=\"4\" data-swiper-slide-index=\"3\" aria-label=\"4 \/ 4\">\n<div class=\"a-section a-spacing-none aplus-display-table aplus-display-table-width\">\n<div class=\"a-section a-spacing-none media-placeholder\"><\/div>\n<div class=\"a-section a-spacing-none media-container\"><img decoding=\"async\" src=\"https:\/\/m.media-amazon.com\/images\/S\/aplus-media-library-service-media\/b54389e5-6dd3-4553-ac90-098ee86991c5.__CR0,0,800,600_PT0_SX800_V1___.jpg\" alt=\"switch usb 2.0\" \/><\/div>\n<div class=\"a-section a-spacing-none text-panel-container aplus-container-1 aplus-display-table-cell\">\n<h1 class=\"aplus-h1 a-text-bold\">Indicateur LED<\/h1>\n<p class=\"aplus-p2\">\n<ul class=\"a-unordered-list a-vertical\">\n<li class=\"swiper-slide\"><span class=\"a-list-item\">L&#8217;indicateur LED indique quelle sortie est utilis\u00e9e.<\/span><\/li>\n<\/ul>\n<p>&nbsp;<\/p>\n<\/div>\n<\/div>\n<\/li>\n<li class=\"a-carousel-card aplus-carousel-element swiper-slide swiper-slide-active\" role=\"group\" aria-setsize=\"4\" data-swiper-slide-index=\"0\" aria-label=\"1 \/ 4\">\n<div class=\"a-section a-spacing-none aplus-display-table aplus-display-table-width\">\n<div class=\"a-section a-spacing-none media-placeholder\"><\/div>\n<div class=\"a-section a-spacing-none media-container\"><img decoding=\"async\" src=\"https:\/\/m.media-amazon.com\/images\/S\/aplus-media-library-service-media\/98943c52-4a5d-43bf-afe9-0c8a14e98f8f.__CR0,0,800,600_PT0_SX800_V1___.jpg\" alt=\"switch usb 2.0\" \/><\/div>\n<\/div>\n<div><\/div>\n<div><strong>Switch Commutateur USB 2.0 Ugreen 4 Ports pour 2 PC 2 Entr\u00e9es 4 Sorties USB (30767)<\/strong><\/div>\n<\/li>\n<\/ol>\n<ul>\n<li>[ Facile &amp; Efficace ] Switch USB vous permert de partager 4 p\u00e9riph\u00e9riques USB (clavier, souris, cl\u00e9 USB, imprimante, disque dur externe, etc.) entre 2 PC. Il am\u00e9liore non seulement l&#8217;efficacit\u00e9 du travail mais aussi prot\u00e8ge les ports USB des p\u00e9riph\u00e9riques sans les d\u00e9brancher fr\u00e9quemment.<\/li>\n<li>[ Large Compatibilit\u00e9 ] Le commutateur USB est compatible avec Windows 11\/ 10 \/ 8.1 \/ 8 \/ 7\/ Vista\/ XP, Linux, MacOS. Aucun pilote n&#8217;est n\u00e9cessaire, plug et play.<\/li>\n<li>[ Haute Vitesse ] USB 2.0 switch supporte une vitesse de transfert des donn\u00e9es jusqu&#8217;\u00e0 480Mbps, vous pouvez transf\u00e9rer des fichiers plus rapidement et \u00e9conomiser beaucoup de temps.<\/li>\n<li>[ Switch Rapide ] La commutation est rapide et fluide \u00e0 l&#8217;aide d&#8217;une simple pression du bouton. L&#8217;indicateur LED bleue montre clairement lequel PC est connect\u00e9.<\/li>\n<li>[ Design Soign\u00e9 ] Un port Micro USB est con\u00e7u sp\u00e9cialement pour les appareils USB gourmands en \u00e9nergie tels que l&#8217;imprimante et le disque dur, pour obtenir sa meilleure performance, nous vous conseillons d&#8217;alimenter le switch par un chargeur 5V, 2A (non inclus).<\/li>\n<\/ul>\n<\/div>\n<\/div>\n<\/div>\n<\/div>\n<\/div>\n<\/div>\n<\/div>\n<\/div>\n","protected":false},"excerpt":{"rendered":"<p>Optimisez votre productivit\u00e9 avec le Switch Ugreen \u00a04 Ports pour 2 PC. Partagez ais\u00e9ment claviers, souris, cl\u00e9s USB, imprimantes et plus encore entre deux ordinateurs sans tracas ni d\u00e9branchements.<\/p>\n<p>Profitez d&#8217;une vitesse de transfert de donn\u00e9es allant jusqu&#8217;\u00e0 480Mbps pour des op\u00e9rations rapides.<\/p>\n<p>Le design soign\u00e9 inclut un port Micro USB pour les p\u00e9riph\u00e9riques gourmands en \u00e9nergie.<\/p>\n<p>Compatibilit\u00e9 \u00e9tendue avec Windows, MacOS et Linux. Simplifiez votre travail sans efforts suppl\u00e9mentaires.<\/p>\n","protected":false},"featured_media":9107,"comment_status":"open","ping_status":"closed","template":"","meta":{"_acf_changed":false,"_monsterinsights_skip_tracking":false,"_monsterinsights_sitenote_active":false,"_monsterinsights_sitenote_note":"","_monsterinsights_sitenote_category":0,"_uf_show_specific_survey":0,"_uf_disable_surveys":false,"_joinchat":[]},"product_brand":[],"product_cat":[260,316],"product_tag":[],"class_list":{"0":"post-9106","1":"product","2":"type-product","3":"status-publish","4":"has-post-thumbnail","6":"product_cat-accessoires-composants","7":"product_cat-cable","9":"first","10":"instock","11":"sale","12":"shipping-taxable","13":"purchasable","14":"product-type-simple"},"acf":[],"jetpack_sharing_enabled":true,"_links":{"self":[{"href":"https:\/\/digistar.ma\/index.php?rest_route=\/wp\/v2\/product\/9106","targetHints":{"allow":["GET"]}}],"collection":[{"href":"https:\/\/digistar.ma\/index.php?rest_route=\/wp\/v2\/product"}],"about":[{"href":"https:\/\/digistar.ma\/index.php?rest_route=\/wp\/v2\/types\/product"}],"replies":[{"embeddable":true,"href":"https:\/\/digistar.ma\/index.php?rest_route=%2Fwp%2Fv2%2Fcomments&post=9106"}],"version-history":[{"count":1,"href":"https:\/\/digistar.ma\/index.php?rest_route=\/wp\/v2\/product\/9106\/revisions"}],"predecessor-version":[{"id":9112,"href":"https:\/\/digistar.ma\/index.php?rest_route=\/wp\/v2\/product\/9106\/revisions\/9112"}],"wp:featuredmedia":[{"embeddable":true,"href":"https:\/\/digistar.ma\/index.php?rest_route=\/wp\/v2\/media\/9107"}],"wp:attachment":[{"href":"https:\/\/digistar.ma\/index.php?rest_route=%2Fwp%2Fv2%2Fmedia&parent=9106"}],"wp:term":[{"taxonomy":"product_brand","embeddable":true,"href":"https:\/\/digistar.ma\/index.php?rest_route=%2Fwp%2Fv2%2Fproduct_brand&post=9106"},{"taxonomy":"product_cat","embeddable":true,"href":"https:\/\/digistar.ma\/index.php?rest_route=%2Fwp%2Fv2%2Fproduct_cat&post=9106"},{"taxonomy":"product_tag","embeddable":true,"href":"https:\/\/digistar.ma\/index.php?rest_route=%2Fwp%2Fv2%2Fproduct_tag&post=9106"}],"curies":[{"name":"wp","href":"https:\/\/api.w.org\/{rel}","templated":true}]}}