{"id":9117,"date":"2023-09-25T13:19:51","date_gmt":"2023-09-25T13:19:51","guid":{"rendered":"https:\/\/digistar.ma\/?post_type=product&#038;p=9117"},"modified":"2024-12-07T21:15:19","modified_gmt":"2024-12-07T21:15:19","slug":"logitech-wireless-desktop-mk270-ensemble-sans-fil-souris-clavier-azerty","status":"publish","type":"product","link":"https:\/\/digistar.ma\/?product=logitech-wireless-desktop-mk270-ensemble-sans-fil-souris-clavier-azerty","title":{"rendered":"Logitech Wireless Desktop MK270 Ensemble sans fil souris clavier (AZERTY)"},"content":{"rendered":"<p><strong>Logitech Wireless Desktop MK270 Ensemble sans fil souris clavier (AZERTY)<\/strong><\/p>\n<p>L&#8217;ensemble Logitech Wireless Combo MK270 est compos\u00e9 d&#8217;un clavier et d&#8217;une souris sans fil au design agr\u00e9able. Compact et pratique, le MK270 s&#8217;utilise aussi bien avec un PC de bureau qu&#8217;avec un ordinateur portable.<\/p>\n<h2 class=\"h2-master\">Un pack compact et pratique<\/h2>\n<section>L&#8217;ensemble\u00a0<strong>Logitech Wireless Combo MK270<\/strong>\u00a0est compos\u00e9 d&#8217;un clavier et d&#8217;une souris sans fil au design agr\u00e9able. Compact et pratique, le MK270 s&#8217;utilise aussi bien avec un PC de bureau qu&#8217;avec un ordinateur portable. Le mode sans fil 2,4 GHz \u00e0 longue port\u00e9e vous offre une connexion fiable jusqu&#8217;\u00e0 10 m\u00e8tres. Vous pouvez utiliser la souris sans fil chez vous avec votre PC, ou en d\u00e9placement avec votre ordinateur portable. Quant \u00e0 l&#8217;autonomie accrue des piles, elle vous\u00a0permet d&#8217;utiliser votre clavier pendant 24 mois et votre souris pendant 12 mois. En outre, cette solution est enti\u00e8rement pr\u00eate \u00e0 l&#8217;emploi, il n&#8217;y a aucun logiciel \u00e0 installer.<\/section>\n<section>\n<div class=\"desc-image\"><img decoding=\"async\" src=\"https:\/\/media.ldlc.com\/bo\/images\/fiches\/clavier%20et%20souris\/logitech\/mk270\/logi.jpg\" alt=\"\" \/><\/div>\n<div class=\"desc-text\">\n<h2>UNE CONNEXION SANS FIL 2.4 GHZ LONGUE PORT\u00c9E<\/h2>\n<p>Avec le Logitech MK270\u00a0<strong>vous b\u00e9n\u00e9ficiez d&#8217;une connexion puissante et fiable avec une port\u00e9e atteignant 10 m\u00e8tres<\/strong>, m\u00eame dans des environnements sans fils les plus encombr\u00e9s, et du cryptage AES 128 bits pour le clavier. Les\u00a0<strong>huit\u00a0touches de raccourci<\/strong>\u00a0vous offrent un acc\u00e8s instantan\u00e9 \u00e0 Internet, votre messagerie \u00e9lectronique, aux fonctions de lecture\/pause et de volume et \u00e0 bien d&#8217;autres encore. Vous b\u00e9n\u00e9ficiez ainsi d&#8217;un acc\u00e8s rapide \u00e0 vos activit\u00e9s pr\u00e9f\u00e9r\u00e9es.<\/p>\n<p>Gr\u00e2ce aux\u00a0<strong>piles longue dur\u00e9e<\/strong>,\u00a0vous pouvez d\u00e9sormais rester des mois sans recharger vos piles,\u00a0<strong>jusqu&#8217;\u00e0 24 mois pour le clavier et 12 pour la souris<\/strong>. Finis les d\u00e9sagr\u00e9ments, les d\u00e9penses et le gaspillage li\u00e9s \u00e0 leur remplacement fr\u00e9quent.<\/p>\n<\/div>\n<\/section>\n<section>\n<h2>CARACT\u00c9RISTIQUES PRINCIPALES <strong>Logitech Wireless Desktop MK270 Ensemble sans fil souris clavier (AZERTY)<\/strong><\/h2>\n<ul>\n<li><b>Une connexion sans fil puissante et fiable d&#8217;une port\u00e9e de 10 m\u00e8tres<\/b><\/li>\n<li>Facile \u00e0 transporter<\/li>\n<li>Huit touches de raccourci<\/li>\n<li><strong>R\u00e9siste aux \u00e9claboussures<\/strong><\/li>\n<li><strong>Autonomie :<\/strong>\u00a024 mois pour le clavier et 12 mois pour la souris<\/li>\n<li>Pr\u00eat \u00e0 l&#8217;emploi<\/li>\n<li>Compatible Windows 10<\/li>\n<\/ul>\n<\/section>\n","protected":false},"excerpt":{"rendered":"<ul>\n<li><b>Une connexion sans fil puissante et fiable d&#8217;une port\u00e9e de 10 m\u00e8tres<\/b><\/li>\n<li>Facile \u00e0 transporter<\/li>\n<li>Huit touches de raccourci<\/li>\n<li><strong>R\u00e9siste aux \u00e9claboussures<\/strong><\/li>\n<li><strong>Autonomie :<\/strong>\u00a024 mois pour le clavier et 12 mois pour la souris<\/li>\n<li>Pr\u00eat \u00e0 l&#8217;emploi<\/li>\n<li>Compatible Windows 10<\/li>\n<\/ul>\n","protected":false},"featured_media":9119,"comment_status":"open","ping_status":"closed","template":"","meta":{"_acf_changed":false,"_monsterinsights_skip_tracking":false,"_monsterinsights_sitenote_active":false,"_monsterinsights_sitenote_note":"","_monsterinsights_sitenote_category":0,"_uf_show_specific_survey":0,"_uf_disable_surveys":false,"_joinchat":[]},"product_brand":[],"product_cat":[246,325,263],"product_tag":[],"class_list":{"0":"post-9117","1":"product","2":"type-product","3":"status-publish","4":"has-post-thumbnail","6":"product_cat-peripherique","7":"product_cat-pack-clavier-souris","8":"product_cat-souris-clavier","10":"first","11":"instock","12":"sale","13":"shipping-taxable","14":"purchasable","15":"product-type-simple"},"acf":[],"jetpack_sharing_enabled":true,"_links":{"self":[{"href":"https:\/\/digistar.ma\/index.php?rest_route=\/wp\/v2\/product\/9117","targetHints":{"allow":["GET"]}}],"collection":[{"href":"https:\/\/digistar.ma\/index.php?rest_route=\/wp\/v2\/product"}],"about":[{"href":"https:\/\/digistar.ma\/index.php?rest_route=\/wp\/v2\/types\/product"}],"replies":[{"embeddable":true,"href":"https:\/\/digistar.ma\/index.php?rest_route=%2Fwp%2Fv2%2Fcomments&post=9117"}],"version-history":[{"count":2,"href":"https:\/\/digistar.ma\/index.php?rest_route=\/wp\/v2\/product\/9117\/revisions"}],"predecessor-version":[{"id":12414,"href":"https:\/\/digistar.ma\/index.php?rest_route=\/wp\/v2\/product\/9117\/revisions\/12414"}],"wp:featuredmedia":[{"embeddable":true,"href":"https:\/\/digistar.ma\/index.php?rest_route=\/wp\/v2\/media\/9119"}],"wp:attachment":[{"href":"https:\/\/digistar.ma\/index.php?rest_route=%2Fwp%2Fv2%2Fmedia&parent=9117"}],"wp:term":[{"taxonomy":"product_brand","embeddable":true,"href":"https:\/\/digistar.ma\/index.php?rest_route=%2Fwp%2Fv2%2Fproduct_brand&post=9117"},{"taxonomy":"product_cat","embeddable":true,"href":"https:\/\/digistar.ma\/index.php?rest_route=%2Fwp%2Fv2%2Fproduct_cat&post=9117"},{"taxonomy":"product_tag","embeddable":true,"href":"https:\/\/digistar.ma\/index.php?rest_route=%2Fwp%2Fv2%2Fproduct_tag&post=9117"}],"curies":[{"name":"wp","href":"https:\/\/api.w.org\/{rel}","templated":true}]}}