{"id":9125,"date":"2023-09-25T13:51:31","date_gmt":"2023-09-25T13:51:31","guid":{"rendered":"https:\/\/digistar.ma\/?post_type=product&#038;p=9125"},"modified":"2024-12-07T22:24:50","modified_gmt":"2024-12-07T22:24:50","slug":"logitech-stereo-headset-h110-981-000271","status":"publish","type":"product","link":"https:\/\/digistar.ma\/?product=logitech-stereo-headset-h110-981-000271","title":{"rendered":"Logitech St\u00e9r\u00e9o Headset H110 (981-000271)"},"content":{"rendered":"<h3 class=\"h1 productpage_title\">Logitech St\u00e9r\u00e9o Headset H110 (981-000271)<\/h3>\n<h5 class=\"h1 productpage_title\" style=\"text-align: left;\">Constitu\u00e9 d&#8217;un bandeau r\u00e9glable et d&#8217;oreillettes confortables, le casque\u00a0Logitech H110 Stereo Headset\u00a0se porte avec un maximum de confort. De plus le micro peut \u00eatre port\u00e9 aussi bien du c\u00f4t\u00e9 droit que du c\u00f4t\u00e9 gauche.<\/h5>\n<h2>UN CASQUE SIMPLE POUR VOS DISCUSSIONS EN LIGNE<\/h2>\n<p>Constitu\u00e9 d&#8217;un bandeau r\u00e9glable et d&#8217;oreillettes confortables, le casque\u00a0<strong>Logitech H110 Stereo Headset<\/strong>\u00a0se porte avec un maximum de confort. De plus le micro peut \u00eatre port\u00e9 aussi bien du c\u00f4t\u00e9 droit que du c\u00f4t\u00e9 gauche. Avec sa tige modulable rotative, vous pouvez le positionner pour un enregistrement optimal de votre voix et le faire pivoter pour ne pas qu&#8217;il vous encombre quand vous ne l&#8217;utilisez pas.<\/p>\n<p>Vous profiterez d&#8217;un son st\u00e9r\u00e9o riche et d&#8217;un micro anti-bruit r\u00e9duisant les bruits de fond et retransmettant clairement vos conversations. N&#8217;utilisez pas uniquement le H110 pour vos discussions puisqu&#8217;avec le son st\u00e9r\u00e9o de ce dernier, vous pouvez l&#8217;utiliser aussi bien pour \u00e9couter de la musique, regarder vos films pr\u00e9f\u00e9r\u00e9s ou encore jouer aux jeux.<\/p>\n<table border=\"0\" width=\"100%\" align=\"center\">\n<tbody>\n<tr>\n<td valign=\"middle\">\n<h2>UN SON ST\u00c9R\u00c9O<\/h2>\n<p>Profitez d&#8217;<strong>une qualit\u00e9 audio claire<\/strong>\u00a0pour votre musique, vos jeux et vos appels avec le Logitech H110 Stereo Headset. Ce casque st\u00e9r\u00e9o fiable vous sera tr\u00e8s utile pour vos t\u00e2ches quotidiennes, y compris les appels vid\u00e9os avec votre famille ou vos coll\u00e8gues. Int\u00e9grant un\u00a0<strong>microphone rotatif<\/strong>, la tige de ce dernier\u00a0<strong>peut \u00eatre tourn\u00e9e \u00e0 180\u00b0<\/strong>\u00a0et port\u00e9e \u00e0 gauche comme \u00e0 droite. De plus, la position du microphone flexible peut \u00eatre r\u00e9gl\u00e9e afin d&#8217;optimiserla capture de la voix et la r\u00e9duction des bruits en arri\u00e8re-plan.<\/p>\n<p>Ce casque st\u00e9r\u00e9o\u00a0<strong>robuste mais l\u00e9ger<\/strong>\u00a0offre un large \u00e9ventail de r\u00e9glages. Les\u00a0<strong>embouts en mousse ultradoux<\/strong>\u00a0offrent des heures d&#8217;\u00e9coute tout confort.<\/td>\n<td width=\"440\"><img decoding=\"async\" src=\"https:\/\/media.ldlc.com\/bo\/images\/fiches\/casque\/logitech\/h110\/7.jpg\" alt=\"\" \/><\/td>\n<\/tr>\n<\/tbody>\n<\/table>\n<p>&nbsp;<\/p>\n<h2>PRINCIPALES CARACT\u00c9RISTIQUES :<\/h2>\n<ul>\n<li>Un\u00a0<b>son st\u00e9r\u00e9o<\/b>\u00a0int\u00e9grale<\/li>\n<li>Bandeau r\u00e9glable avec oreilletes confortables<\/li>\n<li><strong>Micro anti-parasite gauche ou droite<\/strong><\/li>\n<li>Longueur du c\u00e2ble: 1,8\u00a0m<\/li>\n<\/ul>\n","protected":false},"excerpt":{"rendered":"<ul>\n<li>Un\u00a0<b>son st\u00e9r\u00e9o<\/b>\u00a0int\u00e9grale<\/li>\n<li>Bandeau r\u00e9glable avec oreilletes confortables<\/li>\n<li><strong>Micro anti-parasite gauche ou droite<\/strong><\/li>\n<li>Longueur du c\u00e2ble: 1,8\u00a0m<\/li>\n<\/ul>\n","protected":false},"featured_media":9127,"comment_status":"open","ping_status":"closed","template":"","meta":{"_acf_changed":false,"_monsterinsights_skip_tracking":false,"_monsterinsights_sitenote_active":false,"_monsterinsights_sitenote_note":"","_monsterinsights_sitenote_category":0,"_uf_show_specific_survey":0,"_uf_disable_surveys":false,"_joinchat":[]},"product_brand":[],"product_cat":[244,344,278],"product_tag":[],"class_list":{"0":"post-9125","1":"product","2":"type-product","3":"status-publish","4":"has-post-thumbnail","6":"product_cat-image-son","7":"product_cat-casque-ecouteur","8":"product_cat-son","10":"first","11":"instock","12":"sale","13":"shipping-taxable","14":"purchasable","15":"product-type-simple"},"acf":[],"jetpack_sharing_enabled":true,"_links":{"self":[{"href":"https:\/\/digistar.ma\/index.php?rest_route=\/wp\/v2\/product\/9125","targetHints":{"allow":["GET"]}}],"collection":[{"href":"https:\/\/digistar.ma\/index.php?rest_route=\/wp\/v2\/product"}],"about":[{"href":"https:\/\/digistar.ma\/index.php?rest_route=\/wp\/v2\/types\/product"}],"replies":[{"embeddable":true,"href":"https:\/\/digistar.ma\/index.php?rest_route=%2Fwp%2Fv2%2Fcomments&post=9125"}],"version-history":[{"count":3,"href":"https:\/\/digistar.ma\/index.php?rest_route=\/wp\/v2\/product\/9125\/revisions"}],"predecessor-version":[{"id":13806,"href":"https:\/\/digistar.ma\/index.php?rest_route=\/wp\/v2\/product\/9125\/revisions\/13806"}],"wp:featuredmedia":[{"embeddable":true,"href":"https:\/\/digistar.ma\/index.php?rest_route=\/wp\/v2\/media\/9127"}],"wp:attachment":[{"href":"https:\/\/digistar.ma\/index.php?rest_route=%2Fwp%2Fv2%2Fmedia&parent=9125"}],"wp:term":[{"taxonomy":"product_brand","embeddable":true,"href":"https:\/\/digistar.ma\/index.php?rest_route=%2Fwp%2Fv2%2Fproduct_brand&post=9125"},{"taxonomy":"product_cat","embeddable":true,"href":"https:\/\/digistar.ma\/index.php?rest_route=%2Fwp%2Fv2%2Fproduct_cat&post=9125"},{"taxonomy":"product_tag","embeddable":true,"href":"https:\/\/digistar.ma\/index.php?rest_route=%2Fwp%2Fv2%2Fproduct_tag&post=9125"}],"curies":[{"name":"wp","href":"https:\/\/api.w.org\/{rel}","templated":true}]}}