{"id":9161,"date":"2023-09-25T15:45:40","date_gmt":"2023-09-25T15:45:40","guid":{"rendered":"https:\/\/digistar.ma\/?post_type=product&#038;p=9161"},"modified":"2024-12-07T22:21:22","modified_gmt":"2024-12-07T22:21:22","slug":"clavier-a-connexion-usb-logitech-k120-azerty","status":"publish","type":"product","link":"https:\/\/digistar.ma\/?product=clavier-a-connexion-usb-logitech-k120-azerty","title":{"rendered":"Clavier \u00e0 connexion USB Logitech K120 AZERTY"},"content":{"rendered":"<h4>Clavier \u00e0 connexion USB Logitech K120 AZERTY<\/h4>\n<p>Avec sa conception ultra plate, sa protection contre les liquides, ses touches robustes qui r\u00e9sistent \u00e0 10 millions de frappes, ses pieds inclinables et r\u00e9sistants, ce clavier Logitech K120 est non seulement \u00e9l\u00e9gant, mais aussi durable.<\/p>\n<h4>LE CLAVIER ID\u00c9AL POUR LE BUREAU<\/h4>\n<h4>Le\u00a0Logitech Keyboard K120\u00a0avec sa conception ultra plate, sa protection contre les liquides, ses touches robustes qui r\u00e9sistent \u00e0 10 millions de frappes, ses pieds inclinables et r\u00e9sistants est un clavier non seulement \u00e9l\u00e9gant, mais aussi durable. De plus, sa connexion USB Plug-and-play \u00e9limine l&#8217;installation d&#8217;un logiciel ou les t\u00e2ches informatiques fastidieuses. Les touches du clavier sont en caract\u00e8res blancs sur fond noir pour faciliter la lisibilit\u00e9 pour tous, y compris pour les personnes avec une acuit\u00e9 visuelle r\u00e9duite.<\/h4>\n<p>Avec le K120 vous b\u00e9n\u00e9ficiez d&#8217;un clavier de qualit\u00e9 \u00e0 prix r\u00e9duit.<\/p>\n<div><\/div>\n<table border=\"0\" width=\"100%\" cellspacing=\"1\" cellpadding=\"1\">\n<tbody>\n<tr>\n<td>\n<h2>UNE FRAPPE CONFORTABLE ET SILENCIEUSE<\/h2>\n<div>\n<p>B\u00e9n\u00e9ficiant de\u00a0<strong>touches ultra-plates<\/strong>\u00a0et d&#8217;un agencement standard compos\u00e9 de touches de fonction pleine taille et d&#8217;un pav\u00e9 num\u00e9rique, le Logitech Keyboard K120 vous offre une frappe confortable et silencieuse, l&#8217;id\u00e9al lorsque vous travaillez en open space ou que vous ne souhaitez pas d\u00e9ranger votre entourage. De plus, gr\u00e2ce \u00e0 son\u00a0<strong>design \u00e9tanche<\/strong>,\u00a0<strong>les \u00e9claboussures accidentelles sont \u00e9vacu\u00e9es<\/strong>, \u00e9vitant ainsi d&#8217;endommager le clavier.<\/p>\n<p>Le profil du clavier ajoute une touche \u00e9lanc\u00e9e \u00e0 votre bureau tout en vous assurant une position des mains plus neutre et confortable.<\/p>\n<\/div>\n<\/td>\n<td width=\"450\"><img fetchpriority=\"high\" decoding=\"async\" src=\"https:\/\/media.ldlc.com\/bo\/images\/fiches\/clavier\/k120\/10.jpg\" alt=\"\" width=\"400\" height=\"250\" \/><\/td>\n<\/tr>\n<\/tbody>\n<\/table>\n<p>&nbsp;<\/p>\n<table border=\"0\" width=\"100%\" cellspacing=\"1\" cellpadding=\"1\">\n<tbody>\n<tr>\n<td width=\"450\"><img decoding=\"async\" src=\"https:\/\/media.ldlc.com\/bo\/images\/fiches\/clavier\/k120\/11.jpg\" alt=\"\" width=\"400\" height=\"250\" \/><\/td>\n<td>\n<h2>DES TOUCHES R\u00c9SISTANTES FACILES \u00c0 LIRE<\/h2>\n<div>Les\u00a0<strong>caract\u00e8res en gras et en blanc am\u00e9liorent la lisibilit\u00e9 des touches<\/strong>\u00a0et sont parfaitement adapt\u00e9s aux utilisateurs ayant des probl\u00e8mes de vue. Leur r\u00e9sistance \u00e0 l&#8217;usure est \u00e9galement am\u00e9lior\u00e9e puisqu&#8217;elles peuvent supporter jusqu&#8217;\u00e0\u00a0<strong>10 millions de frappes<\/strong>, une r\u00e9sistance sup\u00e9rieure \u00e0 la moyenne.De plus, pour r\u00e9pondre \u00e0 vos besoins en ergonomie, les pieds r\u00e9tractables permettent d&#8217;augmenter l&#8217;inclinaison d&#8217;environ huit degr\u00e9s.<\/p>\n<\/div>\n<\/td>\n<\/tr>\n<\/tbody>\n<\/table>\n<p>&nbsp;<\/p>\n<h2>CARACT\u00c9RISTIQUES PRINCIPALES :Clavier \u00e0 connexion USB Logitech K120 AZERTY<\/h2>\n<p>Une frappe confortable et silencieuse gr\u00e2ce aux\u00a0<strong>touches ultra-plates<\/strong><\/p>\n<ul>\n<li>R\u00e9siste aux \u00e9claboussures<\/li>\n<li><strong>Barre d&#8217;espace incurv\u00e9e<\/strong>\u00a0pour une position des mains plus naturelle et pour un meilleur confort de frappe<\/li>\n<li>Touches pouvant supporter jusqu&#8217;\u00e0\u00a0<strong>10 millions de frappes<\/strong><\/li>\n<li>Pattes r\u00e9glables et robustes pour une meilleure ergonomie<\/li>\n<li><strong>Connexion USB pr\u00eate \u00e0 l&#8217;emploi<\/strong><\/li>\n<li>Compatible Windows 8<\/li>\n<\/ul>\n","protected":false},"excerpt":{"rendered":"<p>Une frappe confortable et silencieuse gr\u00e2ce aux\u00a0<strong>touches ultra-plates<\/strong><\/p>\n<ul>\n<li>R\u00e9siste aux \u00e9claboussures<\/li>\n<li><strong>Barre d&#8217;espace incurv\u00e9e<\/strong>\u00a0pour une position des mains plus naturelle et pour un meilleur confort de frappe<\/li>\n<li>Touches pouvant supporter jusqu&#8217;\u00e0\u00a0<strong>10 millions de frappes<\/strong><\/li>\n<li>Pattes r\u00e9glables et robustes pour une meilleure ergonomie<\/li>\n<li><strong>Connexion USB pr\u00eate \u00e0 l&#8217;emploi<\/strong><\/li>\n<li>Compatible Windows 8<\/li>\n<\/ul>\n","protected":false},"featured_media":13803,"comment_status":"open","ping_status":"closed","template":"","meta":{"_acf_changed":false,"_monsterinsights_skip_tracking":false,"_monsterinsights_sitenote_active":false,"_monsterinsights_sitenote_note":"","_monsterinsights_sitenote_category":0,"_uf_show_specific_survey":0,"_uf_disable_surveys":false,"_joinchat":[]},"product_brand":[],"product_cat":[246,263],"product_tag":[],"class_list":{"0":"post-9161","1":"product","2":"type-product","3":"status-publish","4":"has-post-thumbnail","6":"product_cat-peripherique","7":"product_cat-souris-clavier","9":"first","10":"instock","11":"sale","12":"shipping-taxable","13":"purchasable","14":"product-type-simple"},"acf":[],"jetpack_sharing_enabled":true,"_links":{"self":[{"href":"https:\/\/digistar.ma\/index.php?rest_route=\/wp\/v2\/product\/9161","targetHints":{"allow":["GET"]}}],"collection":[{"href":"https:\/\/digistar.ma\/index.php?rest_route=\/wp\/v2\/product"}],"about":[{"href":"https:\/\/digistar.ma\/index.php?rest_route=\/wp\/v2\/types\/product"}],"replies":[{"embeddable":true,"href":"https:\/\/digistar.ma\/index.php?rest_route=%2Fwp%2Fv2%2Fcomments&post=9161"}],"version-history":[{"count":2,"href":"https:\/\/digistar.ma\/index.php?rest_route=\/wp\/v2\/product\/9161\/revisions"}],"predecessor-version":[{"id":13804,"href":"https:\/\/digistar.ma\/index.php?rest_route=\/wp\/v2\/product\/9161\/revisions\/13804"}],"wp:featuredmedia":[{"embeddable":true,"href":"https:\/\/digistar.ma\/index.php?rest_route=\/wp\/v2\/media\/13803"}],"wp:attachment":[{"href":"https:\/\/digistar.ma\/index.php?rest_route=%2Fwp%2Fv2%2Fmedia&parent=9161"}],"wp:term":[{"taxonomy":"product_brand","embeddable":true,"href":"https:\/\/digistar.ma\/index.php?rest_route=%2Fwp%2Fv2%2Fproduct_brand&post=9161"},{"taxonomy":"product_cat","embeddable":true,"href":"https:\/\/digistar.ma\/index.php?rest_route=%2Fwp%2Fv2%2Fproduct_cat&post=9161"},{"taxonomy":"product_tag","embeddable":true,"href":"https:\/\/digistar.ma\/index.php?rest_route=%2Fwp%2Fv2%2Fproduct_tag&post=9161"}],"curies":[{"name":"wp","href":"https:\/\/api.w.org\/{rel}","templated":true}]}}