{"id":9205,"date":"2023-09-25T17:08:28","date_gmt":"2023-09-25T17:08:28","guid":{"rendered":"https:\/\/digistar.ma\/?post_type=product&#038;p=9205"},"modified":"2023-09-25T17:49:45","modified_gmt":"2023-09-25T17:49:45","slug":"webcam-logitech-hd-c310-960-001065","status":"publish","type":"product","link":"https:\/\/digistar.ma\/?product=webcam-logitech-hd-c310-960-001065","title":{"rendered":"Webcam Logitech HD C310 (960-001065)"},"content":{"rendered":"<h2><strong>Webcam Logitech HD C310 (960-001065)<\/strong><\/h2>\n<p>D\u00e9couvrez la Logitech C310, une webcam HD 720p performante et conviviale qui permet de charger ses vid\u00e9os sur Facebook ou Youtube, en un simple clic<\/p>\n<div>\n<h2>DES APPELS VID\u00c9O HAUTE D\u00c9FINITION<\/h2>\n<\/div>\n<p>La\u00a0<strong>Logitech HD Webcam C310<\/strong>\u00a0est un mod\u00e8le simple et performant, elle capture des vid\u00e9o en haute d\u00e9finition (<em>720p<\/em>) et permet de charger celles-ci sur Facebook ou YouTube en un simple clic. Gr\u00e2ce aux technologies Logitech RightLight 2 et Logitech RightSound, les environnements sombres et bruyants ne g\u00e2cheront plus vos appels vid\u00e9o. La C310 vous offre \u00e9galement la possibilit\u00e9 de prendre des instantan\u00e9s de 5 m\u00e9gapixels (<em>avec interpolation logicielle<\/em>) si vous n&#8217;avez pas le temps d&#8217;utiliser la vid\u00e9o.<\/p>\n<p>De plus pimentez vos appels vid\u00e9o avec Video Effects, un masque, un chat, une marionnette-chaussette : vous pouvez choisir parmi une centaine d&#8217;avatars, de masques et de filtres amusants pour exprimer votre humeur.<\/p>\n<div>\n<div><\/div>\n<div>\n<table border=\"0\" width=\"100%\" cellspacing=\"1\" cellpadding=\"1\">\n<tbody>\n<tr>\n<td>\n<h2>APPELEZ EN HD<\/h2>\n<div>\n<p>Avec la Logitech HD Webcam C310,\u00a0b\u00e9n\u00e9ficiez d&#8217;<strong>appels vid\u00e9o HD\u00a0720p<\/strong>\u00a0grand format sur les principales applications de messagerie instantan\u00e9e. Avec\u00a0<strong>une r\u00e9solution de 5 m\u00e9gapixels<\/strong>, prenez des clich\u00e9s haute r\u00e9solution alors que le microphone int\u00e9gr\u00e9 avec r\u00e9duction des bruits vous permettra de profiter de conversations claires et sans bruit de fond.<\/p>\n<p>Profitez \u00e9galement de la\u00a0<strong>correction automatique de l&#8217;\u00e9clairage<\/strong>\u00a0pour que vous puissiez effectuer un appel vid\u00e9o avec un \u00e9clairage faible ou \u00e0 contre-jour. La cam\u00e9ra s&#8217;adapte de mani\u00e8re intelligente afin de produire des images d&#8217;une qualit\u00e9 optimale.<\/p>\n<\/div>\n<\/td>\n<td width=\"450\"><img decoding=\"async\" src=\"https:\/\/media.ldlc.com\/bo\/images\/fiches\/webcam\/logitech%20c310\/10.jpg\" alt=\"\" \/><\/td>\n<\/tr>\n<\/tbody>\n<\/table>\n<div>\u00a0CARACT\u00c9RISTIQUES PRINCIPALES :<\/div>\n<ul>\n<li><b>Des appels vid\u00e9o HD de 720p<\/b><\/li>\n<li><b>Des instantan\u00e9s de 5 MP<\/b><\/li>\n<li>Des conversations claires sans bruit de fond<\/li>\n<li><strong>Technologie Fluid Crystal<\/strong>\u00a0pour une vid\u00e9o plus fluide et des images plus nettes<\/li>\n<li><strong>Technologie RightLight 2<\/strong>\u00a0pour que la cam\u00e9ra s&#8217;adapte automatiquement \u00e0 l&#8217;\u00e9clairage de la pi\u00e8ce<\/li>\n<li>Compatible avec les messageries instantan\u00e9es<\/li>\n<\/ul>\n<\/div>\n<\/div>\n","protected":false},"excerpt":{"rendered":"<ul>\n<li><b>Des appels vid\u00e9o HD de 720p<\/b><\/li>\n<li><b>Des instantan\u00e9s de 5 MP<\/b><\/li>\n<li>Des conversations claires sans bruit de fond<\/li>\n<li><strong>Technologie Fluid Crystal<\/strong>\u00a0pour une vid\u00e9o plus fluide et des images plus nettes<\/li>\n<li><strong>Technologie RightLight 2<\/strong>\u00a0pour que la cam\u00e9ra s&#8217;adapte automatiquement \u00e0 l&#8217;\u00e9clairage de la pi\u00e8ce<\/li>\n<li>Compatible avec les messageries instantan\u00e9es<\/li>\n<\/ul>\n","protected":false},"featured_media":9230,"comment_status":"open","ping_status":"closed","template":"","meta":{"_acf_changed":false,"_monsterinsights_skip_tracking":false,"_monsterinsights_sitenote_active":false,"_monsterinsights_sitenote_note":"","_monsterinsights_sitenote_category":0,"_uf_show_specific_survey":0,"_uf_disable_surveys":false,"_joinchat":[]},"product_brand":[],"product_cat":[338,246],"product_tag":[],"class_list":{"0":"post-9205","1":"product","2":"type-product","3":"status-publish","4":"has-post-thumbnail","6":"product_cat-webcam","7":"product_cat-peripherique","9":"first","10":"instock","11":"sale","12":"shipping-taxable","13":"purchasable","14":"product-type-simple"},"acf":[],"jetpack_sharing_enabled":true,"_links":{"self":[{"href":"https:\/\/digistar.ma\/index.php?rest_route=\/wp\/v2\/product\/9205","targetHints":{"allow":["GET"]}}],"collection":[{"href":"https:\/\/digistar.ma\/index.php?rest_route=\/wp\/v2\/product"}],"about":[{"href":"https:\/\/digistar.ma\/index.php?rest_route=\/wp\/v2\/types\/product"}],"replies":[{"embeddable":true,"href":"https:\/\/digistar.ma\/index.php?rest_route=%2Fwp%2Fv2%2Fcomments&post=9205"}],"version-history":[{"count":2,"href":"https:\/\/digistar.ma\/index.php?rest_route=\/wp\/v2\/product\/9205\/revisions"}],"predecessor-version":[{"id":9231,"href":"https:\/\/digistar.ma\/index.php?rest_route=\/wp\/v2\/product\/9205\/revisions\/9231"}],"wp:featuredmedia":[{"embeddable":true,"href":"https:\/\/digistar.ma\/index.php?rest_route=\/wp\/v2\/media\/9230"}],"wp:attachment":[{"href":"https:\/\/digistar.ma\/index.php?rest_route=%2Fwp%2Fv2%2Fmedia&parent=9205"}],"wp:term":[{"taxonomy":"product_brand","embeddable":true,"href":"https:\/\/digistar.ma\/index.php?rest_route=%2Fwp%2Fv2%2Fproduct_brand&post=9205"},{"taxonomy":"product_cat","embeddable":true,"href":"https:\/\/digistar.ma\/index.php?rest_route=%2Fwp%2Fv2%2Fproduct_cat&post=9205"},{"taxonomy":"product_tag","embeddable":true,"href":"https:\/\/digistar.ma\/index.php?rest_route=%2Fwp%2Fv2%2Fproduct_tag&post=9205"}],"curies":[{"name":"wp","href":"https:\/\/api.w.org\/{rel}","templated":true}]}}