{"id":9220,"date":"2023-09-25T17:45:19","date_gmt":"2023-09-25T17:45:19","guid":{"rendered":"https:\/\/digistar.ma\/?post_type=product&#038;p=9220"},"modified":"2023-09-25T17:45:20","modified_gmt":"2023-09-25T17:45:20","slug":"webcam-logitech-c505e-960-001372","status":"publish","type":"product","link":"https:\/\/digistar.ma\/?product=webcam-logitech-c505e-960-001372","title":{"rendered":"Webcam Logitech C505e (960-001372)"},"content":{"rendered":"<h3><strong>Webcam Logitech C505e (960-001372)<\/strong><\/h3>\n<p class=\"desc\">La Logitech HD Webcam C505 est une webcam offrant une vid\u00e9o HD 720p et un microphone longue port\u00e9e pour une conversation claire et naturelle jusqu&#8217;\u00e0 3 m\u00e8tres de distance. Vous allez ainsi pouvoir \u00e9changer avec vos proches ou vos coll\u00e8gues de la meilleure des fa\u00e7ons.<\/p>\n<h2 class=\"h2-master\">Une webcam dot\u00e9e d&#8217;une port\u00e9e \u00e9tendue<\/h2>\n<section>La\u00a0<strong>Logitech HD Webcam C505<\/strong>\u00a0est une webcam offrant une vid\u00e9o HD 720p et un microphone longue port\u00e9e pour une conversation claire et naturelle jusqu&#8217;\u00e0 3 m\u00e8tres de distance. Vous allez ainsi pouvoir \u00e9changer avec vos proches ou vos coll\u00e8gues de la meilleure des fa\u00e7ons. Et gr\u00e2ce au clip universel, fixez facilement la webcam o\u00f9 bon vous semble.<\/p>\n<\/section>\n<section>\n<div class=\"desc-image\"><img decoding=\"async\" src=\"https:\/\/media.ldlc.com\/bo\/images\/fiches\/webcam\/logitech\/c505\/1.jpg\" alt=\"\" \/><\/div>\n<div class=\"desc-text\">\n<h2>VID\u00c9O HD 720P<\/h2>\n<p>Avec la webcam Logitech C505, filmez avec une\u00a0<strong>r\u00e9solution HD de 720p\/30ips<\/strong>\u00a0avec grand angle. Profitez alors d&#8217;une qualit\u00e9 vid\u00e9o nette, fluide et color\u00e9e et un\u00a0<strong>champ de vision diagonal de 60\u00b0<\/strong>, d&#8217;une\u00a0<strong>mise au point fixe<\/strong>\u00a0et d&#8217;une\u00a0<strong>correction automatique<\/strong>\u00a0qui s&#8217;adapte \u00e0 l&#8217;\u00e9clairage de votre espace.<\/p>\n<p>Elle est \u00e9galement \u00e9quip\u00e9e d&#8217;un\u00a0<strong>microphone omnidirectionnel dot\u00e9 d&#8217;une technologie de r\u00e9duction de bruit<\/strong>\u00a0et est con\u00e7u pour permettre des conversations claires et naturelles \u00e0 3 m\u00e8tres de distance, m\u00eame dans des environnements agit\u00e9s tels que les espaces de travail ouverts et les salles de classe.<\/div>\n<\/section>\n<section>\n<h2>CARACT\u00c9RISTIQUES PRINCIPALES : <strong>Webcam Logitech C505e (960-001372)<\/strong><\/h2>\n<ul>\n<li><strong>Webcam HD 720p\/30ips<\/strong><\/li>\n<li>Champ de vision de 60\u00b0<\/li>\n<li>Mise au point fixe et correction automatique de la lumi\u00e8re<\/li>\n<li><strong>Microphone omnidirectionnel \u00e0 r\u00e9duction de bruit pour des conversations claires et naturelles<\/strong><\/li>\n<li>Clip universel pour ordinateurs portables et \u00e9crans<\/li>\n<li>Livr\u00e9 avec un c\u00e2ble USB-A de 2m<\/li>\n<li>Dimensions : 31.91 x 72.91 x 66.64 mm<\/li>\n<li>Poids : 75g<\/li>\n<li>Compatible Windows, MacOS et ChromeOS<\/li>\n<\/ul>\n<\/section>\n","protected":false},"excerpt":{"rendered":"<h3><strong>Webcam Logitech C505e (960-001372)<\/strong><\/h3>\n<ul>\n<li><strong>Webcam HD 720p\/30ips<\/strong><\/li>\n<li>Champ de vision de 60\u00b0<\/li>\n<li>Mise au point fixe et correction automatique de la lumi\u00e8re<\/li>\n<li><strong>Microphone omnidirectionnel \u00e0 r\u00e9duction de bruit pour des conversations claires et naturelles<\/strong><\/li>\n<li>Clip universel pour ordinateurs portables et \u00e9crans<\/li>\n<li>Livr\u00e9 avec un c\u00e2ble USB-A de 2m<\/li>\n<li>Dimensions : 31.91 x 72.91 x 66.64 mm<\/li>\n<li>Poids : 75g<\/li>\n<li>Compatible Windows, MacOS et ChromeOS<\/li>\n<\/ul>\n","protected":false},"featured_media":9228,"comment_status":"open","ping_status":"closed","template":"","meta":{"_acf_changed":false,"_monsterinsights_skip_tracking":false,"_monsterinsights_sitenote_active":false,"_monsterinsights_sitenote_note":"","_monsterinsights_sitenote_category":0,"_uf_show_specific_survey":0,"_uf_disable_surveys":false,"_joinchat":[]},"product_brand":[],"product_cat":[246,338],"product_tag":[],"class_list":{"0":"post-9220","1":"product","2":"type-product","3":"status-publish","4":"has-post-thumbnail","6":"product_cat-peripherique","7":"product_cat-webcam","9":"first","10":"instock","11":"sale","12":"shipping-taxable","13":"purchasable","14":"product-type-simple"},"acf":[],"jetpack_sharing_enabled":true,"_links":{"self":[{"href":"https:\/\/digistar.ma\/index.php?rest_route=\/wp\/v2\/product\/9220","targetHints":{"allow":["GET"]}}],"collection":[{"href":"https:\/\/digistar.ma\/index.php?rest_route=\/wp\/v2\/product"}],"about":[{"href":"https:\/\/digistar.ma\/index.php?rest_route=\/wp\/v2\/types\/product"}],"replies":[{"embeddable":true,"href":"https:\/\/digistar.ma\/index.php?rest_route=%2Fwp%2Fv2%2Fcomments&post=9220"}],"version-history":[{"count":1,"href":"https:\/\/digistar.ma\/index.php?rest_route=\/wp\/v2\/product\/9220\/revisions"}],"predecessor-version":[{"id":9229,"href":"https:\/\/digistar.ma\/index.php?rest_route=\/wp\/v2\/product\/9220\/revisions\/9229"}],"wp:featuredmedia":[{"embeddable":true,"href":"https:\/\/digistar.ma\/index.php?rest_route=\/wp\/v2\/media\/9228"}],"wp:attachment":[{"href":"https:\/\/digistar.ma\/index.php?rest_route=%2Fwp%2Fv2%2Fmedia&parent=9220"}],"wp:term":[{"taxonomy":"product_brand","embeddable":true,"href":"https:\/\/digistar.ma\/index.php?rest_route=%2Fwp%2Fv2%2Fproduct_brand&post=9220"},{"taxonomy":"product_cat","embeddable":true,"href":"https:\/\/digistar.ma\/index.php?rest_route=%2Fwp%2Fv2%2Fproduct_cat&post=9220"},{"taxonomy":"product_tag","embeddable":true,"href":"https:\/\/digistar.ma\/index.php?rest_route=%2Fwp%2Fv2%2Fproduct_tag&post=9220"}],"curies":[{"name":"wp","href":"https:\/\/api.w.org\/{rel}","templated":true}]}}