{"id":9246,"date":"2023-09-26T09:11:52","date_gmt":"2023-09-26T09:11:52","guid":{"rendered":"https:\/\/digistar.ma\/?post_type=product&#038;p=9246"},"modified":"2023-09-26T09:11:52","modified_gmt":"2023-09-26T09:11:52","slug":"souris-sans-fil-logitech-mx-master-3s-graphite-910-006559-2","status":"publish","type":"product","link":"https:\/\/digistar.ma\/?product=souris-sans-fil-logitech-mx-master-3s-graphite-910-006559-2","title":{"rendered":"Souris sans fil Logitech MX Master 3S Graphite (910-006559)"},"content":{"rendered":"<h1 class=\"h1 productpage_title\">Souris sans fil Logitech MX Master\u00a03S Graphite (910-006559)<\/h1>\n<p>Avec la Logitech MX Master 3S, profitez d&#8217;une ic\u00f4ne remasteris\u00e9e offrant une\u00a0pr\u00e9cision instantan\u00e9e et un potentiel infini. Con\u00e7ue pour offrir pr\u00e9cision, contr\u00f4le et confort aux utilisateurs exp\u00e9riment\u00e9s, la souris sans fil Logitech MX Master 3S va vite devenir indispensable \u00e0 votre quotidien.<\/p>\n<h2 class=\"h2-master\">Un feeling incroyable<\/h2>\n<section>Avec la\u00a0<strong>Logitech MX Master 3S<\/strong>, profitez d&#8217;une ic\u00f4ne remasteris\u00e9e offrant une\u00a0pr\u00e9cision instantan\u00e9e et un potentiel infini. Con\u00e7ue pour offrir pr\u00e9cision, contr\u00f4le et confort aux utilisateurs exp\u00e9riment\u00e9s, la souris sans fil Logitech MX Master 3S se caract\u00e9rise notamment par une forme parfaitement adapt\u00e9e \u00e0 la main, un capteur de 8000 dpi, des fonctionnalit\u00e9s avanc\u00e9es et une conception incroyable.<\/p>\n<\/section>\n<section>\n<div class=\"desc-image\"><img decoding=\"async\" src=\"https:\/\/media.ldlc.com\/bo\/images\/fiches\/souris\/logitech\/MX_Master_3S\/1.jpg\" alt=\"\" \/><\/div>\n<div class=\"desc-text\">\n<h2>FAITES D\u00c9FILER 1000 LIGNES PAR SECONDE<\/h2>\n<p>La Logitech MX Master 3S embarque la\u00a0<strong>roulette \u00e0 d\u00e9filement \u00e9lectromagn\u00e9tique MagSpeed<\/strong>\u00a0afin de vous offrir suffisamment de pr\u00e9cision et de rapidit\u00e9 pour faire\u00a0<strong>d\u00e9filer pas moins de 1000 lignes en une seconde<\/strong>. Quasi silencieuse, elle est construite en acier usin\u00e9 qui lui conf\u00e8re un toucher premium et un poids suffisant pour offrir une inertie dynamique que vous ressentez, mais que vous n&#8217;entendez pas !<\/p>\n<p>L&#8217;acier usin\u00e9 de la roulette lui conf\u00e8re une tactilit\u00e9 sup\u00e9rieure et un poids suffisant pour offrir une inertie dynamique que vous sentez mais n&#8217;entendez pas.<\/p>\n<\/div>\n<\/section>\n<section>\n<div class=\"desc-text\">\n<h2>UNE TECHNOLOGIE R\u00c9VOLUTIONNAIRE<\/h2>\n<p>La Logitech MX Master 3S est \u00e9quip\u00e9e de la\u00a0<strong>technologie Logitech Flow.<\/strong>\u00a0Cette derni\u00e8re, r\u00e9volutionnaire, vous permet de d\u00e9placer le curseur de votre souris d&#8217;un ordinateur \u00e0 un autre (jusqu&#8217;\u00e0 3 ordinateurs), d&#8217;effectuer des copier-coller de texte, d&#8217;une image ou encore d&#8217;un fichier d&#8217;une machine \u00e0 une autre.<\/p>\n<p>Vous allez ainsi pouvoir transf\u00e9rer vos contenus entre 3 ordinateurs diff\u00e9rents sans la moindre difficult\u00e9. Plus besoin de transf\u00e9rer vos fichiers sur des cl\u00e9s USB, commencez votre travail sur votre ordinateur portable lors de vos d\u00e9placements et finissez-le \u00e0 la maison sur votre ordinateur de bureau sans faire plusieurs manipulations.<\/p>\n<\/div>\n<div class=\"desc-image\"><img decoding=\"async\" src=\"https:\/\/media.ldlc.com\/bo\/images\/fiches\/souris\/logitech\/MX_Master_3S\/2.jpg\" alt=\"\" \/><\/div>\n<\/section>\n<section>\n<div class=\"desc-image\"><img decoding=\"async\" src=\"https:\/\/media.ldlc.com\/bo\/images\/fiches\/souris\/logitech\/MX_Master_3S\/3.jpg\" alt=\"\" \/><\/div>\n<div class=\"desc-text\">\n<h2>UNE MOLETTE EXCLUSIVE POUR LE POUCE<\/h2>\n<p>La Logitech MX Master 3S dispose d&#8217;<strong>une molette pour le pouce<\/strong>\u00a0afin de faire d\u00e9filer le contenu de l&#8217;\u00e9cran lat\u00e9ralement d&#8217;un simple mouvement du pouce. Et avec le logiciel Logitech Options vous allez pouvoir param\u00e9trer au mieux votre souris. Ainsi, vous allez pouvoir ajuster la vitesse de d\u00e9filement, naviguer au sein du contenu sous forme d&#8217;onglets, changer d&#8217;application, r\u00e9gler le volume et bien d&#8217;autres choses.<\/p>\n<p>Avec une\u00a0<strong>autonomie maximale de 70 jours<\/strong>\u00a0\u00e0 pleine charge, la souris Logitech MX Master 3 vous suivra partout. De plus, vous pouvez l&#8217;utiliser pendant trois heures avec une seule minute de charge.<\/p>\n<\/div>\n<\/section>\n<section>\n<div class=\"desc-text\">\n<h2>CON\u00c7U POUR UN AVENIR POSITIF<\/h2>\n<ul>\n<li>Les pi\u00e8ces en plastique de la souris MX Master 3S sont en plastique recycl\u00e9 post-consommation certifi\u00e9 (Graphite: 27%, Pale Gray: 22%)*<\/li>\n<li>Bo\u00eetier sup\u00e9rieur : aluminium \u00e0 faible teneur en carbone<\/li>\n<li>Emballage papier : certifi\u00e9 FSC<\/li>\n<\/ul>\n<p>*Hors plastique du circuit imprim\u00e9, du r\u00e9cepteur, du fil, du c\u00e2ble FFC et de l\u2019emballage<\/p>\n<\/div>\n<div class=\"desc-image\"><img decoding=\"async\" src=\"https:\/\/media.ldlc.com\/bo\/images\/fiches\/clavier\/Logitech\/image2.jpg\" alt=\"\" \/><\/div>\n<\/section>\n<section class=\"list\">\n<h2>CARACT\u00c9RISTIQUES PRINCIPALES :<\/h2>\n<ul>\n<li><strong>Souris optique 1000 dpi<\/strong><\/li>\n<li><strong>Technologie Logitech Flow :\u00a0vous permet de transf\u00e9rer vos dossiers, images, textes d&#8217;un ordinateur \u00e0 un autre<\/strong><\/li>\n<li>Design ergonomique qui \u00e9pouse la forme de votre main<\/li>\n<li><strong>Roulette de d\u00e9filement \u00e9lectromagn\u00e9tique MagSpeed<\/strong>\u00a0pour une pr\u00e9cision et une rapidit\u00e9 incroyable<\/li>\n<li><strong>Molette exclusive<\/strong>\u00a0pour le pouce\u00a0pour une navigation encore plus fluide<\/li>\n<li><strong>Double connectivit\u00e9<\/strong>\u00a0: r\u00e9cepteur Logitech Unifying ou technologie Bluetooth Smart<\/li>\n<li>Batterie rechargeable avec une\u00a0<strong>autonomie pouvant aller jusqu&#8217;\u00e0 70 jours<\/strong><\/li>\n<li>Port\u00e9e de la connexion sans fil :\u00a010 m\u00e8tres<\/li>\n<li>C\u00e2ble de charge USB-C (USB-A vers USB-C)<\/li>\n<li>Compatible Windows 7, 8, 10 et Mac OS X (version 10.10 ou ult\u00e9rieure)<\/li>\n<li>Dimensions : 51 x 84.3 x 124.9 mm<\/li>\n<li>Poids : 141 g<\/li>\n<\/ul>\n<\/section>\n","protected":false},"excerpt":{"rendered":"<ul>\n<li><strong>Souris optique 1000 dpi<\/strong><\/li>\n<li><strong>Technologie Logitech Flow :\u00a0vous permet de transf\u00e9rer vos dossiers, images, textes d&#8217;un ordinateur \u00e0 un autre<\/strong><\/li>\n<li>Design ergonomique qui \u00e9pouse la forme de votre main<\/li>\n<li><strong>Roulette de d\u00e9filement \u00e9lectromagn\u00e9tique MagSpeed<\/strong>\u00a0pour une pr\u00e9cision et une rapidit\u00e9 incroyable<\/li>\n<li><strong>Molette exclusive<\/strong>\u00a0pour le pouce\u00a0pour une navigation encore plus fluide<\/li>\n<li><strong>Double connectivit\u00e9<\/strong>\u00a0: r\u00e9cepteur Logitech Unifying ou technologie Bluetooth Smart<\/li>\n<li>Batterie rechargeable avec une\u00a0<strong>autonomie pouvant aller jusqu&#8217;\u00e0 70 jours<\/strong><\/li>\n<li>Port\u00e9e de la connexion sans fil :\u00a010 m\u00e8tres<\/li>\n<li>C\u00e2ble de charge USB-C (USB-A vers USB-C)<\/li>\n<li>Compatible Windows 7, 8, 10 et Mac OS X (version 10.10 ou ult\u00e9rieure)<\/li>\n<li>Dimensions : 51 x 84.3 x 124.9 mm<\/li>\n<li>Poids : 141 g<\/li>\n<\/ul>\n<p>&nbsp;<\/p>\n<p>&nbsp;<\/p>\n<p>&nbsp;<\/p>\n","protected":false},"featured_media":9250,"comment_status":"open","ping_status":"closed","template":"","meta":{"_acf_changed":false,"_monsterinsights_skip_tracking":false,"_monsterinsights_sitenote_active":false,"_monsterinsights_sitenote_note":"","_monsterinsights_sitenote_category":0,"_uf_show_specific_survey":0,"_uf_disable_surveys":false,"_joinchat":[]},"product_brand":[],"product_cat":[246,263,323],"product_tag":[],"class_list":{"0":"post-9246","1":"product","2":"type-product","3":"status-publish","4":"has-post-thumbnail","6":"product_cat-peripherique","7":"product_cat-souris-clavier","8":"product_cat-souris-sans-fil","10":"first","11":"instock","12":"sale","13":"shipping-taxable","14":"purchasable","15":"product-type-simple"},"acf":[],"jetpack_sharing_enabled":true,"_links":{"self":[{"href":"https:\/\/digistar.ma\/index.php?rest_route=\/wp\/v2\/product\/9246","targetHints":{"allow":["GET"]}}],"collection":[{"href":"https:\/\/digistar.ma\/index.php?rest_route=\/wp\/v2\/product"}],"about":[{"href":"https:\/\/digistar.ma\/index.php?rest_route=\/wp\/v2\/types\/product"}],"replies":[{"embeddable":true,"href":"https:\/\/digistar.ma\/index.php?rest_route=%2Fwp%2Fv2%2Fcomments&post=9246"}],"version-history":[{"count":1,"href":"https:\/\/digistar.ma\/index.php?rest_route=\/wp\/v2\/product\/9246\/revisions"}],"predecessor-version":[{"id":9254,"href":"https:\/\/digistar.ma\/index.php?rest_route=\/wp\/v2\/product\/9246\/revisions\/9254"}],"wp:featuredmedia":[{"embeddable":true,"href":"https:\/\/digistar.ma\/index.php?rest_route=\/wp\/v2\/media\/9250"}],"wp:attachment":[{"href":"https:\/\/digistar.ma\/index.php?rest_route=%2Fwp%2Fv2%2Fmedia&parent=9246"}],"wp:term":[{"taxonomy":"product_brand","embeddable":true,"href":"https:\/\/digistar.ma\/index.php?rest_route=%2Fwp%2Fv2%2Fproduct_brand&post=9246"},{"taxonomy":"product_cat","embeddable":true,"href":"https:\/\/digistar.ma\/index.php?rest_route=%2Fwp%2Fv2%2Fproduct_cat&post=9246"},{"taxonomy":"product_tag","embeddable":true,"href":"https:\/\/digistar.ma\/index.php?rest_route=%2Fwp%2Fv2%2Fproduct_tag&post=9246"}],"curies":[{"name":"wp","href":"https:\/\/api.w.org\/{rel}","templated":true}]}}