{"id":9264,"date":"2023-09-26T09:54:52","date_gmt":"2023-09-26T09:54:52","guid":{"rendered":"https:\/\/digistar.ma\/?post_type=product&#038;p=9264"},"modified":"2023-09-26T09:54:52","modified_gmt":"2023-09-26T09:54:52","slug":"tapis-de-souris-logitech-serie-studio-graphite-956-000049","status":"publish","type":"product","link":"https:\/\/digistar.ma\/?product=tapis-de-souris-logitech-serie-studio-graphite-956-000049","title":{"rendered":"Tapis de souris Logitech S\u00e9rie Studio Graphite (956-000049)"},"content":{"rendered":"<h2><strong>Tapis de souris Logitech S\u00e9rie Studio\u00a0 Graphite (956-000049)<\/strong><\/h2>\n<p>Le tapis de souris\u00a0Logitech Mouse Pad Studio Series poss\u00e8de une surface douce et confortable et offre un glissement silencieux et sans effort. Agr\u00e9able au quotidien, il convient parfaitement \u00e0 toutes les surfaces, que ce soit au bureau ou \u00e0 la maison<\/p>\n<h2 class=\"h2-master\">Bougez et glissez sans effort<\/h2>\n<section>Le tapis de souris\u00a0<strong>Logitech Mouse Pad Studio Series<\/strong>\u00a0poss\u00e8de une surface douce et confortable et offre un glissement silencieux et sans effort. Agr\u00e9able au quotidien, il convient parfaitement \u00e0 toutes les surfaces, que ce soit au bureau ou \u00e0 la maison. De plus, il est r\u00e9sistant aux \u00e9claboussures et facile \u00e0 nettoyer.<\/p>\n<\/section>\n<section>\n<div class=\"desc-image\"><img decoding=\"async\" src=\"https:\/\/media.ldlc.com\/bo\/images\/fiches\/tapis_de_souris\/logitech\/mouse_pad_series\/1.jpg\" alt=\"\" \/><\/div>\n<div class=\"desc-text\">\n<h2>CON\u00c7U AVEC PR\u00c9CISION<\/h2>\n<p>Le tapis de souris Logitech Mouse Pad Studio Series est dot\u00e9 de\u00a0<strong>bords anti-effilochages<\/strong>\u00a0et de\u00a0<strong>coutures plates et durables<\/strong>\u00a0pour une durabilit\u00e9 accrue dans le temps. En outre, il poss\u00e8de une\u00a0<strong>base en caoutchouc antid\u00e9rapante<\/strong>\u00a0pour une plus grande stabilit\u00e9.<\/p>\n<p><strong>R\u00e9sistant aux \u00e9claboussures et simple \u00e0 nettoyer<\/strong>, le\u00a0Logitech Mouse Pad Studio Series se nettoie facilement face aux petits accidents.<\/p>\n<\/div>\n<\/section>\n<section class=\"list\">\n<h2>CARACT\u00c9RISTIQUES PRINCIPALES :<\/h2>\n<ul>\n<li><strong>Tapis de souris<\/strong><\/li>\n<li><strong>R\u00e9sistant aux \u00e9claboussures et facile \u00e0 nettoyer<\/strong><\/li>\n<li>Bords anti-effilochages pour une durabilit\u00e9 accrue<\/li>\n<li>Tissu confortable et couche interne en polyester recycl\u00e9<\/li>\n<li>Base en caoutchouc antid\u00e9rapant<\/li>\n<\/ul>\n<\/section>\n<p>&nbsp;<\/p>\n","protected":false},"excerpt":{"rendered":"<section class=\"list\">\n<ul>\n<li><strong>Tapis de souris<\/strong><\/li>\n<li><strong>R\u00e9sistant aux \u00e9claboussures et facile \u00e0 nettoyer<\/strong><\/li>\n<li>Bords anti-effilochages pour une durabilit\u00e9 accrue<\/li>\n<li>Tissu confortable et couche interne en polyester recycl\u00e9<\/li>\n<li>Base en caoutchouc antid\u00e9rapant<\/li>\n<\/ul>\n<\/section>\n<p>&nbsp;<\/p>\n","protected":false},"featured_media":9266,"comment_status":"open","ping_status":"closed","template":"","meta":{"_acf_changed":false,"_monsterinsights_skip_tracking":false,"_monsterinsights_sitenote_active":false,"_monsterinsights_sitenote_note":"","_monsterinsights_sitenote_category":0,"_uf_show_specific_survey":0,"_uf_disable_surveys":false,"_joinchat":[]},"product_brand":[],"product_cat":[260,237],"product_tag":[],"class_list":{"0":"post-9264","1":"product","2":"type-product","3":"status-publish","4":"has-post-thumbnail","6":"product_cat-accessoires-composants","7":"product_cat-ordinateur","9":"first","10":"instock","11":"sale","12":"shipping-taxable","13":"purchasable","14":"product-type-simple"},"acf":[],"jetpack_sharing_enabled":true,"_links":{"self":[{"href":"https:\/\/digistar.ma\/index.php?rest_route=\/wp\/v2\/product\/9264","targetHints":{"allow":["GET"]}}],"collection":[{"href":"https:\/\/digistar.ma\/index.php?rest_route=\/wp\/v2\/product"}],"about":[{"href":"https:\/\/digistar.ma\/index.php?rest_route=\/wp\/v2\/types\/product"}],"replies":[{"embeddable":true,"href":"https:\/\/digistar.ma\/index.php?rest_route=%2Fwp%2Fv2%2Fcomments&post=9264"}],"version-history":[{"count":1,"href":"https:\/\/digistar.ma\/index.php?rest_route=\/wp\/v2\/product\/9264\/revisions"}],"predecessor-version":[{"id":9270,"href":"https:\/\/digistar.ma\/index.php?rest_route=\/wp\/v2\/product\/9264\/revisions\/9270"}],"wp:featuredmedia":[{"embeddable":true,"href":"https:\/\/digistar.ma\/index.php?rest_route=\/wp\/v2\/media\/9266"}],"wp:attachment":[{"href":"https:\/\/digistar.ma\/index.php?rest_route=%2Fwp%2Fv2%2Fmedia&parent=9264"}],"wp:term":[{"taxonomy":"product_brand","embeddable":true,"href":"https:\/\/digistar.ma\/index.php?rest_route=%2Fwp%2Fv2%2Fproduct_brand&post=9264"},{"taxonomy":"product_cat","embeddable":true,"href":"https:\/\/digistar.ma\/index.php?rest_route=%2Fwp%2Fv2%2Fproduct_cat&post=9264"},{"taxonomy":"product_tag","embeddable":true,"href":"https:\/\/digistar.ma\/index.php?rest_route=%2Fwp%2Fv2%2Fproduct_tag&post=9264"}],"curies":[{"name":"wp","href":"https:\/\/api.w.org\/{rel}","templated":true}]}}