{"id":9278,"date":"2023-09-26T10:25:44","date_gmt":"2023-09-26T10:25:44","guid":{"rendered":"https:\/\/digistar.ma\/?post_type=product&#038;p=9278"},"modified":"2023-09-26T10:25:44","modified_gmt":"2023-09-26T10:25:44","slug":"webcam-logitech-hd-c525-720p-8-megapixels-avec-microphone-integre","status":"publish","type":"product","link":"https:\/\/digistar.ma\/?product=webcam-logitech-hd-c525-720p-8-megapixels-avec-microphone-integre","title":{"rendered":"Webcam Logitech HD C525 720P 8 m\u00e9gapixels avec microphone int\u00e9gr\u00e9"},"content":{"rendered":"<h2><strong>Webcam Logitech HD C525 720P 8 m\u00e9gapixels avec microphone int\u00e9gr\u00e9<\/strong><\/h2>\n<h2>UNE CONCEPTION POLYVALENTE ET PORTABLE<\/h2>\n<p>Avec la\u00a0<strong>Logitech HD Webcam C525<\/strong>, vous pouvez capturer des vid\u00e9os 720p. Pratique et performante, cette webcam Logitech dispose d&#8217;une t\u00eate rotative et d&#8217;une mise au point automatique, vous pouvez bouger devant votre webcam sans aucun souci, vous b\u00e9n\u00e9ficiez d&#8217;une nettet\u00e9 irr\u00e9prochable. De conception portable, vous pouvez emmener avec vous votre C525 partout o\u00f9 vous irez et ainsi vous serez toujours en contact avec vos proches. De plus avec les logiciels fournis, passez des appels vid\u00e9os en 720p, t\u00e9l\u00e9chargez votre dernier clip vid\u00e9o sur Facebook, Twitter ou YouTube en un clic et retouchez vos photos et vos vid\u00e9os pour mieux les mettre en valeur.<\/p>\n<p>La Logitech HD Webcam C525 est id\u00e9ale pour communiquer sans contraintes et de mani\u00e8re plus vivante !<\/p>\n<table border=\"0\" width=\"100%\" cellspacing=\"1\" cellpadding=\"1\">\n<tbody>\n<tr>\n<td>\n<h2>DES APPELS VID\u00c9O EN HD 720P<\/h2>\n<div>\nAvec la Logitech HD Webcam C525, b\u00e9n\u00e9ficiez de\u00a0<strong>vid\u00e9os HD 720p<\/strong>\u00a0sur les principales applications de messagerie instantan\u00e9e prenant en charge les appels vid\u00e9o HD. Avec la\u00a0<strong>mise au point automatique<\/strong>,\u00a0que vos enfants n&#8217;arr\u00eatent pas de bouger ou que vous essayiez de capturer vos derniers pas de danse, la webcam 525 offre\u00a0<strong>des images d&#8217;une nettet\u00e9 irr\u00e9prochable<\/strong>. La mise au point automatique \u00e0 20 paliers est plus r\u00e9active, plus sensible, plus intelligente.\u00a0Gr\u00e2ce \u00e0 la\u00a0<strong>technologie More HD<\/strong>, cette webcam C525 ne compresse pas la vid\u00e9o pendant vos appels pour vous offrir une image HD claire. Votre ordinateur, qu&#8217;il soit r\u00e9cent ou ancien fonctionnera plus efficacement.<\/p>\n<p>Vous pouvez \u00e9galement prendre des clich\u00e9s haute r\u00e9solution de 8 MP avec la Logitech HD Webcam C525.<\/p><\/div>\n<\/td>\n<td width=\"450\"><img decoding=\"async\" src=\"https:\/\/media.ldlc.com\/bo\/images\/fiches\/webcam\/logitech\/c525\/1.jpg\" alt=\"\" \/><\/td>\n<\/tr>\n<\/tbody>\n<\/table>\n<p>&nbsp;<\/p>\n<table border=\"0\" width=\"100%\" cellspacing=\"1\" cellpadding=\"1\">\n<tbody>\n<tr>\n<td width=\"450\"><img decoding=\"async\" src=\"https:\/\/media.ldlc.com\/bo\/images\/fiches\/webcam\/logitech\/c525\/2.jpg\" alt=\"\" \/><\/td>\n<td>\n<h2>IMPRESSIONNEZ VOS AMIS<\/h2>\n<div>\nAvec son microphone int\u00e9gr\u00e9 et la\u00a0<strong>technologie RightSound<\/strong>, appr\u00e9ciez le confort des conversations sans \u00e9cho ni bruit de fond avec la Logitech HD Webcam C525. Quant \u00e0 la\u00a0<strong>technologie RightLight 2<\/strong>, effectuez des appels m\u00eame dans le noir ! Gr\u00e2ce \u00e0 la cam\u00e9ra intelligente, cette derni\u00e8re s&#8217;adapte automatiquement \u00e0 la luminosit\u00e9 pour produire des images d&#8217;une qualit\u00e9 optimale.<\/p>\n<p>Disposant \u00e9galement de la\u00a0<strong>reconnaissance faciale<\/strong>, vous gagnez du temps lors de vos connexions \u00e0 vos sites favoris.<\/div>\n<\/td>\n<\/tr>\n<\/tbody>\n<\/table>\n<p>&nbsp;<\/p>\n<h2>CARACT\u00c9RISTIQUES PRINCIPALES :<\/h2>\n<ul>\n<li><strong>Appels vid\u00e9o haute d\u00e9finition (1280\u00a0x\u00a0720\u00a0pixels)<\/strong><\/li>\n<li>Capture vid\u00e9o HD: jusqu&#8217;\u00e0 1280\u00a0x\u00a0720\u00a0pixels<\/li>\n<li><strong>Technologie Logitech Fluid Crystal<\/strong><\/li>\n<li>Mise au point automatique<\/li>\n<li>Photos : jusqu&#8217;\u00e0 8\u00a0m\u00e9gapixels (avec interpolation logicielle)<\/li>\n<li><strong>Microphone int\u00e9gr\u00e9, dot\u00e9 de la technologie Logitech RightSound<\/strong><\/li>\n<li>Certifi\u00e9e USB\u00a02.0<\/li>\n<li>Clip universel pour ordinateurs portables et \u00e9crans LCD ou CRT<\/li>\n<\/ul>\n","protected":false},"excerpt":{"rendered":"<ul>\n<li><strong>Appels vid\u00e9o haute d\u00e9finition (1280\u00a0x\u00a0720\u00a0pixels)<\/strong><\/li>\n<li>Capture vid\u00e9o HD: jusqu&#8217;\u00e0 1280\u00a0x\u00a0720\u00a0pixels<\/li>\n<li><strong>Technologie Logitech Fluid Crystal<\/strong><\/li>\n<li>Mise au point automatique<\/li>\n<li>Photos : jusqu&#8217;\u00e0 8\u00a0m\u00e9gapixels (avec interpolation logicielle)<\/li>\n<li><strong>Microphone int\u00e9gr\u00e9, dot\u00e9 de la technologie Logitech RightSound<\/strong><\/li>\n<li>Certifi\u00e9e USB\u00a02.0<\/li>\n<li>Clip universel pour ordinateurs portables et \u00e9crans LCD ou CRT<\/li>\n<\/ul>\n","protected":false},"featured_media":9279,"comment_status":"open","ping_status":"closed","template":"","meta":{"_acf_changed":false,"_monsterinsights_skip_tracking":false,"_monsterinsights_sitenote_active":false,"_monsterinsights_sitenote_note":"","_monsterinsights_sitenote_category":0,"_uf_show_specific_survey":0,"_uf_disable_surveys":false,"_joinchat":[]},"product_brand":[],"product_cat":[246,338],"product_tag":[],"class_list":{"0":"post-9278","1":"product","2":"type-product","3":"status-publish","4":"has-post-thumbnail","6":"product_cat-peripherique","7":"product_cat-webcam","9":"first","10":"instock","11":"sale","12":"shipping-taxable","13":"purchasable","14":"product-type-simple"},"acf":[],"jetpack_sharing_enabled":true,"_links":{"self":[{"href":"https:\/\/digistar.ma\/index.php?rest_route=\/wp\/v2\/product\/9278","targetHints":{"allow":["GET"]}}],"collection":[{"href":"https:\/\/digistar.ma\/index.php?rest_route=\/wp\/v2\/product"}],"about":[{"href":"https:\/\/digistar.ma\/index.php?rest_route=\/wp\/v2\/types\/product"}],"replies":[{"embeddable":true,"href":"https:\/\/digistar.ma\/index.php?rest_route=%2Fwp%2Fv2%2Fcomments&post=9278"}],"version-history":[{"count":1,"href":"https:\/\/digistar.ma\/index.php?rest_route=\/wp\/v2\/product\/9278\/revisions"}],"predecessor-version":[{"id":9283,"href":"https:\/\/digistar.ma\/index.php?rest_route=\/wp\/v2\/product\/9278\/revisions\/9283"}],"wp:featuredmedia":[{"embeddable":true,"href":"https:\/\/digistar.ma\/index.php?rest_route=\/wp\/v2\/media\/9279"}],"wp:attachment":[{"href":"https:\/\/digistar.ma\/index.php?rest_route=%2Fwp%2Fv2%2Fmedia&parent=9278"}],"wp:term":[{"taxonomy":"product_brand","embeddable":true,"href":"https:\/\/digistar.ma\/index.php?rest_route=%2Fwp%2Fv2%2Fproduct_brand&post=9278"},{"taxonomy":"product_cat","embeddable":true,"href":"https:\/\/digistar.ma\/index.php?rest_route=%2Fwp%2Fv2%2Fproduct_cat&post=9278"},{"taxonomy":"product_tag","embeddable":true,"href":"https:\/\/digistar.ma\/index.php?rest_route=%2Fwp%2Fv2%2Fproduct_tag&post=9278"}],"curies":[{"name":"wp","href":"https:\/\/api.w.org\/{rel}","templated":true}]}}