{"id":9284,"date":"2023-09-26T10:50:19","date_gmt":"2023-09-26T10:50:19","guid":{"rendered":"https:\/\/digistar.ma\/?post_type=product&#038;p=9284"},"modified":"2023-09-26T10:50:20","modified_gmt":"2023-09-26T10:50:20","slug":"manette-sans-fil-logitech-g-f710-940-000142","status":"publish","type":"product","link":"https:\/\/digistar.ma\/?product=manette-sans-fil-logitech-g-f710-940-000142","title":{"rendered":"Manette sans fil Logitech G F710 (940-000142)"},"content":{"rendered":"<h2><strong>Manette sans fil Logitech G F710 (940-000142)<\/strong><\/h2>\n<p>D\u00e9couvrez la libert\u00e9 du jeu sans fil avec la manette F710 ! Branchez simplement le nano-r\u00e9cepteur sur un port USB pour une connexion rapide et fiable en 2,4 GHz, sans d\u00e9calage ni interf\u00e9rence. Profitez de moteurs doubles \u00e0 retour de vibrations pour une exp\u00e9rience immersive et d&#8217;une prise en charge de nombreux jeux gr\u00e2ce aux modes XInput\/DirectInput. Naviguez sur Steam avec le mode Big Picture et b\u00e9n\u00e9ficiez d&#8217;une croix directionnelle optimis\u00e9e pour un contr\u00f4le pr\u00e9cis. Compatible\u00a0<sup><a href=\"https:\/\/www.iris.ma\/15486-manette-sans-fil-logitech-g-f710-940-000142.html\" target=\"_blank\" rel=\"noopener\">1<\/a><\/sup>\u00a0avec Android TV, la F710 offre une installation et utilisation ais\u00e9es, une programmation int\u00e9grale des boutons et une prise en main confortable gr\u00e2ce \u00e0 son rev\u00eatement en caoutchouc.<\/p>\n<p>Le gamepad Logitech F710 Wireless Gamepad utilise une connexion sans fil \u00e0 2,4 GHz, fiable et puissante, associ\u00e9e au double retour de vibrations qui vous fait ressentir chaque impact, chaque collision et chaque explosion dans vos jeux sur PC<\/p>\n<h2><strong>Manette sans fil Logitech G F710 (940-000142)<\/strong><\/h2>\n<div class=\"logo\"><a href=\"https:\/\/www.ldlc.com\/logitech-g\/bint000038644\/\" rel=\"nofollow noopener\" target=\"_blank\"><img decoding=\"async\" src=\"https:\/\/media.ldlc.com\/v3\/marque\/bo\/00\/05\/88\/13\/V30005881352_2.jpg\" alt=\"Logitech G\" \/><\/a><\/div>\n<div id=\"description\" class=\"description\">\n<div><img fetchpriority=\"high\" decoding=\"async\" src=\"https:\/\/media.ldlc.com\/bo\/images\/fiches\/joystick\/logitech\/f710\/header1.jpg\" alt=\"\" width=\"650\" height=\"270\" \/><\/div>\n<div>\nRessentez toute l&#8217;action avec le gamepad\u00a0<strong>Logitech F710 Wireless Gamepad<\/strong>\u00a0qui vous offre le retour de vibrations, une prise en charge \u00e9tendue des jeux, des commandes personnalisables et une disposition traditionnelle. Le F710 utilise une connexion sans fil \u00e0 2,4 GHz, fiable et puissante, associ\u00e9e au double retour de vibrations qui vous fait ressentir chaque impact, chaque collision et chaque explosion.\u00a0Les diff\u00e9rents modes disponibles vous permettent de profiter de l&#8217;exp\u00e9rience du jeu sur console sur votre ordinateur avec la prise en charge du plus grand nombre de jeux.<\/p>\n<p>Son design de contr\u00f4leur traditionnel vous permet de rester totalement concentr\u00e9 sur le jeu. Sa conception flottante unique am\u00e9liore la r\u00e9activit\u00e9 de la croix multidirectionnelle aux changements rapides de direction, tandis que son rev\u00eatement en caoutchouc ajoute une touche de confort suppl\u00e9mentaire \u00e0 votre exp\u00e9rience de jeu.<\/p><\/div>\n<\/div>\n<p>&nbsp;<\/p>\n","protected":false},"excerpt":{"rendered":"<h2><strong>Manette sans fil Logitech G F710 (940-000142)<\/strong><\/h2>\n<p><span class=\"d9FyLd\"><b>Manette sans fil<\/b>\u00a0pour PC<\/span><\/p>\n<p><span class=\"hgKElc\">Le gamepad\u00a0<b>Logitech F710<\/b>\u00a0Wireless Gamepad utilise une connexion\u00a0<b>sans fil<\/b>\u00a0\u00e0 2,4 GHz, fiable et puissante, associ\u00e9e au double retour de vibrations qui vous fait ressentir chaque impact, chaque collision et chaque explosion dans vos jeux sur PC<\/span><\/p>\n","protected":false},"featured_media":9285,"comment_status":"open","ping_status":"closed","template":"","meta":{"_acf_changed":false,"_monsterinsights_skip_tracking":false,"_monsterinsights_sitenote_active":false,"_monsterinsights_sitenote_note":"","_monsterinsights_sitenote_category":0,"_uf_show_specific_survey":0,"_uf_disable_surveys":false,"_joinchat":[]},"product_brand":[],"product_cat":[297],"product_tag":[],"class_list":{"0":"post-9284","1":"product","2":"type-product","3":"status-publish","4":"has-post-thumbnail","6":"product_cat-gaming","8":"first","9":"instock","10":"sale","11":"shipping-taxable","12":"purchasable","13":"product-type-simple"},"acf":[],"jetpack_sharing_enabled":true,"_links":{"self":[{"href":"https:\/\/digistar.ma\/index.php?rest_route=\/wp\/v2\/product\/9284","targetHints":{"allow":["GET"]}}],"collection":[{"href":"https:\/\/digistar.ma\/index.php?rest_route=\/wp\/v2\/product"}],"about":[{"href":"https:\/\/digistar.ma\/index.php?rest_route=\/wp\/v2\/types\/product"}],"replies":[{"embeddable":true,"href":"https:\/\/digistar.ma\/index.php?rest_route=%2Fwp%2Fv2%2Fcomments&post=9284"}],"version-history":[{"count":1,"href":"https:\/\/digistar.ma\/index.php?rest_route=\/wp\/v2\/product\/9284\/revisions"}],"predecessor-version":[{"id":9289,"href":"https:\/\/digistar.ma\/index.php?rest_route=\/wp\/v2\/product\/9284\/revisions\/9289"}],"wp:featuredmedia":[{"embeddable":true,"href":"https:\/\/digistar.ma\/index.php?rest_route=\/wp\/v2\/media\/9285"}],"wp:attachment":[{"href":"https:\/\/digistar.ma\/index.php?rest_route=%2Fwp%2Fv2%2Fmedia&parent=9284"}],"wp:term":[{"taxonomy":"product_brand","embeddable":true,"href":"https:\/\/digistar.ma\/index.php?rest_route=%2Fwp%2Fv2%2Fproduct_brand&post=9284"},{"taxonomy":"product_cat","embeddable":true,"href":"https:\/\/digistar.ma\/index.php?rest_route=%2Fwp%2Fv2%2Fproduct_cat&post=9284"},{"taxonomy":"product_tag","embeddable":true,"href":"https:\/\/digistar.ma\/index.php?rest_route=%2Fwp%2Fv2%2Fproduct_tag&post=9284"}],"curies":[{"name":"wp","href":"https:\/\/api.w.org\/{rel}","templated":true}]}}