{"id":9290,"date":"2023-09-26T11:07:15","date_gmt":"2023-09-26T11:07:15","guid":{"rendered":"https:\/\/digistar.ma\/?post_type=product&#038;p=9290"},"modified":"2023-09-26T11:38:53","modified_gmt":"2023-09-26T11:38:53","slug":"souris-gaming-sans-fil-logitech-g305-lightspeed-910-005282","status":"publish","type":"product","link":"https:\/\/digistar.ma\/?product=souris-gaming-sans-fil-logitech-g305-lightspeed-910-005282","title":{"rendered":"Souris gaming sans fil Logitech G305 LIGHTSPEED (910-005282)"},"content":{"rendered":"<h2 class=\"h1 productpage_title\">Souris gaming sans fil Logitech G305 LIGHTSPEED (910-005282)<\/h2>\n<p>Profitez d&#8217;une exp\u00e9rience sans fil incroyable gr\u00e2ce \u00e0 la technologie sans fil Lightspeed de la Logitech G305 Lightspeed Wireless Gaming Mouse. En effet, cette derni\u00e8re vous offre des performances sans fil de niveau professionnel et une fiabilit\u00e9 in\u00e9gal\u00e9e.<\/p>\n<h2 class=\"h2-master\">Une nouvelle g\u00e9n\u00e9ration de souris sans fil<\/h2>\n<section>Profitez d&#8217;une exp\u00e9rience sans fil incroyable gr\u00e2ce \u00e0 la technologie sans fil Lightspeed de la\u00a0<strong>Logitech G305 Lightspeed Wireless Gaming Mouse<\/strong>. En effet, cette derni\u00e8re vous offre des performances sans fil de niveau professionnel et une fiabilit\u00e9 in\u00e9gal\u00e9e surpassant m\u00eame certaines des meilleures souris gaming filaire. Dot\u00e9e du capteur HERO, vous allez connaitre une pr\u00e9cision exceptionnelle gr\u00e2ce \u00e0 sa sensibilit\u00e9 pouvant aller jusqu&#8217;\u00e0 12 000 dpi.De plus, son design ergonomique est con\u00e7u pour s&#8217;adapter parfaitement \u00e0 votre main afin que vous puissiez jouer des heures sans la moindre g\u00eane.<\/p>\n<\/section>\n<section>\n<div class=\"desc-image\"><img decoding=\"async\" src=\"https:\/\/media.ldlc.com\/bo\/images\/fiches\/souris\/logitech\/g305\/4.jpg\" alt=\"\" \/><\/div>\n<div class=\"desc-text\">\n<h2>TECHNOLOGIE SANS FIL LIGHTSPEED<\/h2>\n<p>Lors des combats intensifs, la latence peut devenir un facteur d\u00e9cisif de la victoire ou de la d\u00e9faite. La souris Logitech G305 Lightspeed Wireless Gaming Mouse est \u00e9quip\u00e9e de la technologie sans fil Lightspeed qui offre un taux de rapport d&#8217;une milliseconde et\u00a0<strong>une connexion sans fil hautement optimis\u00e9e<\/strong>\u00a0pour vous permettre de remporter un duel crucial lors de vos parties endiabl\u00e9es.<\/p>\n<p>Et avec une\u00a0<strong>autonomie des piles pouvant atteindre 250 heures<\/strong>, vous n&#8217;aurez plus aucune excuse pour ne pas remporter la partie.<\/p>\n<\/div>\n<\/section>\n<section>\n<div class=\"desc-text\">\n<h2>UN CAPTEUR OPTIQUE NOUVELLE G\u00c9N\u00c9RATION<\/h2>\n<p>La souris Logitech G603 Lightspeed Wireless Gaming Mouse embarque le\u00a0<strong>nouveau capteur optique r\u00e9volutionnaire HERO<\/strong>\u00a0de chez Logitech. Il ne g\u00e9n\u00e8re ni lissage, ni filtrage, ni acc\u00e9l\u00e9ration sur l&#8217;ensemble de sa plage de dpi (100 &#8211; 12 000) et offre donc\u00a0<strong>une pr\u00e9cision in\u00e9gal\u00e9e et une r\u00e9activit\u00e9 homog\u00e8ne \u00e0 n&#8217;importe quelle vitesse<\/strong>.<\/p>\n<p>Le syst\u00e8me avanc\u00e9 de tension de bouton avec boutons s\u00e9par\u00e9s garantit une meilleure uniformit\u00e9 entre les boutons gauche et droit et aide \u00e0 r\u00e9duire la force n\u00e9cessaire pour cliquer. Chaque clic est ainsi plus net et plus fiable, m\u00eame dans les sessions de gaming les plus intenses.<\/p>\n<\/div>\n<div class=\"desc-image\"><img decoding=\"async\" src=\"https:\/\/media.ldlc.com\/bo\/images\/fiches\/souris\/logitech\/g305\/5.jpg\" alt=\"\" \/><\/div>\n<\/section>\n<section>\n<div class=\"desc-image\"><img decoding=\"async\" src=\"https:\/\/media.ldlc.com\/bo\/images\/fiches\/souris\/logitech\/g305\/6.jpg\" alt=\"\" \/><\/div>\n<div class=\"desc-text\">\n<h2>UNE SOURIS FLEXIBLE ET SIMPLE<\/h2>\n<p>Avec\u00a0<strong>6 boutons programmables<\/strong>, la souris\u00a0Logitech G305 Lightspeed Wireless Gaming Mouse peut \u00eatre enti\u00e8rement configur\u00e9e en fonction de vos besoins. Vous allez ainsi pouvoir programmer des macros, des s\u00e9quences de clics et de touches pour simplifier les actions en cours de partie et ex\u00e9cuter rapidement des t\u00e2ches complexes.<\/p>\n<p><strong>Con\u00e7ue pour \u00eatre confortable gr\u00e2ce \u00e0 sa forme l\u00e9g\u00e8re (99 grammes), profil\u00e9e et ergonomique<\/strong>, la\u00a0Logitech G305 Lightspeed Wireless Gaming Mouse sera un partenaire de choix pour remporter vos nombreuses batailles.<\/p>\n<\/div>\n<\/section>\n<section class=\"list\">\n<h2>CARACT\u00c9RISTIQUES PRINCIPALES :<\/h2>\n<ul>\n<li>Un capteur optique haute pr\u00e9cision\u00a0<strong>HERO 12000 dpi<\/strong><\/li>\n<li><strong>Acc\u00e9l\u00e9ration max :<\/strong>\u00a040 G<\/li>\n<li><b>T<\/b><b>echnologie sans fil exclusive Lightspeed pour des performances in\u00e9gal\u00e9es<\/b><\/li>\n<li>Six boutons programmables<\/li>\n<li>Syst\u00e8me avanc\u00e9 de tension de bouton<\/li>\n<li>M\u00e9moire int\u00e9gr\u00e9e pour enregistrer vos param\u00e8tres<\/li>\n<li>Autonomie exceptionnelle pouvant atteindre\u00a0<strong>250 heures<\/strong><\/li>\n<li>Dimensions : 116.6 x 62.15 x 38.2 mm<\/li>\n<li>Poids : 99 g<\/li>\n<\/ul>\n<\/section>\n","protected":false},"excerpt":{"rendered":"<ul>\n<li>Un capteur optique haute pr\u00e9cision\u00a0<strong>HERO 12000 dpi<\/strong><\/li>\n<li><strong>Acc\u00e9l\u00e9ration max :<\/strong>\u00a040 G<\/li>\n<li><b>T<\/b><b>echnologie sans fil exclusive Lightspeed pour des performances in\u00e9gal\u00e9es<\/b><\/li>\n<li>Six boutons programmables<\/li>\n<li>Syst\u00e8me avanc\u00e9 de tension de bouton<\/li>\n<li>M\u00e9moire int\u00e9gr\u00e9e pour enregistrer vos param\u00e8tres<\/li>\n<li>Autonomie exceptionnelle pouvant atteindre\u00a0<strong>250 heures<\/strong><\/li>\n<li>Dimensions : 116.6 x 62.15 x 38.2 mm<\/li>\n<li>Poids : 99 g<\/li>\n<\/ul>\n","protected":false},"featured_media":9291,"comment_status":"open","ping_status":"closed","template":"","meta":{"_acf_changed":false,"_monsterinsights_skip_tracking":false,"_monsterinsights_sitenote_active":false,"_monsterinsights_sitenote_note":"","_monsterinsights_sitenote_category":0,"_uf_show_specific_survey":0,"_uf_disable_surveys":false,"_joinchat":[]},"product_brand":[],"product_cat":[246,297,263,323],"product_tag":[],"class_list":{"0":"post-9290","1":"product","2":"type-product","3":"status-publish","4":"has-post-thumbnail","6":"product_cat-peripherique","7":"product_cat-gaming","8":"product_cat-souris-clavier","9":"product_cat-souris-sans-fil","11":"first","12":"instock","13":"sale","14":"shipping-taxable","15":"purchasable","16":"product-type-simple"},"acf":[],"jetpack_sharing_enabled":true,"_links":{"self":[{"href":"https:\/\/digistar.ma\/index.php?rest_route=\/wp\/v2\/product\/9290","targetHints":{"allow":["GET"]}}],"collection":[{"href":"https:\/\/digistar.ma\/index.php?rest_route=\/wp\/v2\/product"}],"about":[{"href":"https:\/\/digistar.ma\/index.php?rest_route=\/wp\/v2\/types\/product"}],"replies":[{"embeddable":true,"href":"https:\/\/digistar.ma\/index.php?rest_route=%2Fwp%2Fv2%2Fcomments&post=9290"}],"version-history":[{"count":2,"href":"https:\/\/digistar.ma\/index.php?rest_route=\/wp\/v2\/product\/9290\/revisions"}],"predecessor-version":[{"id":9305,"href":"https:\/\/digistar.ma\/index.php?rest_route=\/wp\/v2\/product\/9290\/revisions\/9305"}],"wp:featuredmedia":[{"embeddable":true,"href":"https:\/\/digistar.ma\/index.php?rest_route=\/wp\/v2\/media\/9291"}],"wp:attachment":[{"href":"https:\/\/digistar.ma\/index.php?rest_route=%2Fwp%2Fv2%2Fmedia&parent=9290"}],"wp:term":[{"taxonomy":"product_brand","embeddable":true,"href":"https:\/\/digistar.ma\/index.php?rest_route=%2Fwp%2Fv2%2Fproduct_brand&post=9290"},{"taxonomy":"product_cat","embeddable":true,"href":"https:\/\/digistar.ma\/index.php?rest_route=%2Fwp%2Fv2%2Fproduct_cat&post=9290"},{"taxonomy":"product_tag","embeddable":true,"href":"https:\/\/digistar.ma\/index.php?rest_route=%2Fwp%2Fv2%2Fproduct_tag&post=9290"}],"curies":[{"name":"wp","href":"https:\/\/api.w.org\/{rel}","templated":true}]}}