{"id":9330,"date":"2023-10-04T15:53:33","date_gmt":"2023-10-04T15:53:33","guid":{"rendered":"https:\/\/digistar.ma\/?post_type=product&#038;p=9330"},"modified":"2025-08-01T23:44:23","modified_gmt":"2025-08-01T23:44:23","slug":"epson-ecotank-l15150-imprimante-a3-multifonction-a-reservoirs-rechargeables","status":"publish","type":"product","link":"https:\/\/digistar.ma\/?product=epson-ecotank-l15150-imprimante-a3-multifonction-a-reservoirs-rechargeables","title":{"rendered":"Epson EcoTank L15150 Imprimante A3+ multifonction \u00e0 r\u00e9servoirs rechargeables"},"content":{"rendered":"<p><strong>Epson EcoTank L15150 Imprimante A3+ multifonction \u00e0 r\u00e9servoirs rechargeables<\/strong><\/p>\n<div class=\"briefdescription\">Imprimez, num\u00e9risez, copiez et faxez au format A3+ avec cet EcoTank rapide et riche en fonctionnalit\u00e9s.\u00a0Il offre un faible co\u00fbt par page, une capacit\u00e9 de bac de 550 feuilles et un chargeur automatique de documents de 50 feuilles.<\/div>\n<div class=\"highlights\">\n<ul>\n<li>Impression et num\u00e9risation rapides<\/li>\n<li>Faible co\u00fbt par page<\/li>\n<li>Impression, num\u00e9risation et t\u00e9l\u00e9copie A3+<\/li>\n<\/ul>\n<\/div>\n<div class=\"introtext\">Cet EcoTank riche en fonctionnalit\u00e9s prend en charge les t\u00e2ches A3+, tout en offrant un faible co\u00fbt par page.\u00a0Les travaux A3+ peuvent \u00eatre r\u00e9alis\u00e9s rapidement gr\u00e2ce \u00e0 des vitesses d&#8217;impression et de num\u00e9risation rapides, deux bacs avant de 250 feuilles, une alimentation arri\u00e8re de 50 feuilles et un chargeur ADF A3 de 50 feuilles.\u00a0Imprimez comme vous le souhaitez gr\u00e2ce \u00e0 l&#8217;impression mobile, \u00e0 Ethernet et \u00e0 un \u00e9cran tactile LCD de 10,9 cm avec touches mat\u00e9rielles.<\/div>\n<div>\n<p><strong>Faites-en plus en moins de temps<\/strong><br \/>\nObtenez l&#8217;avantage avec cette imprimante rapide et efficace qui peut produire une premi\u00e8re page en seulement 5\u00bd secondes .\u00a0Associ\u00e9 \u00e0 une impression recto verso rapide et \u00e0 un chargeur automatique de documents \u00e0 grande vitesse, vous pourrez acc\u00e9l\u00e9rer vos t\u00e2ches quotidiennes.<\/p>\n<p><strong>EcoTank A3 riche en fonctionnalit\u00e9s<\/strong><br \/>\nLe L15150 est con\u00e7u pour les t\u00e2ches A3 avec impression, num\u00e9risation, copie et t\u00e9l\u00e9copie A3+.\u00a0Il est facile de naviguer parmi la vaste gamme de fonctionnalit\u00e9s via l&#8217;\u00e9cran tactile LCD de 10,9 cm et les touches mat\u00e9rielles.<\/p>\n<p><strong>Continuez \u00e0 \u00e9conomiser<\/strong><br \/>\nEn offrant un co\u00fbt par page incroyablement bas, vous pouvez \u00e9conomiser plus de 50 % en moyenne en 3 ans par rapport aux mod\u00e8les de cartouches d&#8217;encre A3 4 en 1 2\u00a0<sup>et<\/sup> r\u00e9duire les co\u00fbts d&#8217;encre jusqu&#8217;\u00e0 90 %\u00a0gr\u00e2ce \u00e0 sa conception innovante.<\/p>\n<p><strong>Mettre fin aux interruptions<\/strong><br \/>\nCet EcoTank peut imprimer des milliers de pages avant d&#8217;avoir besoin de plus d&#8217;encre, tandis que les deux bacs papier A3 offrent une capacit\u00e9 de 500 feuilles.\u00a0Lib\u00e9rez-vous du chargement manuel des pages gr\u00e2ce \u00e0 un g\u00e9n\u00e9reux chargeur arri\u00e8re de 50 feuilles et \u00e0 un chargeur automatique de documents A3.<\/p>\n<p><strong>Imprimez depuis presque n&#8217;importe o\u00f9<\/strong><br \/>\nIl est facile d&#8217;imprimer \u00e0 partir de mobiles, de tablettes et d&#8217;ordinateurs portables gr\u00e2ce \u00e0 EcoTank.\u00a0Avec Wi-Fi et Wi-Fi Direct, vous pouvez envoyer des documents \u00e0 imprimer \u00e0 partir d&#8217;appareils intelligents \u00e0 l&#8217;aide de l&#8217;application Epson iPrint .<\/p>\n<p><strong>Facile \u00e0 utiliser et fiable<\/strong><br \/>\nLe remplissage des grands r\u00e9servoirs d&#8217;encre avant est simple gr\u00e2ce aux bouteilles d&#8217;encre refermables, intuitives et sans gouttes. La t\u00eate d&#8217;impression PrecisionCore sans chaleur est r\u00e9put\u00e9e pour sa vitesse, sa qualit\u00e9, sa fiabilit\u00e9 et son efficacit\u00e9, et durera toute la dur\u00e9e de vie de l&#8217;imprimante. imprimante.<\/p>\n<h2>Principales caract\u00e9ristiques Epson EcoTank L15150 Imprimante A3+ multifonction \u00e0 r\u00e9servoirs rechargeables<\/h2>\n<div class=\"bullets\">\n<ul>\n<li><strong>Vitesses d&#8217;impression et de num\u00e9risation ultra-rapides<\/strong><br \/>\nJusqu&#8217;\u00e0 25\u00a0<sup>ipm1<\/sup><\/li>\n<li><strong>Co\u00fbt par page ultra-faible<\/strong><br \/>\nSyst\u00e8me de r\u00e9servoir d&#8217;encre \u00e9conomique<\/li>\n<li><strong>R\u00e9servoir d&#8217;encre frontal facile \u00e0 utiliser<\/strong><br \/>\nProfitez de recharges faciles et sans d\u00e9g\u00e2ts gr\u00e2ce aux bouteilles d&#8217;encre am\u00e9lior\u00e9es<\/li>\n<li><strong>Impression mobile et connectivit\u00e9<\/strong><br \/>\nWi-Fi, Wi-Fi Direct, Ethernet et applications d&#8217;impression mobile gratuites<\/li>\n<li><strong>Con\u00e7u pour les entreprises<\/strong><br \/>\nmultifonctions A3+, 2 bacs avant A3 de 250 feuilles, ADF A3 de 50 feuilles<\/li>\n<\/ul>\n<\/div>\n<\/div>\n","protected":false},"excerpt":{"rendered":"<p>Impression, Num\u00e9risation, Copie, T\u00e9l\u00e9copie<br \/>\nLivr\u00e9e avec encre noire jusqu&#8217;\u00e0 4500 pages et 2800 pages en couleur<br \/>\nVitesse d&#8217;impression noir: 32 pages\/min (25 pages\/min en norme ISO)<br \/>\nVitesse d&#8217;impression couleur: 22 pages\/min (12 pages\/min en norme ISO)<br \/>\nQualit\u00e9 d&#8217;impression couleur: 4.800 x 2.400 DPI (ppp)<br \/>\nImpression recto\/verso: Automatique<br \/>\nFonctionne avec: 4 R\u00e9servoirs (noir, cyan, magenta, jaune)<br \/>\nConnectivit\u00e9: USB, Ethernet, Wi-Fi, Wi-Fi Direct,\u00a0Port USB<\/p>\n","protected":false},"featured_media":9332,"comment_status":"open","ping_status":"closed","template":"","meta":{"_acf_changed":false,"_monsterinsights_skip_tracking":false,"_monsterinsights_sitenote_active":false,"_monsterinsights_sitenote_note":"","_monsterinsights_sitenote_category":0,"_uf_show_specific_survey":0,"_uf_disable_surveys":false,"_joinchat":[]},"product_brand":[],"product_cat":[15,380,253,265,266],"product_tag":[],"class_list":{"0":"post-9330","1":"product","2":"type-product","3":"status-publish","4":"has-post-thumbnail","6":"product_cat-imprimante-scanner","7":"product_cat-epson","8":"product_cat-imprimante","9":"product_cat-imprimante-a-reservoirs-rechargeables","10":"product_cat-multifonction-jet-dencre","12":"first","13":"instock","14":"sale","15":"shipping-taxable","16":"purchasable","17":"product-type-simple"},"acf":[],"jetpack_sharing_enabled":true,"_links":{"self":[{"href":"https:\/\/digistar.ma\/index.php?rest_route=\/wp\/v2\/product\/9330","targetHints":{"allow":["GET"]}}],"collection":[{"href":"https:\/\/digistar.ma\/index.php?rest_route=\/wp\/v2\/product"}],"about":[{"href":"https:\/\/digistar.ma\/index.php?rest_route=\/wp\/v2\/types\/product"}],"replies":[{"embeddable":true,"href":"https:\/\/digistar.ma\/index.php?rest_route=%2Fwp%2Fv2%2Fcomments&post=9330"}],"version-history":[{"count":4,"href":"https:\/\/digistar.ma\/index.php?rest_route=\/wp\/v2\/product\/9330\/revisions"}],"predecessor-version":[{"id":9338,"href":"https:\/\/digistar.ma\/index.php?rest_route=\/wp\/v2\/product\/9330\/revisions\/9338"}],"wp:featuredmedia":[{"embeddable":true,"href":"https:\/\/digistar.ma\/index.php?rest_route=\/wp\/v2\/media\/9332"}],"wp:attachment":[{"href":"https:\/\/digistar.ma\/index.php?rest_route=%2Fwp%2Fv2%2Fmedia&parent=9330"}],"wp:term":[{"taxonomy":"product_brand","embeddable":true,"href":"https:\/\/digistar.ma\/index.php?rest_route=%2Fwp%2Fv2%2Fproduct_brand&post=9330"},{"taxonomy":"product_cat","embeddable":true,"href":"https:\/\/digistar.ma\/index.php?rest_route=%2Fwp%2Fv2%2Fproduct_cat&post=9330"},{"taxonomy":"product_tag","embeddable":true,"href":"https:\/\/digistar.ma\/index.php?rest_route=%2Fwp%2Fv2%2Fproduct_tag&post=9330"}],"curies":[{"name":"wp","href":"https:\/\/api.w.org\/{rel}","templated":true}]}}