{"id":9345,"date":"2023-10-05T16:17:21","date_gmt":"2023-10-05T16:17:21","guid":{"rendered":"https:\/\/digistar.ma\/?post_type=product&#038;p=9345"},"modified":"2023-10-05T16:17:21","modified_gmt":"2023-10-05T16:17:21","slug":"casque-gaming-bluetooth-sans-fil-ultra-leger-logitech-g435-981-001050","status":"publish","type":"product","link":"https:\/\/digistar.ma\/?product=casque-gaming-bluetooth-sans-fil-ultra-leger-logitech-g435-981-001050","title":{"rendered":"Casque gaming Bluetooth sans fil ultra-l\u00e9ger Logitech G435 (981-001050)"},"content":{"rendered":"<h4><strong>Casque gaming Bluetooth sans fil ultra-l\u00e9ger Logitech G435 (981-001050)<\/strong><\/h4>\n<p>Proposant un son immersif gr\u00e2ce \u00e0 des \u00e9couteurs de 40 mm, le casque gaming Logitech G G435\u00a0vous permet de prendre un avantage certain sur vos adversaires. L\u00e9ger, il est dot\u00e9 de la technologie sans fil Lightspeed et offre une connexion Bluetooth \u00e0 faible latence.<\/p>\n<h4 class=\"h2-master\">Un casque sans fil confortable<\/h4>\n<section>Proposant un son immersif gr\u00e2ce \u00e0 des \u00e9couteurs de 40 mm, le casque gaming\u00a0<strong>Logitech G G435<\/strong>\u00a0vous permet de prendre un avantage certain sur vos adversaires. L\u00e9ger, il est dot\u00e9 de la technologie sans fil Lightspeed et offre une connexion Bluetooth \u00e0 faible latence afin de vous offrir plus de libert\u00e9 pour jouer. Et avec une batterie d&#8217;une autonomie de 18 heures, plus besoin de vous stopper pour recharger.<\/p>\n<p>Ce n&#8217;est pas tout, le Logitech G G435 est compatible PC, PlayStation 5\/4, Nintendo Switch et dispositifs mobiles pour une polyvalence compl\u00e8te.<\/p>\n<\/section>\n<section>\n<div class=\"desc-image\"><img decoding=\"async\" src=\"https:\/\/media.ldlc.com\/bo\/images\/fiches\/casque\/logitech\/g435\/1.jpg\" alt=\"\" \/><\/div>\n<div class=\"desc-text\">\n<h4>TECHNOLOGIE SANS FIL LIGHTSPEED<\/h4>\n<p>Le micro-casque Logitech G G435 est \u00e9quip\u00e9 de la\u00a0<strong>technologie sans fil Lightspeed<\/strong>\u00a0qui offre\u00a0<strong>une connexion sans fil hautement optimis\u00e9e jusqu&#8217;\u00e0 10 m\u00e8tres<\/strong>\u00a0afin d&#8217;\u00eatre libre de jouer o\u00f9 bon vous semble et \u00e0 votre mani\u00e8re. Et avec une\u00a0<strong>autonomie de la batterie\u00a0pouvant atteindre 18 heures<\/strong>, vous n&#8217;avez plus aucune excuse pour ne pas remporter la partie.<\/p>\n<p>De plus, gr\u00e2ce \u00e0 ses\u00a0<strong>transducteurs n\u00e9odyme de 40 mm<\/strong>, le casque Logitech G G435 offre un son clair et net qui donne une toute autre dimension \u00e0 votre jeu. En outre, il est \u00e9galement\u00a0<strong>compatible Dolby Atmos<\/strong>\u00a0et\u00a0<strong>Windows Sonic<\/strong>\u00a0pour une exp\u00e9rience surround incroyable.<\/p>\n<\/div>\n<\/section>\n<section class=\"list\">\n<h4>CARACT\u00c9RISTIQUES PRINCIPALES Casque gaming Bluetooth sans fil ultra-l\u00e9ger Logitech G435 (981-001050)<\/h4>\n<ul>\n<li><strong>Micro-casque sans fil pour gamer<\/strong><\/li>\n<li><strong>Technologie sans fil Lightspeed et Bluetooth<\/strong><\/li>\n<li><strong>Transducteurs 40 mm<\/strong>\u00a0pour une restitution sonore compl\u00e8te<\/li>\n<li>Oreillettes souples \u00e0 m\u00e9moire de forme<\/li>\n<li>Confortable m\u00eame apr\u00e8s de longues heures<\/li>\n<li>Deux microphones dot\u00e9s de la technologie Beamforming afin de r\u00e9duire les bruits de fond<\/li>\n<li><strong>Autonomie jusqu&#8217;\u00e0 18 heures<\/strong><\/li>\n<li>Compatible PC, PlayStation 4, PlayStation 5, Nintendo Switch et mobiles<\/li>\n<li>Poids : 165 g<\/li>\n<li>Certifi\u00e9 CarbonNeutral et compos\u00e9 d&#8217;au minimum 22% de plastique recycl\u00e9<\/li>\n<\/ul>\n<\/section>\n","protected":false},"excerpt":{"rendered":"<ul>\n<li><strong>Micro-casque sans fil pour gamer<\/strong><\/li>\n<li><strong>Technologie sans fil Lightspeed et Bluetooth<\/strong><\/li>\n<li><strong>Transducteurs 40 mm<\/strong>\u00a0pour une restitution sonore compl\u00e8te<\/li>\n<li>Oreillettes souples \u00e0 m\u00e9moire de forme<\/li>\n<li>Confortable m\u00eame apr\u00e8s de longues heures<\/li>\n<li>Deux microphones dot\u00e9s de la technologie Beamforming afin de r\u00e9duire les bruits de fond<\/li>\n<li><strong>Autonomie jusqu&#8217;\u00e0 18 heures<\/strong><\/li>\n<li>Compatible PC, PlayStation 4, PlayStation 5, Nintendo Switch et mobiles<\/li>\n<li>Poids : 165 g<\/li>\n<li>Certifi\u00e9 CarbonNeutral et compos\u00e9 d&#8217;au minimum 22% de plastique recycl\u00e9<\/li>\n<\/ul>\n","protected":false},"featured_media":9346,"comment_status":"open","ping_status":"closed","template":"","meta":{"_acf_changed":false,"_monsterinsights_skip_tracking":false,"_monsterinsights_sitenote_active":false,"_monsterinsights_sitenote_note":"","_monsterinsights_sitenote_category":0,"_uf_show_specific_survey":0,"_uf_disable_surveys":false,"_joinchat":[]},"product_brand":[],"product_cat":[244,344,297],"product_tag":[],"class_list":{"0":"post-9345","1":"product","2":"type-product","3":"status-publish","4":"has-post-thumbnail","6":"product_cat-image-son","7":"product_cat-casque-ecouteur","8":"product_cat-gaming","10":"first","11":"instock","12":"sale","13":"shipping-taxable","14":"purchasable","15":"product-type-simple"},"acf":[],"jetpack_sharing_enabled":true,"_links":{"self":[{"href":"https:\/\/digistar.ma\/index.php?rest_route=\/wp\/v2\/product\/9345","targetHints":{"allow":["GET"]}}],"collection":[{"href":"https:\/\/digistar.ma\/index.php?rest_route=\/wp\/v2\/product"}],"about":[{"href":"https:\/\/digistar.ma\/index.php?rest_route=\/wp\/v2\/types\/product"}],"replies":[{"embeddable":true,"href":"https:\/\/digistar.ma\/index.php?rest_route=%2Fwp%2Fv2%2Fcomments&post=9345"}],"version-history":[{"count":1,"href":"https:\/\/digistar.ma\/index.php?rest_route=\/wp\/v2\/product\/9345\/revisions"}],"predecessor-version":[{"id":9350,"href":"https:\/\/digistar.ma\/index.php?rest_route=\/wp\/v2\/product\/9345\/revisions\/9350"}],"wp:featuredmedia":[{"embeddable":true,"href":"https:\/\/digistar.ma\/index.php?rest_route=\/wp\/v2\/media\/9346"}],"wp:attachment":[{"href":"https:\/\/digistar.ma\/index.php?rest_route=%2Fwp%2Fv2%2Fmedia&parent=9345"}],"wp:term":[{"taxonomy":"product_brand","embeddable":true,"href":"https:\/\/digistar.ma\/index.php?rest_route=%2Fwp%2Fv2%2Fproduct_brand&post=9345"},{"taxonomy":"product_cat","embeddable":true,"href":"https:\/\/digistar.ma\/index.php?rest_route=%2Fwp%2Fv2%2Fproduct_cat&post=9345"},{"taxonomy":"product_tag","embeddable":true,"href":"https:\/\/digistar.ma\/index.php?rest_route=%2Fwp%2Fv2%2Fproduct_tag&post=9345"}],"curies":[{"name":"wp","href":"https:\/\/api.w.org\/{rel}","templated":true}]}}