{"id":9351,"date":"2023-10-05T17:14:04","date_gmt":"2023-10-05T17:14:04","guid":{"rendered":"https:\/\/digistar.ma\/?post_type=product&#038;p=9351"},"modified":"2023-10-05T17:14:05","modified_gmt":"2023-10-05T17:14:05","slug":"souris-sans-fil-logitech-m190-rouge-910-005908","status":"publish","type":"product","link":"https:\/\/digistar.ma\/?product=souris-sans-fil-logitech-m190-rouge-910-005908","title":{"rendered":"Souris sans fil Logitech M190 Rouge (910-005908)"},"content":{"rendered":"<h3>Souris sans fil Logitech M190 Rouge (910-005908)<\/h3>\n<p>Travaillez librement avec la souris Logitech M190. Sans fil, elle vous permet de vous d\u00e9placer librement jusqu&#8217;\u00e0 10 m\u00e8tres sans d\u00e9lai ni interf\u00e9rences. De plus, sa forme, de taille standard, est adapt\u00e9e \u00e0 la main droite comme \u00e0 la main gauche et permet de positionner sa main confortablement.<\/p>\n<h2 class=\"h2-master\">Un suivi pr\u00e9cis<\/h2>\n<section>Travaillez librement avec la souris\u00a0<strong>Logitech M190<\/strong>. Sans fil, elle vous permet de vous d\u00e9placer librement jusqu&#8217;\u00e0 10 m\u00e8tres sans d\u00e9lai ni interf\u00e9rences. De plus, sa forme, de taille standard, est adapt\u00e9e \u00e0 la main droite comme \u00e0 la main gauche et permet de positionner sa main confortablement. Et avec un capteur optique de 1000 dpi de la souris M190 vous garantit un contr\u00f4le r\u00e9actif et fluide du pointeur, permettant un suivi pr\u00e9cis et une s\u00e9lection de texte ais\u00e9e.<\/p>\n<h2>UN CONFORT OPTIMAL<\/h2>\n<p>La souris sans fil Logitech M190 dispose d&#8217;un\u00a0<strong>suivi optique de 1000 dpi<\/strong>\u00a0qui vous garantit un contr\u00f4le r\u00e9actif et fluide du pointeur, permettant un suivi pr\u00e9cis et une s\u00e9lection de texte ais\u00e9e.\u00a0<strong>Con\u00e7ue pour les mains droites et gauches<\/strong>, la M190 reste toujours confortable m\u00eame apr\u00e8s des heures d&#8217;utilisation. Les\u00a0<strong>touches arrondies<\/strong>\u00a0guident vos doigts jusqu&#8217;au positionnement id\u00e9al et le support pour paumes suppl\u00e9mentaire vous procure un confort continu tout au long de la journ\u00e9e.<\/p>\n<p>Effectuez \u00e9galement un d\u00e9filement sans effort gr\u00e2ce \u00e0 la molette de d\u00e9filement par palier. Et avec\u00a0<strong>une autonomie pouvant atteindre 18 mois<\/strong>, n&#8217;ayez plus aucune crainte de tomber en manque de batterie.<\/p>\n<h2>CARACT\u00c9RISTIQUES PRINCIPALES DE\u00a0 Souris sans fil Logitech M190 Rouge (910-005908)<\/h2>\n<ul>\n<li><strong>Souris sans fil ambidextre<\/strong><\/li>\n<li><strong>Capteur optique 1000 dpi<\/strong><\/li>\n<li>Roulette de d\u00e9filement par palier<\/li>\n<li>Une connexion sans fil sans d\u00e9calage<\/li>\n<li><strong>Plug &amp; Play<\/strong>, pas besoin de CD pour installer la souris<\/li>\n<li>Convient parfaitement aux droitiers comme aux gauchers<\/li>\n<li>Dimensions : 115.4 x 66.1 x 40.3 mm<\/li>\n<li>Poids : 89.9g<\/li>\n<li>Compatible Windows Vista, 7, 8, 10, ChromeOS, MacOS 10.10 ou version ult\u00e9rieure et Linux 2.6 ou version ult\u00e9rieure<\/li>\n<\/ul>\n<\/section>\n","protected":false},"excerpt":{"rendered":"<ul>\n<li><strong>Souris sans fil ambidextre<\/strong><\/li>\n<li><strong>Capteur optique 1000 dpi<\/strong><\/li>\n<li>Roulette de d\u00e9filement par palier<\/li>\n<li>Une connexion sans fil sans d\u00e9calage<\/li>\n<li><strong>Plug &amp; Play<\/strong>, pas besoin de CD pour installer la souris<\/li>\n<li>Convient parfaitement aux droitiers comme aux gauchers<\/li>\n<li>Dimensions : 115.4 x 66.1 x 40.3 mm<\/li>\n<li>Poids : 89.9g<\/li>\n<li>Compatible Windows Vista, 7, 8, 10, ChromeOS, MacOS 10.10 ou version ult\u00e9rieure et Linux 2.6 ou version ult\u00e9rieure<\/li>\n<\/ul>\n","protected":false},"featured_media":9353,"comment_status":"open","ping_status":"closed","template":"","meta":{"_acf_changed":false,"_monsterinsights_skip_tracking":false,"_monsterinsights_sitenote_active":false,"_monsterinsights_sitenote_note":"","_monsterinsights_sitenote_category":0,"_uf_show_specific_survey":0,"_uf_disable_surveys":false,"_joinchat":[]},"product_brand":[],"product_cat":[246,263,323],"product_tag":[],"class_list":{"0":"post-9351","1":"product","2":"type-product","3":"status-publish","4":"has-post-thumbnail","6":"product_cat-peripherique","7":"product_cat-souris-clavier","8":"product_cat-souris-sans-fil","10":"first","11":"instock","12":"sale","13":"shipping-taxable","14":"purchasable","15":"product-type-simple"},"acf":[],"jetpack_sharing_enabled":true,"_links":{"self":[{"href":"https:\/\/digistar.ma\/index.php?rest_route=\/wp\/v2\/product\/9351","targetHints":{"allow":["GET"]}}],"collection":[{"href":"https:\/\/digistar.ma\/index.php?rest_route=\/wp\/v2\/product"}],"about":[{"href":"https:\/\/digistar.ma\/index.php?rest_route=\/wp\/v2\/types\/product"}],"replies":[{"embeddable":true,"href":"https:\/\/digistar.ma\/index.php?rest_route=%2Fwp%2Fv2%2Fcomments&post=9351"}],"version-history":[{"count":1,"href":"https:\/\/digistar.ma\/index.php?rest_route=\/wp\/v2\/product\/9351\/revisions"}],"predecessor-version":[{"id":9360,"href":"https:\/\/digistar.ma\/index.php?rest_route=\/wp\/v2\/product\/9351\/revisions\/9360"}],"wp:featuredmedia":[{"embeddable":true,"href":"https:\/\/digistar.ma\/index.php?rest_route=\/wp\/v2\/media\/9353"}],"wp:attachment":[{"href":"https:\/\/digistar.ma\/index.php?rest_route=%2Fwp%2Fv2%2Fmedia&parent=9351"}],"wp:term":[{"taxonomy":"product_brand","embeddable":true,"href":"https:\/\/digistar.ma\/index.php?rest_route=%2Fwp%2Fv2%2Fproduct_brand&post=9351"},{"taxonomy":"product_cat","embeddable":true,"href":"https:\/\/digistar.ma\/index.php?rest_route=%2Fwp%2Fv2%2Fproduct_cat&post=9351"},{"taxonomy":"product_tag","embeddable":true,"href":"https:\/\/digistar.ma\/index.php?rest_route=%2Fwp%2Fv2%2Fproduct_tag&post=9351"}],"curies":[{"name":"wp","href":"https:\/\/api.w.org\/{rel}","templated":true}]}}