{"id":9361,"date":"2023-10-05T22:05:49","date_gmt":"2023-10-05T22:05:49","guid":{"rendered":"https:\/\/digistar.ma\/?post_type=product&#038;p=9361"},"modified":"2023-10-05T22:06:36","modified_gmt":"2023-10-05T22:06:36","slug":"haut-parleur-logitech-rally-speaker-pour-systeme-conferencecam-960-001230","status":"publish","type":"product","link":"https:\/\/digistar.ma\/?product=haut-parleur-logitech-rally-speaker-pour-systeme-conferencecam-960-001230","title":{"rendered":"Haut-parleur Logitech Rally Speaker pour Syst\u00e8me ConferenceCam (960-001230)"},"content":{"rendered":"<h3>Haut-parleur Logitech Rally Speaker pour Syst\u00e8me ConferenceCam (960-001230)<\/h3>\n<div class=\"section-container-wrapper\">\n<div class=\"pangea-cmp section-container js-pangea-section-container aem-margin-options dbgsize-cover tbgsize-cover mbgsize-cover dbgpos-center tbgpos-center mbgpos-center \" data-aem-id=\"section_1367047821_c-i83e9ec26d33b1f3bce7ac8614e85a437\">\n<div class=\"content-ctn aem-content-ctn no-container\">\n<div class=\"aem-padding-options dptl tptl mptl\" data-aem-id=\"section_1367047821_c-i83e9ec26d33b1f3bce7ac8614e85a437-padding-options\">\n<div class=\"pangea-cmp pangea-grid-layout margin-properties-vertical aem-content-ctn container\" data-row-gutter-desktop=\"false\" data-row-gutter-tablet=\"false\" data-row-gutter-mobile=\"false\">\n<div class=\"layout-container\">\n<div class=\"layout-item\">\n<div class=\"pangea-cmp body-copy js-pangea-body-copy aem-margin-options font-size-normal font-brown-light dc-kohle tc-kohle mc-kohle\" data-aem-id=\"text_editable-ie79206558c563273886a2982cfd1c0c8\" data-align-desktop=\"center\" data-align-tablet=\"center\" data-align-mobile=\"center\" data-body-size=\"font-size-normal\">\n<div class=\"aem-content-ctn no-container\">\n<div class=\"aem-padding-options \" data-aem-id=\"text_editable-ie79206558c563273886a2982cfd1c0c8-padding-options\">\n<div class=\"content-ctn rte-field \">\n<h4 class=\"body-copy-title font-title-l font-brown-bold dc-black tc-black mc-black \">UN SON EXCEPTIONNEL<\/h4>\n<p>Ajoutez un deuxi\u00e8me haut-parleur \u00e0 Logitech Rally pour remplir les grandes salles d&#8217;un son clair. Avec les technologies RightSound\u2122 qui \u00e9liminent presque enti\u00e8rement la distorsion, l&#8217;\u00e9cr\u00eatage et les vibrations, le haut-parleur Rally facilite la compr\u00e9hension de la parole tout en maintenant des niveaux de volume confortables dans toute la pi\u00e8ce.<\/p>\n<\/div>\n<\/div>\n<\/div>\n<\/div>\n<\/div>\n<\/div>\n<\/div>\n<\/div>\n<\/div>\n<\/div>\n<\/div>\n<div class=\"section-container-wrapper\">\n<div class=\"pangea-cmp section-container js-pangea-section-container aem-margin-options dbgsize-cover tbgsize-cover mbgsize-cover dbgpos-center tbgpos-center mbgpos-center \" data-aem-id=\"section_2012518749_c-i317acb5449393e54c80c7e80df44cf96\">\n<div class=\"content-ctn aem-content-ctn no-container\">\n<div class=\"aem-padding-options dptl dpbm tptl tpbm mptl mpbm\" data-aem-id=\"section_2012518749_c-i317acb5449393e54c80c7e80df44cf96-padding-options\">\n<div class=\"pangea-cmp divider-wrapper aem-margin-options dc-grigio tc-grigio mc-grigio\" data-theme-desktop=\"theme-light\" data-theme-tablet=\"theme-light\" data-theme-mobile=\"theme-light\" data-style-desktop=\"standard\" data-style-tablet=\"standard\" data-style-mobile=\"standard\" data-direction-desktop=\"horizontal-left\" data-direction-tablet=\"horizontal-left\" data-direction-mobile=\"horizontal-left\" data-aem-id=\"divider-i072411f2ccdaab937522bdc43a8e6be6\">\n<div class=\"aem-content-ctn container\">\n<div class=\"aem-padding-options \" data-aem-id=\"divider-i072411f2ccdaab937522bdc43a8e6be6-padding-options\">\n<div class=\"divider\"><\/div>\n<\/div>\n<\/div>\n<\/div>\n<section class=\"pangea-cmp checkerboard js-pangea-checkerboard-ctn aem-margin-options pangea-inited\" data-layout=\"staggered\" data-first-row=\"media-left\" data-theme-desktop=\"theme-light\" data-theme-tablet=\"theme-light\" data-theme-mobile=\"theme-light\" data-aem-id=\"checkerboard_contain_228856209-ib6adeca6151f9d8867baf66d4128d614\">\n<section class=\"checkerboard-row js-checkerboard-row in-view\" aria-label=\"SYST\u00c8ME AUDIO POUR L\u2019AVANT DE LA SALLE\" data-theme-desktop=\"theme-dark\" data-theme-tablet=\"theme-dark\" data-theme-mobile=\"theme-dark\">\n<div class=\"container-xl\">\n<div class=\"grid checkerboard-wrap \">\n<div class=\"media-portion\">\n<div class=\"img-wrap\">\n<div class=\"img\"><picture class=\"responsive-img js-responsive-img\" data-visible-desktop=\"block\"><source srcset=\"https:\/\/resource.logitech.com\/w_797,c_limit,q_auto,f_auto,dpr_1.0\/d_transparent.gif\/content\/dam\/logitech\/en\/products\/video-conferencing\/rally-speaker\/rally-speaker-feature-1.jpg?v=1 1x, https:\/\/resource.logitech.com\/w_797,c_limit,q_auto,f_auto,dpr_2.0\/d_transparent.gif\/content\/dam\/logitech\/en\/products\/video-conferencing\/rally-speaker\/rally-speaker-feature-1.jpg?v=1 2x\" media=\"(min-width: 1490px)\" data-srcset=\"https:\/\/resource.logitech.com\/w_797,c_limit,q_auto,f_auto,dpr_1.0\/d_transparent.gif\/content\/dam\/logitech\/en\/products\/video-conferencing\/rally-speaker\/rally-speaker-feature-1.jpg?v=1 1x, https:\/\/resource.logitech.com\/w_797,c_limit,q_auto,f_auto,dpr_2.0\/d_transparent.gif\/content\/dam\/logitech\/en\/products\/video-conferencing\/rally-speaker\/rally-speaker-feature-1.jpg?v=1 2x\" \/><source srcset=\"https:\/\/resource.logitech.com\/w_695,c_limit,q_auto,f_auto,dpr_1.0\/d_transparent.gif\/content\/dam\/logitech\/en\/products\/video-conferencing\/rally-speaker\/rally-speaker-feature-1.jpg?v=1 1x, https:\/\/resource.logitech.com\/w_695,c_limit,q_auto,f_auto,dpr_2.0\/d_transparent.gif\/content\/dam\/logitech\/en\/products\/video-conferencing\/rally-speaker\/rally-speaker-feature-1.jpg?v=1 2x\" media=\"(min-width: 1025px)\" data-srcset=\"https:\/\/resource.logitech.com\/w_695,c_limit,q_auto,f_auto,dpr_1.0\/d_transparent.gif\/content\/dam\/logitech\/en\/products\/video-conferencing\/rally-speaker\/rally-speaker-feature-1.jpg?v=1 1x, https:\/\/resource.logitech.com\/w_695,c_limit,q_auto,f_auto,dpr_2.0\/d_transparent.gif\/content\/dam\/logitech\/en\/products\/video-conferencing\/rally-speaker\/rally-speaker-feature-1.jpg?v=1 2x\" \/><source srcset=\"https:\/\/resource.logitech.com\/w_929,c_limit,q_auto,f_auto,dpr_1.0\/d_transparent.gif\/content\/dam\/logitech\/en\/products\/video-conferencing\/rally-speaker\/rally-speaker-feature-1.jpg?v=1 1x, https:\/\/resource.logitech.com\/w_929,c_limit,q_auto,f_auto,dpr_2.0\/d_transparent.gif\/content\/dam\/logitech\/en\/products\/video-conferencing\/rally-speaker\/rally-speaker-feature-1.jpg?v=1 2x\" media=\"(min-width: 720px)\" data-srcset=\"https:\/\/resource.logitech.com\/w_929,c_limit,q_auto,f_auto,dpr_1.0\/d_transparent.gif\/content\/dam\/logitech\/en\/products\/video-conferencing\/rally-speaker\/rally-speaker-feature-1.jpg?v=1 1x, https:\/\/resource.logitech.com\/w_929,c_limit,q_auto,f_auto,dpr_2.0\/d_transparent.gif\/content\/dam\/logitech\/en\/products\/video-conferencing\/rally-speaker\/rally-speaker-feature-1.jpg?v=1 2x\" \/><source srcset=\"https:\/\/resource.logitech.com\/w_525,c_limit,q_auto,f_auto,dpr_1.0\/d_transparent.gif\/content\/dam\/logitech\/en\/products\/video-conferencing\/rally-speaker\/rally-speaker-feature-1.jpg?v=1 1x, https:\/\/resource.logitech.com\/w_525,c_limit,q_auto,f_auto,dpr_2.0\/d_transparent.gif\/content\/dam\/logitech\/en\/products\/video-conferencing\/rally-speaker\/rally-speaker-feature-1.jpg?v=1 2x\" media=\"(max-width: 719px)\" data-srcset=\"https:\/\/resource.logitech.com\/w_525,c_limit,q_auto,f_auto,dpr_1.0\/d_transparent.gif\/content\/dam\/logitech\/en\/products\/video-conferencing\/rally-speaker\/rally-speaker-feature-1.jpg?v=1 1x, https:\/\/resource.logitech.com\/w_525,c_limit,q_auto,f_auto,dpr_2.0\/d_transparent.gif\/content\/dam\/logitech\/en\/products\/video-conferencing\/rally-speaker\/rally-speaker-feature-1.jpg?v=1 2x\" \/><img srcset=\"https:\/\/resource.logitech.com\/w_695,c_limit,q_auto,f_auto,dpr_1.0\/d_transparent.gif\/content\/dam\/logitech\/en\/products\/video-conferencing\/rally-speaker\/rally-speaker-feature-1.jpg?v=1\" alt=\"4 personnes participant \u00e0 une r\u00e9union en visioconf\u00e9rence\" data-srcset=\"https:\/\/resource.logitech.com\/w_695,c_limit,q_auto,f_auto,dpr_1.0\/d_transparent.gif\/content\/dam\/logitech\/en\/products\/video-conferencing\/rally-speaker\/rally-speaker-feature-1.jpg?v=1\" \/><\/picture><\/div>\n<\/div>\n<\/div>\n<div class=\"text-portion\">\n<div class=\"copy rte-field\">\n<h4 class=\"h3 \">SYST\u00c8ME AUDIO POUR L\u2019AVANT DE LA SALLE<\/h4>\n<p>Avec Haut-parleur Logitech Rally Speaker pour Syst\u00e8me ConferenceCam (960-001230) \u00e0 l&#8217;avant de la salle, les voix et les vid\u00e9os viennent toujours de la m\u00eame direction et jamais de l&#8217;arri\u00e8re, un probl\u00e8me commun des haut-parleurs de table. Avec les modules de micro Rally sur la table et les haut-parleurs Rally sur l&#8217;\u00e9cran, les conversations semblent naturelles et r\u00e9alistes.<\/p>\n<div class=\"cta-container\"><\/div>\n<\/div>\n<\/div>\n<\/div>\n<\/div>\n<\/section>\n<section class=\"checkerboard-row js-checkerboard-row in-view\" aria-label=\"BO\u00ceTIER ANTI-VIBRATIONS\" data-theme-desktop=\"theme-dark\" data-theme-tablet=\"theme-dark\" data-theme-mobile=\"theme-dark\">\n<div class=\"container-xl\">\n<div class=\"grid checkerboard-wrap \">\n<div class=\"media-portion\">\n<div class=\"img-wrap\">\n<div class=\"img\"><picture class=\"responsive-img js-responsive-img\" data-visible-desktop=\"block\"><source srcset=\"https:\/\/resource.logitech.com\/w_797,c_limit,q_auto,f_auto,dpr_1.0\/d_transparent.gif\/content\/dam\/logitech\/en\/products\/video-conferencing\/rally-speaker\/rally-speaker-feature-2.jpg?v=1 1x, https:\/\/resource.logitech.com\/w_797,c_limit,q_auto,f_auto,dpr_2.0\/d_transparent.gif\/content\/dam\/logitech\/en\/products\/video-conferencing\/rally-speaker\/rally-speaker-feature-2.jpg?v=1 2x\" media=\"(min-width: 1490px)\" data-srcset=\"https:\/\/resource.logitech.com\/w_797,c_limit,q_auto,f_auto,dpr_1.0\/d_transparent.gif\/content\/dam\/logitech\/en\/products\/video-conferencing\/rally-speaker\/rally-speaker-feature-2.jpg?v=1 1x, https:\/\/resource.logitech.com\/w_797,c_limit,q_auto,f_auto,dpr_2.0\/d_transparent.gif\/content\/dam\/logitech\/en\/products\/video-conferencing\/rally-speaker\/rally-speaker-feature-2.jpg?v=1 2x\" \/><source srcset=\"https:\/\/resource.logitech.com\/w_695,c_limit,q_auto,f_auto,dpr_1.0\/d_transparent.gif\/content\/dam\/logitech\/en\/products\/video-conferencing\/rally-speaker\/rally-speaker-feature-2.jpg?v=1 1x, https:\/\/resource.logitech.com\/w_695,c_limit,q_auto,f_auto,dpr_2.0\/d_transparent.gif\/content\/dam\/logitech\/en\/products\/video-conferencing\/rally-speaker\/rally-speaker-feature-2.jpg?v=1 2x\" media=\"(min-width: 1025px)\" data-srcset=\"https:\/\/resource.logitech.com\/w_695,c_limit,q_auto,f_auto,dpr_1.0\/d_transparent.gif\/content\/dam\/logitech\/en\/products\/video-conferencing\/rally-speaker\/rally-speaker-feature-2.jpg?v=1 1x, https:\/\/resource.logitech.com\/w_695,c_limit,q_auto,f_auto,dpr_2.0\/d_transparent.gif\/content\/dam\/logitech\/en\/products\/video-conferencing\/rally-speaker\/rally-speaker-feature-2.jpg?v=1 2x\" \/><source srcset=\"https:\/\/resource.logitech.com\/w_929,c_limit,q_auto,f_auto,dpr_1.0\/d_transparent.gif\/content\/dam\/logitech\/en\/products\/video-conferencing\/rally-speaker\/rally-speaker-feature-2.jpg?v=1 1x, https:\/\/resource.logitech.com\/w_929,c_limit,q_auto,f_auto,dpr_2.0\/d_transparent.gif\/content\/dam\/logitech\/en\/products\/video-conferencing\/rally-speaker\/rally-speaker-feature-2.jpg?v=1 2x\" media=\"(min-width: 720px)\" data-srcset=\"https:\/\/resource.logitech.com\/w_929,c_limit,q_auto,f_auto,dpr_1.0\/d_transparent.gif\/content\/dam\/logitech\/en\/products\/video-conferencing\/rally-speaker\/rally-speaker-feature-2.jpg?v=1 1x, https:\/\/resource.logitech.com\/w_929,c_limit,q_auto,f_auto,dpr_2.0\/d_transparent.gif\/content\/dam\/logitech\/en\/products\/video-conferencing\/rally-speaker\/rally-speaker-feature-2.jpg?v=1 2x\" \/><source srcset=\"https:\/\/resource.logitech.com\/w_525,c_limit,q_auto,f_auto,dpr_1.0\/d_transparent.gif\/content\/dam\/logitech\/en\/products\/video-conferencing\/rally-speaker\/rally-speaker-feature-2.jpg?v=1 1x, https:\/\/resource.logitech.com\/w_525,c_limit,q_auto,f_auto,dpr_2.0\/d_transparent.gif\/content\/dam\/logitech\/en\/products\/video-conferencing\/rally-speaker\/rally-speaker-feature-2.jpg?v=1 2x\" media=\"(max-width: 719px)\" data-srcset=\"https:\/\/resource.logitech.com\/w_525,c_limit,q_auto,f_auto,dpr_1.0\/d_transparent.gif\/content\/dam\/logitech\/en\/products\/video-conferencing\/rally-speaker\/rally-speaker-feature-2.jpg?v=1 1x, https:\/\/resource.logitech.com\/w_525,c_limit,q_auto,f_auto,dpr_2.0\/d_transparent.gif\/content\/dam\/logitech\/en\/products\/video-conferencing\/rally-speaker\/rally-speaker-feature-2.jpg?v=1 2x\" \/><img srcset=\"https:\/\/resource.logitech.com\/w_695,c_limit,q_auto,f_auto,dpr_1.0\/d_transparent.gif\/content\/dam\/logitech\/en\/products\/video-conferencing\/rally-speaker\/rally-speaker-feature-2.jpg?v=1\" alt=\"BO\u00ceTIER ANTI-VIBRATIONS\" data-srcset=\"https:\/\/resource.logitech.com\/w_695,c_limit,q_auto,f_auto,dpr_1.0\/d_transparent.gif\/content\/dam\/logitech\/en\/products\/video-conferencing\/rally-speaker\/rally-speaker-feature-2.jpg?v=1\" \/><\/picture><\/div>\n<\/div>\n<\/div>\n<div class=\"text-portion\">\n<div class=\"copy rte-field\">\n<h4 class=\"h3 \">BO\u00ceTIER ANTI-VIBRATIONS<\/h4>\n<p>Un syst\u00e8me de suspension en attente de brevet d\u00e9couple le module du haut-parleur dans le bo\u00eetier externe, \u00e9liminant ainsi presque toutes les vibrations susceptibles de traverser les murs, les supports et les tables. Ce design en attente de brevet permet une performance sup\u00e9rieure de l&#8217;annulation de l&#8217;\u00e9cho des modules de micro Rally, tout en garantissant que les images vid\u00e9o restent claires et stables, m\u00eame lorsque le volume est \u00e9lev\u00e9 et lors de l&#8217;utilisation du zoom.<\/p>\n<div class=\"cta-container\"><\/div>\n<\/div>\n<\/div>\n<\/div>\n<\/div>\n<\/section>\n<section class=\"checkerboard-row js-checkerboard-row in-view\" aria-label=\"VOLUME CONFORTABLE DANS LES GRANDES PI\u00c8CES\" data-theme-desktop=\"theme-dark\" data-theme-tablet=\"theme-dark\" data-theme-mobile=\"theme-dark\">\n<div class=\"container-xl\">\n<div class=\"grid checkerboard-wrap \">\n<div class=\"media-portion\">\n<div class=\"img-wrap\">\n<div class=\"img\"><picture class=\"responsive-img js-responsive-img\" data-visible-desktop=\"block\"><source srcset=\"https:\/\/resource.logitech.com\/w_797,c_limit,q_auto,f_auto,dpr_1.0\/d_transparent.gif\/content\/dam\/logitech\/en\/products\/video-conferencing\/rally-speaker\/rally-speaker-feature-3.jpg?v=1 1x, https:\/\/resource.logitech.com\/w_797,c_limit,q_auto,f_auto,dpr_2.0\/d_transparent.gif\/content\/dam\/logitech\/en\/products\/video-conferencing\/rally-speaker\/rally-speaker-feature-3.jpg?v=1 2x\" media=\"(min-width: 1490px)\" data-srcset=\"https:\/\/resource.logitech.com\/w_797,c_limit,q_auto,f_auto,dpr_1.0\/d_transparent.gif\/content\/dam\/logitech\/en\/products\/video-conferencing\/rally-speaker\/rally-speaker-feature-3.jpg?v=1 1x, https:\/\/resource.logitech.com\/w_797,c_limit,q_auto,f_auto,dpr_2.0\/d_transparent.gif\/content\/dam\/logitech\/en\/products\/video-conferencing\/rally-speaker\/rally-speaker-feature-3.jpg?v=1 2x\" \/><source srcset=\"https:\/\/resource.logitech.com\/w_695,c_limit,q_auto,f_auto,dpr_1.0\/d_transparent.gif\/content\/dam\/logitech\/en\/products\/video-conferencing\/rally-speaker\/rally-speaker-feature-3.jpg?v=1 1x, https:\/\/resource.logitech.com\/w_695,c_limit,q_auto,f_auto,dpr_2.0\/d_transparent.gif\/content\/dam\/logitech\/en\/products\/video-conferencing\/rally-speaker\/rally-speaker-feature-3.jpg?v=1 2x\" media=\"(min-width: 1025px)\" data-srcset=\"https:\/\/resource.logitech.com\/w_695,c_limit,q_auto,f_auto,dpr_1.0\/d_transparent.gif\/content\/dam\/logitech\/en\/products\/video-conferencing\/rally-speaker\/rally-speaker-feature-3.jpg?v=1 1x, https:\/\/resource.logitech.com\/w_695,c_limit,q_auto,f_auto,dpr_2.0\/d_transparent.gif\/content\/dam\/logitech\/en\/products\/video-conferencing\/rally-speaker\/rally-speaker-feature-3.jpg?v=1 2x\" \/><source srcset=\"https:\/\/resource.logitech.com\/w_929,c_limit,q_auto,f_auto,dpr_1.0\/d_transparent.gif\/content\/dam\/logitech\/en\/products\/video-conferencing\/rally-speaker\/rally-speaker-feature-3.jpg?v=1 1x, https:\/\/resource.logitech.com\/w_929,c_limit,q_auto,f_auto,dpr_2.0\/d_transparent.gif\/content\/dam\/logitech\/en\/products\/video-conferencing\/rally-speaker\/rally-speaker-feature-3.jpg?v=1 2x\" media=\"(min-width: 720px)\" data-srcset=\"https:\/\/resource.logitech.com\/w_929,c_limit,q_auto,f_auto,dpr_1.0\/d_transparent.gif\/content\/dam\/logitech\/en\/products\/video-conferencing\/rally-speaker\/rally-speaker-feature-3.jpg?v=1 1x, https:\/\/resource.logitech.com\/w_929,c_limit,q_auto,f_auto,dpr_2.0\/d_transparent.gif\/content\/dam\/logitech\/en\/products\/video-conferencing\/rally-speaker\/rally-speaker-feature-3.jpg?v=1 2x\" \/><source srcset=\"https:\/\/resource.logitech.com\/w_525,c_limit,q_auto,f_auto,dpr_1.0\/d_transparent.gif\/content\/dam\/logitech\/en\/products\/video-conferencing\/rally-speaker\/rally-speaker-feature-3.jpg?v=1 1x, https:\/\/resource.logitech.com\/w_525,c_limit,q_auto,f_auto,dpr_2.0\/d_transparent.gif\/content\/dam\/logitech\/en\/products\/video-conferencing\/rally-speaker\/rally-speaker-feature-3.jpg?v=1 2x\" media=\"(max-width: 719px)\" data-srcset=\"https:\/\/resource.logitech.com\/w_525,c_limit,q_auto,f_auto,dpr_1.0\/d_transparent.gif\/content\/dam\/logitech\/en\/products\/video-conferencing\/rally-speaker\/rally-speaker-feature-3.jpg?v=1 1x, https:\/\/resource.logitech.com\/w_525,c_limit,q_auto,f_auto,dpr_2.0\/d_transparent.gif\/content\/dam\/logitech\/en\/products\/video-conferencing\/rally-speaker\/rally-speaker-feature-3.jpg?v=1 2x\" \/><img srcset=\"https:\/\/resource.logitech.com\/w_695,c_limit,q_auto,f_auto,dpr_1.0\/d_transparent.gif\/content\/dam\/logitech\/en\/products\/video-conferencing\/rally-speaker\/rally-speaker-feature-3.jpg?v=1\" alt=\"Configuration de visioconf\u00e9rence avec cam\u00e9ra Rally\" data-srcset=\"https:\/\/resource.logitech.com\/w_695,c_limit,q_auto,f_auto,dpr_1.0\/d_transparent.gif\/content\/dam\/logitech\/en\/products\/video-conferencing\/rally-speaker\/rally-speaker-feature-3.jpg?v=1\" \/><\/picture><\/div>\n<\/div>\n<\/div>\n<div class=\"text-portion\">\n<div class=\"copy rte-field\">\n<h4 class=\"h3 \">VOLUME CONFORTABLE DANS LES GRANDES PI\u00c8CES<\/h4>\n<p>Augmentez la clart\u00e9 tout en maintenant le volume \u00e0 un niveau confortable pour les gens pr\u00e9sents dans la pi\u00e8ce. Lorsque le son provient de deux haut-parleurs plut\u00f4t que d&#8217;un, les voix se propagent dans toute la pi\u00e8ce \u00e0 un niveau de volume mod\u00e9r\u00e9. Placez les haut-parleurs sur une \u00e9tag\u00e8re ou une cr\u00e9dence, ou fixez-les au mur avec les fixations du kit de montage Rally.<\/p>\n<\/div>\n<\/div>\n<\/div>\n<\/div>\n<\/section>\n<\/section>\n<\/div>\n<\/div>\n<\/div>\n<\/div>\n","protected":false},"excerpt":{"rendered":"<p>Optimisez votre exp\u00e9rience de conf\u00e9rence avec le haut-parleur Logitech Rally Speaker, con\u00e7u pour le syst\u00e8me ConferenceCam Logitech Rally.<\/p>\n<p>Ce \u00a0haut-parleur suppl\u00e9mentaire offre un son riche et clair, permettant des conversations naturelles dans toute la salle.<\/p>\n<p>Gr\u00e2ce \u00e0 son bo\u00eetier anti-vibrations, il emp\u00eache les tremblements de cam\u00e9ra ind\u00e9sirables.<\/p>\n<p>De plus, les niveaux de volume confortables conviennent parfaitement aux grandes pi\u00e8ces.<\/p>\n<p>Am\u00e9liorez la qualit\u00e9 audio de vos r\u00e9unions en ajoutant jusqu&#8217;\u00e0 2 haut-parleurs \u00e0 votre Syst\u00e8me ConferenceCam Rally.<\/p>\n","protected":false},"featured_media":9364,"comment_status":"open","ping_status":"closed","template":"","meta":{"_acf_changed":false,"_monsterinsights_skip_tracking":false,"_monsterinsights_sitenote_active":false,"_monsterinsights_sitenote_note":"","_monsterinsights_sitenote_category":0,"_uf_show_specific_survey":0,"_uf_disable_surveys":false,"_joinchat":[]},"product_brand":[],"product_cat":[246,337],"product_tag":[],"class_list":{"0":"post-9361","1":"product","2":"type-product","3":"status-publish","4":"has-post-thumbnail","6":"product_cat-peripherique","7":"product_cat-visioconference","9":"first","10":"instock","11":"sale","12":"shipping-taxable","13":"purchasable","14":"product-type-simple"},"acf":[],"jetpack_sharing_enabled":true,"_links":{"self":[{"href":"https:\/\/digistar.ma\/index.php?rest_route=\/wp\/v2\/product\/9361","targetHints":{"allow":["GET"]}}],"collection":[{"href":"https:\/\/digistar.ma\/index.php?rest_route=\/wp\/v2\/product"}],"about":[{"href":"https:\/\/digistar.ma\/index.php?rest_route=\/wp\/v2\/types\/product"}],"replies":[{"embeddable":true,"href":"https:\/\/digistar.ma\/index.php?rest_route=%2Fwp%2Fv2%2Fcomments&post=9361"}],"version-history":[{"count":2,"href":"https:\/\/digistar.ma\/index.php?rest_route=\/wp\/v2\/product\/9361\/revisions"}],"predecessor-version":[{"id":9369,"href":"https:\/\/digistar.ma\/index.php?rest_route=\/wp\/v2\/product\/9361\/revisions\/9369"}],"wp:featuredmedia":[{"embeddable":true,"href":"https:\/\/digistar.ma\/index.php?rest_route=\/wp\/v2\/media\/9364"}],"wp:attachment":[{"href":"https:\/\/digistar.ma\/index.php?rest_route=%2Fwp%2Fv2%2Fmedia&parent=9361"}],"wp:term":[{"taxonomy":"product_brand","embeddable":true,"href":"https:\/\/digistar.ma\/index.php?rest_route=%2Fwp%2Fv2%2Fproduct_brand&post=9361"},{"taxonomy":"product_cat","embeddable":true,"href":"https:\/\/digistar.ma\/index.php?rest_route=%2Fwp%2Fv2%2Fproduct_cat&post=9361"},{"taxonomy":"product_tag","embeddable":true,"href":"https:\/\/digistar.ma\/index.php?rest_route=%2Fwp%2Fv2%2Fproduct_tag&post=9361"}],"curies":[{"name":"wp","href":"https:\/\/api.w.org\/{rel}","templated":true}]}}