{"id":9394,"date":"2023-10-05T23:11:02","date_gmt":"2023-10-05T23:11:02","guid":{"rendered":"https:\/\/digistar.ma\/?post_type=product&#038;p=9394"},"modified":"2023-10-05T23:11:02","modified_gmt":"2023-10-05T23:11:02","slug":"support-de-television-pour-logitech-meetup-939-001498","status":"publish","type":"product","link":"https:\/\/digistar.ma\/?product=support-de-television-pour-logitech-meetup-939-001498","title":{"rendered":"Support de t\u00e9l\u00e9vision pour Logitech MeetUp (939-001498)"},"content":{"rendered":"<h3>Support de t\u00e9l\u00e9vision pour Logitech MeetUp (939-001498)<\/h3>\n<h4 class=\"body-copy-title font-title-l font-brown-bold dc-black tc-black mc-black \">FIXATION S\u00c9CURIS\u00c9E DU SYST\u00c8ME LOGITECH\u00a0MEETUP SUR UN T\u00c9L\u00c9VISEUR OU MONITEUR<\/h4>\n<p>Le support de t\u00e9l\u00e9vision Logitech pour MeetUp maintient en toute s\u00e9curit\u00e9 le dispositif\u00a0<a href=\"https:\/\/www.logitech.com\/fr-ch\/products\/video-conferencing\/conference-cameras\/meetup-conferencecam.html\" target=\"_blank\" rel=\"noopener\">MeetUp ConferenceCam<\/a>\u00a0sur la partie inf\u00e9rieure ou sup\u00e9rieure du moniteur \u00e0 \u00e9cran plat et le fixe sur les points de fixation conformes \u00e0 la norme VESA disponibles sur la plupart des t\u00e9l\u00e9viseurs et moniteurs.<\/p>\n<div class=\"layout-item\">\n<div class=\"pangea-cmp body-copy js-pangea-body-copy aem-margin-options  font-size-normal font-brown-light dc-black tc-black mc-black\" data-aem-id=\"text_editable_copy-i2b476d3a67fe1de6952f38a86df0e20f\" data-align-desktop=\"left\" data-align-tablet=\"left\" data-align-mobile=\"left\" data-body-size=\"font-size-normal\">\n<div class=\"aem-content-ctn container\">\n<div class=\"aem-padding-options \" data-aem-id=\"text_editable_copy-i2b476d3a67fe1de6952f38a86df0e20f-padding-options\">\n<div class=\"content-ctn rte-field \">\n<h4 class=\"body-copy-title font-title-s font-brown-bold  \">FIXATION SUR LA PARTIE INF\u00c9RIEURE OU SUP\u00c9RIEURE DES MONITEURS<\/h4>\n<p>Gr\u00e2ce \u00e0 la conception unique du support de t\u00e9l\u00e9vision, le dispositif MeetUp peut \u00eatre fix\u00e9 sur la partie inf\u00e9rieure ou sup\u00e9rieure d&#8217;un moniteur. Les vid\u00e9os sont g\u00e9n\u00e9ralement plus r\u00e9alistes lorsque le dispositif MeetUp est fix\u00e9 sur la partie inf\u00e9rieure du t\u00e9l\u00e9viseur, mais ce support vous permet de choisir entre les deux types de fixation.<\/p>\n<\/div>\n<\/div>\n<\/div>\n<\/div>\n<\/div>\n<div class=\"layout-item\">\n<div class=\"pangea-cmp body-copy js-pangea-body-copy aem-margin-options  font-size-normal font-brown-light dc-black tc-black mc-black\" data-aem-id=\"text_editable_copy_1867563407-i2d9aafa0ced0456cf53ff0e5946cf3ec\" data-align-desktop=\"left\" data-align-tablet=\"left\" data-align-mobile=\"left\" data-body-size=\"font-size-normal\">\n<div class=\"aem-content-ctn container\">\n<div class=\"aem-padding-options \" data-aem-id=\"text_editable_copy_1867563407-i2d9aafa0ced0456cf53ff0e5946cf3ec-padding-options\">\n<div class=\"content-ctn rte-field \">\n<h4 class=\"body-copy-title font-title-s font-brown-bold  \">COMPATIBILIT\u00c9 AVEC LA PLUPART DES T\u00c9L\u00c9VISEURS \u00c0 \u00c9CRAN PLAT<\/h4>\n<p>La plupart des t\u00e9l\u00e9viseurs sont conformes aux normes VESA relatives \u00e0 l&#8217;emplacement des points de fixation \u00e0 l&#8217;arri\u00e8re des t\u00e9l\u00e9viseurs. Le support de t\u00e9l\u00e9vision pour MeetUp poss\u00e8de un bras pivotant et de nombreux trous de fixation pour s&#8217;adapter \u00e0 la plupart des moniteurs \u00e0 \u00e9cran plat.<\/p>\n<\/div>\n<\/div>\n<\/div>\n<\/div>\n<\/div>\n<div class=\"layout-item\">\n<div class=\"pangea-cmp body-copy js-pangea-body-copy aem-margin-options  font-size-normal font-brown-light dc-black tc-black mc-black\" data-aem-id=\"text_editable_copy_1-i73d009655478087fdc42236d4ce3d7f6\" data-align-desktop=\"left\" data-align-tablet=\"left\" data-align-mobile=\"left\" data-body-size=\"font-size-normal\">\n<div class=\"aem-content-ctn container\">\n<div class=\"aem-padding-options \" data-aem-id=\"text_editable_copy_1-i73d009655478087fdc42236d4ce3d7f6-padding-options\">\n<div class=\"content-ctn rte-field \">\n<h4 class=\"body-copy-title font-title-s font-brown-bold  \">UNE TAILLE POUR CHAQUE \u00c9CRAN<\/h4>\n<p>Une adaptation optimale pour les \u00e9crans, quelle que soit leur taille. Choisissez le Support de t\u00e9l\u00e9vision pour les \u00e9crans jusqu&#8217;\u00e0 1397 mm (diagonale) ou le Support de t\u00e9l\u00e9vision XL pour les \u00e9crans jusqu&#8217;\u00e0 2286 mm.<\/p>\n<\/div>\n<\/div>\n<\/div>\n<\/div>\n<\/div>\n<p>&nbsp;<\/p>\n","protected":false},"excerpt":{"rendered":"<p>Optimisez vos visioconf\u00e9rences avec le support de t\u00e9l\u00e9vision Logitech pour MeetUp !<\/p>\n<p>Fixez solidement votre dispositif MeetUp ConferenceCam en toute simplicit\u00e9 sur votre \u00e9cran plat.<\/p>\n<p>Gr\u00e2ce aux points de fixation VESA standards, ce support s&#8217;adapte \u00e0 la plupart des t\u00e9l\u00e9viseurs et moniteurs, assurant une exp\u00e9rience de r\u00e9union virtuelle fluide et professionnelle.<\/p>\n<p>Id\u00e9al pour des pr\u00e9sentations captivantes !<\/p>\n","protected":false},"featured_media":9396,"comment_status":"open","ping_status":"closed","template":"","meta":{"_acf_changed":false,"_monsterinsights_skip_tracking":false,"_monsterinsights_sitenote_active":false,"_monsterinsights_sitenote_note":"","_monsterinsights_sitenote_category":0,"_uf_show_specific_survey":0,"_uf_disable_surveys":false,"_joinchat":[]},"product_brand":[],"product_cat":[246,337],"product_tag":[],"class_list":{"0":"post-9394","1":"product","2":"type-product","3":"status-publish","4":"has-post-thumbnail","6":"product_cat-peripherique","7":"product_cat-visioconference","9":"first","10":"instock","11":"sale","12":"shipping-taxable","13":"purchasable","14":"product-type-simple"},"acf":[],"jetpack_sharing_enabled":true,"_links":{"self":[{"href":"https:\/\/digistar.ma\/index.php?rest_route=\/wp\/v2\/product\/9394","targetHints":{"allow":["GET"]}}],"collection":[{"href":"https:\/\/digistar.ma\/index.php?rest_route=\/wp\/v2\/product"}],"about":[{"href":"https:\/\/digistar.ma\/index.php?rest_route=\/wp\/v2\/types\/product"}],"replies":[{"embeddable":true,"href":"https:\/\/digistar.ma\/index.php?rest_route=%2Fwp%2Fv2%2Fcomments&post=9394"}],"version-history":[{"count":1,"href":"https:\/\/digistar.ma\/index.php?rest_route=\/wp\/v2\/product\/9394\/revisions"}],"predecessor-version":[{"id":9399,"href":"https:\/\/digistar.ma\/index.php?rest_route=\/wp\/v2\/product\/9394\/revisions\/9399"}],"wp:featuredmedia":[{"embeddable":true,"href":"https:\/\/digistar.ma\/index.php?rest_route=\/wp\/v2\/media\/9396"}],"wp:attachment":[{"href":"https:\/\/digistar.ma\/index.php?rest_route=%2Fwp%2Fv2%2Fmedia&parent=9394"}],"wp:term":[{"taxonomy":"product_brand","embeddable":true,"href":"https:\/\/digistar.ma\/index.php?rest_route=%2Fwp%2Fv2%2Fproduct_brand&post=9394"},{"taxonomy":"product_cat","embeddable":true,"href":"https:\/\/digistar.ma\/index.php?rest_route=%2Fwp%2Fv2%2Fproduct_cat&post=9394"},{"taxonomy":"product_tag","embeddable":true,"href":"https:\/\/digistar.ma\/index.php?rest_route=%2Fwp%2Fv2%2Fproduct_tag&post=9394"}],"curies":[{"name":"wp","href":"https:\/\/api.w.org\/{rel}","templated":true}]}}