{"id":9400,"date":"2023-10-05T23:32:13","date_gmt":"2023-10-05T23:32:13","guid":{"rendered":"https:\/\/digistar.ma\/?post_type=product&#038;p=9400"},"modified":"2025-12-16T14:40:16","modified_gmt":"2025-12-16T14:40:16","slug":"levier-de-vitesse-logitech-extreme-3d-pro-joystick-942-000031","status":"publish","type":"product","link":"https:\/\/digistar.ma\/?product=levier-de-vitesse-logitech-extreme-3d-pro-joystick-942-000031","title":{"rendered":"Levier De Vitesse Logitech Extreme 3D Pro Joystick (942-000031)"},"content":{"rendered":"<h3>Levier De Vitesse Logitech Extreme 3D Pro Joystick (942-000031)<\/h3>\n<h4>PRENEZ LE CONTR\u00d4LE<\/h4>\n<p>Lorsque la pression monte, les performances du joystick feront pencher la balance du c\u00f4t\u00e9 de la victoire. Le joystick avec manche rotatif\u00a0<strong>Extreme 3D Pro de Logitech<\/strong>\u00a0ne vous laissera jamais en mauvaise posture.<\/p>\n<p>Ses 12 boutons programmables et son bouton PDV octodirectionnel en caoutchouc vous donneront une ma\u00eetrise optimale, adapt\u00e9e \u00e0 vos besoins.<\/p>\n<p>Son pied massif est un mod\u00e8le de stabilit\u00e9, \u00e9quip\u00e9 de patins en caoutchouc, il r\u00e9siste \u00e0 tous vos mouvements, le joystick de Logitech ne bougera pas d&#8217;un millim\u00e8tre lorsque vous serez en plein combat a\u00e9rien.<\/p>\n<p>Parfait pour le pilotage des avions ou des h\u00e9licopt\u00e8res sur Battlefield, le vol n&#8217;aura plus de secret pour vous !<\/p>\n<p>&nbsp;<\/p>\n<table border=\"0\" width=\"100%\" cellspacing=\"1\" cellpadding=\"1\">\n<tbody>\n<tr>\n<td width=\"450\"><img decoding=\"async\" src=\"https:\/\/media.ldlc.com\/bo\/images\/fiches\/joystick\/logitech\/extreme%203d%20pro\/5.jpg\" alt=\"\" \/><\/td>\n<td>\n<h4>12 BOUTONS PROGRAMMABLES<\/h4>\n<div>Le\u00a0Extreme 3D Pro a toutes les commandes \u00e0 port\u00e9e de main et exactement o\u00f9 vous le souhaitez, vous permettant ainsi de garder un \u0153il sur l&#8217;horizon.<\/div>\n<div><\/div>\n<div>Chaque bouton programmable peut \u00eatre configur\u00e9 pour ex\u00e9cuter des commandes simples ou int\u00e9grer des macros impliquant des frappes de clavier,<\/div>\n<div>des clics de souris, etc.<\/div>\n<div>Quant \u00e0 la\u00a0<strong>poign\u00e9e confortable<\/strong>, elle vous sera tr\u00e8s utile pour un jeu sans effort.<\/div>\n<div>\n<p>En effet, son design incurv\u00e9 \u00e9pouse parfaitement les formes de votre main, vous assurant des heures de vol tout confort.<\/p>\n<p>La\u00a0<strong>base lest\u00e9e<\/strong>\u00a0du Logitech Extreme 3D Pro permet le maintien du joystick sans risque de basculement.<\/p>\n<p>Vivez ainsi intens\u00e9ment toutes vos batailles sans pour autant avoir la peur que le joystick se mette \u00e0 bouger.<\/p>\n<\/div>\n<\/td>\n<\/tr>\n<\/tbody>\n<\/table>\n<p>&nbsp;<\/p>\n<h4>CARACT\u00c9RISTIQUES PRINCIPALES Levier De Vitesse Logitech Extreme 3D Pro Joystick (942-000031) :<\/h4>\n<ul>\n<li><b>Joystick avec manche rotatif<\/b><\/li>\n<li><b>12 boutons programmables<\/b><\/li>\n<li>Bouton PDV octodirectionnel<\/li>\n<li>G\u00e2chette de tir rapide<\/li>\n<li>Base lest\u00e9e et stable<\/li>\n<li>Compatible Windows Vista, 7,8 et 10<\/li>\n<\/ul>\n","protected":false},"excerpt":{"rendered":"<ul>\n<li><b>Joystick avec manche rotatif<\/b><\/li>\n<li><b>12 boutons programmables<\/b><\/li>\n<li>Bouton PDV octodirectionnel<\/li>\n<li>G\u00e2chette de tir rapide<\/li>\n<li>Base lest\u00e9e et stable<\/li>\n<li>Compatible Windows Vista, 7,8 et 10<\/li>\n<\/ul>\n","protected":false},"featured_media":9401,"comment_status":"open","ping_status":"closed","template":"","meta":{"_acf_changed":false,"_monsterinsights_skip_tracking":false,"_monsterinsights_sitenote_active":false,"_monsterinsights_sitenote_note":"","_monsterinsights_sitenote_category":0,"_uf_show_specific_survey":0,"_uf_disable_surveys":false,"_joinchat":[]},"product_brand":[],"product_cat":[297],"product_tag":[],"class_list":{"0":"post-9400","1":"product","2":"type-product","3":"status-publish","4":"has-post-thumbnail","6":"product_cat-gaming","8":"first","9":"outofstock","10":"sale","11":"shipping-taxable","12":"purchasable","13":"product-type-simple"},"acf":[],"jetpack_sharing_enabled":true,"_links":{"self":[{"href":"https:\/\/digistar.ma\/index.php?rest_route=\/wp\/v2\/product\/9400","targetHints":{"allow":["GET"]}}],"collection":[{"href":"https:\/\/digistar.ma\/index.php?rest_route=\/wp\/v2\/product"}],"about":[{"href":"https:\/\/digistar.ma\/index.php?rest_route=\/wp\/v2\/types\/product"}],"replies":[{"embeddable":true,"href":"https:\/\/digistar.ma\/index.php?rest_route=%2Fwp%2Fv2%2Fcomments&post=9400"}],"version-history":[{"count":6,"href":"https:\/\/digistar.ma\/index.php?rest_route=\/wp\/v2\/product\/9400\/revisions"}],"predecessor-version":[{"id":9411,"href":"https:\/\/digistar.ma\/index.php?rest_route=\/wp\/v2\/product\/9400\/revisions\/9411"}],"wp:featuredmedia":[{"embeddable":true,"href":"https:\/\/digistar.ma\/index.php?rest_route=\/wp\/v2\/media\/9401"}],"wp:attachment":[{"href":"https:\/\/digistar.ma\/index.php?rest_route=%2Fwp%2Fv2%2Fmedia&parent=9400"}],"wp:term":[{"taxonomy":"product_brand","embeddable":true,"href":"https:\/\/digistar.ma\/index.php?rest_route=%2Fwp%2Fv2%2Fproduct_brand&post=9400"},{"taxonomy":"product_cat","embeddable":true,"href":"https:\/\/digistar.ma\/index.php?rest_route=%2Fwp%2Fv2%2Fproduct_cat&post=9400"},{"taxonomy":"product_tag","embeddable":true,"href":"https:\/\/digistar.ma\/index.php?rest_route=%2Fwp%2Fv2%2Fproduct_tag&post=9400"}],"curies":[{"name":"wp","href":"https:\/\/api.w.org\/{rel}","templated":true}]}}