{"id":9412,"date":"2023-10-06T19:20:58","date_gmt":"2023-10-06T19:20:58","guid":{"rendered":"https:\/\/digistar.ma\/?post_type=product&#038;p=9412"},"modified":"2025-09-17T17:21:28","modified_gmt":"2025-09-17T17:21:28","slug":"casque-gaming-logitech-g432-avec-son-surround-7-1-981-000770","status":"publish","type":"product","link":"https:\/\/digistar.ma\/?product=casque-gaming-logitech-g432-avec-son-surround-7-1-981-000770","title":{"rendered":"Casque gaming Logitech G432 avec son surround 7.1 (981-000770)"},"content":{"rendered":"<h2>Casque gaming Logitech G432 avec son surround 7.1 (981-000770)<\/h2>\n<h3 class=\"h2-master\">Jouez sur tous les tableaux<\/h3>\n<section>Optez pour le\u00a0<strong>Logitech G432<\/strong>\u00a0afin de connaitre une immersion maximale. Ce casque gaming est dot\u00e9 de la technologie de son surround DTS Headphone:X 2.0 qui cr\u00e9e une pr\u00e9cision positionnelle exceptionnelle en jeu pour que vous puissiez entendre vos ennemis se faufiler derri\u00e8re vous et ainsi anticipez leurs attaques. \u00c9quip\u00e9 de grands transducteurs 50 mm vous allez entendre encore plus de d\u00e9tails avec un son d&#8217;une grande profondeur et d&#8217;une clart\u00e9 incroyable.<\/p>\n<p>Confortable et \u00e9quilibr\u00e9, le Logitech G432 est compatible PC, PlayStation 4, Xbox One et dispositifs mobiles pour une polyvalence compl\u00e8te.<\/p>\n<\/section>\n<section>\n<div class=\"desc-image\"><img decoding=\"async\" src=\"https:\/\/media.ldlc.com\/bo\/images\/fiches\/casque\/logitech\/g432\/3.jpg\" alt=\"\" \/><\/div>\n<div class=\"desc-text\">\n<h3>UNE PR\u00c9CISION POSITIONNELLE EXCEPTIONNELLE<\/h3>\n<p>B\u00e9n\u00e9ficiez de la technologie de son surround DTS Headphone:X 2.0 du Logitech G432 pour connaitre\u00a0<strong>une immersion totale dans l&#8217;action.<\/strong>\u00a0Offrant\u00a0<strong>des indices de positions incroyablement pr\u00e9cis,\u00a0<\/strong>qu&#8217;un ennemi approche doucement derri\u00e8re vous ou qu&#8217;une grenade tombe sur votre droite, vous allez pouvoir anticiper toutes les attaques pour prendre un avantage d\u00e9finitif sur vos adversaires et remporter de pr\u00e9cieuses victoires.<\/p>\n<p>De plus, il est \u00e9quip\u00e9 d&#8217;un\u00a0<strong>microphone unidirectionnel qui se met en sourdine quand vous le relevez<\/strong>\u00a0! Il vous garantit \u00e9galement une voix claire et intelligible pour que vous puissiez passer vos consignes aupr\u00e8s de vos co\u00e9quipiers sans le moindre probl\u00e8me.<\/p>\n<\/div>\n<\/section>\n<section class=\"list\">\n<h3>CARACT\u00c9RISTIQUES PRINCIPALES Casque gaming Logitech G432 avec son surround 7.1 (981-000770)<\/h3>\n<ul>\n<li>Casque au son\u00a0<strong>DTS Headphone : X v2.0<\/strong>\u00a0qui fournit une imagerie spatiale optimale pour\u00a0<strong>une immersion totale \u00e0 360 degr\u00e9s<\/strong><\/li>\n<li><strong>Transducteurs 50 mm<\/strong>\u00a0pour un audio d\u00e9taill\u00e9<\/li>\n<li>Confortable m\u00eame apr\u00e8s de longues heures<\/li>\n<li><strong>Microphone 6 mm<\/strong>\u00a0dot\u00e9 d&#8217;une fonction de sourdine lorsque vous le relevez<\/li>\n<li>Connectivit\u00e9 : USB pour PC et Jack 3.5 mm pour console\/mobile<\/li>\n<li>Convertisseur num\u00e9ri-analogique USB (DAC)<\/li>\n<\/ul>\n<\/section>\n<p>Optez pour le Logitech G432 afin de connaitre une immersion maximale. Ce casque gaming est dot\u00e9 de la technologie de son surround DTS Headphone:X 2.0 qui cr\u00e9e une pr\u00e9cision positionnelle exceptionnelle en jeu pour que vous puissiez entendre vos ennemis se faufiler derri\u00e8re vous.<\/p>\n<section class=\"list\">&nbsp;<\/p>\n<\/section>\n","protected":false},"excerpt":{"rendered":"<ul>\n<li>Casque au son\u00a0<strong>DTS Headphone : X v2.0<\/strong>\u00a0qui fournit une imagerie spatiale optimale pour\u00a0<strong>une immersion totale \u00e0 360 degr\u00e9s<\/strong><\/li>\n<li><strong>Transducteurs 50 mm<\/strong>\u00a0pour un audio d\u00e9taill\u00e9<\/li>\n<li>Confortable m\u00eame apr\u00e8s de longues heures<\/li>\n<li><strong>Microphone 6 mm<\/strong>\u00a0dot\u00e9 d&#8217;une fonction de sourdine lorsque vous le relevez<\/li>\n<li>Connectivit\u00e9 : USB pour PC et Jack 3.5 mm pour console\/mobile<\/li>\n<li>Convertisseur num\u00e9ri-analogique USB (DAC)<\/li>\n<\/ul>\n","protected":false},"featured_media":9413,"comment_status":"open","ping_status":"closed","template":"","meta":{"_acf_changed":false,"_monsterinsights_skip_tracking":false,"_monsterinsights_sitenote_active":false,"_monsterinsights_sitenote_note":"","_monsterinsights_sitenote_category":0,"_uf_show_specific_survey":0,"_uf_disable_surveys":false,"_joinchat":[]},"product_brand":[],"product_cat":[297,344,244],"product_tag":[],"class_list":{"0":"post-9412","1":"product","2":"type-product","3":"status-publish","4":"has-post-thumbnail","6":"product_cat-gaming","7":"product_cat-casque-ecouteur","8":"product_cat-image-son","10":"first","11":"instock","12":"sale","13":"shipping-taxable","14":"purchasable","15":"product-type-simple"},"acf":[],"jetpack_sharing_enabled":true,"_links":{"self":[{"href":"https:\/\/digistar.ma\/index.php?rest_route=\/wp\/v2\/product\/9412","targetHints":{"allow":["GET"]}}],"collection":[{"href":"https:\/\/digistar.ma\/index.php?rest_route=\/wp\/v2\/product"}],"about":[{"href":"https:\/\/digistar.ma\/index.php?rest_route=\/wp\/v2\/types\/product"}],"replies":[{"embeddable":true,"href":"https:\/\/digistar.ma\/index.php?rest_route=%2Fwp%2Fv2%2Fcomments&post=9412"}],"version-history":[{"count":1,"href":"https:\/\/digistar.ma\/index.php?rest_route=\/wp\/v2\/product\/9412\/revisions"}],"predecessor-version":[{"id":9417,"href":"https:\/\/digistar.ma\/index.php?rest_route=\/wp\/v2\/product\/9412\/revisions\/9417"}],"wp:featuredmedia":[{"embeddable":true,"href":"https:\/\/digistar.ma\/index.php?rest_route=\/wp\/v2\/media\/9413"}],"wp:attachment":[{"href":"https:\/\/digistar.ma\/index.php?rest_route=%2Fwp%2Fv2%2Fmedia&parent=9412"}],"wp:term":[{"taxonomy":"product_brand","embeddable":true,"href":"https:\/\/digistar.ma\/index.php?rest_route=%2Fwp%2Fv2%2Fproduct_brand&post=9412"},{"taxonomy":"product_cat","embeddable":true,"href":"https:\/\/digistar.ma\/index.php?rest_route=%2Fwp%2Fv2%2Fproduct_cat&post=9412"},{"taxonomy":"product_tag","embeddable":true,"href":"https:\/\/digistar.ma\/index.php?rest_route=%2Fwp%2Fv2%2Fproduct_tag&post=9412"}],"curies":[{"name":"wp","href":"https:\/\/api.w.org\/{rel}","templated":true}]}}