{"id":9426,"date":"2023-10-06T20:12:10","date_gmt":"2023-10-06T20:12:10","guid":{"rendered":"https:\/\/digistar.ma\/?post_type=product&#038;p=9426"},"modified":"2023-10-06T20:12:10","modified_gmt":"2023-10-06T20:12:10","slug":"kit-dinstallation-logitech-pour-rally-939-001644","status":"publish","type":"product","link":"https:\/\/digistar.ma\/?product=kit-dinstallation-logitech-pour-rally-939-001644","title":{"rendered":"KIT d\u2019installation Logitech pour Rally (939-001644)"},"content":{"rendered":"<h3>KIT d\u2019installation Logitech pour Rally (939-001644)<\/h3>\n<section class=\"checkerboard-row js-checkerboard-row in-view\" aria-label=\"SUPPORT DE CAM\u00c9RA INVERSIBLE\" data-theme-desktop=\"theme-dark\" data-theme-tablet=\"theme-dark\" data-theme-mobile=\"theme-dark\">\n<div class=\"container-xl\">\n<div class=\"grid checkerboard-wrap \">\n<div class=\"media-portion\">\n<div class=\"img-wrap\">\n<div class=\"img\"><picture class=\"responsive-img js-responsive-img\" data-visible-desktop=\"block\"><img srcset=\"https:\/\/resource.logitech.com\/w_695,c_limit,q_auto,f_auto,dpr_1.0\/d_transparent.gif\/content\/dam\/logitech\/en\/products\/video-conferencing\/mounting-kit-for-rally\/rally-mounting-kit-feature-1.jpg?v=1\" alt=\"Support de cam\u00e9ra\" data-srcset=\"https:\/\/resource.logitech.com\/w_695,c_limit,q_auto,f_auto,dpr_1.0\/d_transparent.gif\/content\/dam\/logitech\/en\/products\/video-conferencing\/mounting-kit-for-rally\/rally-mounting-kit-feature-1.jpg?v=1\" \/><\/picture><\/div>\n<\/div>\n<\/div>\n<div class=\"text-portion\">\n<div class=\"copy rte-field\">\n<h2 class=\"h3 \">SUPPORT DE CAM\u00c9RA INVERSIBLE<\/h2>\n<p>Le support de cam\u00e9ra offre la possibilit\u00e9 de monter la cam\u00e9ra sur un mur directement au-dessus ou au-dessous de l&#8217;\u00e9cran pour une ligne de vue naturelle et un contact visuel avec les participants \u00e0 distance. Pour les grands espaces de r\u00e9union, le support peut \u00eatre invers\u00e9 pour positionner la cam\u00e9ra pr\u00e8s du plafond pour une vue plus large. Un syst\u00e8me de vis de tr\u00e9pied et de goupille \u00e0 trois points assure la stabilit\u00e9 et aide \u00e0 maintenir la cam\u00e9ra immobile lorsque l&#8217;objectif est en mouvement.<\/p>\n<div class=\"cta-container\"><\/div>\n<\/div>\n<\/div>\n<\/div>\n<\/div>\n<\/section>\n<section class=\"checkerboard-row js-checkerboard-row in-view\" aria-label=\"SUPPORTS DE HAUT-PARLEURS EXTRA-PLATS\" data-theme-desktop=\"theme-dark\" data-theme-tablet=\"theme-dark\" data-theme-mobile=\"theme-dark\">\n<div class=\"container-xl\">\n<div class=\"grid checkerboard-wrap \">\n<div class=\"media-portion\">\n<div class=\"img-wrap\">\n<div class=\"img\"><picture class=\"responsive-img js-responsive-img\" data-visible-desktop=\"block\"><source srcset=\"https:\/\/resource.logitech.com\/w_797,c_limit,q_auto,f_auto,dpr_1.0\/d_transparent.gif\/content\/dam\/logitech\/en\/products\/video-conferencing\/mounting-kit-for-rally\/rally-mounting-kit-feature-2.jpg?v=1 1x, https:\/\/resource.logitech.com\/w_797,c_limit,q_auto,f_auto,dpr_2.0\/d_transparent.gif\/content\/dam\/logitech\/en\/products\/video-conferencing\/mounting-kit-for-rally\/rally-mounting-kit-feature-2.jpg?v=1 2x\" media=\"(min-width: 1490px)\" data-srcset=\"https:\/\/resource.logitech.com\/w_797,c_limit,q_auto,f_auto,dpr_1.0\/d_transparent.gif\/content\/dam\/logitech\/en\/products\/video-conferencing\/mounting-kit-for-rally\/rally-mounting-kit-feature-2.jpg?v=1 1x, https:\/\/resource.logitech.com\/w_797,c_limit,q_auto,f_auto,dpr_2.0\/d_transparent.gif\/content\/dam\/logitech\/en\/products\/video-conferencing\/mounting-kit-for-rally\/rally-mounting-kit-feature-2.jpg?v=1 2x\" \/><source srcset=\"https:\/\/resource.logitech.com\/w_695,c_limit,q_auto,f_auto,dpr_1.0\/d_transparent.gif\/content\/dam\/logitech\/en\/products\/video-conferencing\/mounting-kit-for-rally\/rally-mounting-kit-feature-2.jpg?v=1 1x, https:\/\/resource.logitech.com\/w_695,c_limit,q_auto,f_auto,dpr_2.0\/d_transparent.gif\/content\/dam\/logitech\/en\/products\/video-conferencing\/mounting-kit-for-rally\/rally-mounting-kit-feature-2.jpg?v=1 2x\" media=\"(min-width: 1025px)\" data-srcset=\"https:\/\/resource.logitech.com\/w_695,c_limit,q_auto,f_auto,dpr_1.0\/d_transparent.gif\/content\/dam\/logitech\/en\/products\/video-conferencing\/mounting-kit-for-rally\/rally-mounting-kit-feature-2.jpg?v=1 1x, https:\/\/resource.logitech.com\/w_695,c_limit,q_auto,f_auto,dpr_2.0\/d_transparent.gif\/content\/dam\/logitech\/en\/products\/video-conferencing\/mounting-kit-for-rally\/rally-mounting-kit-feature-2.jpg?v=1 2x\" \/><source srcset=\"https:\/\/resource.logitech.com\/w_929,c_limit,q_auto,f_auto,dpr_1.0\/d_transparent.gif\/content\/dam\/logitech\/en\/products\/video-conferencing\/mounting-kit-for-rally\/rally-mounting-kit-feature-2.jpg?v=1 1x, https:\/\/resource.logitech.com\/w_929,c_limit,q_auto,f_auto,dpr_2.0\/d_transparent.gif\/content\/dam\/logitech\/en\/products\/video-conferencing\/mounting-kit-for-rally\/rally-mounting-kit-feature-2.jpg?v=1 2x\" media=\"(min-width: 720px)\" data-srcset=\"https:\/\/resource.logitech.com\/w_929,c_limit,q_auto,f_auto,dpr_1.0\/d_transparent.gif\/content\/dam\/logitech\/en\/products\/video-conferencing\/mounting-kit-for-rally\/rally-mounting-kit-feature-2.jpg?v=1 1x, https:\/\/resource.logitech.com\/w_929,c_limit,q_auto,f_auto,dpr_2.0\/d_transparent.gif\/content\/dam\/logitech\/en\/products\/video-conferencing\/mounting-kit-for-rally\/rally-mounting-kit-feature-2.jpg?v=1 2x\" \/><source srcset=\"https:\/\/resource.logitech.com\/w_525,c_limit,q_auto,f_auto,dpr_1.0\/d_transparent.gif\/content\/dam\/logitech\/en\/products\/video-conferencing\/mounting-kit-for-rally\/rally-mounting-kit-feature-2.jpg?v=1 1x, https:\/\/resource.logitech.com\/w_525,c_limit,q_auto,f_auto,dpr_2.0\/d_transparent.gif\/content\/dam\/logitech\/en\/products\/video-conferencing\/mounting-kit-for-rally\/rally-mounting-kit-feature-2.jpg?v=1 2x\" media=\"(max-width: 719px)\" data-srcset=\"https:\/\/resource.logitech.com\/w_525,c_limit,q_auto,f_auto,dpr_1.0\/d_transparent.gif\/content\/dam\/logitech\/en\/products\/video-conferencing\/mounting-kit-for-rally\/rally-mounting-kit-feature-2.jpg?v=1 1x, https:\/\/resource.logitech.com\/w_525,c_limit,q_auto,f_auto,dpr_2.0\/d_transparent.gif\/content\/dam\/logitech\/en\/products\/video-conferencing\/mounting-kit-for-rally\/rally-mounting-kit-feature-2.jpg?v=1 2x\" \/><img srcset=\"https:\/\/resource.logitech.com\/w_695,c_limit,q_auto,f_auto,dpr_1.0\/d_transparent.gif\/content\/dam\/logitech\/en\/products\/video-conferencing\/mounting-kit-for-rally\/rally-mounting-kit-feature-2.jpg?v=1\" alt=\"Supports de haut-parleur\" data-srcset=\"https:\/\/resource.logitech.com\/w_695,c_limit,q_auto,f_auto,dpr_1.0\/d_transparent.gif\/content\/dam\/logitech\/en\/products\/video-conferencing\/mounting-kit-for-rally\/rally-mounting-kit-feature-2.jpg?v=1\" \/><\/picture><\/div>\n<\/div>\n<\/div>\n<div class=\"text-portion\">\n<div class=\"copy rte-field\">\n<h2 class=\"h3 \">SUPPORTS DE HAUT-PARLEURS EXTRA-PLATS<\/h2>\n<p>Chaque accessoire du kit de montage Rally est adapt\u00e9 au composant du syst\u00e8me qu\u2019il prend en charge. Les deux supports qui fixent les haut-parleurs Rally de chaque c\u00f4t\u00e9 de l\u2019\u00e9cran cr\u00e9ent une apparence \u00abflottante\u00bb \u00e9l\u00e9gante tout en permettant aux haut-parleurs de d\u00e9livrer tout leur potentiel acoustique. Le r\u00e9sultat: un son de conversation r\u00e9aliste qui aide \u00e0 rapprocher les gens m\u00eame si la technologie habilitante s&#8217;estompe discr\u00e8tement dans l&#8217;arri\u00e8re-plan.<\/p>\n<div class=\"cta-container\"><\/div>\n<\/div>\n<\/div>\n<\/div>\n<\/div>\n<\/section>\n<section class=\"checkerboard-row js-checkerboard-row in-view\" aria-label=\"SUPPORTS VENTIL\u00c9S POUR LE HUB D'\u00c9CRAN ET LE HUB DE TABLE\" data-theme-desktop=\"theme-dark\" data-theme-tablet=\"theme-dark\" data-theme-mobile=\"theme-dark\">\n<div class=\"container-xl\">\n<div class=\"grid checkerboard-wrap \">\n<div class=\"media-portion\">\n<div class=\"img-wrap\">\n<div class=\"img\"><picture class=\"responsive-img js-responsive-img\" data-visible-desktop=\"block\"><source srcset=\"https:\/\/resource.logitech.com\/w_797,c_limit,q_auto,f_auto,dpr_1.0\/d_transparent.gif\/content\/dam\/logitech\/en\/products\/video-conferencing\/mounting-kit-for-rally\/rally-mounting-kit-feature-3.jpg?v=1 1x, https:\/\/resource.logitech.com\/w_797,c_limit,q_auto,f_auto,dpr_2.0\/d_transparent.gif\/content\/dam\/logitech\/en\/products\/video-conferencing\/mounting-kit-for-rally\/rally-mounting-kit-feature-3.jpg?v=1 2x\" media=\"(min-width: 1490px)\" data-srcset=\"https:\/\/resource.logitech.com\/w_797,c_limit,q_auto,f_auto,dpr_1.0\/d_transparent.gif\/content\/dam\/logitech\/en\/products\/video-conferencing\/mounting-kit-for-rally\/rally-mounting-kit-feature-3.jpg?v=1 1x, https:\/\/resource.logitech.com\/w_797,c_limit,q_auto,f_auto,dpr_2.0\/d_transparent.gif\/content\/dam\/logitech\/en\/products\/video-conferencing\/mounting-kit-for-rally\/rally-mounting-kit-feature-3.jpg?v=1 2x\" \/><source srcset=\"https:\/\/resource.logitech.com\/w_695,c_limit,q_auto,f_auto,dpr_1.0\/d_transparent.gif\/content\/dam\/logitech\/en\/products\/video-conferencing\/mounting-kit-for-rally\/rally-mounting-kit-feature-3.jpg?v=1 1x, https:\/\/resource.logitech.com\/w_695,c_limit,q_auto,f_auto,dpr_2.0\/d_transparent.gif\/content\/dam\/logitech\/en\/products\/video-conferencing\/mounting-kit-for-rally\/rally-mounting-kit-feature-3.jpg?v=1 2x\" media=\"(min-width: 1025px)\" data-srcset=\"https:\/\/resource.logitech.com\/w_695,c_limit,q_auto,f_auto,dpr_1.0\/d_transparent.gif\/content\/dam\/logitech\/en\/products\/video-conferencing\/mounting-kit-for-rally\/rally-mounting-kit-feature-3.jpg?v=1 1x, https:\/\/resource.logitech.com\/w_695,c_limit,q_auto,f_auto,dpr_2.0\/d_transparent.gif\/content\/dam\/logitech\/en\/products\/video-conferencing\/mounting-kit-for-rally\/rally-mounting-kit-feature-3.jpg?v=1 2x\" \/><source srcset=\"https:\/\/resource.logitech.com\/w_929,c_limit,q_auto,f_auto,dpr_1.0\/d_transparent.gif\/content\/dam\/logitech\/en\/products\/video-conferencing\/mounting-kit-for-rally\/rally-mounting-kit-feature-3.jpg?v=1 1x, https:\/\/resource.logitech.com\/w_929,c_limit,q_auto,f_auto,dpr_2.0\/d_transparent.gif\/content\/dam\/logitech\/en\/products\/video-conferencing\/mounting-kit-for-rally\/rally-mounting-kit-feature-3.jpg?v=1 2x\" media=\"(min-width: 720px)\" data-srcset=\"https:\/\/resource.logitech.com\/w_929,c_limit,q_auto,f_auto,dpr_1.0\/d_transparent.gif\/content\/dam\/logitech\/en\/products\/video-conferencing\/mounting-kit-for-rally\/rally-mounting-kit-feature-3.jpg?v=1 1x, https:\/\/resource.logitech.com\/w_929,c_limit,q_auto,f_auto,dpr_2.0\/d_transparent.gif\/content\/dam\/logitech\/en\/products\/video-conferencing\/mounting-kit-for-rally\/rally-mounting-kit-feature-3.jpg?v=1 2x\" \/><source srcset=\"https:\/\/resource.logitech.com\/w_525,c_limit,q_auto,f_auto,dpr_1.0\/d_transparent.gif\/content\/dam\/logitech\/en\/products\/video-conferencing\/mounting-kit-for-rally\/rally-mounting-kit-feature-3.jpg?v=1 1x, https:\/\/resource.logitech.com\/w_525,c_limit,q_auto,f_auto,dpr_2.0\/d_transparent.gif\/content\/dam\/logitech\/en\/products\/video-conferencing\/mounting-kit-for-rally\/rally-mounting-kit-feature-3.jpg?v=1 2x\" media=\"(max-width: 719px)\" data-srcset=\"https:\/\/resource.logitech.com\/w_525,c_limit,q_auto,f_auto,dpr_1.0\/d_transparent.gif\/content\/dam\/logitech\/en\/products\/video-conferencing\/mounting-kit-for-rally\/rally-mounting-kit-feature-3.jpg?v=1 1x, https:\/\/resource.logitech.com\/w_525,c_limit,q_auto,f_auto,dpr_2.0\/d_transparent.gif\/content\/dam\/logitech\/en\/products\/video-conferencing\/mounting-kit-for-rally\/rally-mounting-kit-feature-3.jpg?v=1 2x\" \/><img srcset=\"https:\/\/resource.logitech.com\/w_695,c_limit,q_auto,f_auto,dpr_1.0\/d_transparent.gif\/content\/dam\/logitech\/en\/products\/video-conferencing\/mounting-kit-for-rally\/rally-mounting-kit-feature-3.jpg?v=1\" alt=\"Supports ventil\u00e9s\" data-srcset=\"https:\/\/resource.logitech.com\/w_695,c_limit,q_auto,f_auto,dpr_1.0\/d_transparent.gif\/content\/dam\/logitech\/en\/products\/video-conferencing\/mounting-kit-for-rally\/rally-mounting-kit-feature-3.jpg?v=1\" \/><\/picture><\/div>\n<\/div>\n<\/div>\n<div class=\"text-portion\">\n<div class=\"copy rte-field\">\n<h2 class=\"h3 \">SUPPORTS VENTIL\u00c9S POUR LE HUB D&#8217;\u00c9CRAN ET LE HUB DE TABLE<\/h2>\n<p>Deux supports de hub ventil\u00e9s offrent des options de montage polyvalentes pour positionner le hub d&#8217;\u00e9cran et le hub de table sur un mur ou sous une table. Les supports sont con\u00e7us avec des entretoises sur\u00e9lev\u00e9es afin d&#8217;assurer une circulation de l&#8217;air suffisante pour un refroidissement fiable.<\/p>\n<div class=\"cta-container\"><\/div>\n<\/div>\n<\/div>\n<\/div>\n<\/div>\n<\/section>\n<section class=\"checkerboard-row js-checkerboard-row in-view\" aria-label=\"SUPPORTS DE RETENUE DE C\u00c2BLE\" data-theme-desktop=\"theme-dark\" data-theme-tablet=\"theme-dark\" data-theme-mobile=\"theme-dark\">\n<div class=\"container-xl\">\n<div class=\"grid checkerboard-wrap \">\n<div class=\"media-portion\">\n<div class=\"img-wrap\">\n<div class=\"img\"><picture class=\"responsive-img js-responsive-img\" data-visible-desktop=\"block\"><source srcset=\"https:\/\/resource.logitech.com\/w_797,c_limit,q_auto,f_auto,dpr_1.0\/d_transparent.gif\/content\/dam\/logitech\/en\/products\/video-conferencing\/mounting-kit-for-rally\/rally-mounting-kit-feature-4.jpg?v=1 1x, https:\/\/resource.logitech.com\/w_797,c_limit,q_auto,f_auto,dpr_2.0\/d_transparent.gif\/content\/dam\/logitech\/en\/products\/video-conferencing\/mounting-kit-for-rally\/rally-mounting-kit-feature-4.jpg?v=1 2x\" media=\"(min-width: 1490px)\" data-srcset=\"https:\/\/resource.logitech.com\/w_797,c_limit,q_auto,f_auto,dpr_1.0\/d_transparent.gif\/content\/dam\/logitech\/en\/products\/video-conferencing\/mounting-kit-for-rally\/rally-mounting-kit-feature-4.jpg?v=1 1x, https:\/\/resource.logitech.com\/w_797,c_limit,q_auto,f_auto,dpr_2.0\/d_transparent.gif\/content\/dam\/logitech\/en\/products\/video-conferencing\/mounting-kit-for-rally\/rally-mounting-kit-feature-4.jpg?v=1 2x\" \/><source srcset=\"https:\/\/resource.logitech.com\/w_695,c_limit,q_auto,f_auto,dpr_1.0\/d_transparent.gif\/content\/dam\/logitech\/en\/products\/video-conferencing\/mounting-kit-for-rally\/rally-mounting-kit-feature-4.jpg?v=1 1x, https:\/\/resource.logitech.com\/w_695,c_limit,q_auto,f_auto,dpr_2.0\/d_transparent.gif\/content\/dam\/logitech\/en\/products\/video-conferencing\/mounting-kit-for-rally\/rally-mounting-kit-feature-4.jpg?v=1 2x\" media=\"(min-width: 1025px)\" data-srcset=\"https:\/\/resource.logitech.com\/w_695,c_limit,q_auto,f_auto,dpr_1.0\/d_transparent.gif\/content\/dam\/logitech\/en\/products\/video-conferencing\/mounting-kit-for-rally\/rally-mounting-kit-feature-4.jpg?v=1 1x, https:\/\/resource.logitech.com\/w_695,c_limit,q_auto,f_auto,dpr_2.0\/d_transparent.gif\/content\/dam\/logitech\/en\/products\/video-conferencing\/mounting-kit-for-rally\/rally-mounting-kit-feature-4.jpg?v=1 2x\" \/><source srcset=\"https:\/\/resource.logitech.com\/w_929,c_limit,q_auto,f_auto,dpr_1.0\/d_transparent.gif\/content\/dam\/logitech\/en\/products\/video-conferencing\/mounting-kit-for-rally\/rally-mounting-kit-feature-4.jpg?v=1 1x, https:\/\/resource.logitech.com\/w_929,c_limit,q_auto,f_auto,dpr_2.0\/d_transparent.gif\/content\/dam\/logitech\/en\/products\/video-conferencing\/mounting-kit-for-rally\/rally-mounting-kit-feature-4.jpg?v=1 2x\" media=\"(min-width: 720px)\" data-srcset=\"https:\/\/resource.logitech.com\/w_929,c_limit,q_auto,f_auto,dpr_1.0\/d_transparent.gif\/content\/dam\/logitech\/en\/products\/video-conferencing\/mounting-kit-for-rally\/rally-mounting-kit-feature-4.jpg?v=1 1x, https:\/\/resource.logitech.com\/w_929,c_limit,q_auto,f_auto,dpr_2.0\/d_transparent.gif\/content\/dam\/logitech\/en\/products\/video-conferencing\/mounting-kit-for-rally\/rally-mounting-kit-feature-4.jpg?v=1 2x\" \/><source srcset=\"https:\/\/resource.logitech.com\/w_525,c_limit,q_auto,f_auto,dpr_1.0\/d_transparent.gif\/content\/dam\/logitech\/en\/products\/video-conferencing\/mounting-kit-for-rally\/rally-mounting-kit-feature-4.jpg?v=1 1x, https:\/\/resource.logitech.com\/w_525,c_limit,q_auto,f_auto,dpr_2.0\/d_transparent.gif\/content\/dam\/logitech\/en\/products\/video-conferencing\/mounting-kit-for-rally\/rally-mounting-kit-feature-4.jpg?v=1 2x\" media=\"(max-width: 719px)\" data-srcset=\"https:\/\/resource.logitech.com\/w_525,c_limit,q_auto,f_auto,dpr_1.0\/d_transparent.gif\/content\/dam\/logitech\/en\/products\/video-conferencing\/mounting-kit-for-rally\/rally-mounting-kit-feature-4.jpg?v=1 1x, https:\/\/resource.logitech.com\/w_525,c_limit,q_auto,f_auto,dpr_2.0\/d_transparent.gif\/content\/dam\/logitech\/en\/products\/video-conferencing\/mounting-kit-for-rally\/rally-mounting-kit-feature-4.jpg?v=1 2x\" \/><img srcset=\"https:\/\/resource.logitech.com\/w_695,c_limit,q_auto,f_auto,dpr_1.0\/d_transparent.gif\/content\/dam\/logitech\/en\/products\/video-conferencing\/mounting-kit-for-rally\/rally-mounting-kit-feature-4.jpg?v=1\" alt=\"Supports de retenue de c\u00e2ble\" data-srcset=\"https:\/\/resource.logitech.com\/w_695,c_limit,q_auto,f_auto,dpr_1.0\/d_transparent.gif\/content\/dam\/logitech\/en\/products\/video-conferencing\/mounting-kit-for-rally\/rally-mounting-kit-feature-4.jpg?v=1\" \/><\/picture><\/div>\n<\/div>\n<\/div>\n<div class=\"text-portion\">\n<div class=\"copy rte-field\">\n<h2 class=\"h3 \">SUPPORTS DE RETENUE DE C\u00c2BLE<\/h2>\n<p>Prot\u00e9gez-vous des d\u00e9connexions accidentelles et des probl\u00e8mes li\u00e9s tout en maintenant les c\u00e2bles propres et ordonn\u00e9s. \u00a0Chaque support en deux pi\u00e8ces se monte pr\u00e8s du hub d&#8217;\u00e9cran et du hub de table pour que les c\u00e2bles d&#8217;alimentation, d&#8217;audio\/de vid\u00e9o et de donn\u00e9es soient bien branch\u00e9s.<\/p>\n<\/div>\n<\/div>\n<\/div>\n<\/div>\n<\/section>\n<p><strong>Principales caract\u00e9ristiques KIT d\u2019installation Logitech pour Rally (939-001644)<\/strong><\/p>\n<ul>\n<li><strong>Kit complet de supports pour Logitech Rally Standard et Rally Plus<\/strong><\/li>\n<li>Comprend :\u00a0Support de haut-parleur (x2), support de cam\u00e9ra, support de hub de table, support de hub d&#8217;\u00e9cran, collier de c\u00e2ble (x2)<\/li>\n<\/ul>\n","protected":false},"excerpt":{"rendered":"<ul class=\"pangea-cmp tech-specs js-pangea-tech-specs\">\n<li class=\"specs-column\">\n<div class=\"specs-group\">\n<header class=\"specs-header\">\n<h3 class=\"specs-heading\">COMPATIBILIT\u00c9<\/h3>\n<\/header>\n<div class=\"specs-block\">\n<div class=\"specs-description\">Logitech\u00a0Rally ou Logitech\u00a0Rally\u00a0Plus<\/div>\n<\/div>\n<div class=\"specs-block\">\n<div class=\"specs-description\">Remarque: le Kit de montage Rally est con\u00e7u pour les syst\u00e8mes Logitech\u00a0Rally seulement. Un syst\u00e8me de montage diff\u00e9rent est inclus avec la cam\u00e9ra USB autonome Rally.<\/div>\n<\/div>\n<\/div>\n<\/li>\n<li class=\"specs-column\">\n<div class=\"specs-group\">\n<header class=\"specs-header\">\n<h3 class=\"specs-heading\">CONTENU DU COFFRET<\/h3>\n<\/header>\n<div class=\"specs-block\">\n<ul class=\"specs-description-list\">\n<li>Support de haut-parleur (2)<\/li>\n<li>Support de cam\u00e9ra<\/li>\n<li>Support de hub de table<\/li>\n<li>Support de hub d&#8217;\u00e9cran<\/li>\n<li>Collier de c\u00e2ble (2)<\/li>\n<li>Documentation sur les fixations<\/li>\n<\/ul>\n<\/div>\n<\/div>\n<\/li>\n<\/ul>\n","protected":false},"featured_media":9427,"comment_status":"open","ping_status":"closed","template":"","meta":{"_acf_changed":false,"_monsterinsights_skip_tracking":false,"_monsterinsights_sitenote_active":false,"_monsterinsights_sitenote_note":"","_monsterinsights_sitenote_category":0,"_uf_show_specific_survey":0,"_uf_disable_surveys":false,"_joinchat":[]},"product_brand":[],"product_cat":[246,337],"product_tag":[],"class_list":{"0":"post-9426","1":"product","2":"type-product","3":"status-publish","4":"has-post-thumbnail","6":"product_cat-peripherique","7":"product_cat-visioconference","9":"first","10":"instock","11":"sale","12":"shipping-taxable","13":"purchasable","14":"product-type-simple"},"acf":[],"jetpack_sharing_enabled":true,"_links":{"self":[{"href":"https:\/\/digistar.ma\/index.php?rest_route=\/wp\/v2\/product\/9426","targetHints":{"allow":["GET"]}}],"collection":[{"href":"https:\/\/digistar.ma\/index.php?rest_route=\/wp\/v2\/product"}],"about":[{"href":"https:\/\/digistar.ma\/index.php?rest_route=\/wp\/v2\/types\/product"}],"replies":[{"embeddable":true,"href":"https:\/\/digistar.ma\/index.php?rest_route=%2Fwp%2Fv2%2Fcomments&post=9426"}],"version-history":[{"count":1,"href":"https:\/\/digistar.ma\/index.php?rest_route=\/wp\/v2\/product\/9426\/revisions"}],"predecessor-version":[{"id":9431,"href":"https:\/\/digistar.ma\/index.php?rest_route=\/wp\/v2\/product\/9426\/revisions\/9431"}],"wp:featuredmedia":[{"embeddable":true,"href":"https:\/\/digistar.ma\/index.php?rest_route=\/wp\/v2\/media\/9427"}],"wp:attachment":[{"href":"https:\/\/digistar.ma\/index.php?rest_route=%2Fwp%2Fv2%2Fmedia&parent=9426"}],"wp:term":[{"taxonomy":"product_brand","embeddable":true,"href":"https:\/\/digistar.ma\/index.php?rest_route=%2Fwp%2Fv2%2Fproduct_brand&post=9426"},{"taxonomy":"product_cat","embeddable":true,"href":"https:\/\/digistar.ma\/index.php?rest_route=%2Fwp%2Fv2%2Fproduct_cat&post=9426"},{"taxonomy":"product_tag","embeddable":true,"href":"https:\/\/digistar.ma\/index.php?rest_route=%2Fwp%2Fv2%2Fproduct_tag&post=9426"}],"curies":[{"name":"wp","href":"https:\/\/api.w.org\/{rel}","templated":true}]}}