{"id":9432,"date":"2023-10-06T20:25:38","date_gmt":"2023-10-06T20:25:38","guid":{"rendered":"https:\/\/digistar.ma\/?post_type=product&#038;p=9432"},"modified":"2023-10-06T20:25:38","modified_gmt":"2023-10-06T20:25:38","slug":"clavier-gaming-g213-prodigy-de-logitech-avec-eclairage-rvb-azerty","status":"publish","type":"product","link":"https:\/\/digistar.ma\/?product=clavier-gaming-g213-prodigy-de-logitech-avec-eclairage-rvb-azerty","title":{"rendered":"Clavier gaming G213 Prodigy de Logitech avec \u00e9clairage RVB (Azerty)"},"content":{"rendered":"<h3>Clavier gaming G213 Prodigy de Logitech avec \u00e9clairage RVB (Azerty)<\/h3>\n<div>\n<h2>POUR DES PERFORMANCES OPTIMALES<\/h2>\n<\/div>\n<p>Con\u00e7u notamment pour le jeu, le\u00a0<strong>Logitech G213 Prodigy Gaming Keyboard<\/strong>\u00a0offre un toucher unique et des performances incomparables gr\u00e2ce \u00e0 ses touches jusqu&#8217;\u00e0 4 fois plus rapide que les claviers standard. Totalement anti-ghosting, il vous garantit un contr\u00f4le incomparable, m\u00eame en cas de diverses pressions simultan\u00e9es. De plus, gr\u00e2ce aux commandes multim\u00e9dia, vous allez pouvoir lire, mettre en pause ou couper le son de votre musique \u00e0 tout moment et tr\u00e8s facilement.<\/p>\n<p>Le G213 Prodigy propose \u00e9galement un r\u00e9tro-\u00e9clairage RVB multicolore pour mettre un peu de fantaisie dans vos parties. En effet, vous allez avoir le choix entre 16.8 millions de couleurs afin de personnaliser votre clavier \u00e0 votre image.<\/p>\n<div>\n<\/div>\n<table border=\"0\" width=\"100%\" cellspacing=\"1\" cellpadding=\"1\">\n<tbody>\n<tr>\n<td>\n<h2>CONFORTABLE ET R\u00c9SISTANT<\/h2>\n<div>\nLe clavier Logitech G213 Prodigy Gaming Keyboard est un clavier de taille standard con\u00e7u aussi bien pour le jeu que pour l&#8217;activit\u00e9 professionnelle.\u00a0<strong>R\u00e9sistant aux liquides, aux miettes et \u00e0 la salet\u00e9<\/strong>\u00a0pour un nettoyage ais\u00e9, ce clavier b\u00e9n\u00e9ficie d&#8217;un design plat adapt\u00e9 aux joueurs de tout niveau.<\/p>\n<p>L&#8217;<strong>ajustement d&#8217;inclinaison \u00e0 deux\u00a0niveaux<\/strong>\u00a0vous permet de r\u00e9gler la position id\u00e9ale pour votre clavier, tandis que les repose-poignets int\u00e9gr\u00e9s am\u00e9liorent le confort et r\u00e9duisent la fatigue, afin que vous puissiez encha\u00eener les parties sans probl\u00e8mes.<\/div>\n<\/td>\n<td width=\"450\"><img decoding=\"async\" src=\"https:\/\/media.ldlc.com\/bo\/images\/fiches\/clavier_joueur\/logitech\/g213\/3.jpg\" alt=\"\" \/><\/td>\n<\/tr>\n<\/tbody>\n<\/table>\n<p>&nbsp;<\/p>\n<div>\n<\/div>\n<table border=\"0\" width=\"100%\" cellspacing=\"1\" cellpadding=\"1\">\n<tbody>\n<tr>\n<td width=\"450\"><img decoding=\"async\" src=\"https:\/\/media.ldlc.com\/bo\/images\/fiches\/clavier_joueur\/logitech\/g213\/2.jpg\" alt=\"\" \/><\/td>\n<td>\n<h2>DES COMMANDES MULTIM\u00c9DIA D\u00c9DI\u00c9ES<\/h2>\n<div>Les<strong>\u00a0commandes audio int\u00e9gr\u00e9es<\/strong>\u00a0vous permettent de jouer un morceau, l&#8217;interrompre ou passer \u00e0 la chanson suivante directement \u00e0 partir de votre clavier. Vous pouvez \u00e9galement contr\u00f4ler le volume ou d\u00e9sactiver le son sans avoir \u00e0 quitter le jeu.<\/p>\n<p>De plus, il embarque la technologie anti-ghosting pour vous \u00e9viter des manipulations d\u00e9sagr\u00e9ables lors de vos sessions de jeu.<\/p><\/div>\n<\/td>\n<\/tr>\n<\/tbody>\n<\/table>\n<p>&nbsp;<\/p>\n<table border=\"0\" width=\"100%\" cellspacing=\"1\" cellpadding=\"1\">\n<tbody>\n<tr>\n<td>\n<h2>UN \u00c9CLAIRAGE RVB INTELLIGENT<\/h2>\n<div>Attribuez des couleurs \u00e0 vos touches pour retenir les commandes utilis\u00e9es, notamment pour les sorts dans vos jeux d&#8217;aventures ou pour retrouver vos touches lors d&#8217;un combat intense. La palette disponible pour la personnalisation des touches offre plus de\u00a0<strong>16.8 millions de couleurs<\/strong>\u00a0afin de rentre votre Logitech G213 Prodigy Gaming Keyboard\u00a0unique.<\/p>\n<p>La\u00a0<strong>r\u00e9duction des fuites lumineuses autour des touches garantit un meilleur \u00e9clairage de celles-ci, les rendant ainsi plus brillantes et plus faciles \u00e0 trouver dans l&#8217;obscurit\u00e9<\/strong>.<\/div>\n<\/td>\n<td width=\"450\"><img decoding=\"async\" src=\"https:\/\/media.ldlc.com\/bo\/images\/fiches\/clavier_joueur\/logitech\/g213\/1.jpg\" alt=\"\" \/><\/td>\n<\/tr>\n<\/tbody>\n<\/table>\n<p>&nbsp;<\/p>\n<h2>CARACT\u00c9RISTIQUES PRINCIPALES Clavier gaming G213 Prodigy de Logitech avec \u00e9clairage RVB (Azerty)<\/h2>\n<ul>\n<li><strong>Zones d&#8217;\u00e9clairage RVB personnalisables<\/strong>\u00a0avec 16,8\u00a0millions de couleurs<\/li>\n<li><strong>R\u00e9sistante aux \u00e9claboussures<\/strong>\u00a0pour un nettoyage ais\u00e9<\/li>\n<li>Repose-poignets int\u00e9gr\u00e9 et inclinaison ajustable<\/li>\n<li>Touches anti-ghosting con\u00e7ues pour une meilleure performance &#8211; 4\u00a0fois plus rapide qu&#8217;un clavier standard<\/li>\n<li>Contr\u00f4le multim\u00e9dia d&#8217;acc\u00e8s direct<\/li>\n<li>Dimensions : 452 x 218 x 33 mm<\/li>\n<li>Poids : 1000 g<\/li>\n<\/ul>\n","protected":false},"excerpt":{"rendered":"<ul>\n<li><strong>Zones d&#8217;\u00e9clairage RVB personnalisables<\/strong>\u00a0avec 16,8\u00a0millions de couleurs<\/li>\n<li><strong>R\u00e9sistante aux \u00e9claboussures<\/strong>\u00a0pour un nettoyage ais\u00e9<\/li>\n<li>Repose-poignets int\u00e9gr\u00e9 et inclinaison ajustable<\/li>\n<li>Touches anti-ghosting con\u00e7ues pour une meilleure performance &#8211; 4\u00a0fois plus rapide qu&#8217;un clavier standard<\/li>\n<li>Contr\u00f4le multim\u00e9dia d&#8217;acc\u00e8s direct<\/li>\n<li>Dimensions : 452 x 218 x 33 mm<\/li>\n<li>Poids : 1000 g<\/li>\n<\/ul>\n","protected":false},"featured_media":9433,"comment_status":"open","ping_status":"closed","template":"","meta":{"_acf_changed":false,"_monsterinsights_skip_tracking":false,"_monsterinsights_sitenote_active":false,"_monsterinsights_sitenote_note":"","_monsterinsights_sitenote_category":0,"_uf_show_specific_survey":0,"_uf_disable_surveys":false,"_joinchat":[]},"product_brand":[],"product_cat":[15],"product_tag":[],"class_list":{"0":"post-9432","1":"product","2":"type-product","3":"status-publish","4":"has-post-thumbnail","6":"product_cat-imprimante-scanner","8":"first","9":"instock","10":"sale","11":"shipping-taxable","12":"purchasable","13":"product-type-simple"},"acf":[],"jetpack_sharing_enabled":true,"_links":{"self":[{"href":"https:\/\/digistar.ma\/index.php?rest_route=\/wp\/v2\/product\/9432","targetHints":{"allow":["GET"]}}],"collection":[{"href":"https:\/\/digistar.ma\/index.php?rest_route=\/wp\/v2\/product"}],"about":[{"href":"https:\/\/digistar.ma\/index.php?rest_route=\/wp\/v2\/types\/product"}],"replies":[{"embeddable":true,"href":"https:\/\/digistar.ma\/index.php?rest_route=%2Fwp%2Fv2%2Fcomments&post=9432"}],"version-history":[{"count":1,"href":"https:\/\/digistar.ma\/index.php?rest_route=\/wp\/v2\/product\/9432\/revisions"}],"predecessor-version":[{"id":9437,"href":"https:\/\/digistar.ma\/index.php?rest_route=\/wp\/v2\/product\/9432\/revisions\/9437"}],"wp:featuredmedia":[{"embeddable":true,"href":"https:\/\/digistar.ma\/index.php?rest_route=\/wp\/v2\/media\/9433"}],"wp:attachment":[{"href":"https:\/\/digistar.ma\/index.php?rest_route=%2Fwp%2Fv2%2Fmedia&parent=9432"}],"wp:term":[{"taxonomy":"product_brand","embeddable":true,"href":"https:\/\/digistar.ma\/index.php?rest_route=%2Fwp%2Fv2%2Fproduct_brand&post=9432"},{"taxonomy":"product_cat","embeddable":true,"href":"https:\/\/digistar.ma\/index.php?rest_route=%2Fwp%2Fv2%2Fproduct_cat&post=9432"},{"taxonomy":"product_tag","embeddable":true,"href":"https:\/\/digistar.ma\/index.php?rest_route=%2Fwp%2Fv2%2Fproduct_tag&post=9432"}],"curies":[{"name":"wp","href":"https:\/\/api.w.org\/{rel}","templated":true}]}}