{"id":9438,"date":"2023-10-06T20:48:25","date_gmt":"2023-10-06T20:48:25","guid":{"rendered":"https:\/\/digistar.ma\/?post_type=product&#038;p=9438"},"modified":"2023-10-06T20:48:26","modified_gmt":"2023-10-06T20:48:26","slug":"volant-de-course-logitech-g923-trueforce-pour-xbox-series-x-xbox-one-pc-941-000158","status":"publish","type":"product","link":"https:\/\/digistar.ma\/?product=volant-de-course-logitech-g923-trueforce-pour-xbox-series-x-xbox-one-pc-941-000158","title":{"rendered":"Volant de course Logitech G923 TRUEFORCE pour Xbox Series X, Xbox One, PC (941-000158)"},"content":{"rendered":"<h3>Volant de course Logitech G923 TRUEFORCE pour Xbox Series X, Xbox One, PC (941-000158)<\/h3>\n<h2 class=\"h2-master\">La sensation des courses du futur<\/h2>\n<section>Le volant\u00a0<strong>Logitech G923<\/strong>\u00a0a \u00e9t\u00e9 pens\u00e9 pour s&#8217;adapter parfaitement \u00e0 la physique de votre jeu et vous offrir un r\u00e9alisme in\u00e9gal\u00e9. Sentez les pistons pomper, le gravier crisser, et chaque passage de vitesse, drift et virage en \u00e9pingle \u00e0 cheveux comme jamais auparavant. Il est l&#8217;outil de simulation de course ultime con\u00e7u pour les derniers jeux Xbox One et PC. Int\u00e9grant la technologie TrueForce qui est un retour de force derni\u00e8re g\u00e9n\u00e9ration mais \u00e9galement une construction premium, le Logitech G923 est parfait pour des courses endiabl\u00e9es.<\/p>\n<\/section>\n<section>\n<div class=\"desc-image\"><img decoding=\"async\" src=\"https:\/\/media.ldlc.com\/bo\/images\/fiches\/volant\/logitech\/g923\/1.jpg\" alt=\"\" \/><\/div>\n<div class=\"desc-text\">\n<h2>TECHNOLOGIE TRUEFORCE<\/h2>\n<p>Le Logitech G923\u00a0donne vie \u00e0 la physique des courses afin que vous puissiez\u00a0<strong>ressentir chaque mouvement, d\u00e9rapage et virage en \u00e9pingle \u00e0 cheveux avec un r\u00e9alisme \u00e9poustouflant<\/strong>.\u00a0Alors que les autres volants de course simplifient et r\u00e9duisent la physique du jeu, Logitech propose le tout premier volant de course \u00e0 retour de force haute d\u00e9finition dot\u00e9 de forces contr\u00f4l\u00e9es avec pr\u00e9cision et d&#8217;un taux de rafra\u00eechissement in\u00e9gal\u00e9.<\/p>\n<p>En effet, gr\u00e2ce \u00e0 la\u00a0<strong>technologie TrueForce<\/strong>,\u00a0\u00a0vous profitez d&#8217;<strong>une technologie logicielle haptique ultra-rapide en temps r\u00e9el, d\u00e9riv\u00e9e des syst\u00e8mes chirurgicaux \u00e0 retour de force disposant d&#8217;une bande passante suffisante pour restituer la physique d\u00e9taill\u00e9e du jeu directement dans votre dispositif G923<\/strong>. Ainsi, vous ressentez absolument tout.<\/p>\n<\/div>\n<\/section>\n<section>\n<div class=\"desc-text\">\n<h2>CON\u00c7U POUR LA COURSE<\/h2>\n<p>Le Logitech G923 vous offre\u00a0<strong>une pr\u00e9cision exceptionnelle et un r\u00e9alisme in\u00e9gal\u00e9<\/strong>\u00a0gr\u00e2ce notamment \u00e0 davantage de traction et au double embrayage programmable. De plus, avec les\u00a0<strong>commandes de jeux sur le volant<\/strong>,\u00a0quel que soit votre mode de course, toutes les commandes sont \u00e0 port\u00e9e de main.<\/p>\n<p>Plus r\u00e9actifs, plus pr\u00e9cis, les ressorts progressifs du p\u00e9dalier simulent les performances d&#8217;<strong>un syst\u00e8me de freinage sensible \u00e0 la pression pour une sensation de course plus r\u00e9aliste<\/strong>. Repositionnez les p\u00e9dales pour faciliter l&#8217;ex\u00e9cution des man\u0153uvres talon-pointe.<\/p>\n<\/div>\n<div class=\"desc-image\"><img decoding=\"async\" src=\"https:\/\/media.ldlc.com\/bo\/images\/fiches\/volant\/logitech\/g923\/2.jpg\" alt=\"\" \/><\/div>\n<\/section>\n<section class=\"list\">\n<h2>CARACT\u00c9RISTIQUES PRINCIPALES :<\/h2>\n<ul>\n<li>Volant \u00e0\u00a0<strong>rotation 900 degr\u00e9s<\/strong><\/li>\n<li><strong>Retour de force \u00e0 deux moteurs avec technologie TrueForce<\/strong><\/li>\n<li>Protection contre les surchauffes<\/li>\n<li>Commandes de jeu sur le volant<\/li>\n<li>P\u00e9dale de frein non lin\u00e9aire pour un meilleur contr\u00f4le<\/li>\n<li><strong>Syst\u00e8me antid\u00e9rapant brevet\u00e9<\/strong><\/li>\n<li>Repose talon antid\u00e9rapant textur\u00e9<\/li>\n<li>Dimensions du volant (HxLxP) : 270 x 260 x 278 mm pour 2.25 kg<\/li>\n<li>Dimensions du p\u00e9dalier (HxLxP) : 167 x 428.5 x 311 mm pour 3.1 kg<\/li>\n<li><strong>Compatible PC et Xbox One<\/strong><\/li>\n<li>Jeux prenant en charge la technologie TrueForce :\u00a0Assetto Corsa Competitzione, GRID 2019, Gran Turismo Sport, Snowrunner, iRacing, Monster Truck Championship, Project Cars 3, Automobilista 2, Dirt Rally 2.0<\/li>\n<\/ul>\n<\/section>\n","protected":false},"excerpt":{"rendered":"<ul>\n<li>Volant \u00e0\u00a0<strong>rotation 900 degr\u00e9s<\/strong><\/li>\n<li><strong>Retour de force \u00e0 deux moteurs avec technologie TrueForce<\/strong><\/li>\n<li>Protection contre les surchauffes<\/li>\n<li>Commandes de jeu sur le volant<\/li>\n<li>P\u00e9dale de frein non lin\u00e9aire pour un meilleur contr\u00f4le<\/li>\n<li><strong>Syst\u00e8me antid\u00e9rapant brevet\u00e9<\/strong><\/li>\n<li>Repose talon antid\u00e9rapant textur\u00e9<\/li>\n<li>Dimensions du volant (HxLxP) : 270 x 260 x 278 mm pour 2.25 kg<\/li>\n<li>Dimensions du p\u00e9dalier (HxLxP) : 167 x 428.5 x 311 mm pour 3.1 kg<\/li>\n<li><strong>Compatible PC et Xbox One<\/strong><\/li>\n<li>Jeux prenant en charge la technologie TrueForce :\u00a0Assetto Corsa Competitzione, GRID 2019, Gran Turismo Sport, Snowrunner, iRacing, Monster Truck Championship, Project Cars 3, Automobilista 2, Dirt Rally 2.0<\/li>\n<\/ul>\n","protected":false},"featured_media":9444,"comment_status":"open","ping_status":"closed","template":"","meta":{"_acf_changed":false,"_monsterinsights_skip_tracking":false,"_monsterinsights_sitenote_active":false,"_monsterinsights_sitenote_note":"","_monsterinsights_sitenote_category":0,"_uf_show_specific_survey":0,"_uf_disable_surveys":false,"_joinchat":[]},"product_brand":[],"product_cat":[297],"product_tag":[],"class_list":{"0":"post-9438","1":"product","2":"type-product","3":"status-publish","4":"has-post-thumbnail","6":"product_cat-gaming","8":"first","9":"instock","10":"sale","11":"shipping-taxable","12":"purchasable","13":"product-type-simple"},"acf":[],"jetpack_sharing_enabled":true,"_links":{"self":[{"href":"https:\/\/digistar.ma\/index.php?rest_route=\/wp\/v2\/product\/9438","targetHints":{"allow":["GET"]}}],"collection":[{"href":"https:\/\/digistar.ma\/index.php?rest_route=\/wp\/v2\/product"}],"about":[{"href":"https:\/\/digistar.ma\/index.php?rest_route=\/wp\/v2\/types\/product"}],"replies":[{"embeddable":true,"href":"https:\/\/digistar.ma\/index.php?rest_route=%2Fwp%2Fv2%2Fcomments&post=9438"}],"version-history":[{"count":1,"href":"https:\/\/digistar.ma\/index.php?rest_route=\/wp\/v2\/product\/9438\/revisions"}],"predecessor-version":[{"id":9450,"href":"https:\/\/digistar.ma\/index.php?rest_route=\/wp\/v2\/product\/9438\/revisions\/9450"}],"wp:featuredmedia":[{"embeddable":true,"href":"https:\/\/digistar.ma\/index.php?rest_route=\/wp\/v2\/media\/9444"}],"wp:attachment":[{"href":"https:\/\/digistar.ma\/index.php?rest_route=%2Fwp%2Fv2%2Fmedia&parent=9438"}],"wp:term":[{"taxonomy":"product_brand","embeddable":true,"href":"https:\/\/digistar.ma\/index.php?rest_route=%2Fwp%2Fv2%2Fproduct_brand&post=9438"},{"taxonomy":"product_cat","embeddable":true,"href":"https:\/\/digistar.ma\/index.php?rest_route=%2Fwp%2Fv2%2Fproduct_cat&post=9438"},{"taxonomy":"product_tag","embeddable":true,"href":"https:\/\/digistar.ma\/index.php?rest_route=%2Fwp%2Fv2%2Fproduct_tag&post=9438"}],"curies":[{"name":"wp","href":"https:\/\/api.w.org\/{rel}","templated":true}]}}