{"id":9472,"date":"2023-10-16T16:53:43","date_gmt":"2023-10-16T16:53:43","guid":{"rendered":"https:\/\/digistar.ma\/?post_type=product&#038;p=9472"},"modified":"2023-10-16T16:55:46","modified_gmt":"2023-10-16T16:55:46","slug":"systeme-de-videoconference-logitech-roommate-950-000084","status":"publish","type":"product","link":"https:\/\/digistar.ma\/?product=systeme-de-videoconference-logitech-roommate-950-000084","title":{"rendered":"Syst\u00e8me de vid\u00e9oconf\u00e9rence Logitech RoomMate (950-000084)"},"content":{"rendered":"<p><strong>Syst\u00e8me de vid\u00e9oconf\u00e9rence Logitech RoomMate (950-000084)<\/strong><\/p>\n<h4 class=\"body-copy-title font-title-l font-brown-bold \">SP\u00c9CIALEMENT CON\u00c7U POUR LA COLLABORATION VID\u00c9O<\/h4>\n<p>RoomMate ex\u00e9cute Collab\u00a0OS, qui vous permet de d\u00e9ployer facilement Microsoft Teams<sup>\u00ae<\/sup>\u00a0Rooms sous Android\u2122, des appliances Zoom Rooms\u2122 et d\u2019autres services de visioconf\u00e9rence de pointe.<\/p>\n<div class=\"section-container-wrapper\">\n<div class=\"pangea-cmp section-container js-pangea-section-container aem-margin-options dbgsize-cover tbgsize-cover mbgsize-cover dbgpos-center tbgpos-center mbgpos-center \" data-aem-id=\"section-i0d546ff462709efc045e3c50b513d0f4\" data-size-desktop=\"size-50vh\" data-size-tablet=\"size-50vh\" data-size-mobile=\"size-50vh\">\n<div class=\"content-ctn aem-content-ctn no-container\">\n<div class=\"aem-padding-options dptl dpbl tptl tpbl mptl mpbl\" data-aem-id=\"section-i0d546ff462709efc045e3c50b513d0f4-padding-options\">\n<div class=\"pangea-cmp pangea-grid-layout margin-properties-vertical aem-content-ctn container\" data-vert-align-desktop=\"grid-align-center\" data-vert-align-tablet=\"grid-align-center\" data-vert-align-mobile=\"grid-align-center\" data-row-gutter-tablet=\"false\" data-row-gutter-mobile=\"false\">\n<div class=\"layout-container\" data-advanced-desktop=\"\">\n<div class=\"layout-item\">\n<div class=\"section-container-wrapper\">\n<div class=\"pangea-cmp section-container js-pangea-section-container aem-margin-options \" data-aem-id=\"section-i5017b7c73a2c60395281cffd452978e6\">\n<div class=\"content-ctn aem-content-ctn \">\n<div class=\"aem-padding-options \" data-aem-id=\"section-i5017b7c73a2c60395281cffd452978e6-padding-options\">\n<div class=\"pangea-cmp body-copy js-pangea-body-copy aem-margin-options font-size-normal font-brown-light dc-black tc-black mc-black\" data-aem-id=\"text_editable-i223568668a1a0f757230d325daf0f584\" data-align-desktop=\"left\" data-align-tablet=\"left\" data-align-mobile=\"left\" data-body-size=\"font-size-normal\">\n<div class=\"aem-content-ctn no-container\">\n<div class=\"aem-padding-options \" data-aem-id=\"text_editable-i223568668a1a0f757230d325daf0f584-padding-options\">\n<div class=\"content-ctn rte-field \">\n<h2 class=\"body-copy-title font-title-m font-brown-bold \">POLYVALENCE MODULAIRE<\/h2>\n<p>Connectez le syst\u00e8me modulaire Rally ou MeetUp \u00e0 RoomMate et ajoutez un contr\u00f4leur tactile Logitech\u00a0Tap, une cam\u00e9ra Scribe pour tableau blanc<a class=\"note note-tooltip js-note-tooltip pangea-inited\"><sup aria-label=\"footnote 4\">4<\/sup><span class=\"visually-hidden js-tooltip-descriptor\" aria-hidden=\"true\">Les exigences de configuration peuvent varier, voir https:\/\/prosupport.logi.com\/hc\/articles\/4402895778967<\/span><\/a>\u00a0et d\u2019autres \u00e9quipements de collaboration \u00e0 vos salles de r\u00e9union pour transformer n\u2019importe quel espace en une salle de visioconf\u00e9rence enti\u00e8rement \u00e9quip\u00e9e.<\/p>\n<\/div>\n<\/div>\n<\/div>\n<\/div>\n<div class=\"pangea-cmp body-copy js-pangea-body-copy aem-margin-options font-size-small font-brown-light dc-black tc-black mc-black\" data-aem-id=\"text_editable_1005626865-ia52ee228ec80af164cafad707050fcf7\" data-align-desktop=\"left\" data-align-tablet=\"left\" data-align-mobile=\"left\" data-body-size=\"font-size-small\">\n<div class=\"aem-content-ctn no-container\">\n<div class=\"aem-padding-options \" data-aem-id=\"text_editable_1005626865-ia52ee228ec80af164cafad707050fcf7-padding-options\">\n<div class=\"content-ctn rte-field \">\n<p><em>Voir les caract\u00e9ristiques techniques pour le mat\u00e9riel compatible list\u00e9.<\/em><\/p>\n<\/div>\n<\/div>\n<\/div>\n<\/div>\n<\/div>\n<\/div>\n<\/div>\n<\/div>\n<\/div>\n<div class=\"layout-item\">\n<div class=\"pangea-cmp pangea-image aem-margin-options \" data-aem-id=\"image_editable-i1f4433cb3848dc81710943f235f5cf24\">\n<div class=\"aem-content-ctn no-container\">\n<div class=\"aem-padding-options \" data-aem-id=\"image_editable-i1f4433cb3848dc81710943f235f5cf24-padding-options\"><picture class=\"pangea-cmp responsive-img js-pangea-responsive-img pangea-inited\" data-visible-desktop=\"true\" data-visible-tablet=\"true\" data-visible-mobile=\"true\" data-align-desktop=\"center\" data-align-tablet=\"center\" data-align-mobile=\"center\" data-full-width-desktop=\"true\" data-full-width-tablet=\"true\" data-full-width-mobile=\"true\"><source srcset=\"https:\/\/resource.logitech.com\/w_1800,h_1800,c_limit,q_auto,f_auto,dpr_1.0\/d_transparent.gif\/content\/dam\/logitech\/en\/products\/video-conferencing\/roommate\/logitech-roomate-appliance-anywhere.png?v=1\" media=\"(min-width: 1025px)\" \/><source srcset=\"https:\/\/resource.logitech.com\/w_1024,h_1366,c_limit,q_auto,f_auto,dpr_1.0\/d_transparent.gif\/content\/dam\/logitech\/en\/products\/video-conferencing\/roommate\/logitech-roomate-appliance-anywhere.png?v=1\" media=\"(min-width: 720px)\" \/><source srcset=\"https:\/\/resource.logitech.com\/w_420,h_1024,c_limit,q_auto,f_auto,dpr_1.0\/d_transparent.gif\/content\/dam\/logitech\/en\/products\/video-conferencing\/roommate\/logitech-roomate-appliance-anywhere.png?v=1\" media=\"(max-width: 719px)\" \/><img decoding=\"async\" src=\"https:\/\/resource.logitech.com\/w_1800,h_1800,c_limit,q_auto,f_auto,dpr_1.0\/d_transparent.gif\/content\/dam\/logitech\/en\/products\/video-conferencing\/roommate\/logitech-roomate-appliance-anywhere.png?v=1\" alt=\"POLYVALENCE MODULAIRE\" \/><\/picture><\/div>\n<\/div>\n<\/div>\n<\/div>\n<\/div>\n<\/div>\n<\/div>\n<\/div>\n<\/div>\n<\/div>\n<div class=\"section-container-wrapper\">\n<div class=\"pangea-cmp section-container js-pangea-section-container aem-margin-options dbgc-marin tbgc-marin mbgc-marin dbgsize-cover tbgsize-cover mbgsize-cover dbgpos-center tbgpos-center mbgpos-center \" data-aem-id=\"section_copy_49977196-i82c87f451c03e3753c87671f2b0ed3ad\" data-size-desktop=\"size-50vh\" data-size-tablet=\"size-50vh\" data-size-mobile=\"size-50vh\">\n<div class=\"content-ctn aem-content-ctn no-container\">\n<div class=\"aem-padding-options dptm dpbm tptm tpbm mptm mpbm\" data-aem-id=\"section_copy_49977196-i82c87f451c03e3753c87671f2b0ed3ad-padding-options\">\n<div class=\"pangea-cmp pangea-grid-layout margin-properties-vertical aem-content-ctn container\" data-vert-align-desktop=\"grid-align-center\" data-vert-align-tablet=\"grid-align-center\" data-vert-align-mobile=\"grid-align-center\" data-row-gutter-tablet=\"false\" data-row-gutter-mobile=\"false\">\n<div class=\"layout-container\" data-advanced-desktop=\"\">\n<div class=\"layout-item\">\n<div class=\"pangea-cmp pangea-image aem-margin-options \" data-aem-id=\"image_editable-ieb7e6a252a0cd5484f8ea3c4698bb0d5\">\n<div class=\"aem-content-ctn no-container\">\n<div class=\"aem-padding-options \" data-aem-id=\"image_editable-ieb7e6a252a0cd5484f8ea3c4698bb0d5-padding-options\"><picture class=\"pangea-cmp responsive-img js-pangea-responsive-img pangea-inited\" data-visible-desktop=\"true\" data-visible-tablet=\"true\" data-visible-mobile=\"true\" data-align-desktop=\"center\" data-align-tablet=\"center\" data-align-mobile=\"center\" data-full-width-desktop=\"true\" data-full-width-tablet=\"true\" data-full-width-mobile=\"true\"><source srcset=\"https:\/\/resource.logitech.com\/w_1800,h_1800,c_limit,q_auto,f_auto,dpr_1.0\/d_transparent.gif\/content\/dam\/logitech\/en\/products\/video-conferencing\/roommate\/logitech-roomate-power-connections.png?v=1\" media=\"(min-width: 1025px)\" \/><source srcset=\"https:\/\/resource.logitech.com\/w_1024,h_1366,c_limit,q_auto,f_auto,dpr_1.0\/d_transparent.gif\/content\/dam\/logitech\/en\/products\/video-conferencing\/roommate\/logitech-roomate-power-connections.png?v=1\" media=\"(min-width: 720px)\" \/><source srcset=\"https:\/\/resource.logitech.com\/w_420,h_1024,c_limit,q_auto,f_auto,dpr_1.0\/d_transparent.gif\/content\/dam\/logitech\/en\/products\/video-conferencing\/roommate\/logitech-roomate-power-connections.png?v=1\" media=\"(max-width: 719px)\" \/><img decoding=\"async\" src=\"https:\/\/resource.logitech.com\/w_1800,h_1800,c_limit,q_auto,f_auto,dpr_1.0\/d_transparent.gif\/content\/dam\/logitech\/en\/products\/video-conferencing\/roommate\/logitech-roomate-power-connections.png?v=1\" alt=\"COMPACT ET PUISSANT\" \/><\/picture><\/div>\n<\/div>\n<\/div>\n<\/div>\n<div class=\"layout-item\">\n<div class=\"section-container-wrapper\">\n<div class=\"pangea-cmp section-container js-pangea-section-container aem-margin-options \" data-aem-id=\"section-ieecdd7770417919b5110e127ec01c0a0\">\n<div class=\"content-ctn aem-content-ctn \">\n<div class=\"aem-padding-options \" data-aem-id=\"section-ieecdd7770417919b5110e127ec01c0a0-padding-options\">\n<div class=\"pangea-cmp body-copy js-pangea-body-copy aem-margin-options font-size-normal font-brown-light dc-black tc-black mc-black\" data-aem-id=\"text_editable-ie175ed08136f4af47857750ba3dcccc9\" data-align-desktop=\"left\" data-align-tablet=\"left\" data-align-mobile=\"left\" data-body-size=\"font-size-normal\">\n<div class=\"aem-content-ctn no-container\">\n<div class=\"aem-padding-options \" data-aem-id=\"text_editable-ie175ed08136f4af47857750ba3dcccc9-padding-options\">\n<div class=\"content-ctn rte-field \">\n<h2 class=\"body-copy-title font-title-m font-brown-bold \">COMPACT ET PUISSANT<\/h2>\n<p>Avec son design compact, discret et \u00e9l\u00e9gant, RoomMate vous offre toute la puissance dont vous avez besoin pour des visioconf\u00e9rences\u00a0HD dans des salles comprenant un, deux ou trois*\u00a0\u00e9crans.<\/p>\n<p>&nbsp;<\/p>\n<p><em>*Trois \u00e9crans n\u00e9cessitent un dongle suppl\u00e9mentaire.\u00a0<a href=\"http:\/\/www.logitech.com\/support\/scribe-compatibility\" target=\"_blank\" rel=\"noopener noreferrer\">D\u00e9couvrez-en plus ici<\/a><\/em><\/p>\n<\/div>\n<h2 class=\"body-copy-title font-title-m font-brown-bold \">FLEXIBLE, NET ET S\u00c9CURIS\u00c9<\/h2>\n<p>Fixez RoomMate discr\u00e8tement et en toute s\u00e9curit\u00e9. Les supports de fixation pour PC en option permettent une installation discr\u00e8te et le maintien des c\u00e2bles derri\u00e8re des \u00e9crans, dans des placards et sous des tables.<\/p>\n<div class=\"pangea-cmp body-copy js-pangea-body-copy aem-margin-options font-size-normal font-brown-light dc-kohle tc-kohle mc-kohle\" data-aem-id=\"text_editable_copy_c_1717720238-i8d1aad3b334f41da2706f6e1b7c3faf3\" data-align-desktop=\"left\" data-align-tablet=\"center\" data-align-mobile=\"center\" data-body-size=\"font-size-normal\">\n<div class=\"aem-content-ctn no-container\">\n<div class=\"aem-padding-options mprs mpls\" data-aem-id=\"text_editable_copy_c_1717720238-i8d1aad3b334f41da2706f6e1b7c3faf3-padding-options\">\n<div class=\"content-ctn rte-field \">\n<h2 class=\"body-copy-title font-title-l font-brown-bold  \">PARTENAIRES AUDIO V\u00c9RIFI\u00c9S<\/h2>\n<p>Utilisez le syst\u00e8me audio de votre choix. Utilisez par d\u00e9faut le son de la cam\u00e9ra de conf\u00e9rence lorsque vous couplez RoomMate avec MeetUp ou un syst\u00e8me Rally. Vous pouvez \u00e9galement choisir un autre syst\u00e8me audio propos\u00e9 par des partenaires v\u00e9rifi\u00e9s lorsque RoomMate est utilis\u00e9 avec Rally Camera.<\/p>\n<\/div>\n<\/div>\n<\/div>\n<\/div>\n<\/div>\n<h2><a href=\"https:\/\/digistar.ma\/wp-content\/uploads\/2023\/10\/Digistar-Maroc-Systeme-de-videoconference-Logitech-RoomMate-950-000084.pdf\">FICHE TECHNIQUE\u00a0<\/a><\/h2>\n<\/div>\n<\/div>\n<\/div>\n<\/div>\n<\/div>\n<\/div>\n<\/div>\n<\/div>\n<\/div>\n<\/div>\n<\/div>\n<\/div>\n<\/div>\n","protected":false},"excerpt":{"rendered":"<div class=\"specs-block\">\n<ul class=\"specs-description-list\">\n<li>Certifications\n<ul class=\"specs-description-list\">\n<li>Microsoft\u00a0Teams Rooms sous Android<\/li>\n<li>Zoom\u00a0Rooms<\/li>\n<\/ul>\n<\/li>\n<li>Compatibilit\u00e9 du mode appliance\n<ul class=\"specs-description-list\">\n<li>Microsoft\u00a0Teams Rooms sous Android<\/li>\n<li>Zoom\u00a0Rooms<\/li>\n<li>RingCentral\u00a0Rooms\u2122<\/li>\n<li>Tencent\u00a0Meeting\u00a0Rooms<\/li>\n<\/ul>\n<\/li>\n<li>Mat\u00e9riel audio v\u00e9rifi\u00e9\n<ul class=\"specs-description-list\">\n<li>S\u00e9rie X\u00a0Biamp TesiraFORT\u00c9, s\u00e9rie Devio SCX, TesiraFORT\u00c9 AVB VT4 avec Tesira EX-UBT<\/li>\n<li>Extron DMP Plus et MediaPort DSP<\/li>\n<li>Famille Nureva HDL de syst\u00e8mes de conf\u00e9rence audio<\/li>\n<li>Processeur(s) Q-SYS Core<\/li>\n<li>Shure\u00a0IntelliMix\u00a0P300<\/li>\n<\/ul>\n<\/li>\n<li>Mat\u00e9riel certifi\u00e9\n<ul class=\"specs-description-list\">\n<li>Logitech\u00a0MeetUp<\/li>\n<li>Rally\u00a0Camera<\/li>\n<li>Syst\u00e8me Rally<\/li>\n<li>Syst\u00e8me Rally\u00a0Plus<\/li>\n<li>Tap<\/li>\n<li>Tap IP<\/li>\n<\/ul>\n<\/li>\n<li>Affichage num\u00e9rique\n<ul class=\"specs-description-list\">\n<li>Appspace<\/li>\n<li>Affichage num\u00e9rique des Zoom\u00a0Rooms (contenu vid\u00e9o uniquement).<\/li>\n<\/ul>\n<\/li>\n<li>Pour consulter les derni\u00e8res informations sur les certifications et la compatibilit\u00e9, rendez-vous sur www.logitech.com\/support\/vc-certifications<\/li>\n<\/ul>\n<\/div>\n<div class=\"specs-block\">\n<h4 class=\"specs-title\">Interfaces<\/h4>\n<ul class=\"specs-description-list\">\n<li>Sortie\u00a0HDMI: 2 (jusqu\u2019\u00e0 1080p)<\/li>\n<li>Entr\u00e9e\u00a0HDMI: 1<\/li>\n<li>USB: 3x Type\u00a0A\u00a02.0<\/li>\n<li>R\u00e9seau: 10\/100\/1G\u00a0Ethernet<\/li>\n<li>Wi-Fi: 802.11a\/b\/g\/n\/ac<\/li>\n<li>T\u00e9l\u00e9commande: Bluetooth\u00ae Low Energy<\/li>\n<\/ul>\n<\/div>\n","protected":false},"featured_media":9476,"comment_status":"open","ping_status":"closed","template":"","meta":{"_acf_changed":false,"_monsterinsights_skip_tracking":false,"_monsterinsights_sitenote_active":false,"_monsterinsights_sitenote_note":"","_monsterinsights_sitenote_category":0,"_uf_show_specific_survey":0,"_uf_disable_surveys":false,"_joinchat":[]},"product_brand":[],"product_cat":[15,246,337],"product_tag":[],"class_list":{"0":"post-9472","1":"product","2":"type-product","3":"status-publish","4":"has-post-thumbnail","6":"product_cat-imprimante-scanner","7":"product_cat-peripherique","8":"product_cat-visioconference","10":"first","11":"instock","12":"sale","13":"shipping-taxable","14":"purchasable","15":"product-type-simple"},"acf":[],"jetpack_sharing_enabled":true,"_links":{"self":[{"href":"https:\/\/digistar.ma\/index.php?rest_route=\/wp\/v2\/product\/9472","targetHints":{"allow":["GET"]}}],"collection":[{"href":"https:\/\/digistar.ma\/index.php?rest_route=\/wp\/v2\/product"}],"about":[{"href":"https:\/\/digistar.ma\/index.php?rest_route=\/wp\/v2\/types\/product"}],"replies":[{"embeddable":true,"href":"https:\/\/digistar.ma\/index.php?rest_route=%2Fwp%2Fv2%2Fcomments&post=9472"}],"version-history":[{"count":3,"href":"https:\/\/digistar.ma\/index.php?rest_route=\/wp\/v2\/product\/9472\/revisions"}],"predecessor-version":[{"id":9483,"href":"https:\/\/digistar.ma\/index.php?rest_route=\/wp\/v2\/product\/9472\/revisions\/9483"}],"wp:featuredmedia":[{"embeddable":true,"href":"https:\/\/digistar.ma\/index.php?rest_route=\/wp\/v2\/media\/9476"}],"wp:attachment":[{"href":"https:\/\/digistar.ma\/index.php?rest_route=%2Fwp%2Fv2%2Fmedia&parent=9472"}],"wp:term":[{"taxonomy":"product_brand","embeddable":true,"href":"https:\/\/digistar.ma\/index.php?rest_route=%2Fwp%2Fv2%2Fproduct_brand&post=9472"},{"taxonomy":"product_cat","embeddable":true,"href":"https:\/\/digistar.ma\/index.php?rest_route=%2Fwp%2Fv2%2Fproduct_cat&post=9472"},{"taxonomy":"product_tag","embeddable":true,"href":"https:\/\/digistar.ma\/index.php?rest_route=%2Fwp%2Fv2%2Fproduct_tag&post=9472"}],"curies":[{"name":"wp","href":"https:\/\/api.w.org\/{rel}","templated":true}]}}