{"id":9484,"date":"2023-10-16T17:10:11","date_gmt":"2023-10-16T17:10:11","guid":{"rendered":"https:\/\/digistar.ma\/?post_type=product&#038;p=9484"},"modified":"2023-10-16T17:10:11","modified_gmt":"2023-10-16T17:10:11","slug":"clavier-bluetooth-multidispositif-logitech-craft-francais-azerty","status":"publish","type":"product","link":"https:\/\/digistar.ma\/?product=clavier-bluetooth-multidispositif-logitech-craft-francais-azerty","title":{"rendered":"Clavier Bluetooth Multidispositif Logitech Craft &#8211; Fran\u00e7ais (AZERTY)"},"content":{"rendered":"<h2>Clavier Bluetooth Multidispositif Logitech Craft &#8211; Fran\u00e7ais (AZERTY)<\/h2>\n<div>\n<h2>MAITRISEZ VOTRE CR\u00c9ATIVIT\u00c9<\/h2>\n<\/div>\n<p>Unique en son genre, le clavier Bluetooth\u00a0<strong>Logitech Craft<\/strong>\u00a0vous offre une exp\u00e9rience de frappe unique et vous permettra d&#8217;exprimer pleinement votre cr\u00e9ativit\u00e9. Disposant d&#8217;une molette de contr\u00f4le contextuelle, cette derni\u00e8re s&#8217;adapte \u00e0 l&#8217;application que vous utilisez et vous donne un acc\u00e8s instantan\u00e9 \u00e0 des fonctions sp\u00e9cifiques.<\/p>\n<div>\n<table border=\"0\" width=\"100%\" cellspacing=\"1\" cellpadding=\"1\">\n<tbody>\n<tr>\n<td>\n<h2>UNE LIBERT\u00c9 DE MANIPULATION TOTALE<\/h2>\n<div>\nQue ce soit sur Windows ou macOS,\u00a0<strong>la molette de contr\u00f4le textuelle vous offre de nombreuses possibilit\u00e9s<\/strong>. Vous allez ainsi pouvoir notamment ajuster la luminosit\u00e9 dans Adobe Photoshop CC, changer l&#8217;\u00e9paisseur des traits dans Adobe Illustrator ou encore agrandir du texte dans Microsoft PowerPoint.<\/p>\n<p>Touchez la molette pour acc\u00e9der \u00e0 des fonctions adapt\u00e9es \u00e0 chaque situation, appuyez pour changer de fonction et tournez pour modifier la valeur de la fonction s\u00e9lectionn\u00e9e. Vous pouvez tourner la molette avec fluidit\u00e9 ou la passer en mode crant\u00e9 pour obtenir une pr\u00e9cision point par point.<\/p><\/div>\n<\/td>\n<td width=\"450\"><img decoding=\"async\" src=\"https:\/\/media.ldlc.com\/bo\/images\/fiches\/clavier\/logitech\/craft\/1.jpg\" alt=\"\" \/><\/td>\n<\/tr>\n<\/tbody>\n<\/table>\n<table border=\"0\" width=\"100%\" cellspacing=\"1\" cellpadding=\"1\">\n<tbody>\n<tr>\n<td width=\"450\"><img decoding=\"async\" src=\"https:\/\/media.ldlc.com\/bo\/images\/fiches\/clavier\/logitech\/craft\/2.jpg\" alt=\"\" \/><\/td>\n<td>\n<h2>CONFORT, FIABILIT\u00c9 ET SIMPLICIT\u00c9 Clavier Bluetooth Multidispositif Logitech Craft &#8211; Fran\u00e7ais (AZERTY)<\/h2>\n<div>\nLe Logitech Craft int\u00e8gre\u00a0<strong>des capteurs de proximit\u00e9<\/strong>\u00a0qui d\u00e9tectent vos mains et illuminent le clavier au moment o\u00f9 vois doigts approchent des touches. Les touches r\u00e9tro-\u00e9clair\u00e9es s&#8217;\u00e9teignent quand vous quittez le bureau pour \u00e9conomiser de l&#8217;\u00e9nergie. L&#8217;intensit\u00e9 du r\u00e9tro-\u00e9clairage s&#8217;adapte automatiquement aux conditions d&#8217;\u00e9clairage ou peut \u00eatre d\u00e9finie manuellement.<\/p>\n<p>Poss\u00e9dant une autonomie d&#8217;une semaine enti\u00e8re, vous allez pouvoir travailler sans probl\u00e8me de batterie et sans interruption. Et lorsque vous venez \u00e0 manquer de batterie, utilisez le c\u00e2ble de charge USB-C pour une recharge encore plus rapide. De plus,\u00a0<strong>vous pouvez coupler jusqu&#8217;\u00e0 trois dispositifs\u00a0<\/strong>et basculer rapidement de l&#8217;un \u00e0 l&#8217;autre en appuyant simplement sur un bouton.<\/div>\n<\/td>\n<\/tr>\n<\/tbody>\n<\/table>\n<\/div>\n","protected":false},"excerpt":{"rendered":"<ul>\n<li><strong>Clavier Bluetooth avec molette de contr\u00f4le textuel<\/strong><\/li>\n<li>R\u00e9tro-\u00e9clairage automatique avec intensit\u00e9 adaptative<\/li>\n<li>Saisie silencieuse et confortable<\/li>\n<li>Technologie\u00a0<strong>Bluetooth Smart\u00a0<\/strong><\/li>\n<li>Technologie sans fil 2.4 GHz Logitech Unifying<\/li>\n<li>Optimis\u00e9e pour\u00a0Microsoft\u00a0Word, Microsoft\u00a0PowerPoint, Microsoft\u00a0Excel\u00a02010, 2013 et 2016 , Adobe\u00a0Photoshop\u00a0CC, Adobe\u00a0Illustrator\u00a0CC, Adobe\u00a0Premiere\u00a0Pro\u00a0CC\u00a02017 et versions ult\u00e9rieures<\/li>\n<li>Port\u00e9e : 10 m<\/li>\n<li>Recharge rapide via connecteur USB Type C<\/li>\n<li>Fonctionne avec les souris compatibles Logitech Flow<\/li>\n<li>Dimensions : 32 x 430 x 149 mm<\/li>\n<li>Poids : 960 g<\/li>\n<li>Livr\u00e9 avec dongle<\/li>\n<\/ul>\n","protected":false},"featured_media":9485,"comment_status":"open","ping_status":"closed","template":"","meta":{"_acf_changed":false,"_monsterinsights_skip_tracking":false,"_monsterinsights_sitenote_active":false,"_monsterinsights_sitenote_note":"","_monsterinsights_sitenote_category":0,"_uf_show_specific_survey":0,"_uf_disable_surveys":false,"_joinchat":[]},"product_brand":[],"product_cat":[246,326,263],"product_tag":[],"class_list":{"0":"post-9484","1":"product","2":"type-product","3":"status-publish","4":"has-post-thumbnail","6":"product_cat-peripherique","7":"product_cat-clavier-sans-fil","8":"product_cat-souris-clavier","10":"first","11":"instock","12":"sale","13":"shipping-taxable","14":"purchasable","15":"product-type-simple"},"acf":[],"jetpack_sharing_enabled":true,"_links":{"self":[{"href":"https:\/\/digistar.ma\/index.php?rest_route=\/wp\/v2\/product\/9484","targetHints":{"allow":["GET"]}}],"collection":[{"href":"https:\/\/digistar.ma\/index.php?rest_route=\/wp\/v2\/product"}],"about":[{"href":"https:\/\/digistar.ma\/index.php?rest_route=\/wp\/v2\/types\/product"}],"replies":[{"embeddable":true,"href":"https:\/\/digistar.ma\/index.php?rest_route=%2Fwp%2Fv2%2Fcomments&post=9484"}],"version-history":[{"count":2,"href":"https:\/\/digistar.ma\/index.php?rest_route=\/wp\/v2\/product\/9484\/revisions"}],"predecessor-version":[{"id":9493,"href":"https:\/\/digistar.ma\/index.php?rest_route=\/wp\/v2\/product\/9484\/revisions\/9493"}],"wp:featuredmedia":[{"embeddable":true,"href":"https:\/\/digistar.ma\/index.php?rest_route=\/wp\/v2\/media\/9485"}],"wp:attachment":[{"href":"https:\/\/digistar.ma\/index.php?rest_route=%2Fwp%2Fv2%2Fmedia&parent=9484"}],"wp:term":[{"taxonomy":"product_brand","embeddable":true,"href":"https:\/\/digistar.ma\/index.php?rest_route=%2Fwp%2Fv2%2Fproduct_brand&post=9484"},{"taxonomy":"product_cat","embeddable":true,"href":"https:\/\/digistar.ma\/index.php?rest_route=%2Fwp%2Fv2%2Fproduct_cat&post=9484"},{"taxonomy":"product_tag","embeddable":true,"href":"https:\/\/digistar.ma\/index.php?rest_route=%2Fwp%2Fv2%2Fproduct_tag&post=9484"}],"curies":[{"name":"wp","href":"https:\/\/api.w.org\/{rel}","templated":true}]}}