{"id":9510,"date":"2023-10-19T23:15:15","date_gmt":"2023-10-19T23:15:15","guid":{"rendered":"https:\/\/digistar.ma\/?post_type=product&#038;p=9510"},"modified":"2024-03-14T14:42:23","modified_gmt":"2024-03-14T14:42:23","slug":"epson-ecotank-l3251-imprimante-multifonction-a-reservoirs-rechargeables-c11cj67409","status":"publish","type":"product","link":"https:\/\/digistar.ma\/?product=epson-ecotank-l3251-imprimante-multifonction-a-reservoirs-rechargeables-c11cj67409","title":{"rendered":"Epson EcoTank L3251 Imprimante multifonction \u00e0 r\u00e9servoirs rechargeables (C11CJ67409)"},"content":{"rendered":"<h4>Epson EcoTank L3251 Imprimante multifonction \u00e0 r\u00e9servoirs rechargeables (C11CJ67409)<\/h4>\n<p><strong>Adieu aux cartouches on\u00e9reuses<\/strong><\/p>\n<p>EcoTank offre une impression \u00e0 domicile simple et \u00e9conomique\u00a0: les r\u00e9servoirs d\u2019encre ultra haute capacit\u00e9 permettent des recharges faciles.<\/p>\n<p>De plus, les bouteilles sont dot\u00e9es d\u2019un d\u00e9trompeur pour ne plus se tromper de couleur lors du remplissage du r\u00e9servoir.<\/p>\n<p><strong>\u00c9conomies \u00e0 long terme<\/strong><br \/>\nCette imprimante multifonction, qui vous fait \u00e9conomiser jusqu\u2019\u00e0 90\u00a0% sur vos co\u00fbts d\u2019impression<sup>2<\/sup>, est livr\u00e9e avec jusqu\u2019\u00e0 trois ans d\u2019encre<sup>3<\/sup>.<\/p>\n<p>Le kit de bouteilles d\u2019encre inclus permet d\u2019imprimer jusqu\u2019\u00e0 8\u00a0100\u00a0pages en monochrome et 6\u00a0500\u00a0pages en couleur<sup>4<\/sup>.<\/p>\n<p><strong>Application Epson Smart Panel<\/strong><br \/>\nCette application vous permet de contr\u00f4ler votre imprimante multifonction \u00e0 partir de votre appareil connect\u00e9<sup>5<\/sup>.<\/p>\n<p>Vous pouvez configurer le Wi-Fi rapidement et facilement, imprimer des documents et des photos, mais aussi contr\u00f4ler et d\u00e9panner votre imprimante.<\/p>\n<p><strong>Flexibilit\u00e9 moderne<\/strong><br \/>\nGr\u00e2ce \u00e0 son design compact et \u00e0 sa connectivit\u00e9 Wi-Fi et Wi-Fi Direct, cette imprimante s\u2019int\u00e8gre facilement \u00e0 votre installation domestique existante et peut \u00eatre command\u00e9e depuis des appareils mobiles, tablettes et ordinateurs portables<sup>5<\/sup>.<\/p>\n<h4>Caract\u00e9ristiques principales de Epson EcoTank L3251 Imprimante multifonction \u00e0 r\u00e9servoirs rechargeables (C11CJ67409)<\/h4>\n<div class=\"bullets\">\n<ul>\n<li><strong>Imprimante multifonction<\/strong><br \/>\nImpression, copie et num\u00e9risation sans fil<\/li>\n<li><strong>Impression ultra \u00e9conomique<\/strong><br \/>\n\u00c9conomisez jusqu\u2019\u00e0 90\u00a0% sur vos co\u00fbts d\u2019impression<sup>2<\/sup><\/li>\n<li><strong>Volume d\u2019encre fourni pour 3\u00a0ans d\u2019impression<sup>3<\/sup><\/strong><br \/>\nCapacit\u00e9 fournie\u00a0: 8\u00a0100\u00a0pages en monochrome et 6\u00a0500\u00a0pages en couleur<sup>4<\/sup><\/li>\n<li><strong>Syst\u00e8me de r\u00e9servoir d\u2019encre simple<\/strong><br \/>\nRecharges simples avec les bouteilles d\u2019encre \u00e0 d\u00e9trompeurs et les r\u00e9servoirs d\u2019encre en fa\u00e7ade<\/li>\n<li><strong>Application\u00a0<a href=\"https:\/\/support.epson-europe.com\/onlineguides\/fr\/cx6400\/ref_g\/smart_1.htm\" target=\"_blank\" rel=\"noopener\">Epson Smart Panel<\/a><\/strong><br \/>\nConfiguration, surveillance, impression sans fil et plus encore depuis votre appareil mobile<sup>5<\/sup><\/li>\n<\/ul>\n<h4><strong><a href=\"https:\/\/digistar.ma\/wp-content\/uploads\/2023\/10\/product_brochure_MA_fr_EpsonL3251MEAF_3101.pdf\">FICHE TECHNIQUE DE EPSON L3251<\/a><\/strong><\/h4>\n<\/div>\n","protected":false},"excerpt":{"rendered":"<ul>\n<li>Impression, Num\u00e9risation, Copie<\/li>\n<li>Livr\u00e9e avec quatre bouteilles d\u2019encre individuelles de 65 ml (N,C,J,M) + 1 bouteille d\u2019encre noire suppl\u00e9mentaire<\/li>\n<li>Vitesse d&#8217;impression noir: 33 pages\/min (10 pages\/min en norme ISO)<\/li>\n<li>Vitesse d&#8217;impression couleur: 15 pages\/min (5 pages\/min en norme ISO)<\/li>\n<li>Qualit\u00e9 d&#8217;impression noire: 5.760 x 1.440 DPI (ppp)<\/li>\n<li>Qualit\u00e9 d&#8217;impression couleur: 5760 x 1440 DPI (ppp)<\/li>\n<li>Impression recto\/verso: Manuelle<\/li>\n<li>Fonctionne avec: 4 R\u00e9servoirs (noir, cyan, magenta, jaune)<\/li>\n<li>Connectivit\u00e9: USB, Wi-Fi, Wi-Fi Direct<\/li>\n<\/ul>\n","protected":false},"featured_media":9516,"comment_status":"open","ping_status":"closed","template":"","meta":{"_acf_changed":false,"_monsterinsights_skip_tracking":false,"_monsterinsights_sitenote_active":false,"_monsterinsights_sitenote_note":"","_monsterinsights_sitenote_category":0,"_uf_show_specific_survey":0,"_uf_disable_surveys":false,"_joinchat":[]},"product_brand":[],"product_cat":[15,380,253,265,266],"product_tag":[],"class_list":{"0":"post-9510","1":"product","2":"type-product","3":"status-publish","4":"has-post-thumbnail","6":"product_cat-imprimante-scanner","7":"product_cat-epson","8":"product_cat-imprimante","9":"product_cat-imprimante-a-reservoirs-rechargeables","10":"product_cat-multifonction-jet-dencre","12":"first","13":"instock","14":"sale","15":"shipping-taxable","16":"purchasable","17":"product-type-simple"},"acf":[],"jetpack_sharing_enabled":true,"_links":{"self":[{"href":"https:\/\/digistar.ma\/index.php?rest_route=\/wp\/v2\/product\/9510","targetHints":{"allow":["GET"]}}],"collection":[{"href":"https:\/\/digistar.ma\/index.php?rest_route=\/wp\/v2\/product"}],"about":[{"href":"https:\/\/digistar.ma\/index.php?rest_route=\/wp\/v2\/types\/product"}],"replies":[{"embeddable":true,"href":"https:\/\/digistar.ma\/index.php?rest_route=%2Fwp%2Fv2%2Fcomments&post=9510"}],"version-history":[{"count":5,"href":"https:\/\/digistar.ma\/index.php?rest_route=\/wp\/v2\/product\/9510\/revisions"}],"predecessor-version":[{"id":9524,"href":"https:\/\/digistar.ma\/index.php?rest_route=\/wp\/v2\/product\/9510\/revisions\/9524"}],"wp:featuredmedia":[{"embeddable":true,"href":"https:\/\/digistar.ma\/index.php?rest_route=\/wp\/v2\/media\/9516"}],"wp:attachment":[{"href":"https:\/\/digistar.ma\/index.php?rest_route=%2Fwp%2Fv2%2Fmedia&parent=9510"}],"wp:term":[{"taxonomy":"product_brand","embeddable":true,"href":"https:\/\/digistar.ma\/index.php?rest_route=%2Fwp%2Fv2%2Fproduct_brand&post=9510"},{"taxonomy":"product_cat","embeddable":true,"href":"https:\/\/digistar.ma\/index.php?rest_route=%2Fwp%2Fv2%2Fproduct_cat&post=9510"},{"taxonomy":"product_tag","embeddable":true,"href":"https:\/\/digistar.ma\/index.php?rest_route=%2Fwp%2Fv2%2Fproduct_tag&post=9510"}],"curies":[{"name":"wp","href":"https:\/\/api.w.org\/{rel}","templated":true}]}}