{"id":9526,"date":"2023-10-20T11:02:20","date_gmt":"2023-10-20T11:02:20","guid":{"rendered":"https:\/\/digistar.ma\/?post_type=product&#038;p=9526"},"modified":"2023-10-20T11:05:03","modified_gmt":"2023-10-20T11:05:03","slug":"destructeur-fellowes-powershred-225i-coupe-droite-4623001","status":"publish","type":"product","link":"https:\/\/digistar.ma\/?product=destructeur-fellowes-powershred-225i-coupe-droite-4623001","title":{"rendered":"Destructeur Fellowes Powershred 225i Coupe droite (4623001)"},"content":{"rendered":"<h4>Destructeur Fellowes Powershred 225i Coupe droite (4623001)<\/h4>\n<h3>Conception et sp\u00e9cifications<\/h3>\n<p>Le\u00a0<strong>destructeur de documents FELLOWES\u00a0<\/strong><b>POWERSHRED\u00a0<\/b><strong>225i<\/strong> est un mod\u00e8le de niveau P-2 qui fournit un d\u00e9chiquetage haute performance pour les petites entreprises de 1 \u00e0 5 utilisateurs. Il d\u00e9chiqu\u00e8te jusqu\u2019\u00e0 20 feuilles par passage en bandelettes de 5.8 mm.<\/p>\n<p>En raison de sa fente d\u2019entr\u00e9e de 24 cm, le\u00a0<strong>destructeur Fellowes\u00a0<\/strong><b>POWERSHRED\u00a0<\/b><strong>225i<\/strong>\u00a0peut facilement accepter des documents de lettre ou de taille l\u00e9gale.<\/p>\n<p>En outre, il dispose \u00e9galement de coupeurs d\u2019acier durables qui peuvent d\u00e9truire les cartes de cr\u00e9dit, les agrafes et les petits trombones. En plus de cela, le\u00a0<strong>FELLOWES\u00a0<\/strong><b>POWERSHRED\u00a0<\/b><strong>225i<\/strong>\u00a0a une fente d\u00e9sign\u00e9e pour d\u00e9chiqueter les CD.<\/p>\n<p>Les d\u00e9chets de papier et de plastique tombent dans une poubelle de 60 litres.<\/p>\n<h3>Caract\u00e9ristiques et performances<\/h3>\n<p>Le\u00a0<strong>destructeur de papier Fellowes\u00a0<\/strong><b>POWERSHRED\u00a0<\/b><strong>225i<\/strong>\u00a0est une quintessence de la taille, de la puissance et des caract\u00e9ristiques pour toute petite entreprise.<\/p>\n<p>Il d\u00e9chiqu\u00e8te \u00e0 une vitesse impressionnante, id\u00e9al pour une utilisation dans n\u2019importe quel petit bureau et arbore un syst\u00e8me 100% anti-bourrage lui permettant de fonctionner sans aucune interruption.<\/p>\n<p>L\u2019indicateur de capacit\u00e9 de feuille gain de temps mesure le papier pendant que vous avez tendance \u00e0 d\u00e9chiqueter la capacit\u00e9 maximale dans chaque passage.<\/p>\n<p>En outre,\u00a0le\u00a0<strong>Fellowes\u00a0<\/strong><b>POWERSHRED\u00a0<\/b><strong>225i<\/strong>\u00a0prend en charge la technologie SafeSense\u00ae qui pr\u00e9vient les blessures humaines en arr\u00eatant le fonctionnement d\u00e8s que l\u2019unit\u00e9 d\u00e9tecte le contact humain pr\u00e8s de l\u2019ouverture de l\u2019alimentation.<\/p>\n<p>Destructeur Fellowes Powershred 225i Coupe droite (4623001)\u00a0 est \u00e9galement int\u00e9gr\u00e9 \u00e0 un syst\u00e8me intelligent d\u2019\u00e9conomie d\u2019\u00e9nergie r\u00e9duit la consommation d\u2019\u00e9nergie de la d\u00e9chiqueteuse de 70% par rapport \u00e0 des\u00a0mod\u00e8les similaires.<\/p>\n<p>Cette d\u00e9chiqueteuse\u00a0de papier coupe droite\u00a0est dot\u00e9e de la technologie brevet\u00e9e SilentShred\u2122 qui se traduit par un fonctionnement ultra-silencieux, ce qui rend ce mod\u00e8le id\u00e9al pour les espaces de travail partag\u00e9s.<\/p>\n","protected":false},"excerpt":{"rendered":"<ul>\n<li>Technologie 100% anti-bourrage \u00e9limine les bourrages et les g\u00e8re en cours de destruction lors de mauvaises insertions<\/li>\n<li>Coupe droite, d\u00e9truit\u00a022-24\u00a0feuilles par passage en bandelettes de 5,8 mm (Niveau de s\u00e9curit\u00e9 DIN P-2)<\/li>\n<li>Technologie SilentShred\u2122 r\u00e9duit les d\u00e9sagr\u00e9ments sonores dans les espaces partag\u00e9s<\/li>\n<li>Technologie exclusive SafeSense\u00ae qui arr\u00eate le destructeur d\u00e8s qu&#8217;une main s&#8217;approche de la fente d&#8217;insertion<\/li>\n<li>Cycle de fonctionnement en continu pour une destruction non-stop<\/li>\n<li>Pour plus de 5 utilisateur<\/li>\n<\/ul>\n","protected":false},"featured_media":9527,"comment_status":"open","ping_status":"closed","template":"","meta":{"_acf_changed":false,"_monsterinsights_skip_tracking":false,"_monsterinsights_sitenote_active":false,"_monsterinsights_sitenote_note":"","_monsterinsights_sitenote_category":0,"_uf_show_specific_survey":0,"_uf_disable_surveys":false,"_joinchat":[]},"product_brand":[],"product_cat":[279],"product_tag":[],"class_list":{"0":"post-9526","1":"product","2":"type-product","3":"status-publish","4":"has-post-thumbnail","6":"product_cat-autres-equipements","8":"first","9":"instock","10":"sale","11":"shipping-taxable","12":"purchasable","13":"product-type-simple"},"acf":[],"jetpack_sharing_enabled":true,"_links":{"self":[{"href":"https:\/\/digistar.ma\/index.php?rest_route=\/wp\/v2\/product\/9526","targetHints":{"allow":["GET"]}}],"collection":[{"href":"https:\/\/digistar.ma\/index.php?rest_route=\/wp\/v2\/product"}],"about":[{"href":"https:\/\/digistar.ma\/index.php?rest_route=\/wp\/v2\/types\/product"}],"replies":[{"embeddable":true,"href":"https:\/\/digistar.ma\/index.php?rest_route=%2Fwp%2Fv2%2Fcomments&post=9526"}],"version-history":[{"count":2,"href":"https:\/\/digistar.ma\/index.php?rest_route=\/wp\/v2\/product\/9526\/revisions"}],"predecessor-version":[{"id":9532,"href":"https:\/\/digistar.ma\/index.php?rest_route=\/wp\/v2\/product\/9526\/revisions\/9532"}],"wp:featuredmedia":[{"embeddable":true,"href":"https:\/\/digistar.ma\/index.php?rest_route=\/wp\/v2\/media\/9527"}],"wp:attachment":[{"href":"https:\/\/digistar.ma\/index.php?rest_route=%2Fwp%2Fv2%2Fmedia&parent=9526"}],"wp:term":[{"taxonomy":"product_brand","embeddable":true,"href":"https:\/\/digistar.ma\/index.php?rest_route=%2Fwp%2Fv2%2Fproduct_brand&post=9526"},{"taxonomy":"product_cat","embeddable":true,"href":"https:\/\/digistar.ma\/index.php?rest_route=%2Fwp%2Fv2%2Fproduct_cat&post=9526"},{"taxonomy":"product_tag","embeddable":true,"href":"https:\/\/digistar.ma\/index.php?rest_route=%2Fwp%2Fv2%2Fproduct_tag&post=9526"}],"curies":[{"name":"wp","href":"https:\/\/api.w.org\/{rel}","templated":true}]}}