{"id":9556,"date":"2023-10-20T13:43:53","date_gmt":"2023-10-20T13:43:53","guid":{"rendered":"https:\/\/digistar.ma\/?post_type=product&#038;p=9556"},"modified":"2023-10-20T13:43:54","modified_gmt":"2023-10-20T13:43:54","slug":"destructeur-fellowes-powershred-lx221-microparticules-5050501","status":"publish","type":"product","link":"https:\/\/digistar.ma\/?product=destructeur-fellowes-powershred-lx221-microparticules-5050501","title":{"rendered":"Destructeur Fellowes Powershred\u00ae LX221 microparticules (5050501)"},"content":{"rendered":"<h3>Destructeur Fellowes Powershred\u00ae LX221 microparticules (5050501)<\/h3>\n<h2 class=\"h2-master\">Le destructeur de documents id\u00e9al pour 3 \u00e0 5 personnes<\/h2>\n<section>Le\u00a0<strong>Destructeur Powershred LX221<\/strong>\u00a0a une capacit\u00e9 de passage de 20 feuilles et une corbeille extractible de 30 litres. Il d\u00e9truit plus de 2000 feuilles en 25 minutes de cycle de fonctionnement.<\/p>\n<p>Il a \u00e9t\u00e9 pens\u00e9 pour trois \u00e0 cinq utilisateurs, au bureau ou \u00e0 la maison. Sa coupe microparticules d\u00e9truit 1 feuille A4 en plus de 2000 particules (2 x 12 mm DIN P-5). Con\u00e7u par Fellowes, ce mod\u00e8le\u00a0<strong>LX221\u00a0<\/strong>offre une productivit\u00e9 optimale et une technologie anti-bourrage unique.<\/p>\n<p>Sa technologie interactive Intellibar fournit un retour d&#8217;information sur ses performances pendant son utilisation, pr\u00e9venant des interruptions et indiquant lorsque la corbeille est presque pleine ou quand le cycle de fonctionnement est presque atteint.<\/p>\n<p>Sa technologie SafeSense vous fait b\u00e9n\u00e9ficier d&#8217;une plus grande tranquillit\u00e9 d&#8217;esprit car elle offre plus de s\u00e9curit\u00e9 lors de l&#8217;utilisation. La technologie Sleep mode, quant \u00e0 elle, met le destructeur en veille automatiquement lorsqu&#8217;il n&#8217;est pas utilis\u00e9.<\/p>\n<\/section>\n<section>\n<div class=\"desc-image\"><img decoding=\"async\" src=\"https:\/\/media.ldlc.com\/bo\/images\/fiches\/destructeurs%20de%20documents\/fellowes\/lx221\/lx221blanc_800_1.jpg\" alt=\"\" \/><\/div>\n<div class=\"desc-text\">\n<h2>PRODUCTIVIT\u00c9 OPTIMALE<\/h2>\n<p>Le\u00a0<strong>Destructeur Powershred LX221<\/strong>\u00a0offre une productivit\u00e9 optimale et une technologie antibourrage unique. La\u00a0<strong>technologie interactive Intellibar<\/strong>\u00a0fournit un retour d&#8217;information sur les performances du destructeur pendant son utilisation, pr\u00e9venant les interruptions en indiquant lorsque la corbeille est presque pleine ou quand le cycle de fonctionnement est presque atteint.<\/p>\n<\/div>\n<\/section>\n<section>\n<div class=\"desc-text\">\n<h2>UNE COUPE MICROPARTICULES PARFAITE<\/h2>\n<p>La\u00a0<strong>coupe microparticules<\/strong>\u00a0du\u00a0<strong>Destructeur Powershred LX221\u00a0<\/strong>d\u00e9truit une feuille A4 en plus de 2000 particules (2x12mm DIN P-5). Sa capacit\u00e9 de passage est de 20 feuilles et il est pourvu d&#8217;une corbeille extractible de 30 litres.<\/p>\n<p>Il d\u00e9truit plus de 2000\u00a0feuilles de papier en 25\u00a0minutes de cycle de fonctionnement. Ce destructeur est donc parfait pour un usage dans un environnement professionnel.\u00a0Les b\u00e9n\u00e9fices de la coupe microparticules sont :<\/p>\n<ul>\n<li>S\u00e9curit\u00e9 maximale des documents (illisibles et impossibles \u00e0 restituer)<\/li>\n<li>Permettent \u00e0 la corbeille de contenir 150% de papier d\u00e9truit en plus par rapport \u00e0 une coupe crois\u00e9e<\/li>\n<li>Destruction silencieuse (pas de nuisances sonores)<\/li>\n<\/ul>\n<\/div>\n<div class=\"desc-image\"><img decoding=\"async\" src=\"https:\/\/media.ldlc.com\/bo\/images\/fiches\/destructeurs%20de%20documents\/fellowes\/lx201\/lx201_800_2.jpg\" alt=\"\" \/><\/div>\n<\/section>\n<section>\n<div class=\"desc-image\"><img decoding=\"async\" src=\"https:\/\/media.ldlc.com\/bo\/images\/fiches\/destructeurs%20de%20documents\/fellowes\/lx221\/lx221blanc_800_3.jpg\" alt=\"\" \/><\/div>\n<div class=\"desc-text\">\n<h2>ANTIBOURRAGE<\/h2>\n<p>Le\u00a0<strong>Destructeur Powershred LX221<\/strong>\u00a0offre une productivit\u00e9 optimale avec une\u00a0<strong>technologie 100% antibourrage<\/strong>\u00a0unique d\u00e9velopp\u00e9e par Fellowes.\u00a0Ce destructeur d\u00e9tecte et g\u00e8re automatiquement les t\u00e2ches de destruction les plus difficiles.\n<\/div>\n<\/section>\n<section>\n<div class=\"desc-text\">\n<h2>POUR UNE PLUS GRANDE TRANQUILLIT\u00c9<\/h2>\n<p>La\u00a0<strong>technologie SafeSense<\/strong>\u00a0vous fait b\u00e9n\u00e9ficier d&#8217;une plus grande tranquillit\u00e9 d&#8217;esprit car elle offre plus de s\u00e9curit\u00e9 lors de l&#8217;utilisation. Le destructeur s&#8217;arr\u00eate lorsque votre main touche la barette chrom\u00e9e. La\u00a0<strong>technologie Sleep mode<\/strong>, quant \u00e0 elle,\u00a0met le destructeur en veille automatiquement lorsqu&#8217;il n&#8217;est pas utilis\u00e9.<\/p>\n<\/div>\n<div class=\"desc-image\"><img decoding=\"async\" src=\"https:\/\/media.ldlc.com\/bo\/images\/fiches\/destructeurs%20de%20documents\/fellowes\/lx221\/lx221blanc_800_4.jpg\" alt=\"\" \/><\/div>\n<\/section>\n<section>\n<div class=\"text-center\"><\/div>\n<\/section>\n<section class=\"list\">\n<h2>CARACT\u00c9RISTIQUES PRINCIPALES Destructeur Fellowes Powershred\u00ae LX221 microparticules (5050501)<\/h2>\n<ul>\n<li><strong>Destructeur Microshred<\/strong>\u00a0\u00e0\u00a0chargement manuel,\u00a0qui d\u00e9truit 1 feuille A4 en plus de 2000 particules (2 x 12 mm DIN P-5)<\/li>\n<li>D\u00e9truit\u00a020 feuilles\u00a0(70 gsm) par passage en micro-particules de\u00a02 x 12 mm\u00a0(Niveau de s\u00e9curit\u00e9 DINP-5)<\/li>\n<li>D\u00e9truit 2000 feuilles sans interruption pendant 25\u00a0minutes maximum<\/li>\n<li>Corbeille extractible de 30 litres\u00a0pour plus de praticit\u00e9<\/li>\n<li>D\u00e9truit aussi les agrafes, les trombones et les cartes de cr\u00e9dit<\/li>\n<li>S\u00e9curit\u00e9 avanc\u00e9e : SafeSense<\/li>\n<li>Technologie interactive Intellibar : informations en temps r\u00e9el<\/li>\n<li>Technologie Sleep mode : mode veille<\/li>\n<li>Mat\u00e9riaux : ABS<\/li>\n<li><strong>Coloris : Blanc<\/strong><\/li>\n<li>Dimensions (H x l. x P.) : 59.06 x 29.85 x 41.91 cm<\/li>\n<li>Poids : 16.28 Kg<\/li>\n<\/ul>\n<\/section>\n","protected":false},"excerpt":{"rendered":"<ul>\n<li><strong>Destructeur Microshred<\/strong>\u00a0\u00e0\u00a0chargement manuel,\u00a0qui d\u00e9truit 1 feuille A4 en plus de 2000 particules (2 x 12 mm DIN P-5)<\/li>\n<li>D\u00e9truit\u00a020 feuilles\u00a0(70 gsm) par passage en micro-particules de\u00a02 x 12 mm\u00a0(Niveau de s\u00e9curit\u00e9 DINP-5)<\/li>\n<li>D\u00e9truit 2000 feuilles sans interruption pendant 25\u00a0minutes maximum<\/li>\n<li>Corbeille extractible de 30 litres\u00a0pour plus de praticit\u00e9<\/li>\n<li>D\u00e9truit aussi les agrafes, les trombones et les cartes de cr\u00e9dit<\/li>\n<li>S\u00e9curit\u00e9 avanc\u00e9e : SafeSense<\/li>\n<li>Technologie interactive Intellibar : informations en temps r\u00e9el<\/li>\n<li>Technologie Sleep mode : mode veille<\/li>\n<li>Mat\u00e9riaux : ABS<\/li>\n<li><strong>Coloris : Blanc<\/strong><\/li>\n<li>Dimensions (H x l. x P.) : 59.06 x 29.85 x 41.91 cm<\/li>\n<li>Poids : 16.28 Kg<\/li>\n<\/ul>\n","protected":false},"featured_media":9557,"comment_status":"open","ping_status":"closed","template":"","meta":{"_acf_changed":false,"_monsterinsights_skip_tracking":false,"_monsterinsights_sitenote_active":false,"_monsterinsights_sitenote_note":"","_monsterinsights_sitenote_category":0,"_uf_show_specific_survey":0,"_uf_disable_surveys":false,"_joinchat":[]},"product_brand":[],"product_cat":[15],"product_tag":[],"class_list":{"0":"post-9556","1":"product","2":"type-product","3":"status-publish","4":"has-post-thumbnail","6":"product_cat-imprimante-scanner","8":"first","9":"instock","10":"sale","11":"shipping-taxable","12":"purchasable","13":"product-type-simple"},"acf":[],"jetpack_sharing_enabled":true,"_links":{"self":[{"href":"https:\/\/digistar.ma\/index.php?rest_route=\/wp\/v2\/product\/9556","targetHints":{"allow":["GET"]}}],"collection":[{"href":"https:\/\/digistar.ma\/index.php?rest_route=\/wp\/v2\/product"}],"about":[{"href":"https:\/\/digistar.ma\/index.php?rest_route=\/wp\/v2\/types\/product"}],"replies":[{"embeddable":true,"href":"https:\/\/digistar.ma\/index.php?rest_route=%2Fwp%2Fv2%2Fcomments&post=9556"}],"version-history":[{"count":1,"href":"https:\/\/digistar.ma\/index.php?rest_route=\/wp\/v2\/product\/9556\/revisions"}],"predecessor-version":[{"id":9562,"href":"https:\/\/digistar.ma\/index.php?rest_route=\/wp\/v2\/product\/9556\/revisions\/9562"}],"wp:featuredmedia":[{"embeddable":true,"href":"https:\/\/digistar.ma\/index.php?rest_route=\/wp\/v2\/media\/9557"}],"wp:attachment":[{"href":"https:\/\/digistar.ma\/index.php?rest_route=%2Fwp%2Fv2%2Fmedia&parent=9556"}],"wp:term":[{"taxonomy":"product_brand","embeddable":true,"href":"https:\/\/digistar.ma\/index.php?rest_route=%2Fwp%2Fv2%2Fproduct_brand&post=9556"},{"taxonomy":"product_cat","embeddable":true,"href":"https:\/\/digistar.ma\/index.php?rest_route=%2Fwp%2Fv2%2Fproduct_cat&post=9556"},{"taxonomy":"product_tag","embeddable":true,"href":"https:\/\/digistar.ma\/index.php?rest_route=%2Fwp%2Fv2%2Fproduct_tag&post=9556"}],"curies":[{"name":"wp","href":"https:\/\/api.w.org\/{rel}","templated":true}]}}