{"id":9611,"date":"2023-11-12T22:04:33","date_gmt":"2023-11-12T22:04:33","guid":{"rendered":"https:\/\/digistar.ma\/?post_type=product&#038;p=9611"},"modified":"2023-11-12T22:04:58","modified_gmt":"2023-11-12T22:04:58","slug":"imprimante-multifonction-hp-deskjet-ink-advantage-4276-60k49c","status":"publish","type":"product","link":"https:\/\/digistar.ma\/?product=imprimante-multifonction-hp-deskjet-ink-advantage-4276-60k49c","title":{"rendered":"Imprimante multifonction HP DeskJet Ink Advantage 4276 (60K49C)"},"content":{"rendered":"<p><strong>Imprimante multifonction HP DeskJet Ink Advantage 4276 (60K49C)<\/strong><\/p>\n<div class=\"section\">\n<h2 id=\"AbT2\" class=\"heading\">Connectivit\u00e9<\/h2>\n<div class=\"content\">\n<div class=\"para\">\n<div class=\"table-responsive enableScrollOnOverflow\">\n<table class=\"table table-bordered table-steps\">\n<tbody valign=\"top\">\n<tr>\n<td rowspan=\"1\" align=\"left\" valign=\"top\">\n<div class=\"para\"><strong class=\"bold\">Ports<\/strong><\/div>\n<\/td>\n<td rowspan=\"1\" align=\"left\" valign=\"top\">\n<div class=\"para\">1 Wi-Fi 802.11b\/g\/n\u00a0;\u00a01 USB 2.0 haut d\u00e9bit (appareil)<\/div>\n<\/td>\n<\/tr>\n<tr>\n<td rowspan=\"1\" align=\"left\" valign=\"top\">\n<div class=\"para\"><strong class=\"bold\">Capacit\u00e9 sans fil<\/strong><\/div>\n<\/td>\n<td rowspan=\"1\" align=\"left\" valign=\"top\">\n<div class=\"para\">Oui, Wi-Fi int\u00e9gr\u00e9 802.11b\/g\/n, 2,4 GHz monobande uniquement<\/div>\n<\/td>\n<\/tr>\n<tr>\n<td rowspan=\"1\" align=\"left\" valign=\"top\">\n<div class=\"para\"><strong class=\"bold\">P\u00e9riph\u00e9rique de stockage et prise en charge de l&#8217;impression directe<\/strong><\/div>\n<\/td>\n<td rowspan=\"1\" align=\"left\" valign=\"top\">\n<div class=\"para\">P\u00e9riph\u00e9riques de stockage non pris en charge<\/div>\n<\/td>\n<\/tr>\n<\/tbody>\n<\/table>\n<\/div>\n<\/div>\n<\/div>\n<\/div>\n<div class=\"section\">\n<h2 id=\"AbT3\" class=\"heading\">Copie<\/h2>\n<div class=\"content\">\n<div class=\"para\">\n<div class=\"table-responsive enableScrollOnOverflow\">\n<table class=\"table table-bordered table-steps\">\n<tbody valign=\"top\">\n<tr>\n<td rowspan=\"1\" align=\"left\" valign=\"top\">\n<div class=\"para\"><strong class=\"bold\">Capacit\u00e9 de copie couleur<\/strong><\/div>\n<\/td>\n<td rowspan=\"1\" align=\"left\" valign=\"top\">\n<div class=\"para\">Oui<\/div>\n<\/td>\n<\/tr>\n<tr>\n<td rowspan=\"1\" align=\"left\" valign=\"top\">\n<div class=\"para\"><strong class=\"bold\">Nombre maximum d&#8217;exemplaires<\/strong><\/div>\n<\/td>\n<td rowspan=\"1\" align=\"left\" valign=\"top\">\n<div class=\"para\">Jusqu&#8217;\u00e0 9 exemplaires<\/div>\n<\/td>\n<\/tr>\n<tr>\n<td rowspan=\"1\" align=\"left\" valign=\"top\">\n<div class=\"para\"><strong class=\"bold\">Copier les param\u00e8tres de r\u00e9duction\/agrandissement<\/strong><\/div>\n<\/td>\n<td rowspan=\"1\" align=\"left\" valign=\"top\">\n<div class=\"para\">Via l&#8217;application HP<\/div>\n<\/td>\n<\/tr>\n<tr>\n<td rowspan=\"1\" align=\"left\" valign=\"top\">\n<div class=\"para\"><strong class=\"bold\">R\u00e9solution de copie<\/strong><\/div>\n<\/td>\n<td rowspan=\"1\" align=\"left\" valign=\"top\">\n<div class=\"para\">Jusqu&#8217;\u00e0 300 x 300 ppp<\/div>\n<\/td>\n<\/tr>\n<\/tbody>\n<\/table>\n<\/div>\n<\/div>\n<\/div>\n<\/div>\n<div class=\"section\">\n<h2 id=\"AbT4\" class=\"heading\">Environnemental<\/h2>\n<div class=\"content\">\n<div class=\"para\">\n<div class=\"table-responsive enableScrollOnOverflow\">\n<table class=\"table table-bordered table-steps\">\n<tbody valign=\"top\">\n<tr>\n<td rowspan=\"1\" align=\"left\" valign=\"top\">\n<div class=\"para\"><strong class=\"bold\">\u00c9missions de puissance acoustique (active, impression)<\/strong><\/div>\n<\/td>\n<td rowspan=\"1\" align=\"left\" valign=\"top\">\n<div class=\"para\">6.2 B(A)<\/div>\n<\/td>\n<\/tr>\n<tr>\n<td rowspan=\"1\" align=\"left\" valign=\"top\">\n<div class=\"para\"><strong class=\"bold\">\u00c9missions de pression acoustique<\/strong><\/div>\n<\/td>\n<td rowspan=\"1\" align=\"left\" valign=\"top\">\n<div class=\"para\">55 dB(A) (impression \u00e0 6 ppm)<\/div>\n<\/td>\n<\/tr>\n<tr>\n<td rowspan=\"1\" align=\"left\" valign=\"top\">\n<div class=\"para\"><strong class=\"bold\">Plage d&#8217;humidit\u00e9 de fonctionnement recommand\u00e9e<\/strong><\/div>\n<\/td>\n<td rowspan=\"1\" align=\"left\" valign=\"top\">\n<div class=\"para\">20 \u00e0 80 % HR (sans condensation)<\/div>\n<\/td>\n<\/tr>\n<tr>\n<td rowspan=\"1\" align=\"left\" valign=\"top\">\n<div class=\"para\"><strong class=\"bold\">Plage d&#8217;humidit\u00e9 hors fonctionnement<\/strong><\/div>\n<\/td>\n<td rowspan=\"1\" align=\"left\" valign=\"top\">\n<div class=\"para\">5 \u00e0 90 % HR (sans condensation)<\/div>\n<\/td>\n<\/tr>\n<tr>\n<td rowspan=\"1\" align=\"left\" valign=\"top\">\n<div class=\"para\"><strong class=\"bold\">Plage de temp\u00e9rature de fonctionnement recommand\u00e9e (Celsius)<\/strong><\/div>\n<\/td>\n<td rowspan=\"1\" align=\"left\" valign=\"top\">\n<div class=\"para\">15 \u00e0 30\u00b0C<\/div>\n<\/td>\n<\/tr>\n<tr>\n<td rowspan=\"1\" align=\"left\" valign=\"top\">\n<div class=\"para\"><strong class=\"bold\">Plage de temp\u00e9rature de fonctionnement recommand\u00e9e (Fahrenheit)<\/strong><\/div>\n<\/td>\n<td rowspan=\"1\" align=\"left\" valign=\"top\">\n<div class=\"para\">59 \u00e0 86\u00b0F<\/div>\n<\/td>\n<\/tr>\n<tr>\n<td rowspan=\"1\" align=\"left\" valign=\"top\">\n<div class=\"para\"><strong class=\"bold\">Plage de temp\u00e9rature de stockage (Celsius)<\/strong><\/div>\n<\/td>\n<td rowspan=\"1\" align=\"left\" valign=\"top\">\n<div class=\"para\">-40 \u00e0 60\u00b0C<\/div>\n<\/td>\n<\/tr>\n<tr>\n<td rowspan=\"1\" align=\"left\" valign=\"top\">\n<div class=\"para\"><strong class=\"bold\">Plage de temp\u00e9rature de stockage (Fahrenheit)<\/strong><\/div>\n<\/td>\n<td rowspan=\"1\" align=\"left\" valign=\"top\">\n<div class=\"para\">-40 \u00e0 140\u00b0F<\/div>\n<\/td>\n<\/tr>\n<tr>\n<td rowspan=\"1\" align=\"left\" valign=\"top\">\n<div class=\"para\"><strong class=\"bold\">Sp\u00e9cifications environnementales<\/strong><\/div>\n<\/td>\n<td rowspan=\"1\" align=\"left\" valign=\"top\">\n<div class=\"para\">60\u00a0% de plastique recycl\u00e9 post-consommation<\/div>\n<\/td>\n<\/tr>\n<\/tbody>\n<\/table>\n<\/div>\n<\/div>\n<\/div>\n<\/div>\n<div class=\"section\">\n<h2 id=\"AbT5\" class=\"heading\">Fax<\/h2>\n<div class=\"content\">\n<div class=\"para\">\n<div class=\"table-responsive enableScrollOnOverflow\">\n<table class=\"table table-bordered table-steps\">\n<tbody valign=\"top\">\n<tr>\n<td rowspan=\"1\" align=\"left\" valign=\"top\">\n<div class=\"para\"><strong class=\"bold\">Fonctionnalit\u00e9s de t\u00e9l\u00e9copie<\/strong><\/div>\n<\/td>\n<td rowspan=\"1\" align=\"left\" valign=\"top\">\n<div class=\"para\">Option permettant d&#8217;ajouter des fichiers \u00e0 partir des fichiers\/photos de votre t\u00e9l\u00e9phone, num\u00e9risation d&#8217;appareil photo ou scanner d&#8217;imprimante, option permettant d&#8217;ajouter facilement une page de garde et d&#8217;enregistrer le mod\u00e8le de page de garde, acc\u00e8s \u00e0 l&#8217;historique des t\u00e9l\u00e9copies pour voir tous les fax et brouillons envoy\u00e9s, possibilit\u00e9 de modifier et de renvoyer des t\u00e9l\u00e9copies \u00e0 partir de l&#8217;historique. , Imprimez facilement la confirmation du fax<\/div>\n<\/td>\n<\/tr>\n<\/tbody>\n<\/table>\n<\/div>\n<\/div>\n<\/div>\n<\/div>\n<div class=\"section\">\n<h2 id=\"AbT6\" class=\"heading\">M\u00e9moire<\/h2>\n<div class=\"content\">\n<div class=\"para\">\n<div class=\"table-responsive enableScrollOnOverflow\">\n<table class=\"table table-bordered table-steps\">\n<tbody valign=\"top\">\n<tr>\n<td rowspan=\"1\" align=\"left\" valign=\"top\">\n<div class=\"para\"><strong class=\"bold\">M\u00e9moire<\/strong><\/div>\n<\/td>\n<td rowspan=\"1\" align=\"left\" valign=\"top\">\n<div class=\"para\">64 Mo DDR1<\/div>\n<\/td>\n<\/tr>\n<tr>\n<td rowspan=\"1\" align=\"left\" valign=\"top\">\n<div class=\"para\"><strong class=\"bold\">M\u00e9moire maximale<\/strong><\/div>\n<\/td>\n<td rowspan=\"1\" align=\"left\" valign=\"top\">\n<div class=\"para\">64 Mo DDR1\u00a0;\u00a024\u00a0Mo de m\u00e9moire Flash<\/div>\n<\/td>\n<\/tr>\n<\/tbody>\n<\/table>\n<\/div>\n<\/div>\n<\/div>\n<\/div>\n<div class=\"section\">\n<h2 id=\"AbT7\" class=\"heading\">Capacit\u00e9 d&#8217;impression mobile<\/h2>\n<div class=\"content\">\n<div class=\"para\">\n<div class=\"table-responsive enableScrollOnOverflow\">\n<table class=\"table table-bordered table-steps\">\n<tbody valign=\"top\">\n<tr>\n<td rowspan=\"1\" align=\"left\" valign=\"top\">\n<div class=\"para\"><strong class=\"bold\">Services d&#8217;impression mobile<\/strong><\/div>\n<\/td>\n<td rowspan=\"1\" align=\"left\" valign=\"top\">\n<div class=\"para\">Apple AirPrint\u2122\u00a0;\u00a0USB;\u00a0Sans fil (Wi-Fi\u00ae);\u00a0Bluetooth;\u00a0Impression directe sans fil\u00a0;\u00a0Google Cloud Print\u2122<\/div>\n<\/td>\n<\/tr>\n<\/tbody>\n<\/table>\n<\/div>\n<\/div>\n<\/div>\n<\/div>\n<div class=\"section\">\n<h2 id=\"AbT8\" class=\"heading\">La manipulation du papier<\/h2>\n<div class=\"content\">\n<div class=\"para\">\n<div class=\"table-responsive enableScrollOnOverflow\">\n<table class=\"table table-bordered table-steps\">\n<tbody valign=\"top\">\n<tr>\n<td rowspan=\"1\" align=\"left\" valign=\"top\">\n<div class=\"para\"><strong class=\"bold\">Capacit\u00e9 d&#8217;entr\u00e9e<\/strong><\/div>\n<\/td>\n<td rowspan=\"1\" align=\"left\" valign=\"top\">\n<div class=\"para\">Jusqu&#8217;\u00e0 60 feuilles<\/div>\n<\/td>\n<\/tr>\n<tr>\n<td rowspan=\"1\" align=\"left\" valign=\"top\">\n<div class=\"para\"><strong class=\"bold\">Capacit\u00e9 d&#8217;entr\u00e9e standard (cartes)<\/strong><\/div>\n<\/td>\n<td rowspan=\"1\" align=\"left\" valign=\"top\">\n<div class=\"para\">Jusqu&#8217;\u00e0 20 cartes<\/div>\n<\/td>\n<\/tr>\n<tr>\n<td rowspan=\"1\" align=\"left\" valign=\"top\">\n<div class=\"para\"><strong class=\"bold\">Capacit\u00e9 d&#8217;entr\u00e9e standard (enveloppes)<\/strong><\/div>\n<\/td>\n<td rowspan=\"1\" align=\"left\" valign=\"top\">\n<div class=\"para\">Jusqu&#8217;\u00e0 5<\/div>\n<\/td>\n<\/tr>\n<tr>\n<td rowspan=\"1\" align=\"left\" valign=\"top\">\n<div class=\"para\"><strong class=\"bold\">Capacit\u00e9 de sortie<\/strong><\/div>\n<\/td>\n<td rowspan=\"1\" align=\"left\" valign=\"top\">\n<div class=\"para\">Jusqu&#8217;\u00e0 25 feuilles<\/div>\n<\/td>\n<\/tr>\n<tr>\n<td rowspan=\"1\" align=\"left\" valign=\"top\">\n<div class=\"para\"><strong class=\"bold\">Tailles de support prises en charge (m\u00e9triques)<\/strong><\/div>\n<\/td>\n<td rowspan=\"1\" align=\"left\" valign=\"top\">\n<div class=\"para\">A4\u00a0;\u00a0B5\u00a0;\u00a0A6\u00a0;\u00a0Enveloppe DL<\/div>\n<\/td>\n<\/tr>\n<tr>\n<td rowspan=\"1\" align=\"left\" valign=\"top\">\n<div class=\"para\"><strong class=\"bold\">Tailles de support prises en charge (norme am\u00e9ricaine)<\/strong><\/div>\n<\/td>\n<td rowspan=\"1\" align=\"left\" valign=\"top\">\n<div class=\"para\">Lettre;\u00a0l\u00e9gal;\u00a04 x 6 pouces\u00a0;\u00a05&#215;7 pouces;\u00a08&#215;10 pouces;\u00a0Enveloppes n\u00b010<\/div>\n<\/td>\n<\/tr>\n<tr>\n<td rowspan=\"1\" align=\"left\" valign=\"top\">\n<div class=\"para\"><strong class=\"bold\">Tailles de support, personnalis\u00e9es (m\u00e9triques)<\/strong><\/div>\n<\/td>\n<td rowspan=\"1\" align=\"left\" valign=\"top\">\n<div class=\"para\">76 x 127 \u00e0 215 x 355 mm<\/div>\n<\/td>\n<\/tr>\n<tr>\n<td rowspan=\"1\" align=\"left\" valign=\"top\">\n<div class=\"para\"><strong class=\"bold\">Formats de support personnalis\u00e9s (norme am\u00e9ricaine)<\/strong><\/div>\n<\/td>\n<td rowspan=\"1\" align=\"left\" valign=\"top\">\n<div class=\"para\">3 x 5 \u00e0 8,5 x 14 pouces<\/div>\n<\/td>\n<\/tr>\n<tr>\n<td rowspan=\"1\" align=\"left\" valign=\"top\">\n<div class=\"para\"><strong class=\"bold\">Types de m\u00e9dias<\/strong><\/div>\n<\/td>\n<td rowspan=\"1\" align=\"left\" valign=\"top\">\n<div class=\"para\">Papier ordinaire, papier photo, papier pour brochures, enveloppes et autres papiers jet d&#8217;encre sp\u00e9ciaux<\/div>\n<\/td>\n<\/tr>\n<tr>\n<td rowspan=\"1\" align=\"left\" valign=\"top\">\n<div class=\"para\"><strong class=\"bold\">Poids du support pris en charge (m\u00e9trique)<\/strong><\/div>\n<\/td>\n<td rowspan=\"1\" align=\"left\" valign=\"top\">\n<div class=\"para\">A4 : 60 \u00e0 90 g\/m\u00b2 ;\u00a0Enveloppes HP : 75 \u00e0 90 g\/m\u00b2 ;\u00a0Cartes HP : jusqu&#8217;\u00e0 200 g\/m\u00b2 ;\u00a0Papier photo HP 10 x 15 cm : jusqu&#8217;\u00e0 300 g\/m\u00b2<\/div>\n<\/td>\n<\/tr>\n<tr>\n<td rowspan=\"1\" align=\"left\" valign=\"top\">\n<div class=\"para\"><strong class=\"bold\">Grammage du support pris en charge (norme am\u00e9ricaine)<\/strong><\/div>\n<\/td>\n<td rowspan=\"1\" align=\"left\" valign=\"top\">\n<div class=\"para\">20 livres<\/div>\n<\/td>\n<\/tr>\n<tr>\n<td rowspan=\"1\" align=\"left\" valign=\"top\">\n<div class=\"para\"><strong class=\"bold\">Impression sans marge<\/strong><\/div>\n<\/td>\n<td rowspan=\"1\" align=\"left\" valign=\"top\">\n<div class=\"para\">Non<\/div>\n<\/td>\n<\/tr>\n<\/tbody>\n<\/table>\n<\/div>\n<\/div>\n<\/div>\n<\/div>\n<div class=\"section\">\n<h2 id=\"AbT9\" class=\"heading\">Gestion du papier &#8211; ADF<\/h2>\n<div class=\"content\">\n<div class=\"para\">\n<div class=\"table-responsive enableScrollOnOverflow\">\n<table class=\"table table-bordered table-steps\">\n<tbody valign=\"top\">\n<tr>\n<td rowspan=\"1\" align=\"left\" valign=\"top\">\n<div class=\"para\"><strong class=\"bold\">Capacit\u00e9 du chargeur automatique de documents<\/strong><\/div>\n<\/td>\n<td rowspan=\"1\" align=\"left\" valign=\"top\">\n<div class=\"para\">Standard, 35 feuilles<\/div>\n<\/td>\n<\/tr>\n<\/tbody>\n<\/table>\n<\/div>\n<\/div>\n<\/div>\n<\/div>\n<div class=\"section\">\n<h2 id=\"AbT10\" class=\"heading\">Gestion du papier &#8211; recto verso<\/h2>\n<div class=\"content\">\n<div class=\"para\">\n<div class=\"table-responsive enableScrollOnOverflow\">\n<table class=\"table table-bordered table-steps\">\n<tbody valign=\"top\">\n<tr>\n<td rowspan=\"1\" align=\"left\" valign=\"top\">\n<div class=\"para\"><strong class=\"bold\">Formats de support, recto verso (norme am\u00e9ricaine)<\/strong><\/div>\n<\/td>\n<td rowspan=\"1\" align=\"left\" valign=\"top\">\n<div class=\"para\">N&#8217;est pas applicable<\/div>\n<\/td>\n<\/tr>\n<\/tbody>\n<\/table>\n<\/div>\n<\/div>\n<\/div>\n<\/div>\n<div class=\"section\">\n<h2 id=\"AbT11\" class=\"heading\">Dimensions physiques<\/h2>\n<div class=\"content\">\n<div class=\"para\">\n<div class=\"table-responsive enableScrollOnOverflow\">\n<table class=\"table table-bordered table-steps\">\n<tbody valign=\"top\">\n<tr>\n<td rowspan=\"1\" align=\"left\" valign=\"top\">\n<div class=\"para\"><strong class=\"bold\">Dimensions maximales (L x P x H, m\u00e9trique)<\/strong><\/div>\n<\/td>\n<td rowspan=\"1\" align=\"left\" valign=\"top\">\n<div class=\"para\">428 x 579 x 261 mm (extension de sortie compl\u00e8te)<\/div>\n<\/td>\n<\/tr>\n<tr>\n<td rowspan=\"1\" align=\"left\" valign=\"top\">\n<div class=\"para\"><strong class=\"bold\">Dimensions maximales (L x P x H, norme am\u00e9ricaine)<\/strong><\/div>\n<\/td>\n<td rowspan=\"1\" align=\"left\" valign=\"top\">\n<div class=\"para\">16,8 x 13,1 x 7,87 pouces (extension de sortie compl\u00e8te)<\/div>\n<\/td>\n<\/tr>\n<tr>\n<td rowspan=\"1\" align=\"left\" valign=\"top\">\n<div class=\"para\"><strong class=\"bold\">Poids (m\u00e9trique)<\/strong><\/div>\n<\/td>\n<td rowspan=\"1\" align=\"left\" valign=\"top\">\n<div class=\"para\">4,82 kg<\/div>\n<\/td>\n<\/tr>\n<tr>\n<td rowspan=\"1\" align=\"left\" valign=\"top\">\n<div class=\"para\"><strong class=\"bold\">Poids (norme am\u00e9ricaine)<\/strong><\/div>\n<\/td>\n<td rowspan=\"1\" align=\"left\" valign=\"top\">\n<div class=\"para\">10,6 livres<\/div>\n<\/td>\n<\/tr>\n<\/tbody>\n<\/table>\n<\/div>\n<\/div>\n<\/div>\n<\/div>\n<div class=\"section\">\n<h2 id=\"AbT12\" class=\"heading\">Pouvoir<\/h2>\n<div class=\"content\">\n<div class=\"para\">\n<div class=\"table-responsive enableScrollOnOverflow\">\n<table class=\"table table-bordered table-steps\">\n<tbody valign=\"top\">\n<tr>\n<td rowspan=\"1\" align=\"left\" valign=\"top\">\n<div class=\"para\"><strong class=\"bold\">Type d&#8217;alimentation<\/strong><\/div>\n<\/td>\n<td rowspan=\"1\" align=\"left\" valign=\"top\">\n<div class=\"para\">Interne<\/div>\n<\/td>\n<\/tr>\n<tr>\n<td rowspan=\"1\" align=\"left\" valign=\"top\">\n<div class=\"para\"><strong class=\"bold\">Source de courant<\/strong><\/div>\n<\/td>\n<td rowspan=\"1\" align=\"left\" valign=\"top\">\n<div class=\"para\">Tension d&#8217;entr\u00e9e : 100 \u00e0 240 VAC (+\/- 10 %), 50\/60 Hz (+\/- 3 Hz), 350 mA.\u00a0Tension d&#8217;entr\u00e9e Inde : 200 \u00e0 240 VAC (+\/- 10 %), 50\/60 Hz (+\/- 3 Hz), 350 mA.<\/div>\n<\/td>\n<\/tr>\n<tr>\n<td rowspan=\"1\" align=\"left\" valign=\"top\">\n<div class=\"para\"><strong class=\"bold\">Consommation d&#8217;\u00e9nergie<\/strong><\/div>\n<\/td>\n<td rowspan=\"1\" align=\"left\" valign=\"top\">\n<div class=\"para\">2,8 W (pr\u00eat), 1,53 W (veille), 0,3 W (arr\u00eat automatique), 0,3 W (arr\u00eat).<\/div>\n<\/td>\n<\/tr>\n<\/tbody>\n<\/table>\n<\/div>\n<\/div>\n<\/div>\n<\/div>\n<div class=\"section\">\n<h2 id=\"AbT13\" class=\"heading\">Cartouches d&#8217;impression<\/h2>\n<div class=\"content\">\n<div class=\"para\">\n<div class=\"table-responsive enableScrollOnOverflow\">\n<table class=\"table table-bordered table-steps\">\n<tbody valign=\"top\">\n<tr>\n<td rowspan=\"1\" align=\"left\" valign=\"top\">\n<div class=\"para\"><strong class=\"bold\">Nombre de cartouches d&#8217;impression<\/strong><\/div>\n<\/td>\n<td rowspan=\"1\" align=\"left\" valign=\"top\">\n<div class=\"para\">2 (1 de chaque noir, 1 tricolore)<\/div>\n<\/td>\n<\/tr>\n<tr>\n<td rowspan=\"1\" align=\"left\" valign=\"top\">\n<div class=\"para\"><strong class=\"bold\">Cartouches de remplacement<\/strong><\/div>\n<\/td>\n<td rowspan=\"1\" align=\"left\" valign=\"top\">\n<div class=\"para\">Cartouche d&#8217;encre originale tricolore HP 682 Advantage (rendement d&#8217;environ 150 pages) 3YM76A\u00a0;\u00a0Cartouche d&#8217;encre noire originale HP 682 Advantage (rendement d&#8217;environ 480 pages) 3YM77A.\u00a0Le rendement r\u00e9el varie consid\u00e9rablement en fonction du contenu des pages imprim\u00e9es et d&#8217;autres facteurs.\u00a0Pour plus de d\u00e9tails, consultez\u00a0<a href=\"http:\/\/www.hp.com\/go\/learnaboutsupplies\" target=\"_blank\" rel=\"noopener\">http:\/\/www.hp.com\/go\/learnaboutsupplies<\/a><\/div>\n<\/td>\n<\/tr>\n<\/tbody>\n<\/table>\n<\/div>\n<\/div>\n<\/div>\n<\/div>\n<div class=\"section\">\n<h2 id=\"AbT14\" class=\"heading\">Sp\u00e9cifications d&#8217;impression Imprimante multifonction HP DeskJet Ink Advantage 4276 (60K49C)<\/h2>\n<div class=\"content\">\n<div class=\"para\">\n<div class=\"table-responsive enableScrollOnOverflow\">\n<table class=\"table table-bordered table-steps\">\n<tbody valign=\"top\">\n<tr>\n<td rowspan=\"1\" align=\"left\" valign=\"top\">\n<div class=\"para\"><strong class=\"bold\">Technologie d&#8217;impression<\/strong><\/div>\n<\/td>\n<td rowspan=\"1\" align=\"left\" valign=\"top\">\n<div class=\"para\">Jet d&#8217;encre thermique HP<\/div>\n<\/td>\n<\/tr>\n<tr>\n<td rowspan=\"1\" align=\"left\" valign=\"top\">\n<div class=\"para\"><strong class=\"bold\">Impression recto verso<\/strong><\/div>\n<\/td>\n<td rowspan=\"1\" align=\"left\" valign=\"top\">\n<div class=\"para\">Manuel (assistance au pilote fournie)<\/div>\n<\/td>\n<\/tr>\n<tr>\n<td rowspan=\"1\" align=\"left\" valign=\"top\">\n<div class=\"para\"><strong class=\"bold\">Vitesse d&#8217;impression noir (ISO)<\/strong><\/div>\n<\/td>\n<td rowspan=\"1\" align=\"left\" valign=\"top\">\n<div class=\"para\">Jusqu&#8217;\u00e0 8,5 ppm<\/div>\n<\/td>\n<\/tr>\n<tr>\n<td rowspan=\"1\" align=\"left\" valign=\"top\">\n<div class=\"para\"><strong class=\"bold\">Couleur de vitesse d&#8217;impression (ISO)<\/strong><\/div>\n<\/td>\n<td rowspan=\"1\" align=\"left\" valign=\"top\">\n<div class=\"para\">Jusqu&#8217;\u00e0 5,5 ppm<\/div>\n<\/td>\n<\/tr>\n<tr>\n<td rowspan=\"1\" align=\"left\" valign=\"top\">\n<div class=\"para\"><strong class=\"bold\">R\u00e9solution d&#8217;impression (meilleure)<\/strong><\/div>\n<\/td>\n<td rowspan=\"1\" align=\"left\" valign=\"top\">\n<div class=\"para\">Jusqu&#8217;\u00e0 1 200 x 1 200 ppp rendus<\/div>\n<\/td>\n<\/tr>\n<tr>\n<td rowspan=\"1\" align=\"left\" valign=\"top\">\n<div class=\"para\"><strong class=\"bold\">Zone d&#8217;impression maximale (m\u00e9trique)<\/strong><\/div>\n<\/td>\n<td rowspan=\"1\" align=\"left\" valign=\"top\">\n<div class=\"para\">209,9 x 349,6 mm<\/div>\n<\/td>\n<\/tr>\n<tr>\n<td rowspan=\"1\" align=\"left\" valign=\"top\">\n<div class=\"para\"><strong class=\"bold\">Cycle de service mensuel<\/strong><\/div>\n<\/td>\n<td rowspan=\"1\" align=\"left\" valign=\"top\">\n<div class=\"para\">Jusqu&#8217;\u00e0 1 000 pages<\/div>\n<\/td>\n<\/tr>\n<tr>\n<td rowspan=\"1\" align=\"left\" valign=\"top\">\n<div class=\"para\"><strong class=\"bold\">Langues d&#8217;impression<\/strong><\/div>\n<\/td>\n<td rowspan=\"1\" align=\"left\" valign=\"top\">\n<div class=\"para\">interface graphique HP PCL 3\u00a0;\u00a0HP PCLm (Applications HP\/UPD)\u00a0;\u00a0URF (AirPrint)<\/div>\n<\/td>\n<\/tr>\n<\/tbody>\n<\/table>\n<\/div>\n<\/div>\n<\/div>\n<\/div>\n","protected":false},"excerpt":{"rendered":"<p>Impression, copie, num\u00e9risation, sans fil, envoi de t\u00e9l\u00e9copie mobile<br \/>\nVitesse d&#8217;impression noir: Jusqu&#8217;\u00e0 20 ppm (Jusqu&#8217;\u00e0 8,5 ppm en norme ISO)<br \/>\nVitesse d&#8217;impression couleur: Jusqu&#8217;\u00e0 5,5 ppm en norme ISO<br \/>\nQualit\u00e9 d&#8217;impression noire: Jusqu\u2019\u00e0 1 200 x 1 200 ppp rendus<br \/>\nQualit\u00e9 d&#8217;impression couleur: Jusqu&#8217;\u00e0 4800 x 1200 ppp optimis\u00e9s<br \/>\nVolume de pages mensuel recommand\u00e9: 100 \u00e0 300<br \/>\nImpression recto\/verso: Manuel (avec prise en charge des pilotes)<br \/>\nFonctionne avec: 2 Cartouches (1 noire, 1 3-couleurs)<br \/>\nConnectivit\u00e9: 1 Wi-Fi 802.11b\/g\/n;\u00a0\u00a01 port USB 2.0 haut d\u00e9bit (appareil)<br \/>\nEncres fournies avec l&#8217;imprimante: Cartouche d\u2019encre trois couleurs authentique HP 653 (rendement d\u2019environ 200 pages); Cartouche d\u2019encre noire authentique HP 653 (rendement d\u2019environ 360 pages)<\/p>\n","protected":false},"featured_media":9612,"comment_status":"open","ping_status":"closed","template":"","meta":{"_acf_changed":false,"_monsterinsights_skip_tracking":false,"_monsterinsights_sitenote_active":false,"_monsterinsights_sitenote_note":"","_monsterinsights_sitenote_category":0,"_uf_show_specific_survey":0,"_uf_disable_surveys":false,"_joinchat":[]},"product_brand":[],"product_cat":[15,253,266],"product_tag":[],"class_list":{"0":"post-9611","1":"product","2":"type-product","3":"status-publish","4":"has-post-thumbnail","6":"product_cat-imprimante-scanner","7":"product_cat-imprimante","8":"product_cat-multifonction-jet-dencre","10":"first","11":"instock","12":"sale","13":"shipping-taxable","14":"purchasable","15":"product-type-simple"},"acf":[],"jetpack_sharing_enabled":true,"_links":{"self":[{"href":"https:\/\/digistar.ma\/index.php?rest_route=\/wp\/v2\/product\/9611","targetHints":{"allow":["GET"]}}],"collection":[{"href":"https:\/\/digistar.ma\/index.php?rest_route=\/wp\/v2\/product"}],"about":[{"href":"https:\/\/digistar.ma\/index.php?rest_route=\/wp\/v2\/types\/product"}],"replies":[{"embeddable":true,"href":"https:\/\/digistar.ma\/index.php?rest_route=%2Fwp%2Fv2%2Fcomments&post=9611"}],"version-history":[{"count":2,"href":"https:\/\/digistar.ma\/index.php?rest_route=\/wp\/v2\/product\/9611\/revisions"}],"predecessor-version":[{"id":9617,"href":"https:\/\/digistar.ma\/index.php?rest_route=\/wp\/v2\/product\/9611\/revisions\/9617"}],"wp:featuredmedia":[{"embeddable":true,"href":"https:\/\/digistar.ma\/index.php?rest_route=\/wp\/v2\/media\/9612"}],"wp:attachment":[{"href":"https:\/\/digistar.ma\/index.php?rest_route=%2Fwp%2Fv2%2Fmedia&parent=9611"}],"wp:term":[{"taxonomy":"product_brand","embeddable":true,"href":"https:\/\/digistar.ma\/index.php?rest_route=%2Fwp%2Fv2%2Fproduct_brand&post=9611"},{"taxonomy":"product_cat","embeddable":true,"href":"https:\/\/digistar.ma\/index.php?rest_route=%2Fwp%2Fv2%2Fproduct_cat&post=9611"},{"taxonomy":"product_tag","embeddable":true,"href":"https:\/\/digistar.ma\/index.php?rest_route=%2Fwp%2Fv2%2Fproduct_tag&post=9611"}],"curies":[{"name":"wp","href":"https:\/\/api.w.org\/{rel}","templated":true}]}}