{"id":9627,"date":"2023-11-15T18:07:38","date_gmt":"2023-11-15T18:07:38","guid":{"rendered":"https:\/\/digistar.ma\/?post_type=product&#038;p=9627"},"modified":"2023-11-15T18:07:38","modified_gmt":"2023-11-15T18:07:38","slug":"honeywell-barcode-scanner-mk5145-avec-stand-mk5145-31a38-eu","status":"publish","type":"product","link":"https:\/\/digistar.ma\/?product=honeywell-barcode-scanner-mk5145-avec-stand-mk5145-31a38-eu","title":{"rendered":"Honeywell Barcode scanner MK5145 avec Stand (MK5145-31A38-EU)"},"content":{"rendered":"<p><strong>Honeywell Barcode scanner MK5145 avec Stand (MK5145-31A38-EU)<\/strong><\/p>\n<p>Optimisez l&#8217;efficacit\u00e9 de votre gestion des stocks avec le scanner Honeywell MK5145. Ce lecteur de codes-barres, dot\u00e9 d&#8217;un support, simplifie la saisie rapide et pr\u00e9cise des donn\u00e9es. Gr\u00e2ce \u00e0 sa technologie avanc\u00e9e, il acc\u00e9l\u00e8re les op\u00e9rations\u00a0\u00a0tout en minimisant les erreurs. Am\u00e9liorez la productivit\u00e9 de votre entreprise en investissant dans cet outil fiable, offrant une solution de pointe pour la lecture de codes-barres.<\/p>\n<ul class=\"a-unordered-list a-vertical a-spacing-mini\">\n<li class=\"a-spacing-mini\"><span class=\"a-list-item\">Lecteur de codes-barres portable pour scanner et d\u00e9coder les codes-barres 1D lin\u00e9aires<\/span><\/li>\n<li class=\"a-spacing-mini\"><span class=\"a-list-item\">Le laser produit une seule ligne de lumi\u00e8re pour jusqu&#8217;\u00e0 72 lectures de codes-barres par seconde<\/span><\/li>\n<li class=\"a-spacing-mini\"><span class=\"a-list-item\">C\u00e2ble USB pour la connexion \u00e0 un ordinateur ou \u00e0 un autre syst\u00e8me h\u00f4te (non inclus) pour transmettre des donn\u00e9es de codes-barres<\/span><\/li>\n<li class=\"a-spacing-mini\"><span class=\"a-list-item\">Param\u00e8tre CodeGate pour emp\u00eacher la transmission accidentelle de codes-barres<\/span><\/li>\n<li class=\"a-spacing-mini\"><span class=\"a-list-item\">P\u00e8se 3,5 onces\u00a0;\u00a0mesure 2 x 2,5 x 6,7 pouces (H x L x P)<\/span><\/li>\n<\/ul>\n<p><strong>Honeywell Barcode scanner MK5145 avec Stand (MK5145-31A38-EU)<\/strong><\/p>\n<table class=\"a-normal a-spacing-micro\">\n<tbody>\n<tr class=\"a-spacing-small po-compatible_devices\">\n<td class=\"a-span3\"><span class=\"a-size-base a-text-bold\"><span>Appareils compatibles<\/span><\/span><\/td>\n<td class=\"a-span9\"><span class=\"a-size-base po-break-word\"><span>Ordinateur portable, ordinateur de bureau<\/span><\/span><\/td>\n<\/tr>\n<tr class=\"a-spacing-small po-power_source_type\">\n<td class=\"a-span3\"><span class=\"a-size-base a-text-bold\"><span>Source d&#8217;\u00e9nergie<\/span><\/span><\/td>\n<td class=\"a-span9\"><span class=\"a-size-base po-break-word\"><span>\u00c9lectrique filaire<\/span><\/span><\/td>\n<\/tr>\n<tr class=\"a-spacing-small po-brand\">\n<td class=\"a-span3\"><span class=\"a-size-base a-text-bold\"><span>Marque<\/span><\/span><\/td>\n<td class=\"a-span9\"><span class=\"a-size-base po-break-word\"><span>Honeywell<\/span><\/span><\/td>\n<\/tr>\n<tr class=\"a-spacing-small po-connectivity_technology\">\n<td class=\"a-span3\"><span class=\"a-size-base a-text-bold\"><span>Technologie de connectivit\u00e9<\/span><\/span><\/td>\n<td class=\"a-span9\"><span class=\"a-size-base po-break-word\"><span>Cable USB<\/span><\/span><\/td>\n<\/tr>\n<\/tbody>\n<\/table>\n","protected":false},"excerpt":{"rendered":"<ul class=\"a-unordered-list a-vertical a-spacing-mini\">\n<li class=\"a-spacing-mini\"><span class=\"a-list-item\"><span>Lecteur de codes-barres portable pour scanner et d\u00e9coder les codes-barres 1D lin\u00e9aires<\/span><\/span><\/li>\n<li class=\"a-spacing-mini\"><span class=\"a-list-item\"><span>Le laser produit une seule ligne de lumi\u00e8re pour jusqu&#8217;\u00e0 72 lectures de codes-barres par seconde<\/span><\/span><\/li>\n<li class=\"a-spacing-mini\"><span class=\"a-list-item\"><span>C\u00e2ble USB pour la connexion \u00e0 un ordinateur ou \u00e0 un autre syst\u00e8me h\u00f4te (non inclus) pour transmettre des donn\u00e9es de codes-barres<\/span><\/span><\/li>\n<li class=\"a-spacing-mini\"><span class=\"a-list-item\"><span>Param\u00e8tre CodeGate pour emp\u00eacher la transmission accidentelle de codes-barres<\/span><\/span><\/li>\n<li class=\"a-spacing-mini\"><span class=\"a-list-item\"><span>P\u00e8se 3,5 onces\u00a0;\u00a0mesure 2 x 2,5 x 6,7 pouces (H x L x P)<\/span><\/span><\/li>\n<\/ul>\n","protected":false},"featured_media":9628,"comment_status":"open","ping_status":"closed","template":"","meta":{"_acf_changed":false,"_monsterinsights_skip_tracking":false,"_monsterinsights_sitenote_active":false,"_monsterinsights_sitenote_note":"","_monsterinsights_sitenote_category":0,"_uf_show_specific_survey":0,"_uf_disable_surveys":false,"_joinchat":[]},"product_brand":[],"product_cat":[279],"product_tag":[],"class_list":{"0":"post-9627","1":"product","2":"type-product","3":"status-publish","4":"has-post-thumbnail","6":"product_cat-autres-equipements","8":"first","9":"instock","10":"sale","11":"shipping-taxable","12":"purchasable","13":"product-type-simple"},"acf":[],"jetpack_sharing_enabled":true,"_links":{"self":[{"href":"https:\/\/digistar.ma\/index.php?rest_route=\/wp\/v2\/product\/9627","targetHints":{"allow":["GET"]}}],"collection":[{"href":"https:\/\/digistar.ma\/index.php?rest_route=\/wp\/v2\/product"}],"about":[{"href":"https:\/\/digistar.ma\/index.php?rest_route=\/wp\/v2\/types\/product"}],"replies":[{"embeddable":true,"href":"https:\/\/digistar.ma\/index.php?rest_route=%2Fwp%2Fv2%2Fcomments&post=9627"}],"version-history":[{"count":1,"href":"https:\/\/digistar.ma\/index.php?rest_route=\/wp\/v2\/product\/9627\/revisions"}],"predecessor-version":[{"id":9633,"href":"https:\/\/digistar.ma\/index.php?rest_route=\/wp\/v2\/product\/9627\/revisions\/9633"}],"wp:featuredmedia":[{"embeddable":true,"href":"https:\/\/digistar.ma\/index.php?rest_route=\/wp\/v2\/media\/9628"}],"wp:attachment":[{"href":"https:\/\/digistar.ma\/index.php?rest_route=%2Fwp%2Fv2%2Fmedia&parent=9627"}],"wp:term":[{"taxonomy":"product_brand","embeddable":true,"href":"https:\/\/digistar.ma\/index.php?rest_route=%2Fwp%2Fv2%2Fproduct_brand&post=9627"},{"taxonomy":"product_cat","embeddable":true,"href":"https:\/\/digistar.ma\/index.php?rest_route=%2Fwp%2Fv2%2Fproduct_cat&post=9627"},{"taxonomy":"product_tag","embeddable":true,"href":"https:\/\/digistar.ma\/index.php?rest_route=%2Fwp%2Fv2%2Fproduct_tag&post=9627"}],"curies":[{"name":"wp","href":"https:\/\/api.w.org\/{rel}","templated":true}]}}