{"id":9655,"date":"2023-12-07T10:29:32","date_gmt":"2023-12-07T10:29:32","guid":{"rendered":"https:\/\/digistar.ma\/?post_type=product&#038;p=9655"},"modified":"2023-12-27T14:57:39","modified_gmt":"2023-12-27T14:57:39","slug":"epson-ecotank-l6550-imprimante-multifonction-a-reservoirs-rechargeables","status":"publish","type":"product","link":"https:\/\/digistar.ma\/?product=epson-ecotank-l6550-imprimante-multifonction-a-reservoirs-rechargeables","title":{"rendered":"Epson EcoTank L6550 Imprimante multifonction \u00e0 r\u00e9servoirs rechargeables"},"content":{"rendered":"<h3>Epson EcoTank L6550 Imprimante multifonction \u00e0 r\u00e9servoirs rechargeables<\/h3>\n<div class=\"briefdescription\">Cet EcoTank multifonction rapide et haute capacit\u00e9 offre un faible co\u00fbt par page avec une intervention minimale pour vous faire \u00e9conomiser du temps et de l\u2019argent.<\/div>\n<div class=\"highlights\">\n<ul>\n<li>Impression et num\u00e9risation rapides<\/li>\n<li>Faible co\u00fbt par page<\/li>\n<li>Multifonction avec chargeur de documents<\/li>\n<\/ul>\n<\/div>\n<div class=\"introtext\">Imprimez, num\u00e9risez, copiez et faxez gr\u00e2ce \u00e0 cette imprimante EcoTank facile d\u2019utilisation qui vous permet d\u2019obtenir un co\u00fbt par page exceptionnellement bas.<\/div>\n<div class=\"introtext\">Les t\u00e2ches peuvent \u00eatre r\u00e9alis\u00e9es rapidement gr\u00e2ce \u00e0 la haute vitesse d\u2019impression et de num\u00e9risation, aux deux\u00a0bacs papier \u00e0 chargement frontal de 250\u00a0feuilles, au chargeur de papier arri\u00e8re de 50\u00a0feuilles et au chargeur de documents automatique (ADF) A3 de 50\u00a0feuilles. Imprimez selon vos pr\u00e9f\u00e9rences gr\u00e2ce \u00e0 l\u2019impression mobile, \u00e0 la connexion Ethernet et \u00e0 un \u00e9cran tactile LCD de 10,9\u00a0cm.<\/div>\n<div>\n<p><strong>Faites plus en moins de temps<\/strong><br \/>\nCette imprimante rapide et efficace, qui sort sa premi\u00e8re page en \u00e0 peine 5,5\u00a0secondes<sup>1<\/sup>\u00a0et offre des vitesses d\u2019impression allant jusqu\u2019\u00e0 25\u00a0ppm<sup>2<\/sup>, vous permet de prendre une longueur d\u2019avance. Gr\u00e2ce \u00e0 ses impressions Recto Verso rapides et son chargeur automatique de documents ultra-rapide, vous allez pouvoir mener \u00e0 bien vos t\u00e2ches quotidiennes en un rien de temps.<\/p>\n<p><strong>EcoTank A4 multifonction<\/strong><br \/>\nEpson EcoTank L6550 Imprimante multifonction \u00e0 r\u00e9servoirs rechargeables\u00a0est con\u00e7ue pour les entreprises avec ses fonctionnalit\u00e9s d\u2019impression, de num\u00e9risation, de copie et de fax. L\u2019\u00e9cran tactile LCD vous permet de s\u00e9lectionner facilement les fonctionnalit\u00e9s.<\/p>\n<p><strong>\u00c9conomies \u00e0 long terme<\/strong><br \/>\nR\u00e9alisez des \u00e9conomies lors de chaque impression gr\u00e2ce \u00e0 ce mod\u00e8le EcoTank qui offre un co\u00fbt d\u2019impression par page incroyablement bas. Contrairement \u00e0 d\u2019autres imprimantes, ce mod\u00e8le EcoTank est \u00e9quip\u00e9 de bouteilles d\u2019encre \u00e9conomiques.<\/p>\n<p><strong>Finissez-en avec les interruptions<\/strong><br \/>\nPuisqu\u2019il doit \u00eatre rarement recharg\u00e9 en encre, cet EcoTank multifonction peut imprimer des milliers de pages avant de manquer d\u2019encre, tandis que les deux magasins papier de 250\u00a0feuilles \u00e0 chargement frontal et le magasin papier arri\u00e8re de grande capacit\u00e9 (50\u00a0feuilles) offrent une capacit\u00e9 totale de 550\u00a0feuilles.<\/p>\n<p><strong>Imprimez o\u00f9 que vous soyez<\/strong><br \/>\nAvec EcoTank, imprimez directement depuis votre appareil mobile, tablettes et ordinateur portable. Avec Wi-Fi et Wi-Fi Direct, envoyez vos documents \u00e0 imprimer depuis des appareils mobiles via l\u2019application Epson iPrint<sup>3<\/sup>.<\/p>\n<p><strong>Simplicit\u00e9 d\u2019utilisation et fiabilit\u00e9<\/strong><br \/>\nLe remplissage des grands r\u00e9servoirs d\u2019encre avant est simple gr\u00e2ce aux bouteilles d\u2019encre refermables, intuitives et anti-gouttes. Cette imprimante utilise la t\u00eate d\u2019impression PrecisionCore Z\u00e9ro Chaleur, r\u00e9put\u00e9e pour sa vitesse, sa qualit\u00e9, sa fiabilit\u00e9 et son efficacit\u00e9, et qui durera aussi longtemps que l\u2019imprimante.<\/p>\n<div class=\"bullets\">\n<h4><a href=\"https:\/\/digistar.ma\/wp-content\/uploads\/2023\/12\/ecotank-l6550-datasheet-1.pdf\">FICHE TECHNIQUE\u00a0 Epson EcoTank L6550 Imprimante multifonction \u00e0 r\u00e9servoirs rechargeables<\/a><\/h4>\n<\/div>\n<\/div>\n","protected":false},"excerpt":{"rendered":"<p>Impression, Num\u00e9risation, Copie, T\u00e9l\u00e9copie<br \/>\nLivr\u00e9e avec encre\u00a0noire jusqu&#8217;\u00e0 4500 pages et 2800 pages en couleur<br \/>\nVitesse d&#8217;impression noir: 32 pages\/min (25 pages\/min en norme ISO)<br \/>\nVitesse d&#8217;impression couleur: 22 pages\/min (12 pages\/min en norme ISO)<br \/>\nQualit\u00e9 d&#8217;impression couleur: 4.800 x 2.400 DPI (ppp)<br \/>\nImpression recto\/verso: Automatique<br \/>\nFonctionne avec: 4 R\u00e9servoirs (noir, cyan, magenta, jaune)<br \/>\nConnectivit\u00e9: USB, Ethernet, LAN IEEE 802.11a\/b\/g\/n\/ac (WiFi 5) sans fil, Wi-Fi Direct<\/p>\n","protected":false},"featured_media":9657,"comment_status":"open","ping_status":"closed","template":"","meta":{"_acf_changed":false,"_monsterinsights_skip_tracking":false,"_monsterinsights_sitenote_active":false,"_monsterinsights_sitenote_note":"","_monsterinsights_sitenote_category":0,"_uf_show_specific_survey":0,"_uf_disable_surveys":false,"_joinchat":[]},"product_brand":[],"product_cat":[15,380,253,265,266],"product_tag":[],"class_list":{"0":"post-9655","1":"product","2":"type-product","3":"status-publish","4":"has-post-thumbnail","6":"product_cat-imprimante-scanner","7":"product_cat-epson","8":"product_cat-imprimante","9":"product_cat-imprimante-a-reservoirs-rechargeables","10":"product_cat-multifonction-jet-dencre","12":"first","13":"instock","14":"sale","15":"shipping-taxable","16":"purchasable","17":"product-type-simple"},"acf":[],"jetpack_sharing_enabled":true,"_links":{"self":[{"href":"https:\/\/digistar.ma\/index.php?rest_route=\/wp\/v2\/product\/9655","targetHints":{"allow":["GET"]}}],"collection":[{"href":"https:\/\/digistar.ma\/index.php?rest_route=\/wp\/v2\/product"}],"about":[{"href":"https:\/\/digistar.ma\/index.php?rest_route=\/wp\/v2\/types\/product"}],"replies":[{"embeddable":true,"href":"https:\/\/digistar.ma\/index.php?rest_route=%2Fwp%2Fv2%2Fcomments&post=9655"}],"version-history":[{"count":1,"href":"https:\/\/digistar.ma\/index.php?rest_route=\/wp\/v2\/product\/9655\/revisions"}],"predecessor-version":[{"id":9663,"href":"https:\/\/digistar.ma\/index.php?rest_route=\/wp\/v2\/product\/9655\/revisions\/9663"}],"wp:featuredmedia":[{"embeddable":true,"href":"https:\/\/digistar.ma\/index.php?rest_route=\/wp\/v2\/media\/9657"}],"wp:attachment":[{"href":"https:\/\/digistar.ma\/index.php?rest_route=%2Fwp%2Fv2%2Fmedia&parent=9655"}],"wp:term":[{"taxonomy":"product_brand","embeddable":true,"href":"https:\/\/digistar.ma\/index.php?rest_route=%2Fwp%2Fv2%2Fproduct_brand&post=9655"},{"taxonomy":"product_cat","embeddable":true,"href":"https:\/\/digistar.ma\/index.php?rest_route=%2Fwp%2Fv2%2Fproduct_cat&post=9655"},{"taxonomy":"product_tag","embeddable":true,"href":"https:\/\/digistar.ma\/index.php?rest_route=%2Fwp%2Fv2%2Fproduct_tag&post=9655"}],"curies":[{"name":"wp","href":"https:\/\/api.w.org\/{rel}","templated":true}]}}