{"id":9669,"date":"2023-12-16T22:50:15","date_gmt":"2023-12-16T22:50:15","guid":{"rendered":"https:\/\/digistar.ma\/?post_type=product&#038;p=9669"},"modified":"2023-12-16T22:52:38","modified_gmt":"2023-12-16T22:52:38","slug":"appareil-photo-tout-en-un-compact-canon-powershot-v10-pour-le-vlogging","status":"publish","type":"product","link":"https:\/\/digistar.ma\/?product=appareil-photo-tout-en-un-compact-canon-powershot-v10-pour-le-vlogging","title":{"rendered":"Appareil photo tout-en-un compact Canon Powershot V10 pour le vlogging"},"content":{"rendered":"<h3><strong>Appareil photo tout-en-un compact Canon Powershot V10 pour le vlogging<\/strong><\/h3>\n<p>D\u00e9marquez-vous en ligne et filmez du contenu en toute discr\u00e9tion avec la PowerShot\u00a0V10, la cam\u00e9ra Canon tout-en-un 4K pour le vlogging.<\/p>\n<p>L\u00e9g\u00e8re et suffisamment compacte pour tenir dans votre poche ou dans un petit sac, elle a tout ce dont vous avez besoin pour le vlogging\u00a0: un \u00e9cran inclinable, de grands microphones st\u00e9r\u00e9o et un support.<\/p>\n<p>Vous pouvez lancer l&#8217;enregistrement en quelques secondes. Impressionnez vos abonn\u00e9s avec des contenus sans flou de boug\u00e9, au rendu impeccable m\u00eame en basse lumi\u00e8re ou avec un \u00e9clairage intense.<\/p>\n<p>Capturez en toute clart\u00e9 l&#8217;atmosph\u00e8re et chaque mot prononc\u00e9 gr\u00e2ce aux puissants microphones et au filtre anti-vent. Captivez votre public en diffusant vos vid\u00e9os en direct sur YouTube et Facebook avec l&#8217;application Canon Camera Connect sur votre smartphone.<\/p>\n<p>Vous pouvez m\u00eame enregistrer gr\u00e2ce au Wi-Fi ou utiliser la cam\u00e9ra comme webcam pour plus de polyvalence.<\/p>\n<ul>\n<li>\n<div class=\"editorial-hero-banner js-content-alignment__right editorial-hero-banner__bg-white editorial-hero-banner__text-color-dark editorial-hero-banner__image-width-1 editorial-hero-banner__height_c editorial-hero-banner__text-left editorial-hero-banner__content-top editorial-hero-banner__text-vertical-centre rich-imagery\">\n<div class=\"editorial-hero-banner--block-link\">\n<div class=\"editorial-hero-banner--container\">\n<div class=\"editorial-hero-banner--image\">\n<div class=\"banner-media js-banner-media\"><picture class=\"js-require\" data-js-require=\"blocks\/picturefill_responsive_image\"><img decoding=\"async\" class=\"banner-media--img js-banner-media--img lazy loaded\" src=\"https:\/\/i1.adis.ws\/i\/canon\/RICH-5946C005_PowerShot-V10_01\/rich-5946c005_powershot-v10_01?w=1680&amp;bg=gray95&amp;fmt=jpg\" alt=\"RICH-5946C005_PowerShot-V10_01\" data-ll-status=\"loaded\" \/><\/picture><\/div>\n<\/div>\n<div class=\"editorial-hero-banner--content js-banner-content\">\n<div class=\"editorial-hero-banner--text-block\">\n<div class=\"editorial-hero-banner--heading\">\n<h2 class=\"title-block title-block__gotham-g3 \">Tout-en-un de poche<\/h2>\n<\/div>\n<p class=\"editorial-hero-banner--body\">Vlogguez en toute d\u00e9contraction gr\u00e2ce \u00e0 cette petite (63,4\u00a0\u00d7\u00a090,0\u00a0\u00d7\u00a034,3\u00a0mm pesant seulement 211\u00a0g) cam\u00e9ra d\u00e9di\u00e9e qui offre une exp\u00e9rience de vlogging discr\u00e8te et agr\u00e9able.<\/p>\n<\/div>\n<\/div>\n<\/div>\n<\/div>\n<\/div>\n<\/li>\n<li>\n<div class=\"editorial-hero-banner js-content-alignment__left editorial-hero-banner__bg-white editorial-hero-banner__text-color-dark editorial-hero-banner__image-width-1 editorial-hero-banner__height_c editorial-hero-banner__text-left editorial-hero-banner__content-top editorial-hero-banner__text-vertical-centre rich-imagery\">\n<div class=\"editorial-hero-banner--block-link\">\n<div class=\"editorial-hero-banner--container\">\n<div class=\"editorial-hero-banner--content js-banner-content\">\n<div class=\"editorial-hero-banner--text-block\">\n<div class=\"editorial-hero-banner--heading\">\n<h2 class=\"title-block title-block__gotham-g3 \">Ayez l&#8217;air bien sous tous les angles<\/h2>\n<\/div>\n<p class=\"editorial-hero-banner--body\">Enregistrez tout en gardant les mains libres, que vous soyez dans la cuisine ou en d\u00e9placement, gr\u00e2ce \u00e0 un support multipositions\u00b9 int\u00e9gr\u00e9 qui se replie proprement.<\/p>\n<\/div>\n<\/div>\n<div class=\"editorial-hero-banner--image\">\n<div class=\"banner-media js-banner-media\"><picture class=\"js-require\" data-js-require=\"blocks\/picturefill_responsive_image\"><source srcset=\"\/\/i1.adis.ws\/i\/canon\/RICH-5946C005_PowerShot-V10_02\/rich-5946c005_powershot-v10_02?w=1680&amp;bg=gray95&amp;fmt=webp\" type=\"image\/webp\" media=\"(min-width: 1200px)\" \/><source srcset=\"\/\/i1.adis.ws\/i\/canon\/RICH-5946C005_PowerShot-V10_02\/rich-5946c005_powershot-v10_02?w=1200&amp;bg=gray95&amp;fmt=webp\" type=\"image\/webp\" media=\"(min-width: 992px)\" \/><source srcset=\"\/\/i1.adis.ws\/i\/canon\/RICH-5946C005_PowerShot-V10_02\/rich-5946c005_powershot-v10_02?w=992&amp;bg=gray95&amp;fmt=webp\" type=\"image\/webp\" media=\"(min-width: 768px)\" \/><source srcset=\"\/\/i1.adis.ws\/i\/canon\/RICH-5946C005_PowerShot-V10_02\/rich-5946c005_powershot-v10_02?w=767&amp;bg=gray95&amp;fmt=webp\" type=\"image\/webp\" media=\"(max-width: 767px)\" \/><source srcset=\"\/\/i1.adis.ws\/i\/canon\/RICH-5946C005_PowerShot-V10_02\/rich-5946c005_powershot-v10_02?w=1680&amp;bg=gray95&amp;fmt=jpg\" media=\"(min-width: 1200px)\" \/><source srcset=\"\/\/i1.adis.ws\/i\/canon\/RICH-5946C005_PowerShot-V10_02\/rich-5946c005_powershot-v10_02?w=1200&amp;bg=gray95&amp;fmt=jpg\" media=\"(min-width: 992px)\" \/><source srcset=\"\/\/i1.adis.ws\/i\/canon\/RICH-5946C005_PowerShot-V10_02\/rich-5946c005_powershot-v10_02?w=992&amp;bg=gray95&amp;fmt=jpg\" media=\"(min-width: 768px)\" \/><source srcset=\"\/\/i1.adis.ws\/i\/canon\/RICH-5946C005_PowerShot-V10_02\/rich-5946c005_powershot-v10_02?w=767&amp;bg=gray95&amp;fmt=jpg\" media=\"(max-width: 767px)\" \/><img decoding=\"async\" class=\"banner-media--img js-banner-media--img lazy loaded\" src=\"https:\/\/i1.adis.ws\/i\/canon\/RICH-5946C005_PowerShot-V10_02\/rich-5946c005_powershot-v10_02?w=1680&amp;bg=gray95&amp;fmt=jpg\" alt=\"RICH-5946C005_PowerShot-V10_02\" data-ll-status=\"loaded\" \/><\/picture><\/div>\n<\/div>\n<\/div>\n<\/div>\n<\/div>\n<\/li>\n<li>\n<div class=\"editorial-hero-banner js-content-alignment__right editorial-hero-banner__bg-white editorial-hero-banner__text-color-dark editorial-hero-banner__image-width-1 editorial-hero-banner__height_c editorial-hero-banner__text-left editorial-hero-banner__content-top editorial-hero-banner__text-vertical-centre rich-imagery\">\n<div class=\"editorial-hero-banner--block-link\">\n<div class=\"editorial-hero-banner--container\">\n<div class=\"editorial-hero-banner--image\">\n<div class=\"banner-media js-banner-media\"><picture class=\"js-require\" data-js-require=\"blocks\/picturefill_responsive_image\"><source srcset=\"\/\/i1.adis.ws\/i\/canon\/RICH-5946C005_PowerShot-V10_03\/rich-5946c005_powershot-v10_03?w=1680&amp;bg=gray95&amp;fmt=webp\" type=\"image\/webp\" media=\"(min-width: 1200px)\" \/><source srcset=\"\/\/i1.adis.ws\/i\/canon\/RICH-5946C005_PowerShot-V10_03\/rich-5946c005_powershot-v10_03?w=1200&amp;bg=gray95&amp;fmt=webp\" type=\"image\/webp\" media=\"(min-width: 992px)\" \/><source srcset=\"\/\/i1.adis.ws\/i\/canon\/RICH-5946C005_PowerShot-V10_03\/rich-5946c005_powershot-v10_03?w=992&amp;bg=gray95&amp;fmt=webp\" type=\"image\/webp\" media=\"(min-width: 768px)\" \/><source srcset=\"\/\/i1.adis.ws\/i\/canon\/RICH-5946C005_PowerShot-V10_03\/rich-5946c005_powershot-v10_03?w=767&amp;bg=gray95&amp;fmt=webp\" type=\"image\/webp\" media=\"(max-width: 767px)\" \/><source srcset=\"\/\/i1.adis.ws\/i\/canon\/RICH-5946C005_PowerShot-V10_03\/rich-5946c005_powershot-v10_03?w=1680&amp;bg=gray95&amp;fmt=jpg\" media=\"(min-width: 1200px)\" \/><source srcset=\"\/\/i1.adis.ws\/i\/canon\/RICH-5946C005_PowerShot-V10_03\/rich-5946c005_powershot-v10_03?w=1200&amp;bg=gray95&amp;fmt=jpg\" media=\"(min-width: 992px)\" \/><source srcset=\"\/\/i1.adis.ws\/i\/canon\/RICH-5946C005_PowerShot-V10_03\/rich-5946c005_powershot-v10_03?w=992&amp;bg=gray95&amp;fmt=jpg\" media=\"(min-width: 768px)\" \/><source srcset=\"\/\/i1.adis.ws\/i\/canon\/RICH-5946C005_PowerShot-V10_03\/rich-5946c005_powershot-v10_03?w=767&amp;bg=gray95&amp;fmt=jpg\" media=\"(max-width: 767px)\" \/><img decoding=\"async\" class=\"banner-media--img js-banner-media--img lazy loaded\" src=\"https:\/\/i1.adis.ws\/i\/canon\/RICH-5946C005_PowerShot-V10_03\/rich-5946c005_powershot-v10_03?w=1680&amp;bg=gray95&amp;fmt=jpg\" alt=\"RICH-5946C005_PowerShot-V10_03\" data-ll-status=\"loaded\" \/><\/picture><\/div>\n<\/div>\n<div class=\"editorial-hero-banner--content js-banner-content\">\n<div class=\"editorial-hero-banner--text-block\">\n<div class=\"editorial-hero-banner--heading\">\n<h2 class=\"title-block title-block__gotham-g3 \">Cr\u00e9ez du contenu attrayant avec <strong>Appareil photo tout-en-un compact Canon Powershot V10 pour le vlogging<\/strong><\/h2>\n<\/div>\n<p class=\"editorial-hero-banner--body\">Impressionnez votre audience avec du contenu 4K UHD sans flou de boug\u00e9, au rendu impeccable m\u00eame en basse lumi\u00e8re ou avec un \u00e9clairage intense. Ne craignez jamais d&#8217;\u00eatre hors champ gr\u00e2ce \u00e0 l&#8217;objectif grand angle int\u00e9gr\u00e9 avec une ouverture maximale de f\/2.8.<\/p>\n<\/div>\n<\/div>\n<\/div>\n<\/div>\n<\/div>\n<\/li>\n<li>\n<div class=\"editorial-hero-banner js-content-alignment__left editorial-hero-banner__bg-white editorial-hero-banner__text-color-dark editorial-hero-banner__image-width-1 editorial-hero-banner__height_c editorial-hero-banner__text-left editorial-hero-banner__content-top editorial-hero-banner__text-vertical-centre rich-imagery\">\n<div class=\"editorial-hero-banner--block-link\">\n<div class=\"editorial-hero-banner--container\">\n<div class=\"editorial-hero-banner--content js-banner-content\">\n<div class=\"editorial-hero-banner--text-block\">\n<div class=\"editorial-hero-banner--heading\">\n<h2 class=\"title-block title-block__gotham-g3 \">Un son tout simplement exceptionnel<\/h2>\n<\/div>\n<p class=\"editorial-hero-banner--body\">Capturez en toute clart\u00e9 l&#8217;atmosph\u00e8re et chaque mot prononc\u00e9, quel que soit le lieu o\u00f9 vous enregistrez, gr\u00e2ce aux grands microphones st\u00e9r\u00e9o int\u00e9gr\u00e9s. Un filtre anti-vent vous permet de vous faire entendre, m\u00eame lorsque les conditions m\u00e9t\u00e9orologiques sont difficiles.<\/p>\n<\/div>\n<\/div>\n<div class=\"editorial-hero-banner--image\">\n<div class=\"banner-media js-banner-media\"><picture class=\"js-require\" data-js-require=\"blocks\/picturefill_responsive_image\"><source srcset=\"\/\/i1.adis.ws\/i\/canon\/RICH-5946C005_PowerShot-V10_04\/rich-5946c005_powershot-v10_04?w=1680&amp;bg=gray95&amp;fmt=webp\" type=\"image\/webp\" media=\"(min-width: 1200px)\" \/><source srcset=\"\/\/i1.adis.ws\/i\/canon\/RICH-5946C005_PowerShot-V10_04\/rich-5946c005_powershot-v10_04?w=1200&amp;bg=gray95&amp;fmt=webp\" type=\"image\/webp\" media=\"(min-width: 992px)\" \/><source srcset=\"\/\/i1.adis.ws\/i\/canon\/RICH-5946C005_PowerShot-V10_04\/rich-5946c005_powershot-v10_04?w=992&amp;bg=gray95&amp;fmt=webp\" type=\"image\/webp\" media=\"(min-width: 768px)\" \/><source srcset=\"\/\/i1.adis.ws\/i\/canon\/RICH-5946C005_PowerShot-V10_04\/rich-5946c005_powershot-v10_04?w=767&amp;bg=gray95&amp;fmt=webp\" type=\"image\/webp\" media=\"(max-width: 767px)\" \/><source srcset=\"\/\/i1.adis.ws\/i\/canon\/RICH-5946C005_PowerShot-V10_04\/rich-5946c005_powershot-v10_04?w=1680&amp;bg=gray95&amp;fmt=jpg\" media=\"(min-width: 1200px)\" \/><source srcset=\"\/\/i1.adis.ws\/i\/canon\/RICH-5946C005_PowerShot-V10_04\/rich-5946c005_powershot-v10_04?w=1200&amp;bg=gray95&amp;fmt=jpg\" media=\"(min-width: 992px)\" \/><source srcset=\"\/\/i1.adis.ws\/i\/canon\/RICH-5946C005_PowerShot-V10_04\/rich-5946c005_powershot-v10_04?w=992&amp;bg=gray95&amp;fmt=jpg\" media=\"(min-width: 768px)\" \/><source srcset=\"\/\/i1.adis.ws\/i\/canon\/RICH-5946C005_PowerShot-V10_04\/rich-5946c005_powershot-v10_04?w=767&amp;bg=gray95&amp;fmt=jpg\" media=\"(max-width: 767px)\" \/><img decoding=\"async\" class=\"banner-media--img js-banner-media--img lazy loaded\" src=\"https:\/\/i1.adis.ws\/i\/canon\/RICH-5946C005_PowerShot-V10_04\/rich-5946c005_powershot-v10_04?w=1680&amp;bg=gray95&amp;fmt=jpg\" alt=\"RICH-5946C005_PowerShot-V10_04\" data-ll-status=\"loaded\" \/><\/picture><\/div>\n<\/div>\n<\/div>\n<\/div>\n<\/div>\n<\/li>\n<li>\n<div class=\"editorial-hero-banner js-content-alignment__right editorial-hero-banner__bg-white editorial-hero-banner__text-color-dark editorial-hero-banner__image-width-1 editorial-hero-banner__height_c editorial-hero-banner__text-left editorial-hero-banner__content-top editorial-hero-banner__text-vertical-centre rich-imagery\">\n<div class=\"editorial-hero-banner--block-link\">\n<div class=\"editorial-hero-banner--container\">\n<div class=\"editorial-hero-banner--image\">\n<div class=\"banner-media js-banner-media\"><picture class=\"js-require\" data-js-require=\"blocks\/picturefill_responsive_image\"><source srcset=\"\/\/i1.adis.ws\/i\/canon\/RICH-5946C005_PowerShot-V10_05\/rich-5946c005_powershot-v10_05?w=1680&amp;bg=gray95&amp;fmt=webp\" type=\"image\/webp\" media=\"(min-width: 1200px)\" \/><source srcset=\"\/\/i1.adis.ws\/i\/canon\/RICH-5946C005_PowerShot-V10_05\/rich-5946c005_powershot-v10_05?w=1200&amp;bg=gray95&amp;fmt=webp\" type=\"image\/webp\" media=\"(min-width: 992px)\" \/><source srcset=\"\/\/i1.adis.ws\/i\/canon\/RICH-5946C005_PowerShot-V10_05\/rich-5946c005_powershot-v10_05?w=992&amp;bg=gray95&amp;fmt=webp\" type=\"image\/webp\" media=\"(min-width: 768px)\" \/><source srcset=\"\/\/i1.adis.ws\/i\/canon\/RICH-5946C005_PowerShot-V10_05\/rich-5946c005_powershot-v10_05?w=767&amp;bg=gray95&amp;fmt=webp\" type=\"image\/webp\" media=\"(max-width: 767px)\" \/><source srcset=\"\/\/i1.adis.ws\/i\/canon\/RICH-5946C005_PowerShot-V10_05\/rich-5946c005_powershot-v10_05?w=1680&amp;bg=gray95&amp;fmt=jpg\" media=\"(min-width: 1200px)\" \/><source srcset=\"\/\/i1.adis.ws\/i\/canon\/RICH-5946C005_PowerShot-V10_05\/rich-5946c005_powershot-v10_05?w=1200&amp;bg=gray95&amp;fmt=jpg\" media=\"(min-width: 992px)\" \/><source srcset=\"\/\/i1.adis.ws\/i\/canon\/RICH-5946C005_PowerShot-V10_05\/rich-5946c005_powershot-v10_05?w=992&amp;bg=gray95&amp;fmt=jpg\" media=\"(min-width: 768px)\" \/><source srcset=\"\/\/i1.adis.ws\/i\/canon\/RICH-5946C005_PowerShot-V10_05\/rich-5946c005_powershot-v10_05?w=767&amp;bg=gray95&amp;fmt=jpg\" media=\"(max-width: 767px)\" \/><img decoding=\"async\" class=\"banner-media--img js-banner-media--img lazy loaded\" src=\"https:\/\/i1.adis.ws\/i\/canon\/RICH-5946C005_PowerShot-V10_05\/rich-5946c005_powershot-v10_05?w=1680&amp;bg=gray95&amp;fmt=jpg\" alt=\"RICH-5946C005_PowerShot-V10_05\" data-ll-status=\"loaded\" \/><\/picture><\/div>\n<\/div>\n<div class=\"editorial-hero-banner--content js-banner-content\">\n<div class=\"editorial-hero-banner--text-block\">\n<div class=\"editorial-hero-banner--heading\">\n<h2 class=\"title-block title-block__gotham-g3 \">Cr\u00e9ez votre propre style<\/h2>\n<\/div>\n<p class=\"editorial-hero-banner--body\">Personnalisez vos vid\u00e9os avec 14\u00a0effets filtres couleur et lissage de la texture de la peau, et acc\u00e9dez-y d&#8217;une simple pression d&#8217;un bouton.<\/p>\n<\/div>\n<\/div>\n<\/div>\n<\/div>\n<\/div>\n<\/li>\n<li>\n<div class=\"editorial-hero-banner js-content-alignment__left editorial-hero-banner__bg-white editorial-hero-banner__text-color-dark editorial-hero-banner__image-width-1 editorial-hero-banner__height_c editorial-hero-banner__text-left editorial-hero-banner__content-top editorial-hero-banner__text-vertical-centre rich-imagery\">\n<div class=\"editorial-hero-banner--block-link\">\n<div class=\"editorial-hero-banner--container\">\n<div class=\"editorial-hero-banner--content js-banner-content\">\n<div class=\"editorial-hero-banner--text-block\">\n<div class=\"editorial-hero-banner--heading\">\n<h2 class=\"title-block title-block__gotham-g3 \">Fonctionnement facile<\/h2>\n<\/div>\n<p class=\"editorial-hero-banner--body\">Soyez pr\u00eat \u00e0 capturer l&#8217;instant dans n&#8217;importe quel environnement rapide gr\u00e2ce \u00e0 un menu intuitif et \u00e0 une disposition simple des boutons. Vous appr\u00e9cierez son \u00e9cran tactile inclinable \u00e0 180\u00a0degr\u00e9s de 2\u00a0pouces pour l&#8217;enregistrement avant et arri\u00e8re.<\/p>\n<\/div>\n<\/div>\n<div class=\"editorial-hero-banner--image\">\n<div class=\"banner-media js-banner-media\"><picture class=\"js-require\" data-js-require=\"blocks\/picturefill_responsive_image\"><source srcset=\"\/\/i1.adis.ws\/i\/canon\/RICH-5946C005_PowerShot-V10_06\/rich-5946c005_powershot-v10_06?w=1680&amp;bg=gray95&amp;fmt=webp\" type=\"image\/webp\" media=\"(min-width: 1200px)\" \/><source srcset=\"\/\/i1.adis.ws\/i\/canon\/RICH-5946C005_PowerShot-V10_06\/rich-5946c005_powershot-v10_06?w=1200&amp;bg=gray95&amp;fmt=webp\" type=\"image\/webp\" media=\"(min-width: 992px)\" \/><source srcset=\"\/\/i1.adis.ws\/i\/canon\/RICH-5946C005_PowerShot-V10_06\/rich-5946c005_powershot-v10_06?w=992&amp;bg=gray95&amp;fmt=webp\" type=\"image\/webp\" media=\"(min-width: 768px)\" \/><source srcset=\"\/\/i1.adis.ws\/i\/canon\/RICH-5946C005_PowerShot-V10_06\/rich-5946c005_powershot-v10_06?w=767&amp;bg=gray95&amp;fmt=webp\" type=\"image\/webp\" media=\"(max-width: 767px)\" \/><source srcset=\"\/\/i1.adis.ws\/i\/canon\/RICH-5946C005_PowerShot-V10_06\/rich-5946c005_powershot-v10_06?w=1680&amp;bg=gray95&amp;fmt=jpg\" media=\"(min-width: 1200px)\" \/><source srcset=\"\/\/i1.adis.ws\/i\/canon\/RICH-5946C005_PowerShot-V10_06\/rich-5946c005_powershot-v10_06?w=1200&amp;bg=gray95&amp;fmt=jpg\" media=\"(min-width: 992px)\" \/><source srcset=\"\/\/i1.adis.ws\/i\/canon\/RICH-5946C005_PowerShot-V10_06\/rich-5946c005_powershot-v10_06?w=992&amp;bg=gray95&amp;fmt=jpg\" media=\"(min-width: 768px)\" \/><source srcset=\"\/\/i1.adis.ws\/i\/canon\/RICH-5946C005_PowerShot-V10_06\/rich-5946c005_powershot-v10_06?w=767&amp;bg=gray95&amp;fmt=jpg\" media=\"(max-width: 767px)\" \/><img decoding=\"async\" class=\"banner-media--img js-banner-media--img lazy loaded\" src=\"https:\/\/i1.adis.ws\/i\/canon\/RICH-5946C005_PowerShot-V10_06\/rich-5946c005_powershot-v10_06?w=1680&amp;bg=gray95&amp;fmt=jpg\" alt=\"RICH-5946C005_PowerShot-V10_06\" data-ll-status=\"loaded\" \/><\/picture><\/div>\n<\/div>\n<\/div>\n<\/div>\n<\/div>\n<\/li>\n<li>\n<div class=\"editorial-hero-banner js-content-alignment__right editorial-hero-banner__bg-white editorial-hero-banner__text-color-dark editorial-hero-banner__image-width-1 editorial-hero-banner__height_c editorial-hero-banner__text-left editorial-hero-banner__content-top editorial-hero-banner__text-vertical-centre rich-imagery\">\n<div class=\"editorial-hero-banner--block-link\">\n<div class=\"editorial-hero-banner--container\">\n<div class=\"editorial-hero-banner--image\">\n<div class=\"banner-media js-banner-media\"><picture class=\"js-require\" data-js-require=\"blocks\/picturefill_responsive_image\"><source srcset=\"\/\/i1.adis.ws\/i\/canon\/RICH-5946C005_PowerShot-V10_07\/rich-5946c005_powershot-v10_07?w=1680&amp;bg=gray95&amp;fmt=webp\" type=\"image\/webp\" media=\"(min-width: 1200px)\" \/><source srcset=\"\/\/i1.adis.ws\/i\/canon\/RICH-5946C005_PowerShot-V10_07\/rich-5946c005_powershot-v10_07?w=1200&amp;bg=gray95&amp;fmt=webp\" type=\"image\/webp\" media=\"(min-width: 992px)\" \/><source srcset=\"\/\/i1.adis.ws\/i\/canon\/RICH-5946C005_PowerShot-V10_07\/rich-5946c005_powershot-v10_07?w=992&amp;bg=gray95&amp;fmt=webp\" type=\"image\/webp\" media=\"(min-width: 768px)\" \/><source srcset=\"\/\/i1.adis.ws\/i\/canon\/RICH-5946C005_PowerShot-V10_07\/rich-5946c005_powershot-v10_07?w=767&amp;bg=gray95&amp;fmt=webp\" type=\"image\/webp\" media=\"(max-width: 767px)\" \/><source srcset=\"\/\/i1.adis.ws\/i\/canon\/RICH-5946C005_PowerShot-V10_07\/rich-5946c005_powershot-v10_07?w=1680&amp;bg=gray95&amp;fmt=jpg\" media=\"(min-width: 1200px)\" \/><source srcset=\"\/\/i1.adis.ws\/i\/canon\/RICH-5946C005_PowerShot-V10_07\/rich-5946c005_powershot-v10_07?w=1200&amp;bg=gray95&amp;fmt=jpg\" media=\"(min-width: 992px)\" \/><source srcset=\"\/\/i1.adis.ws\/i\/canon\/RICH-5946C005_PowerShot-V10_07\/rich-5946c005_powershot-v10_07?w=992&amp;bg=gray95&amp;fmt=jpg\" media=\"(min-width: 768px)\" \/><source srcset=\"\/\/i1.adis.ws\/i\/canon\/RICH-5946C005_PowerShot-V10_07\/rich-5946c005_powershot-v10_07?w=767&amp;bg=gray95&amp;fmt=jpg\" media=\"(max-width: 767px)\" \/><img decoding=\"async\" class=\"banner-media--img js-banner-media--img lazy loaded\" src=\"https:\/\/i1.adis.ws\/i\/canon\/RICH-5946C005_PowerShot-V10_07\/rich-5946c005_powershot-v10_07?w=1680&amp;bg=gray95&amp;fmt=jpg\" alt=\"RICH-5946C005_PowerShot-V10_07\" data-ll-status=\"loaded\" \/><\/picture><\/div>\n<\/div>\n<div class=\"editorial-hero-banner--content js-banner-content\">\n<div class=\"editorial-hero-banner--text-block\">\n<div class=\"editorial-hero-banner--heading\">\n<h2 class=\"title-block title-block__gotham-g3 \">Diffusez en direct en toute simplicit\u00e9<\/h2>\n<\/div>\n<p class=\"editorial-hero-banner--body\">Rapprochez-vous de vos abonn\u00e9s en temps r\u00e9el, m\u00eame lorsque vous \u00eates en d\u00e9placement et sans fil gr\u00e2ce \u00e0 vos donn\u00e9es mobiles\u00b2, en diffusant vos vid\u00e9os en direct sur YouTube et Facebook\u00b3 via l&#8217;application Canon\u00a0Camera\u00a0Connect\u2074 sur votre smartphone. Vous pouvez \u00e9galement utiliser la cam\u00e9ra comme webcam\u2075 pour encore plus de polyvalence.<\/p>\n<\/div>\n<\/div>\n<\/div>\n<\/div>\n<\/div>\n<\/li>\n<li>\n<div class=\"editorial-hero-banner js-content-alignment__left editorial-hero-banner__bg-white editorial-hero-banner__text-color-dark editorial-hero-banner__image-width-1 editorial-hero-banner__height_c editorial-hero-banner__text-left editorial-hero-banner__content-top editorial-hero-banner__text-vertical-centre rich-imagery\">\n<div class=\"editorial-hero-banner--block-link\">\n<div class=\"editorial-hero-banner--container\">\n<div class=\"editorial-hero-banner--content js-banner-content\">\n<div class=\"editorial-hero-banner--text-block\">\n<div class=\"editorial-hero-banner--heading\"><\/div>\n<\/div>\n<\/div>\n<div class=\"editorial-hero-banner--image\">\n<div class=\"banner-media js-banner-media\"><\/div>\n<\/div>\n<\/div>\n<\/div>\n<\/div>\n<\/li>\n<\/ul>\n","protected":false},"excerpt":{"rendered":"<p>Con\u00e7ue pour les vloggers d\u00e9butants, la PowerShot V10 est une cam\u00e9ra 4K tout-en-un pour le vlogging qui se glisse facilement dans la poche.<\/p>\n<p>\u2022 Une cam\u00e9ra tout-en-un compacte<br \/>\n\u2022 \u00c9patez vos abonn\u00e9s avec du contenu captivant<br \/>\n\u2022 Un son tout simplement exceptionnel<br \/>\n\u2022 Connectez-vous en toute confiance<br \/>\n\u2022 Diffusez en direct en toute simplicit\u00e9<\/p>\n","protected":false},"featured_media":9670,"comment_status":"open","ping_status":"closed","template":"","meta":{"_acf_changed":false,"_monsterinsights_skip_tracking":false,"_monsterinsights_sitenote_active":false,"_monsterinsights_sitenote_note":"","_monsterinsights_sitenote_category":0,"_uf_show_specific_survey":0,"_uf_disable_surveys":false,"_joinchat":[]},"product_brand":[],"product_cat":[277,347,244],"product_tag":[],"class_list":{"0":"post-9669","1":"product","2":"type-product","3":"status-publish","4":"has-post-thumbnail","6":"product_cat-appareil-photo","7":"product_cat-compact","8":"product_cat-image-son","10":"first","11":"instock","12":"sale","13":"shipping-taxable","14":"purchasable","15":"product-type-simple"},"acf":[],"jetpack_sharing_enabled":true,"_links":{"self":[{"href":"https:\/\/digistar.ma\/index.php?rest_route=\/wp\/v2\/product\/9669","targetHints":{"allow":["GET"]}}],"collection":[{"href":"https:\/\/digistar.ma\/index.php?rest_route=\/wp\/v2\/product"}],"about":[{"href":"https:\/\/digistar.ma\/index.php?rest_route=\/wp\/v2\/types\/product"}],"replies":[{"embeddable":true,"href":"https:\/\/digistar.ma\/index.php?rest_route=%2Fwp%2Fv2%2Fcomments&post=9669"}],"version-history":[{"count":2,"href":"https:\/\/digistar.ma\/index.php?rest_route=\/wp\/v2\/product\/9669\/revisions"}],"predecessor-version":[{"id":9677,"href":"https:\/\/digistar.ma\/index.php?rest_route=\/wp\/v2\/product\/9669\/revisions\/9677"}],"wp:featuredmedia":[{"embeddable":true,"href":"https:\/\/digistar.ma\/index.php?rest_route=\/wp\/v2\/media\/9670"}],"wp:attachment":[{"href":"https:\/\/digistar.ma\/index.php?rest_route=%2Fwp%2Fv2%2Fmedia&parent=9669"}],"wp:term":[{"taxonomy":"product_brand","embeddable":true,"href":"https:\/\/digistar.ma\/index.php?rest_route=%2Fwp%2Fv2%2Fproduct_brand&post=9669"},{"taxonomy":"product_cat","embeddable":true,"href":"https:\/\/digistar.ma\/index.php?rest_route=%2Fwp%2Fv2%2Fproduct_cat&post=9669"},{"taxonomy":"product_tag","embeddable":true,"href":"https:\/\/digistar.ma\/index.php?rest_route=%2Fwp%2Fv2%2Fproduct_tag&post=9669"}],"curies":[{"name":"wp","href":"https:\/\/api.w.org\/{rel}","templated":true}]}}