{"id":9678,"date":"2023-12-16T23:17:48","date_gmt":"2023-12-16T23:17:48","guid":{"rendered":"https:\/\/digistar.ma\/?post_type=product&#038;p=9678"},"modified":"2023-12-27T14:57:24","modified_gmt":"2023-12-27T14:57:24","slug":"epson-eb-l720u-videoprojecteur-laser-wuxga-v11ha44040","status":"publish","type":"product","link":"https:\/\/digistar.ma\/?product=epson-eb-l720u-videoprojecteur-laser-wuxga-v11ha44040","title":{"rendered":"Epson EB-L720U Vid\u00e9oprojecteur laser WUXGA (V11HA44040)"},"content":{"rendered":"<h3>Epson EB-L720U Vid\u00e9oprojecteur laser WUXGA (V11HA44040)<\/h3>\n<div class=\"product-overview__section\">\n<div class=\"product-overview__section-content\">\n<div class=\"product-overview__description product-overview__description--neon\">\n<div>\n<p>Dot\u00e9 d\u2019une capacit\u00e9 de luminosit\u00e9 \u00e9lev\u00e9e de 7\u00a0000\u00a0lumens, avec Full HD, WUXGA, grand \u00e9cran 16:6, prise en charge de l\u2019entr\u00e9e de contenus 4K et de la technologie d\u2019am\u00e9lioration d\u2019image, il offre aux utilisateurs des affichages plus lumineux et plus vifs pouvant atteindre 500&#8243;.<\/p>\n<p>L\u2019EB-L720U offre plus de fonctionnalit\u00e9s haut de gamme que ce que l\u2019on peut s\u2019attendre \u00e0 trouver dans cette cat\u00e9gorie d\u2019affichage. Il est \u00e9quip\u00e9 de l\u2019edge-blending et de la correction g\u00e9om\u00e9trique pour obtenir un affichage grand format homog\u00e8ne. Quant au contenu multim\u00e9dia, vous pouvez le lire sans ralentissement, cr\u00e9er des listes de lecture et d\u00e9finir des programmes directement \u00e0 partir de la m\u00e9moire USB, le tout gr\u00e2ce au codage vid\u00e9o avanc\u00e9 H.264 et \u00e0 Epson Content Manager.<\/p>\n<p>La flexibilit\u00e9 est une autre caract\u00e9ristique de cette solution d\u2019affichage\u00a0: une fonction de partage d\u2019\u00e9cran permet de combiner deux ou quatre images provenant de diff\u00e9rentes sources sur grand \u00e9cran. La connectivit\u00e9 est simple et directe, qu\u2019elle soit filaire ou sans fil en option<sup>1<\/sup>\u00a0avec prise en charge de Miracast<sup>1<\/sup>\u00a0. Le contenu HDBaseT peut \u00eatre partag\u00e9 et distribu\u00e9 sans compromettre la qualit\u00e9.<\/p>\n<p>Gr\u00e2ce \u00e0 la fiabilit\u00e9 reconnue des vid\u00e9oprojecteurs laser Epson, leader sur le march\u00e9<sup>2<\/sup>, cette solution simple d\u2019installation \u00e9limine le besoin d&#8217;une maintenance r\u00e9guli\u00e8re. Et pour plus de confiance, l\u2019EB-L720U est livr\u00e9 avec une garantie standard de 3\u00a0ans pour une tranquillit\u00e9 d\u2019esprit garantie.<\/p>\n<\/div>\n<\/div>\n<\/div>\n<\/div>\n<div class=\"product-overview__section product-overview__section--features\">\n<h2 class=\"product-overview__section-title\">Principales caract\u00e9ristiques de Epson EB-L720U Vid\u00e9oprojecteur laser WUXGA (V11HA44040)<\/h2>\n<div class=\"product-overview__section-content\">\n<div class=\"product-overview__features\">\n<div class=\"blockdown description\">\n<ul class=\"features\">\n<li><strong>Luminosit\u00e9 \u00e9lev\u00e9e, taille \u00e9volutive<\/strong>\u00a0Fournit un affichage haute luminosit\u00e9 de 7\u00a0000\u00a0lumens jusqu\u2019\u00e0 500&#8243;<\/li>\n<li><strong>Fonctionnalit\u00e9s d\u2019affichage haut de gamme<\/strong>\u00a0Full HD, prise en charge de l\u2019entr\u00e9e de contenus 4K, edge-blending et correction g\u00e9om\u00e9trique.<\/li>\n<li><strong>Visualisation sans restriction<\/strong>\u00a0Pas de pixellisation, de reflet, d\u2019empreintes digitales et biseau central<\/li>\n<li><strong>Soutien \u00e0 la distanciation sociale<\/strong>\u00a0L\u2019affichage \u00e9volutif r\u00e9pond aux besoins de chaque configuration d\u2019audience<\/li>\n<li><strong>Branchez, cliquez et collaborez<\/strong>\u00a0Collaborez \u00e0 l\u2019aide du syst\u00e8me de pr\u00e9sentation sans fil d\u2019Epson, ELPWP10<\/li>\n<\/ul>\n<h4><a href=\"https:\/\/digistar.ma\/wp-content\/uploads\/2023\/12\/eb-l720u.eb-l720u-datasheet.pdf\">FICHE TECHNIQUE Epson EB-L720U Vid\u00e9oprojecteur laser WUXGA (V11HA44040)<\/a><\/h4>\n<\/div>\n<\/div>\n<\/div>\n<\/div>\n","protected":false},"excerpt":{"rendered":"<p>R\u00e9solution: WUXGA (1920 x 1200)<br \/>\nLuminosit\u00e9: 7.000 lumen- 4.900 lumen (\u00e9conomie) conform\u00e9ment \u00e0 la norme IDMS15.4<br \/>\nRapport de contraste: 2.500.000 : 1<br \/>\n20.000 Heures Durability High, 30.000 Heures Durability Eco<br \/>\nRapport de projection: 1,35 &#8211; 2,20:1<br \/>\nTaille de l&#8217;image: 50 pouces &#8211; 500 pouces<br \/>\nSyst\u00e8me de projection: Technologie 3LCD, Obturateur RVB \u00e0 cristaux liquides<br \/>\nHaut parleur : 10 W<br \/>\nPoids: 7,8 kg<br \/>\nConnexions: RS-232C, Interface Ethernet (1000 Base-T\/ 100-Base TX\/ 10-Base-T), R\u00e9seau local sans fil a\/n (5 GHz) (en option), Entr\u00e9e VGA (2x), Sortie VGA, Entr\u00e9e HDMI (2x), HDBaseT, Miracast (en option), Prise jack de sortie, Prise jack d\u2019entr\u00e9e (2x), USB 2.0-A, USB 2.0<\/p>\n","protected":false},"featured_media":9684,"comment_status":"open","ping_status":"closed","template":"","meta":{"_acf_changed":false,"_monsterinsights_skip_tracking":false,"_monsterinsights_sitenote_active":false,"_monsterinsights_sitenote_note":"","_monsterinsights_sitenote_category":0,"_uf_show_specific_survey":0,"_uf_disable_surveys":false,"_joinchat":[]},"product_brand":[],"product_cat":[274,380,244,340],"product_tag":[],"class_list":{"0":"post-9678","1":"product","2":"type-product","3":"status-publish","4":"has-post-thumbnail","6":"product_cat-videoprojecteur-ecran","7":"product_cat-epson","8":"product_cat-image-son","9":"product_cat-videoprojecteur","11":"first","12":"instock","13":"shipping-taxable","14":"product-type-simple"},"acf":[],"jetpack_sharing_enabled":true,"_links":{"self":[{"href":"https:\/\/digistar.ma\/index.php?rest_route=\/wp\/v2\/product\/9678","targetHints":{"allow":["GET"]}}],"collection":[{"href":"https:\/\/digistar.ma\/index.php?rest_route=\/wp\/v2\/product"}],"about":[{"href":"https:\/\/digistar.ma\/index.php?rest_route=\/wp\/v2\/types\/product"}],"replies":[{"embeddable":true,"href":"https:\/\/digistar.ma\/index.php?rest_route=%2Fwp%2Fv2%2Fcomments&post=9678"}],"version-history":[{"count":1,"href":"https:\/\/digistar.ma\/index.php?rest_route=\/wp\/v2\/product\/9678\/revisions"}],"predecessor-version":[{"id":9690,"href":"https:\/\/digistar.ma\/index.php?rest_route=\/wp\/v2\/product\/9678\/revisions\/9690"}],"wp:featuredmedia":[{"embeddable":true,"href":"https:\/\/digistar.ma\/index.php?rest_route=\/wp\/v2\/media\/9684"}],"wp:attachment":[{"href":"https:\/\/digistar.ma\/index.php?rest_route=%2Fwp%2Fv2%2Fmedia&parent=9678"}],"wp:term":[{"taxonomy":"product_brand","embeddable":true,"href":"https:\/\/digistar.ma\/index.php?rest_route=%2Fwp%2Fv2%2Fproduct_brand&post=9678"},{"taxonomy":"product_cat","embeddable":true,"href":"https:\/\/digistar.ma\/index.php?rest_route=%2Fwp%2Fv2%2Fproduct_cat&post=9678"},{"taxonomy":"product_tag","embeddable":true,"href":"https:\/\/digistar.ma\/index.php?rest_route=%2Fwp%2Fv2%2Fproduct_tag&post=9678"}],"curies":[{"name":"wp","href":"https:\/\/api.w.org\/{rel}","templated":true}]}}