{"id":9691,"date":"2023-12-16T23:40:24","date_gmt":"2023-12-16T23:40:24","guid":{"rendered":"https:\/\/digistar.ma\/?post_type=product&#038;p=9691"},"modified":"2023-12-27T14:57:03","modified_gmt":"2023-12-27T14:57:03","slug":"imprimante-matricielle-24-aiguilles-epson-lq-690ii-c11cj82401","status":"publish","type":"product","link":"https:\/\/digistar.ma\/?product=imprimante-matricielle-24-aiguilles-epson-lq-690ii-c11cj82401","title":{"rendered":"Imprimante matricielle 24 aiguilles Epson LQ-690II (C11CJ82401)"},"content":{"rendered":"<h3>Imprimante matricielle 24 aiguilles Epson LQ-690II (C11CJ82401)<\/h3>\n<div class=\"briefdescription\">Impression matricielle rapide et fiable avec l\u2019Epson LQ-690II. Sa nature robuste et son design moderne s&#8217;int\u00e8grent parfaitement \u00e0 tout environnement.<\/div>\n<div class=\"highlights\">\n<ul>\n<li>24\u00a0aiguilles et 106\u00a0colonnes<\/li>\n<li>Interfaces Parall\u00e8le et USB<\/li>\n<li>Imprime 1\u00a0+\u00a06 copies \u00e0 487\u00a0cps<\/li>\n<\/ul>\n<\/div>\n<div class=\"introtext\">Con\u00e7ue dans une optique de productivit\u00e9, la LQ-690II est une imprimante matricielle extr\u00eamement fiable avec un ruban b\u00e9n\u00e9ficiant d\u2019une autonomie impressionnante. Rapide et compacte, elle est \u00e9galement robuste. Son design moderne permet une int\u00e9gration sans effort dans n\u2019importe quel environnement de travail, qu\u2019il s\u2019agisse d\u2019un bureau ou d\u2019un entrep\u00f4t.<\/div>\n<div>\n<p>Impression rapide\u00a0:<br \/>\nImprimez rapidement et de mani\u00e8re plus productive. La LQ-690II imprime l\u2019original et six\u00a0copies et elle est capable d\u2019imprimer \u00e0 une vitesse remarquable pouvant atteindre 487\u00a0cps (10\u00a0cpi) en utilisant les polices r\u00e9sidentes.<\/p>\n<p>Autonomie de ruban \u00e9lev\u00e9e\u00a0:<br \/>\nDans un environnement de travail exigeant et en constante \u00e9volution, il est essentiel de disposer d\u2019une autonomie de ruban \u00e9lev\u00e9e. Avec une capacit\u00e9 de 10\u00a0millions de caract\u00e8res par ruban, la LQ-690II se distingue sur le march\u00e9 des imprimantes \u00e0 plat.<\/p>\n<p>\u00c9conomique, elle offre de longs cycles d\u2019impression avant le remplacement du ruban, de faibles co\u00fbts d\u2019exploitation et un fa\u00eeble co\u00fbt total de possession. De plus, le ruban est transf\u00e9rable, ce qui signifie que vous pouvez utiliser les rubans de votre imprimante actuelle dans votre nouvelle imprimante, r\u00e9duisant ainsi les co\u00fbts et le gaspillage.<\/p>\n<p>Fiabilit\u00e9\u00a0:<br \/>\nFiable et durable, ce mod\u00e8le assure aux utilisateurs un temps moyen de bon fonctionnement sans intervention de 20\u00a0000\u00a0heures. Le ch\u00e2ssis robuste peut r\u00e9sister \u00e0 des conditions d\u2019humidit\u00e9 et de chaleur \u00e9lev\u00e9es, et le r\u00e9glage automatique de l\u2019\u00e9paisseur du papier rend l\u2019utilisation de la LQ-690II intuitive.<\/p>\n<p>La productivit\u00e9 est augment\u00e9e et la maintenance est r\u00e9duite, des caract\u00e9ristiques essentielles pour la production de grandes quantit\u00e9s de documents et de donn\u00e9es.<\/p>\n<p>Design moderne\u00a0:<br \/>\nCette imprimante compacte et robuste a \u00e9t\u00e9 con\u00e7ue pour s\u2019adapter \u00e0 votre bureau. Avec son ch\u00e2ssis moderne, noir et blanc, elle s\u2019int\u00e8gre parfaitement aux environnements de bureau et d\u2019entrep\u00f4t.<\/p>\n<h2>Caract\u00e9ristiques principales Imprimante matricielle 24 aiguilles Epson LQ-690II (C11CJ82401)<\/h2>\n<div class=\"bullets\">\n<ul>\n<li><strong>Grande vitesse<\/strong><br \/>\nVitesse d\u2019impression impressionnante de 487\u00a0cps (10\u00a0cpi) avec 1\u00a0+\u00a06\u00a0copies<\/li>\n<li><strong>Qualit\u00e9<\/strong><br \/>\nCette imprimante \u00e0 impact 24\u00a0aiguilles et 106\u00a0colonnes est gage de meilleure qualit\u00e9.<\/li>\n<li><strong>Fiabilit\u00e9<\/strong><br \/>\nT\u00eate d\u2019impression durable et temps moyen de bon fonctionnement sans intervention de 20\u00a0000\u00a0heures<\/li>\n<li><strong>Design moderne<\/strong><br \/>\nLe ch\u00e2ssis noir et blanc s\u2019int\u00e8gre facilement dans n\u2019importe quel environnement de travail.<\/li>\n<\/ul>\n<p><a href=\"https:\/\/digistar.ma\/wp-content\/uploads\/2023\/12\/epson-lq-690ii-datasheet.pdf\"><strong>Fiche Technique Imprimante matricielle 24 aiguilles Epson LQ-690II (C11CJ82401)<\/strong><\/a><\/p>\n<\/div>\n<\/div>\n","protected":false},"excerpt":{"rendered":"<ul>\n<li><strong>Grande vitesse<\/strong>\u00a0Vitesse d\u2019impression impressionnante de 487\u00a0cps (10\u00a0cpi) avec 1\u00a0+\u00a06\u00a0copies<\/li>\n<li><strong>Qualit\u00e9<\/strong>\u00a0Cette imprimante \u00e0 impact 24\u00a0aiguilles et 106\u00a0colonnes est gage de meilleure qualit\u00e9.<\/li>\n<li><strong>Fiabilit\u00e9<\/strong>\u00a0T\u00eate d\u2019impression durable et temps moyen de bon fonctionnement sans intervention de 20\u00a0000\u00a0heures<\/li>\n<li><strong>Design moderne<\/strong>\u00a0Le ch\u00e2ssis noir et blanc s\u2019int\u00e8gre facilement dans n\u2019importe quel environnement de travail.<\/li>\n<\/ul>\n","protected":false},"featured_media":9693,"comment_status":"open","ping_status":"closed","template":"","meta":{"_acf_changed":false,"_monsterinsights_skip_tracking":false,"_monsterinsights_sitenote_active":false,"_monsterinsights_sitenote_note":"","_monsterinsights_sitenote_category":0,"_uf_show_specific_survey":0,"_uf_disable_surveys":false,"_joinchat":[]},"product_brand":[],"product_cat":[253,380,15,273],"product_tag":[],"class_list":{"0":"post-9691","1":"product","2":"type-product","3":"status-publish","4":"has-post-thumbnail","6":"product_cat-imprimante","7":"product_cat-epson","8":"product_cat-imprimante-scanner","9":"product_cat-imprimante-matricielle","11":"first","12":"instock","13":"sale","14":"shipping-taxable","15":"purchasable","16":"product-type-simple"},"acf":[],"jetpack_sharing_enabled":true,"_links":{"self":[{"href":"https:\/\/digistar.ma\/index.php?rest_route=\/wp\/v2\/product\/9691","targetHints":{"allow":["GET"]}}],"collection":[{"href":"https:\/\/digistar.ma\/index.php?rest_route=\/wp\/v2\/product"}],"about":[{"href":"https:\/\/digistar.ma\/index.php?rest_route=\/wp\/v2\/types\/product"}],"replies":[{"embeddable":true,"href":"https:\/\/digistar.ma\/index.php?rest_route=%2Fwp%2Fv2%2Fcomments&post=9691"}],"version-history":[{"count":1,"href":"https:\/\/digistar.ma\/index.php?rest_route=\/wp\/v2\/product\/9691\/revisions"}],"predecessor-version":[{"id":9699,"href":"https:\/\/digistar.ma\/index.php?rest_route=\/wp\/v2\/product\/9691\/revisions\/9699"}],"wp:featuredmedia":[{"embeddable":true,"href":"https:\/\/digistar.ma\/index.php?rest_route=\/wp\/v2\/media\/9693"}],"wp:attachment":[{"href":"https:\/\/digistar.ma\/index.php?rest_route=%2Fwp%2Fv2%2Fmedia&parent=9691"}],"wp:term":[{"taxonomy":"product_brand","embeddable":true,"href":"https:\/\/digistar.ma\/index.php?rest_route=%2Fwp%2Fv2%2Fproduct_brand&post=9691"},{"taxonomy":"product_cat","embeddable":true,"href":"https:\/\/digistar.ma\/index.php?rest_route=%2Fwp%2Fv2%2Fproduct_cat&post=9691"},{"taxonomy":"product_tag","embeddable":true,"href":"https:\/\/digistar.ma\/index.php?rest_route=%2Fwp%2Fv2%2Fproduct_tag&post=9691"}],"curies":[{"name":"wp","href":"https:\/\/api.w.org\/{rel}","templated":true}]}}