{"id":9710,"date":"2023-12-17T00:26:44","date_gmt":"2023-12-17T00:26:44","guid":{"rendered":"https:\/\/digistar.ma\/?post_type=product&#038;p=9710"},"modified":"2025-03-14T13:41:54","modified_gmt":"2025-03-14T13:41:54","slug":"epson-ecotank-l6170-imprimante-multifonction-a-reservoirs-rechargeables-c11cg20403","status":"publish","type":"product","link":"https:\/\/digistar.ma\/?product=epson-ecotank-l6170-imprimante-multifonction-a-reservoirs-rechargeables-c11cg20403","title":{"rendered":"Epson EcoTank L6170 Imprimante multifonction \u00e0 r\u00e9servoirs rechargeables (C11CG20403)"},"content":{"rendered":"<h4><strong>Epson EcoTank L6170 Imprimante multifonction \u00e0 r\u00e9servoirs rechargeables (C11CG20403)<\/strong><\/h4>\n<p><strong>Ultra \u00e9conomique<\/strong><br \/>\nLe mod\u00e8le EcoTank ITS permet de diminuer jusqu\u2019\u00e0 90\u00a0%<sup>1<\/sup>\u00a0vos co\u00fbts d\u2019impression gr\u00e2ce \u00e0 son design innovant. Il dispose de r\u00e9servoirs d\u2019encre tr\u00e8s haute capacit\u00e9 rempla\u00e7ant les traditionnelles cartouches d\u2019encre. En outre, il est livr\u00e9 avec l\u2019\u00e9quivalent de trois\u00a0ans d\u2019encre<sup>2<\/sup>. Des bouteilles de recharge en encre sont disponibles \u00e0 faible co\u00fbt.<\/p>\n<p><strong>Imprimez des milliers de pages<\/strong><br \/>\nR\u00e9alisez plus d\u2019impressions entre deux recharges. Gr\u00e2ce \u00e0 l\u2019encre incluse lors de l\u2019achat de la machine, il permet d\u2019imprimer jusqu\u2019\u00e0\u00a014\u00a0000\u00a0pages en noir et 11\u00a0200\u00a0pages\u00a0en couleur<sup>3<\/sup>.<\/p>\n<p><strong>D\u00e9couvrez la nouvelle g\u00e9n\u00e9ration<\/strong><br \/>\nAvec ses r\u00e9servoirs d\u2019encre en frontal, le multifonction EcoTank ITS est plus compact et n\u2019a jamais \u00e9t\u00e9 aussi facile \u00e0 utiliser. Il comprend un syst\u00e8me de recharge am\u00e9lior\u00e9 con\u00e7u pour r\u00e9duire le risque de d\u00e9versement et les difficult\u00e9s.<\/p>\n<p>En outre, les nouvelles bouteilles sont con\u00e7ues avec des d\u00e9trompeurs, \u00e9vitant ainsi de se tromper de couleur lors de la recharge des r\u00e9servoirs.<\/p>\n<p><strong>Fonctionnalit\u00e9s professionnelles<\/strong><br \/>\nCr\u00e9ez des textes clairs et nets gr\u00e2ce \u00e0 la t\u00eate d\u2019impression\u00a0<a href=\"https:\/\/www.youtube.com\/watch?v=Qn88VMU3Fno\" target=\"_blank\" rel=\"noopener\">PrecisionCore<\/a>\u00a0et \u00e0 l\u2019encre pigmentaire noire d\u2019origine Epson.<\/p>\n<p>Con\u00e7u pour les entreprises, il est \u00e9quip\u00e9 d\u2019un bac de 150\u00a0feuilles, de l\u2019impression Recto Verso, d\u2019un chargeur automatique de documents de 30\u00a0feuilles et offre des vitesses d\u2019impression \u00e9lev\u00e9es de 15\u00a0ppm<sup>4<\/sup>.<\/p>\n<p>Il est accompagn\u00e9 d\u2019une garantie standard de un\u00a0an, extensible jusqu\u2019\u00e0 trois\u00a0ans avec la garantie promotionnelle<sup>5<\/sup>.<\/p>\n<p><strong>Impression mobile<\/strong><br \/>\nAvec Wi-Fi\u00ae et Wi-Fi Direct\u2122, envoyez vos documents \u00e0 imprimer depuis des appareils mobiles via Epson iPrint<sup>6<\/sup>.<\/p>\n<p>Vous pouvez m\u00eame recevoir des fichiers o\u00f9 que vous soyez dans le monde via Epson Email Print<sup>6<\/sup>.<\/p>\n<h4><strong>Caract\u00e9ristiques de Epson EcoTank L6170 Imprimante multifonction \u00e0 r\u00e9servoirs rechargeables (C11CG20403)<\/strong><\/h4>\n<div class=\"bullets\">\n<ul>\n<li><strong>Co\u00fbt par page ultra \u00e9conomique<\/strong><br \/>\nR\u00e9duisez vos co\u00fbts d\u2019impression jusqu\u2019\u00e0\u00a090\u00a0%<sup>1<\/sup><\/li>\n<li><strong>Jusqu\u2019\u00e0 trois\u00a0ans d\u2019encre<sup>2<\/sup>\u00a0inclus<\/strong><br \/>\nImprimez jusqu\u2019\u00e0 14\u00a0000\u00a0pages en noir et 11\u00a0200\u00a0pages en couleur<sup>3<\/sup><\/li>\n<li><strong>Syst\u00e8me de recharge d\u2019encre nouvelle g\u00e9n\u00e9ration<\/strong><br \/>\nB\u00e9n\u00e9ficiez de recharges simples avec les bouteilles d\u2019encre am\u00e9lior\u00e9es<\/li>\n<li><strong>Fonctionnalit\u00e9s d\u2019impression mobile et connectivit\u00e9<\/strong><br \/>\nWi-Fi, Wi-Fi Direct, Ethernet et applications d\u2019impression mobiles gratuites<sup>6<\/sup><\/li>\n<li><strong>Con\u00e7u pour les entreprises<\/strong><br \/>\nChargeur automatique de documents de 30\u00a0feuilles, impression Recto Verso et bac frontal de 150\u00a0feuilles<\/li>\n<\/ul>\n<\/div>\n","protected":false},"excerpt":{"rendered":"<ul>\n<li>Impression, copie et scan<\/li>\n<li>Livr\u00e9e avec encre noire jusqu&#8217;\u00e0 14000 pages et 11200 pages en couleur<\/li>\n<li>Vitesse d&#8217;impression noir: 33 pages\/min (15 pages\/min en norme ISO)<br \/>\nVitesse d&#8217;impression couleur: 20 pages\/min (8 pages\/min en norme ISO)<\/li>\n<li>Qualit\u00e9 d&#8217;impression noire: 4800 x 1200 DPI (ppp)<\/li>\n<li>Qualit\u00e9 d&#8217;impression couleur: 4800 x 1200 DPI (ppp)<\/li>\n<li>Impression Recto\/Verso : Automatique<\/li>\n<li>Fonctionne avec: 4 R\u00e9servoirs (noir, cyan, magenta, jaune)<\/li>\n<li>Connectivit\u00e9: 1 port USB 2.0, Ethernet int\u00e9gr\u00e9, Wi-Fi<\/li>\n<\/ul>\n","protected":false},"featured_media":9720,"comment_status":"open","ping_status":"closed","template":"","meta":{"_acf_changed":false,"_monsterinsights_skip_tracking":false,"_monsterinsights_sitenote_active":false,"_monsterinsights_sitenote_note":"","_monsterinsights_sitenote_category":0,"_uf_show_specific_survey":0,"_uf_disable_surveys":false,"_joinchat":[]},"product_brand":[],"product_cat":[15,380,253,265,266],"product_tag":[],"class_list":{"0":"post-9710","1":"product","2":"type-product","3":"status-publish","4":"has-post-thumbnail","6":"product_cat-imprimante-scanner","7":"product_cat-epson","8":"product_cat-imprimante","9":"product_cat-imprimante-a-reservoirs-rechargeables","10":"product_cat-multifonction-jet-dencre","12":"first","13":"outofstock","14":"sale","15":"shipping-taxable","16":"purchasable","17":"product-type-simple"},"acf":[],"jetpack_sharing_enabled":true,"_links":{"self":[{"href":"https:\/\/digistar.ma\/index.php?rest_route=\/wp\/v2\/product\/9710","targetHints":{"allow":["GET"]}}],"collection":[{"href":"https:\/\/digistar.ma\/index.php?rest_route=\/wp\/v2\/product"}],"about":[{"href":"https:\/\/digistar.ma\/index.php?rest_route=\/wp\/v2\/types\/product"}],"replies":[{"embeddable":true,"href":"https:\/\/digistar.ma\/index.php?rest_route=%2Fwp%2Fv2%2Fcomments&post=9710"}],"version-history":[{"count":4,"href":"https:\/\/digistar.ma\/index.php?rest_route=\/wp\/v2\/product\/9710\/revisions"}],"predecessor-version":[{"id":9724,"href":"https:\/\/digistar.ma\/index.php?rest_route=\/wp\/v2\/product\/9710\/revisions\/9724"}],"wp:featuredmedia":[{"embeddable":true,"href":"https:\/\/digistar.ma\/index.php?rest_route=\/wp\/v2\/media\/9720"}],"wp:attachment":[{"href":"https:\/\/digistar.ma\/index.php?rest_route=%2Fwp%2Fv2%2Fmedia&parent=9710"}],"wp:term":[{"taxonomy":"product_brand","embeddable":true,"href":"https:\/\/digistar.ma\/index.php?rest_route=%2Fwp%2Fv2%2Fproduct_brand&post=9710"},{"taxonomy":"product_cat","embeddable":true,"href":"https:\/\/digistar.ma\/index.php?rest_route=%2Fwp%2Fv2%2Fproduct_cat&post=9710"},{"taxonomy":"product_tag","embeddable":true,"href":"https:\/\/digistar.ma\/index.php?rest_route=%2Fwp%2Fv2%2Fproduct_tag&post=9710"}],"curies":[{"name":"wp","href":"https:\/\/api.w.org\/{rel}","templated":true}]}}