{"id":9738,"date":"2023-12-17T01:53:26","date_gmt":"2023-12-17T01:53:26","guid":{"rendered":"https:\/\/digistar.ma\/?post_type=product&#038;p=9738"},"modified":"2023-12-17T01:53:27","modified_gmt":"2023-12-17T01:53:27","slug":"ecran-23-8-pouces-full-hd-dell-p2422h-3y","status":"publish","type":"product","link":"https:\/\/digistar.ma\/?product=ecran-23-8-pouces-full-hd-dell-p2422h-3y","title":{"rendered":"\u00c9cran 23.8 Pouces Full HD Dell P2422H-3Y"},"content":{"rendered":"<h3>\u00c9cran 23.8 Pouces Full HD Dell P2422H-3Y<\/h3>\n<h2 class=\"h2-master\">Restez productif avec Dell<\/h2>\n<section>Gagnez en efficacit\u00e9, en confort et en productivit\u00e9 gr\u00e2ce \u00e0 l&#8217;<strong>\u00e9cran Full HD P2422H-3Y sign\u00e9 Dell<\/strong>. Ce mod\u00e8le de 23.8 pouces est \u00e9quip\u00e9 d&#8217;une dalle IPS anti-reflets, d&#8217;une protection oculaire optimale et d&#8217;une connectique \u00e9tendue avec de nombreuses possibilit\u00e9s de connexion. De plus, ce moniteur se r\u00e8gle facilement en hauteur et\u00a0bascule en mode portrait\/paysage pour r\u00e9pondre \u00e0 l&#8217;ensemble de vos besoins.<\/p>\n<\/section>\n<section>\n<div class=\"desc-image\"><img decoding=\"async\" src=\"https:\/\/media.ldlc.com\/bo\/images\/fiches\/moniteur%20led\/dell\/p2422h\/ips.jpg\" alt=\"\" \/><\/div>\n<div class=\"desc-text\">\n<h2>DALLE IPS FULL HD<\/h2>\n<p>Plac\u00e9 au coeur de votre environnement professionnel, le moniteur Dell P2422H d\u00e9montrera toutes ses qualit\u00e9s. Ce mod\u00e8le propose une\u00a0<strong>dalle IPS de 23.8 pouces<\/strong>\u00a0avec des couleurs lumineuses et des angles de vision larges. D\u00e9couvrez une excellente r\u00e9solution Full HD (1920 x 1080 pixels) et un<strong>\u00a0design aux bords-fins pour une installation multi-\u00e9crans<\/strong>.<\/p>\n<\/div>\n<\/section>\n<section>\n<div class=\"desc-text\">\n<h2>ENVIRONNEMENT DE TRAVAIL MA\u00ceTRIS\u00c9<\/h2>\n<p>Pour r\u00e9pondre \u00e0 vos diff\u00e9rents besoins au quotidien, le moniteur P2422H-3Y est \u00e9quip\u00e9 d&#8217;un <strong>design ergonomique<\/strong>. R\u00e9glez la hauteur sur 150 mm, contr\u00f4lez l&#8217;inclinaison et la rotation horizontale et basculez votre \u00e9cran Dell en mode portrait. De plus, une connectique compl\u00e8te vous attend pour une int\u00e9gration simplifi\u00e9e de votre \u00e9cran au quotidien. Des ports HDMI, VGA, DisplayPort s&#8217;accompagnent d&#8217;un\u00a0<strong>hub USB 3.0<\/strong>\u00a0avec 4 ports disponibles.<\/p>\n<\/div>\n<div class=\"desc-image\"><img decoding=\"async\" src=\"https:\/\/media.ldlc.com\/bo\/images\/fiches\/moniteur%20led\/dell\/p2422h\/connectique.jpg\" alt=\"\" \/><\/div>\n<\/section>\n<section class=\"list\">\n<h2>CARACT\u00c9RISTIQUES PRINCIPALES \u00c9cran 23.8 Pouces Full HD Dell P2422H-3Y<\/h2>\n<ul>\n<li>Ecran de 23.8 pouces antireflets avec r\u00e9solution\u00a0<strong>Full HD<\/strong>\u00a0(1920 x 1080)<\/li>\n<li><strong>Dalle IPS<\/strong>\u00a0: couleurs lumineuses et angles de vision larges (178\u00b0)<\/li>\n<li>Temps de r\u00e9ponse de 8\u00a0ms (standard) et 5 ms\u00a0(rapide)<\/li>\n<li><strong>Design ergonomique<\/strong>\u00a0avec r\u00e9glage en hauteur sur 150 mm, pivot sur 90\u00b0, inclinaison et rotation horizontale<\/li>\n<li>Connecteurs : 1x\u00a0HDMI 1.4 , 1x DisplayPort 1.2, 1x VGA<\/li>\n<li><strong>Hub USB<\/strong>\u00a0avec 4 ports USB 3.0<\/li>\n<li>Confort visuel avec la technologie ComfortView Plus<\/li>\n<\/ul>\n<\/section>\n<p>&nbsp;<\/p>\n<p>&nbsp;<\/p>\n","protected":false},"excerpt":{"rendered":"<p>Taille de l&#8217;\u00e9cran : 23,8&#8243; pouces &#8211; Format 16:9<br \/>\nCourbure de l&#8217;\u00e9cran: Plat<br \/>\nType de Dalle: IPS (In-Plane Switching) &#8211; R\u00e9tro\u00e9clairage: WLED<br \/>\nR\u00e9solution: Full HD (1080p) 1920 x 1080<br \/>\nTemps de r\u00e9ponse: 8 ms (gris \u00e0 gris normal); 5 ms (gris \u00e0 gris rapide)<br \/>\nTaux de rafra\u00eechissement: 60 Hz<br \/>\nConnecteurs d&#8217;entr\u00e9e: HDMI, VGA, DisplayPort<br \/>\nR\u00e9glages de la position de l&#8217;\u00e9cran: Socle r\u00e9glable en hauteur (150 mm), inclinaison (-5\u00b0 \u00e0 21\u00b0), rotation (-45\u00b0 \u00e0 45\u00b0), pivotement (-90\u00b0 \u00e0 90\u00b0)<\/p>\n","protected":false},"featured_media":9739,"comment_status":"open","ping_status":"closed","template":"","meta":{"_acf_changed":false,"_monsterinsights_skip_tracking":false,"_monsterinsights_sitenote_active":false,"_monsterinsights_sitenote_note":"","_monsterinsights_sitenote_category":0,"_uf_show_specific_survey":0,"_uf_disable_surveys":false,"_joinchat":[]},"product_brand":[],"product_cat":[259,239,244,290],"product_tag":[],"class_list":{"0":"post-9738","1":"product","2":"type-product","3":"status-publish","4":"has-post-thumbnail","6":"product_cat-ecran-pc","7":"product_cat-ecran-moniteur","8":"product_cat-image-son","9":"product_cat-meilleures-ventes","11":"first","12":"instock","13":"sale","14":"shipping-taxable","15":"purchasable","16":"product-type-simple"},"acf":[],"jetpack_sharing_enabled":true,"_links":{"self":[{"href":"https:\/\/digistar.ma\/index.php?rest_route=\/wp\/v2\/product\/9738","targetHints":{"allow":["GET"]}}],"collection":[{"href":"https:\/\/digistar.ma\/index.php?rest_route=\/wp\/v2\/product"}],"about":[{"href":"https:\/\/digistar.ma\/index.php?rest_route=\/wp\/v2\/types\/product"}],"replies":[{"embeddable":true,"href":"https:\/\/digistar.ma\/index.php?rest_route=%2Fwp%2Fv2%2Fcomments&post=9738"}],"version-history":[{"count":1,"href":"https:\/\/digistar.ma\/index.php?rest_route=\/wp\/v2\/product\/9738\/revisions"}],"predecessor-version":[{"id":9743,"href":"https:\/\/digistar.ma\/index.php?rest_route=\/wp\/v2\/product\/9738\/revisions\/9743"}],"wp:featuredmedia":[{"embeddable":true,"href":"https:\/\/digistar.ma\/index.php?rest_route=\/wp\/v2\/media\/9739"}],"wp:attachment":[{"href":"https:\/\/digistar.ma\/index.php?rest_route=%2Fwp%2Fv2%2Fmedia&parent=9738"}],"wp:term":[{"taxonomy":"product_brand","embeddable":true,"href":"https:\/\/digistar.ma\/index.php?rest_route=%2Fwp%2Fv2%2Fproduct_brand&post=9738"},{"taxonomy":"product_cat","embeddable":true,"href":"https:\/\/digistar.ma\/index.php?rest_route=%2Fwp%2Fv2%2Fproduct_cat&post=9738"},{"taxonomy":"product_tag","embeddable":true,"href":"https:\/\/digistar.ma\/index.php?rest_route=%2Fwp%2Fv2%2Fproduct_tag&post=9738"}],"curies":[{"name":"wp","href":"https:\/\/api.w.org\/{rel}","templated":true}]}}